{"id":9280,"date":"2026-04-29T11:09:31","date_gmt":"2026-04-29T09:09:31","guid":{"rendered":"https:\/\/lejonchet.fr\/?page_id=9280"},"modified":"2026-04-29T11:47:04","modified_gmt":"2026-04-29T09:47:04","slug":"konte2faits","status":"publish","type":"page","link":"https:\/\/lejonchet.fr\/index.php\/konte2faits\/","title":{"rendered":"Th\u00e9\u00e2tre &#8211; Hors programmation"},"content":{"rendered":"\n<p class=\"has-vivid-red-color has-text-color\" style=\"font-size:40px\"><strong>Konte 2 faits<\/strong><\/p>\n\n\n\n<figure class=\"wp-block-table alignright\" style=\"font-size:16px\"><table class=\"has-background\" style=\"background-color:#e7f5fe\"><tbody><tr><td class=\"has-text-align-right\" data-align=\"right\">RESERVATIONS :<strong><a href=\"https:\/\/lejonchet.fr\/index.php\/events\/a-votre-service-2\/\"><br><\/a><a href=\"https:\/\/lejonchet.fr\/index.php\/events\/konte2faits\/\">Vendredi 26 juin 2026 \u00e0 20H30<\/a><\/strong><\/td><\/tr><\/tbody><\/table><\/figure>\n\n\n\n<p class=\"has-small-font-size\"><em>Par <strong>La Cie Th\u00e9\u00e2tre Masqu\u00e9<\/strong><\/em><br><em>Une pi\u00e8ce de <strong>Jean-Luc Chagnaud<\/strong><\/em><br><em>Avec <strong>Romain et Jean-Luc Chagnaud<\/strong><\/em><\/p>\n\n\n\n<figure class=\"wp-block-image size-large\"><img loading=\"lazy\" decoding=\"async\" width=\"1024\" height=\"259\" src=\"https:\/\/lejonchet.fr\/wp-content\/uploads\/2026\/04\/Konte02-1024x259.jpg\" alt=\"\" class=\"wp-image-9281\" srcset=\"https:\/\/lejonchet.fr\/wp-content\/uploads\/2026\/04\/Konte02-1024x259.jpg 1024w, https:\/\/lejonchet.fr\/wp-content\/uploads\/2026\/04\/Konte02-300x76.jpg 300w, https:\/\/lejonchet.fr\/wp-content\/uploads\/2026\/04\/Konte02-768x195.jpg 768w, https:\/\/lejonchet.fr\/wp-content\/uploads\/2026\/04\/Konte02-690x175.jpg 690w, https:\/\/lejonchet.fr\/wp-content\/uploads\/2026\/04\/Konte02-980x248.jpg 980w, https:\/\/lejonchet.fr\/wp-content\/uploads\/2026\/04\/Konte02.jpg 1200w\" sizes=\"auto, (max-width: 1024px) 100vw, 1024px\" \/><\/figure>\n\n\n\n<p class=\"has-small-font-size\"><\/p>\n\n\n\n<p class=\"has-drop-cap\">C&rsquo;est un Konte \u00e9cologiko kontemporain o\u00f9 la f\u00e9\u00e9 Ery et la f\u00e9e Minine ne seront pas pr\u00e9sentes. Un loup passera, mais ce sont le cochon et l\u2019homme, son plus proche parent qui en seront les h\u00e9ros. <br>C\u2019est un Konte, une Konf\u00e9rence ou un truc du genre quoi ! mais en trois temps : L\u2019Ode au cochon, le loup et les trois petits cochons, la pand\u00e9mie et les trois petits hommes.<br>Alors si vous avez de 7 \u00e0 77 ans, venez jeter une oreille attentive \u00e0 cette konf\u00e9rence th\u00e9\u00e2trale Kont\u00e9e par un Konf\u00e9ren\u00e7o-Konteur, assist\u00e9 de son assistant (ou le contraire) dans la plus pure tradition des SSF.<\/p>\n\n\n\n<figure class=\"wp-block-gallery aligncenter has-nested-images columns-3 is-cropped wp-block-gallery-1 is-layout-flex wp-block-gallery-is-layout-flex\">\n<figure class=\"wp-block-image size-full\"><img loading=\"lazy\" decoding=\"async\" width=\"300\" height=\"300\" data-id=\"9282\" src=\"https:\/\/lejonchet.fr\/wp-content\/uploads\/2026\/04\/Konte03.jpg\" alt=\"\" class=\"wp-image-9282\" srcset=\"https:\/\/lejonchet.fr\/wp-content\/uploads\/2026\/04\/Konte03.jpg 300w, https:\/\/lejonchet.fr\/wp-content\/uploads\/2026\/04\/Konte03-150x150.jpg 150w\" sizes=\"auto, (max-width: 300px) 100vw, 300px\" \/><\/figure>\n\n\n\n<figure class=\"wp-block-image size-full\"><img loading=\"lazy\" decoding=\"async\" width=\"300\" height=\"300\" data-id=\"9283\" src=\"https:\/\/lejonchet.fr\/wp-content\/uploads\/2026\/04\/Konte04.jpg\" alt=\"\" class=\"wp-image-9283\" srcset=\"https:\/\/lejonchet.fr\/wp-content\/uploads\/2026\/04\/Konte04.jpg 300w, https:\/\/lejonchet.fr\/wp-content\/uploads\/2026\/04\/Konte04-150x150.jpg 150w\" sizes=\"auto, (max-width: 300px) 100vw, 300px\" \/><\/figure>\n\n\n\n<figure class=\"wp-block-image size-full\"><img loading=\"lazy\" decoding=\"async\" width=\"300\" height=\"300\" data-id=\"9284\" src=\"https:\/\/lejonchet.fr\/wp-content\/uploads\/2026\/04\/Konte05.jpg\" alt=\"\" class=\"wp-image-9284\" srcset=\"https:\/\/lejonchet.fr\/wp-content\/uploads\/2026\/04\/Konte05.jpg 300w, https:\/\/lejonchet.fr\/wp-content\/uploads\/2026\/04\/Konte05-150x150.jpg 150w\" sizes=\"auto, (max-width: 300px) 100vw, 300px\" \/><\/figure>\n\n\n\n<figure class=\"wp-block-image size-full\"><img loading=\"lazy\" decoding=\"async\" width=\"684\" height=\"257\" data-id=\"9286\" src=\"https:\/\/lejonchet.fr\/wp-content\/uploads\/2026\/04\/Konte08.jpg\" alt=\"\" class=\"wp-image-9286\" srcset=\"https:\/\/lejonchet.fr\/wp-content\/uploads\/2026\/04\/Konte08.jpg 684w, https:\/\/lejonchet.fr\/wp-content\/uploads\/2026\/04\/Konte08-300x113.jpg 300w\" sizes=\"auto, (max-width: 684px) 100vw, 684px\" \/><\/figure>\n<\/figure>\n\n\n\n<p class=\"has-small-font-size\"><em>PS : Spectacle sponsoris\u00e9e par Loup Gascoun, Justin Bruidou et Kochonou.<\/em><\/p>\n\n\n\n<div style=\"height:27px\" aria-hidden=\"true\" class=\"wp-block-spacer\"><\/div>\n\n\n\n<figure class=\"wp-block-table alignright\" style=\"font-size:16px\"><table class=\"has-background\" style=\"background-color:#e7f5fe\"><tbody><tr><td class=\"has-text-align-right\" data-align=\"right\">RESERVATIONS :<strong><a href=\"https:\/\/lejonchet.fr\/index.php\/events\/a-votre-service-2\/\"><br><\/a><a href=\"https:\/\/lejonchet.fr\/index.php\/events\/konte2faits\/\">Vendredi 26 juin 2026 \u00e0 20H30<\/a><\/strong><\/td><\/tr><\/tbody><\/table><\/figure>\n\n\n\n<p><\/p>\n","protected":false},"excerpt":{"rendered":"<p>Konte 2 faits RESERVATIONS :Vendredi 26 juin 2026 \u00e0 20H30 Par La Cie Th\u00e9\u00e2tre Masqu\u00e9Une pi\u00e8ce de Jean-Luc ChagnaudAvec Romain et Jean-Luc Chagnaud C&rsquo;est un Konte \u00e9cologiko kontemporain o\u00f9 la f\u00e9\u00e9 Ery et la f\u00e9e Minine ne seront pas pr\u00e9sentes. Un loup passera, mais ce sont le cochon et l\u2019homme, son plus proche parent qui [&hellip;]<\/p>\n","protected":false},"author":1,"featured_media":0,"parent":0,"menu_order":0,"comment_status":"closed","ping_status":"closed","template":"","meta":{"footnotes":""},"class_list":["post-9280","page","type-page","status-publish","hentry"],"_links":{"self":[{"href":"https:\/\/lejonchet.fr\/index.php\/wp-json\/wp\/v2\/pages\/9280","targetHints":{"allow":["GET"]}}],"collection":[{"href":"https:\/\/lejonchet.fr\/index.php\/wp-json\/wp\/v2\/pages"}],"about":[{"href":"https:\/\/lejonchet.fr\/index.php\/wp-json\/wp\/v2\/types\/page"}],"author":[{"embeddable":true,"href":"https:\/\/lejonchet.fr\/index.php\/wp-json\/wp\/v2\/users\/1"}],"replies":[{"embeddable":true,"href":"https:\/\/lejonchet.fr\/index.php\/wp-json\/wp\/v2\/comments?post=9280"}],"version-history":[{"count":4,"href":"https:\/\/lejonchet.fr\/index.php\/wp-json\/wp\/v2\/pages\/9280\/revisions"}],"predecessor-version":[{"id":9297,"href":"https:\/\/lejonchet.fr\/index.php\/wp-json\/wp\/v2\/pages\/9280\/revisions\/9297"}],"wp:attachment":[{"href":"https:\/\/lejonchet.fr\/index.php\/wp-json\/wp\/v2\/media?parent=9280"}],"curies":[{"name":"wp","href":"https:\/\/api.w.org\/{rel}","templated":true}]}}