{"id":9212,"date":"2026-04-14T15:02:34","date_gmt":"2026-04-14T13:02:34","guid":{"rendered":"https:\/\/lejonchet.fr\/?page_id=9212"},"modified":"2026-04-14T15:22:18","modified_gmt":"2026-04-14T13:22:18","slug":"voyage-musical","status":"publish","type":"page","link":"https:\/\/lejonchet.fr\/index.php\/voyage-musical\/","title":{"rendered":"Voyage musical"},"content":{"rendered":"\n<figure class=\"wp-block-table alignright\"><table class=\"has-background\" style=\"background-color:#e7f5fe\"><tbody><tr><td class=\"has-text-align-right\" data-align=\"right\">RESERVATIONS :<br><a href=\"https:\/\/lejonchet.fr\/index.php\/events\/nhua\/\"><mark style=\"background-color:rgba(0, 0, 0, 0)\" class=\"has-inline-color has-vivid-cyan-blue-color\"><strong>Dimanche 28 juin \u00e0<\/strong> <strong>15h30<\/strong><\/mark><\/a><\/td><\/tr><\/tbody><\/table><\/figure>\n\n\n\n<p class=\"has-vivid-red-color has-text-color\" style=\"font-size:40px\"><strong><em>NHUA<\/em><\/strong><\/p>\n\n\n\n<p><em>par <\/em><strong><em>Mariona Villadelprat<\/em><\/strong><em> <\/em><em>et <\/em><strong><em>Simon Filippi<\/em><\/strong><\/p>\n\n\n\n<figure class=\"wp-block-image size-large\"><img loading=\"lazy\" decoding=\"async\" width=\"1024\" height=\"264\" src=\"https:\/\/lejonchet.fr\/wp-content\/uploads\/2026\/04\/Nhua02-1024x264.jpg\" alt=\"\" class=\"wp-image-9213\" srcset=\"https:\/\/lejonchet.fr\/wp-content\/uploads\/2026\/04\/Nhua02-1024x264.jpg 1024w, https:\/\/lejonchet.fr\/wp-content\/uploads\/2026\/04\/Nhua02-300x77.jpg 300w, https:\/\/lejonchet.fr\/wp-content\/uploads\/2026\/04\/Nhua02-768x198.jpg 768w, https:\/\/lejonchet.fr\/wp-content\/uploads\/2026\/04\/Nhua02-1536x396.jpg 1536w, https:\/\/lejonchet.fr\/wp-content\/uploads\/2026\/04\/Nhua02-690x178.jpg 690w, https:\/\/lejonchet.fr\/wp-content\/uploads\/2026\/04\/Nhua02-980x252.jpg 980w, https:\/\/lejonchet.fr\/wp-content\/uploads\/2026\/04\/Nhua02.jpg 1600w\" sizes=\"auto, (max-width: 1024px) 100vw, 1024px\" \/><\/figure>\n\n\n\n<p><\/p>\n\n\n\n<p class=\"has-drop-cap\">Le duo musical Nhua r\u00e9sonne comme un souffle d\u2019ailleurs : une m\u00e9moire vibrante \u00e0 la crois\u00e9e des traditions, qui tisse des ponts entre les cultures et les \u00e9motions. Cette musique intimiste surprend par sa simplicit\u00e9 enveloppante autant que par son \u00e9nergie rythmique et organique. <br><br>Port\u00e9e par les kam\u00e9l\u00e9 ngoni, les percussions et les voix, elle oscille entre murmures profonds, \u00e9lans percussifs et pulsations r\u00e9p\u00e9titives. Les voix se posent, caressent, racontent\u2026 puis entra\u00eenent, invitent et font vibrer le corps. Les paysages sonores \u00e9voluent du Sahel aux rivages imaginaires, dans une ambiance immersive, vivante, parfois dansante, o\u00f9 le public est naturellement amen\u00e9 \u00e0 participer. <br><br>Nhua est le nouveau projet de <strong>Simon Filippi<\/strong> (Gl\u00f6nk) et de <strong>Mariona Villadelprat<\/strong> (Ona Mae), deux artistes dont les parcours singuliers se sont rencontr\u00e9s pour faire dialoguer sensibilit\u00e9, rythme et pr\u00e9sence sc\u00e9nique.<\/p>\n\n\n\n<figure class=\"wp-block-gallery aligncenter has-nested-images columns-2 is-cropped wp-block-gallery-1 is-layout-flex wp-block-gallery-is-layout-flex\">\n<figure class=\"wp-block-image size-full\"><img loading=\"lazy\" decoding=\"async\" width=\"600\" height=\"900\" data-id=\"9214\" src=\"https:\/\/lejonchet.fr\/wp-content\/uploads\/2026\/04\/Nhua03.jpg\" alt=\"\" class=\"wp-image-9214\" srcset=\"https:\/\/lejonchet.fr\/wp-content\/uploads\/2026\/04\/Nhua03.jpg 600w, https:\/\/lejonchet.fr\/wp-content\/uploads\/2026\/04\/Nhua03-200x300.jpg 200w\" sizes=\"auto, (max-width: 600px) 100vw, 600px\" \/><\/figure>\n\n\n\n<figure class=\"wp-block-image size-full\"><img loading=\"lazy\" decoding=\"async\" width=\"600\" height=\"900\" data-id=\"9215\" src=\"https:\/\/lejonchet.fr\/wp-content\/uploads\/2026\/04\/Nhua04.jpg\" alt=\"\" class=\"wp-image-9215\" srcset=\"https:\/\/lejonchet.fr\/wp-content\/uploads\/2026\/04\/Nhua04.jpg 600w, https:\/\/lejonchet.fr\/wp-content\/uploads\/2026\/04\/Nhua04-200x300.jpg 200w\" sizes=\"auto, (max-width: 600px) 100vw, 600px\" \/><\/figure>\n<\/figure>\n\n\n\n<div class=\"wp-block-buttons is-content-justification-right is-layout-flex wp-container-core-buttons-is-layout-765c4724 wp-block-buttons-is-layout-flex\">\n<div class=\"wp-block-button alignright\"><a class=\"wp-block-button__link has-luminous-vivid-amber-background-color has-background has-text-align-left wp-element-button\" href=\"https:\/\/lejonchet.fr\/index.php\/events\/nhua\/\" style=\"border-radius:39px\">R\u00e9servation&#8230;<\/a><\/div>\n<\/div>\n\n\n\n<figure class=\"wp-block-embed is-type-video is-provider-youtube wp-block-embed-youtube wp-embed-aspect-16-9 wp-has-aspect-ratio\"><div class=\"wp-block-embed__wrapper\">\n<iframe loading=\"lazy\" title=\"Teaser Nhua\" width=\"980\" height=\"551\" src=\"https:\/\/www.youtube.com\/embed\/KD7RsgUGrEs?feature=oembed\" frameborder=\"0\" allow=\"accelerometer; autoplay; clipboard-write; encrypted-media; gyroscope; picture-in-picture; web-share\" referrerpolicy=\"strict-origin-when-cross-origin\" allowfullscreen><\/iframe>\n<\/div><\/figure>\n","protected":false},"excerpt":{"rendered":"<p>RESERVATIONS :Dimanche 28 juin \u00e0 15h30 NHUA par Mariona Villadelprat et Simon Filippi Le duo musical Nhua r\u00e9sonne comme un souffle d\u2019ailleurs : une m\u00e9moire vibrante \u00e0 la crois\u00e9e des traditions, qui tisse des ponts entre les cultures et les \u00e9motions. Cette musique intimiste surprend par sa simplicit\u00e9 enveloppante autant que par son \u00e9nergie rythmique [&hellip;]<\/p>\n","protected":false},"author":1,"featured_media":0,"parent":0,"menu_order":0,"comment_status":"closed","ping_status":"closed","template":"","meta":{"footnotes":""},"class_list":["post-9212","page","type-page","status-publish","hentry"],"_links":{"self":[{"href":"https:\/\/lejonchet.fr\/index.php\/wp-json\/wp\/v2\/pages\/9212","targetHints":{"allow":["GET"]}}],"collection":[{"href":"https:\/\/lejonchet.fr\/index.php\/wp-json\/wp\/v2\/pages"}],"about":[{"href":"https:\/\/lejonchet.fr\/index.php\/wp-json\/wp\/v2\/types\/page"}],"author":[{"embeddable":true,"href":"https:\/\/lejonchet.fr\/index.php\/wp-json\/wp\/v2\/users\/1"}],"replies":[{"embeddable":true,"href":"https:\/\/lejonchet.fr\/index.php\/wp-json\/wp\/v2\/comments?post=9212"}],"version-history":[{"count":6,"href":"https:\/\/lejonchet.fr\/index.php\/wp-json\/wp\/v2\/pages\/9212\/revisions"}],"predecessor-version":[{"id":9230,"href":"https:\/\/lejonchet.fr\/index.php\/wp-json\/wp\/v2\/pages\/9212\/revisions\/9230"}],"wp:attachment":[{"href":"https:\/\/lejonchet.fr\/index.php\/wp-json\/wp\/v2\/media?parent=9212"}],"curies":[{"name":"wp","href":"https:\/\/api.w.org\/{rel}","templated":true}]}}