{"id":8956,"date":"2025-12-29T12:18:41","date_gmt":"2025-12-29T11:18:41","guid":{"rendered":"https:\/\/lejonchet.fr\/?page_id=8956"},"modified":"2025-12-29T14:13:11","modified_gmt":"2025-12-29T13:13:11","slug":"neutrino","status":"publish","type":"page","link":"https:\/\/lejonchet.fr\/index.php\/neutrino\/","title":{"rendered":"Th\u00e9\u00e2tre"},"content":{"rendered":"\n<figure class=\"wp-block-table alignright\" style=\"font-size:16px\"><table class=\"has-background\" style=\"background-color:#e7f5fe\"><tbody><tr><td class=\"has-text-align-right\" data-align=\"right\">RESERVATIONS :<strong><mark style=\"background-color:rgba(0, 0, 0, 0)\" class=\"has-inline-color has-vivid-cyan-blue-color\"><br><a href=\"https:\/\/lejonchet.fr\/index.php\/events\/neutrino\/\">Samedi 7 mars 2026 \u00e0 20h30<\/a><\/mark><\/strong><\/td><\/tr><\/tbody><\/table><\/figure>\n\n\n\n<p class=\"has-vivid-red-color has-text-color\" style=\"font-size:40px\"><strong>Le 4\u00e8me Neutrino<\/strong><\/p>\n\n\n\n<p class=\"has-medium-font-size\"><strong>Hymne \u00e0 la r\u00e9sistance joyeuse contre l\u2019uniformit\u00e9, pour maintenir et pr\u00e9server la fantaisie.<\/strong><\/p>\n\n\n\n<p class=\"has-small-font-size\"><em>Par<\/em> <em><strong>La Cie Nukku Matti<\/strong><br><em>Avec<\/em><\/em> <strong><em>Nathalie Aubin et Sylvie Massiot<\/em><\/strong><em><strong> <\/strong><\/em><\/p>\n\n\n\n<figure class=\"wp-block-image size-large\"><img loading=\"lazy\" decoding=\"async\" width=\"1024\" height=\"193\" src=\"https:\/\/lejonchet.fr\/wp-content\/uploads\/2025\/12\/Neutri02-1024x193.jpg\" alt=\"\" class=\"wp-image-8957\" srcset=\"https:\/\/lejonchet.fr\/wp-content\/uploads\/2025\/12\/Neutri02-1024x193.jpg 1024w, https:\/\/lejonchet.fr\/wp-content\/uploads\/2025\/12\/Neutri02-300x56.jpg 300w, https:\/\/lejonchet.fr\/wp-content\/uploads\/2025\/12\/Neutri02-768x145.jpg 768w, https:\/\/lejonchet.fr\/wp-content\/uploads\/2025\/12\/Neutri02-1536x289.jpg 1536w, https:\/\/lejonchet.fr\/wp-content\/uploads\/2025\/12\/Neutri02-690x130.jpg 690w, https:\/\/lejonchet.fr\/wp-content\/uploads\/2025\/12\/Neutri02-980x184.jpg 980w, https:\/\/lejonchet.fr\/wp-content\/uploads\/2025\/12\/Neutri02.jpg 1976w\" sizes=\"auto, (max-width: 1024px) 100vw, 1024px\" \/><\/figure>\n\n\n\n<p class=\"has-small-font-size\"><\/p>\n\n\n\n<p class=\"has-drop-cap\">Nifl et Muspl sont rechercheuses en pataphysique.<\/p>\n\n\n\n<p>Elles sortent aujourd\u2019hui de leur laboratoire secret pour sensibiliser la population \u00e0 l\u2019existence d\u2019une&nbsp;<strong>particule \u00e9l\u00e9mentaire, indispensable \u00e0 la phantasia humaine<\/strong>&nbsp;:&nbsp;le 4\u00e8me neutrino.<\/p>\n\n\n\n<p>Cette particule fant\u00f4me, invisible, qui traverse toutes les mati\u00e8res sans jamais s\u2019arr\u00eater est aujourd\u2019hui&nbsp;<strong>menac\u00e9e par le r\u00e9chauffement climatique.<\/strong><\/p>\n\n\n\n<p>Au cours de leur conf\u00e9rence d\u2019une loufoquerie rationnelle, vous d\u00e9couvrirez qui est F.V, pourquoi la neige rend primesautier,&nbsp;<strong>\u00e0 qui profite le r\u00e9chauffement climatique<\/strong>&nbsp;et comment d\u2019une mani\u00e8re simple, agr\u00e9able et gratuite, d\u00e9velopper votre phantasia ?<\/p>\n\n\n\n<p>Vous serez alors les d\u00e9positaires d\u2019un savoir-faire \u00e0 transmettre \u00e0 votre tour dans le plus grand secret.<\/p>\n\n\n\n<figure class=\"wp-block-gallery aligncenter has-nested-images columns-3 is-cropped wp-block-gallery-1 is-layout-flex wp-block-gallery-is-layout-flex\">\n<figure class=\"wp-block-image size-full\"><img loading=\"lazy\" decoding=\"async\" width=\"600\" height=\"600\" data-id=\"8961\" src=\"https:\/\/lejonchet.fr\/wp-content\/uploads\/2025\/12\/Neutri03.jpg\" alt=\"\" class=\"wp-image-8961\" srcset=\"https:\/\/lejonchet.fr\/wp-content\/uploads\/2025\/12\/Neutri03.jpg 600w, https:\/\/lejonchet.fr\/wp-content\/uploads\/2025\/12\/Neutri03-300x300.jpg 300w, https:\/\/lejonchet.fr\/wp-content\/uploads\/2025\/12\/Neutri03-150x150.jpg 150w\" sizes=\"auto, (max-width: 600px) 100vw, 600px\" \/><\/figure>\n\n\n\n<figure class=\"wp-block-image size-full\"><img loading=\"lazy\" decoding=\"async\" width=\"600\" height=\"600\" data-id=\"8963\" src=\"https:\/\/lejonchet.fr\/wp-content\/uploads\/2025\/12\/Neutri04.jpg\" alt=\"\" class=\"wp-image-8963\" srcset=\"https:\/\/lejonchet.fr\/wp-content\/uploads\/2025\/12\/Neutri04.jpg 600w, https:\/\/lejonchet.fr\/wp-content\/uploads\/2025\/12\/Neutri04-300x300.jpg 300w, https:\/\/lejonchet.fr\/wp-content\/uploads\/2025\/12\/Neutri04-150x150.jpg 150w\" sizes=\"auto, (max-width: 600px) 100vw, 600px\" \/><\/figure>\n\n\n\n<figure class=\"wp-block-image size-full\"><img loading=\"lazy\" decoding=\"async\" width=\"600\" height=\"600\" data-id=\"8964\" src=\"https:\/\/lejonchet.fr\/wp-content\/uploads\/2025\/12\/Neutri05.jpg\" alt=\"\" class=\"wp-image-8964\" srcset=\"https:\/\/lejonchet.fr\/wp-content\/uploads\/2025\/12\/Neutri05.jpg 600w, https:\/\/lejonchet.fr\/wp-content\/uploads\/2025\/12\/Neutri05-300x300.jpg 300w, https:\/\/lejonchet.fr\/wp-content\/uploads\/2025\/12\/Neutri05-150x150.jpg 150w\" sizes=\"auto, (max-width: 600px) 100vw, 600px\" \/><\/figure>\n<\/figure>\n\n\n\n<figure class=\"wp-block-embed is-type-video is-provider-youtube wp-block-embed-youtube wp-embed-aspect-16-9 wp-has-aspect-ratio\"><div class=\"wp-block-embed__wrapper\">\n<iframe loading=\"lazy\" title=\"Le 4\u00e8me Neutrino\" width=\"980\" height=\"551\" src=\"https:\/\/www.youtube.com\/embed\/5O4GKJJP8mk?start=7&#038;feature=oembed\" frameborder=\"0\" allow=\"accelerometer; autoplay; clipboard-write; encrypted-media; gyroscope; picture-in-picture; web-share\" referrerpolicy=\"strict-origin-when-cross-origin\" allowfullscreen><\/iframe>\n<\/div><\/figure>\n\n\n\n<p><\/p>\n\n\n\n<div class=\"wp-block-buttons is-content-justification-right is-layout-flex wp-container-core-buttons-is-layout-765c4724 wp-block-buttons-is-layout-flex\">\n<div class=\"wp-block-button\"><a class=\"wp-block-button__link has-black-color has-luminous-vivid-amber-background-color has-text-color has-background has-link-color has-small-font-size has-custom-font-size wp-element-button\" href=\"https:\/\/lejonchet.fr\/index.php\/events\/neutrino\/\" style=\"border-top-left-radius:27px;border-top-right-radius:27px;border-bottom-left-radius:27px;border-bottom-right-radius:27px\"><strong>R\u00e9servation<\/strong><\/a><\/div>\n<\/div>\n\n\n\n<p><\/p>\n","protected":false},"excerpt":{"rendered":"<p>RESERVATIONS :Samedi 7 mars 2026 \u00e0 20h30 Le 4\u00e8me Neutrino Hymne \u00e0 la r\u00e9sistance joyeuse contre l\u2019uniformit\u00e9, pour maintenir et pr\u00e9server la fantaisie. Par La Cie Nukku MattiAvec Nathalie Aubin et Sylvie Massiot Nifl et Muspl sont rechercheuses en pataphysique. Elles sortent aujourd\u2019hui de leur laboratoire secret pour sensibiliser la population \u00e0 l\u2019existence d\u2019une&nbsp;particule \u00e9l\u00e9mentaire, [&hellip;]<\/p>\n","protected":false},"author":1,"featured_media":0,"parent":0,"menu_order":0,"comment_status":"closed","ping_status":"closed","template":"","meta":{"footnotes":""},"class_list":["post-8956","page","type-page","status-publish","hentry"],"_links":{"self":[{"href":"https:\/\/lejonchet.fr\/index.php\/wp-json\/wp\/v2\/pages\/8956","targetHints":{"allow":["GET"]}}],"collection":[{"href":"https:\/\/lejonchet.fr\/index.php\/wp-json\/wp\/v2\/pages"}],"about":[{"href":"https:\/\/lejonchet.fr\/index.php\/wp-json\/wp\/v2\/types\/page"}],"author":[{"embeddable":true,"href":"https:\/\/lejonchet.fr\/index.php\/wp-json\/wp\/v2\/users\/1"}],"replies":[{"embeddable":true,"href":"https:\/\/lejonchet.fr\/index.php\/wp-json\/wp\/v2\/comments?post=8956"}],"version-history":[{"count":8,"href":"https:\/\/lejonchet.fr\/index.php\/wp-json\/wp\/v2\/pages\/8956\/revisions"}],"predecessor-version":[{"id":8973,"href":"https:\/\/lejonchet.fr\/index.php\/wp-json\/wp\/v2\/pages\/8956\/revisions\/8973"}],"wp:attachment":[{"href":"https:\/\/lejonchet.fr\/index.php\/wp-json\/wp\/v2\/media?parent=8956"}],"curies":[{"name":"wp","href":"https:\/\/api.w.org\/{rel}","templated":true}]}}