{"id":8880,"date":"2025-12-18T15:59:38","date_gmt":"2025-12-18T14:59:38","guid":{"rendered":"https:\/\/lejonchet.fr\/?page_id=8880"},"modified":"2025-12-18T16:35:12","modified_gmt":"2025-12-18T15:35:12","slug":"concert-vibratoire","status":"publish","type":"page","link":"https:\/\/lejonchet.fr\/index.php\/concert-vibratoire\/","title":{"rendered":"Concert vibratoire"},"content":{"rendered":"\n<p class=\"has-vivid-red-color has-text-color\" style=\"font-size:40px\"><em><strong>[bOwls]<\/strong><\/em><\/p>\n\n\n\n<div class=\"wp-block-columns is-layout-flex wp-container-core-columns-is-layout-9d6595d7 wp-block-columns-is-layout-flex\">\n<div class=\"wp-block-column is-layout-flow wp-block-column-is-layout-flow\">\n<p><em>Par <strong>Erik Baron<\/strong>.<\/em><\/p>\n<\/div>\n\n\n\n<div class=\"wp-block-column is-vertically-aligned-top is-layout-flow wp-block-column-is-layout-flow\">\n<figure class=\"wp-block-table alignright\"><table class=\"has-background\" style=\"background-color:#e7f5fe\"><tbody><tr><td class=\"has-text-align-right\" data-align=\"right\">RESERVATIONS :<br><a href=\"https:\/\/lejonchet.fr\/index.php\/events\/bowls\/\"><strong><mark style=\"background-color:rgba(0, 0, 0, 0)\" class=\"has-inline-color has-vivid-cyan-blue-color\">Samedi 13 juin 2026 \u00e0 20H30<\/mark><\/strong><\/a><\/td><\/tr><\/tbody><\/table><\/figure>\n<\/div>\n<\/div>\n\n\n\n<figure class=\"wp-block-image size-large\"><img loading=\"lazy\" decoding=\"async\" width=\"1024\" height=\"220\" src=\"https:\/\/lejonchet.fr\/wp-content\/uploads\/2025\/12\/Bowls02-1024x220.jpg\" alt=\"\" class=\"wp-image-8881\" srcset=\"https:\/\/lejonchet.fr\/wp-content\/uploads\/2025\/12\/Bowls02-1024x220.jpg 1024w, https:\/\/lejonchet.fr\/wp-content\/uploads\/2025\/12\/Bowls02-300x64.jpg 300w, https:\/\/lejonchet.fr\/wp-content\/uploads\/2025\/12\/Bowls02-768x165.jpg 768w, https:\/\/lejonchet.fr\/wp-content\/uploads\/2025\/12\/Bowls02-1536x330.jpg 1536w, https:\/\/lejonchet.fr\/wp-content\/uploads\/2025\/12\/Bowls02-690x148.jpg 690w, https:\/\/lejonchet.fr\/wp-content\/uploads\/2025\/12\/Bowls02-980x210.jpg 980w, https:\/\/lejonchet.fr\/wp-content\/uploads\/2025\/12\/Bowls02.jpg 1653w\" sizes=\"auto, (max-width: 1024px) 100vw, 1024px\" \/><\/figure>\n\n\n\n<p class=\"has-drop-cap\">Concert vibratoire pour Bols chantants, Cloches de Temple, Gong, Carillon et percussions r\u00e9sonantes. <\/p>\n\n\n\n<p>Le public est invit\u00e9 \u00e0 s\u2019installer dans une position confortable afin de profiter pleinement de l&rsquo;enveloppement sonore. Assis ou allong\u00e9, chacun choisit librement de regarder le musicien jouer ou simplement fermer les yeux pour accueillir les sons.<\/p>\n\n\n\n<p><strong>Erik Baron, alchimiste sonore<\/strong><br>Quatre d\u00e9cennies de cr\u00e9ation, une trentaine d\u2019albums, et une pratique qui traverse les disciplines (concerts, th\u00e9\u00e2tre, danse, installations sonores), Erik Baron invite \u00e0 une \u00e9coute qui r\u00e9veille les corps et les espaces, transformant le silence en mati\u00e8re et les vibrations en r\u00e9cits.<\/p>\n\n\n\n<figure class=\"wp-block-gallery aligncenter has-nested-images columns-2 is-cropped wp-block-gallery-1 is-layout-flex wp-block-gallery-is-layout-flex\">\n<figure class=\"wp-block-image size-full\"><img loading=\"lazy\" decoding=\"async\" width=\"600\" height=\"600\" data-id=\"8882\" src=\"https:\/\/lejonchet.fr\/wp-content\/uploads\/2025\/12\/Bowls03.jpg\" alt=\"\" class=\"wp-image-8882\" srcset=\"https:\/\/lejonchet.fr\/wp-content\/uploads\/2025\/12\/Bowls03.jpg 600w, https:\/\/lejonchet.fr\/wp-content\/uploads\/2025\/12\/Bowls03-300x300.jpg 300w, https:\/\/lejonchet.fr\/wp-content\/uploads\/2025\/12\/Bowls03-150x150.jpg 150w\" sizes=\"auto, (max-width: 600px) 100vw, 600px\" \/><\/figure>\n\n\n\n<figure class=\"wp-block-image size-full\"><img loading=\"lazy\" decoding=\"async\" width=\"600\" height=\"600\" data-id=\"8885\" src=\"https:\/\/lejonchet.fr\/wp-content\/uploads\/2025\/12\/Bowls06.jpg\" alt=\"\" class=\"wp-image-8885\" srcset=\"https:\/\/lejonchet.fr\/wp-content\/uploads\/2025\/12\/Bowls06.jpg 600w, https:\/\/lejonchet.fr\/wp-content\/uploads\/2025\/12\/Bowls06-300x300.jpg 300w, https:\/\/lejonchet.fr\/wp-content\/uploads\/2025\/12\/Bowls06-150x150.jpg 150w\" sizes=\"auto, (max-width: 600px) 100vw, 600px\" \/><\/figure>\n\n\n\n<figure class=\"wp-block-image size-full\"><img loading=\"lazy\" decoding=\"async\" width=\"600\" height=\"600\" data-id=\"8883\" src=\"https:\/\/lejonchet.fr\/wp-content\/uploads\/2025\/12\/Bowls05.jpg\" alt=\"\" class=\"wp-image-8883\" srcset=\"https:\/\/lejonchet.fr\/wp-content\/uploads\/2025\/12\/Bowls05.jpg 600w, https:\/\/lejonchet.fr\/wp-content\/uploads\/2025\/12\/Bowls05-300x300.jpg 300w, https:\/\/lejonchet.fr\/wp-content\/uploads\/2025\/12\/Bowls05-150x150.jpg 150w\" sizes=\"auto, (max-width: 600px) 100vw, 600px\" \/><\/figure>\n\n\n\n<figure class=\"wp-block-image size-full\"><img loading=\"lazy\" decoding=\"async\" width=\"600\" height=\"600\" data-id=\"8884\" src=\"https:\/\/lejonchet.fr\/wp-content\/uploads\/2025\/12\/Bowls04.jpg\" alt=\"\" class=\"wp-image-8884\" srcset=\"https:\/\/lejonchet.fr\/wp-content\/uploads\/2025\/12\/Bowls04.jpg 600w, https:\/\/lejonchet.fr\/wp-content\/uploads\/2025\/12\/Bowls04-300x300.jpg 300w, https:\/\/lejonchet.fr\/wp-content\/uploads\/2025\/12\/Bowls04-150x150.jpg 150w\" sizes=\"auto, (max-width: 600px) 100vw, 600px\" \/><\/figure>\n<\/figure>\n\n\n\n<div class=\"wp-block-columns is-layout-flex wp-container-core-columns-is-layout-9d6595d7 wp-block-columns-is-layout-flex\">\n<div class=\"wp-block-column is-layout-flow wp-block-column-is-layout-flow\">\n<p class=\"has-small-font-size\">Dur\u00e9e 1H15 <br>Tout public d\u00e8s 8 ans<\/p>\n<\/div>\n\n\n\n<div class=\"wp-block-column is-layout-flow wp-block-column-is-layout-flow\">\n<div class=\"wp-block-buttons is-content-justification-right is-layout-flex wp-container-core-buttons-is-layout-765c4724 wp-block-buttons-is-layout-flex\">\n<div class=\"wp-block-button is-style-fill\"><a class=\"wp-block-button__link has-luminous-vivid-amber-background-color has-background wp-element-button\" href=\"https:\/\/lejonchet.fr\/index.php\/events\/bowls\/\" style=\"border-top-left-radius:29px;border-top-right-radius:29px;border-bottom-left-radius:29px;border-bottom-right-radius:29px\">R\u00e9servation&#8230;<\/a><\/div>\n<\/div>\n<\/div>\n<\/div>\n\n\n\n<figure class=\"wp-block-embed is-type-video is-provider-youtube wp-block-embed-youtube wp-embed-aspect-16-9 wp-has-aspect-ratio\"><div class=\"wp-block-embed__wrapper\">\n<iframe loading=\"lazy\" title=\"bOwls Teaser\" width=\"980\" height=\"551\" src=\"https:\/\/www.youtube.com\/embed\/oYa_f5m2xOQ?feature=oembed\" frameborder=\"0\" allow=\"accelerometer; autoplay; clipboard-write; encrypted-media; gyroscope; picture-in-picture; web-share\" referrerpolicy=\"strict-origin-when-cross-origin\" allowfullscreen><\/iframe>\n<\/div><\/figure>\n","protected":false},"excerpt":{"rendered":"<p>[bOwls] Par Erik Baron. RESERVATIONS :Samedi 13 juin 2026 \u00e0 20H30 Concert vibratoire pour Bols chantants, Cloches de Temple, Gong, Carillon et percussions r\u00e9sonantes. Le public est invit\u00e9 \u00e0 s\u2019installer dans une position confortable afin de profiter pleinement de l&rsquo;enveloppement sonore. Assis ou allong\u00e9, chacun choisit librement de regarder le musicien jouer ou simplement fermer [&hellip;]<\/p>\n","protected":false},"author":1,"featured_media":0,"parent":0,"menu_order":0,"comment_status":"closed","ping_status":"closed","template":"","meta":{"footnotes":""},"class_list":["post-8880","page","type-page","status-publish","hentry"],"_links":{"self":[{"href":"https:\/\/lejonchet.fr\/index.php\/wp-json\/wp\/v2\/pages\/8880","targetHints":{"allow":["GET"]}}],"collection":[{"href":"https:\/\/lejonchet.fr\/index.php\/wp-json\/wp\/v2\/pages"}],"about":[{"href":"https:\/\/lejonchet.fr\/index.php\/wp-json\/wp\/v2\/types\/page"}],"author":[{"embeddable":true,"href":"https:\/\/lejonchet.fr\/index.php\/wp-json\/wp\/v2\/users\/1"}],"replies":[{"embeddable":true,"href":"https:\/\/lejonchet.fr\/index.php\/wp-json\/wp\/v2\/comments?post=8880"}],"version-history":[{"count":15,"href":"https:\/\/lejonchet.fr\/index.php\/wp-json\/wp\/v2\/pages\/8880\/revisions"}],"predecessor-version":[{"id":8911,"href":"https:\/\/lejonchet.fr\/index.php\/wp-json\/wp\/v2\/pages\/8880\/revisions\/8911"}],"wp:attachment":[{"href":"https:\/\/lejonchet.fr\/index.php\/wp-json\/wp\/v2\/media?parent=8880"}],"curies":[{"name":"wp","href":"https:\/\/api.w.org\/{rel}","templated":true}]}}