{"id":8789,"date":"2025-12-11T15:47:34","date_gmt":"2025-12-11T14:47:34","guid":{"rendered":"https:\/\/lejonchet.fr\/?page_id=8789"},"modified":"2026-04-01T15:53:20","modified_gmt":"2026-04-01T13:53:20","slug":"slam-musical","status":"publish","type":"page","link":"https:\/\/lejonchet.fr\/index.php\/slam-musical\/","title":{"rendered":"Slam musical"},"content":{"rendered":"\n<figure class=\"wp-block-table alignright\"><table class=\"has-background\" style=\"background-color:#e7f5fe\"><tbody><tr><td class=\"has-text-align-right\" data-align=\"right\">RESERVATIONS :<br><a href=\"https:\/\/lejonchet.fr\/index.php\/events\/astrobleme\/\"><strong><mark style=\"background-color:rgba(0, 0, 0, 0)\" class=\"has-inline-color has-vivid-cyan-blue-color\">Samedi 18 avril 2026 \u00e0 20h30<\/mark><\/strong><\/a><\/td><\/tr><\/tbody><\/table><\/figure>\n\n\n\n<p class=\"has-vivid-red-color has-text-color\" style=\"font-size:40px\"><em><strong>Astrobl\u00eame<\/strong> en concert<\/em><\/p>\n\n\n\n<p><\/p>\n\n\n\n<figure class=\"wp-block-image size-large\"><img loading=\"lazy\" decoding=\"async\" width=\"1024\" height=\"386\" src=\"https:\/\/lejonchet.fr\/wp-content\/uploads\/2025\/12\/Astrobleme02-1024x386.jpg\" alt=\"\" class=\"wp-image-8790\" srcset=\"https:\/\/lejonchet.fr\/wp-content\/uploads\/2025\/12\/Astrobleme02-1024x386.jpg 1024w, https:\/\/lejonchet.fr\/wp-content\/uploads\/2025\/12\/Astrobleme02-300x113.jpg 300w, https:\/\/lejonchet.fr\/wp-content\/uploads\/2025\/12\/Astrobleme02-768x290.jpg 768w, https:\/\/lejonchet.fr\/wp-content\/uploads\/2025\/12\/Astrobleme02-690x260.jpg 690w, https:\/\/lejonchet.fr\/wp-content\/uploads\/2025\/12\/Astrobleme02-980x370.jpg 980w, https:\/\/lejonchet.fr\/wp-content\/uploads\/2025\/12\/Astrobleme02.jpg 1400w\" sizes=\"auto, (max-width: 1024px) 100vw, 1024px\" \/><\/figure>\n\n\n\n<p class=\"has-small-font-size\"><\/p>\n\n\n\n<p class=\"has-drop-cap\">Le groupe est compos\u00e9 d&rsquo;un pianiste de 14 ans, d&rsquo;un trompettiste\/saxophoniste de 17 ans, d&rsquo;un violoniste de 17 ans et d&rsquo;un slameur de 16 ans. Ils partagent une m\u00eame envie : cr\u00e9er une musique qui raconte, qui \u00e9meut et qui surprend.<\/p>\n\n\n\n<p>Leur nom, Astrobl\u00eame, vient du mot qui d\u00e9signe la trace laiss\u00e9e par la chute d&rsquo;un ast\u00e9ro\u00efde. Une image forte qui symbolise bien leur d\u00e9marche : laisser une empreinte musicale et po\u00e9tique marqu\u00e9e par l&rsquo;\u00e9nergie, la sinc\u00e9rit\u00e9 et la curiosit\u00e9 artistique.<\/p>\n\n\n\n<p>A travers des compositions originales port\u00e9s par des sonorit\u00e9s \u00e9lectro et des instruments classiques, Astrobl\u00eame construit un univers singulier entre \u00e9motion et modernit\u00e9. C&rsquo;est une musique en mouvement o\u00f9 chaque morceaux devient une histoire, un paysage sonore, une rencontre entre les mots et les notes.<\/p>\n\n\n\n<figure class=\"wp-block-gallery aligncenter has-nested-images columns-3 is-cropped wp-block-gallery-1 is-layout-flex wp-block-gallery-is-layout-flex\">\n<figure class=\"wp-block-image size-full\"><img loading=\"lazy\" decoding=\"async\" width=\"533\" height=\"400\" data-id=\"8791\" src=\"https:\/\/lejonchet.fr\/wp-content\/uploads\/2025\/12\/Astrobleme03.jpg\" alt=\"\" class=\"wp-image-8791\" srcset=\"https:\/\/lejonchet.fr\/wp-content\/uploads\/2025\/12\/Astrobleme03.jpg 533w, https:\/\/lejonchet.fr\/wp-content\/uploads\/2025\/12\/Astrobleme03-300x225.jpg 300w\" sizes=\"auto, (max-width: 533px) 100vw, 533px\" \/><\/figure>\n\n\n\n<figure class=\"wp-block-image size-full\"><img loading=\"lazy\" decoding=\"async\" width=\"533\" height=\"400\" data-id=\"8792\" src=\"https:\/\/lejonchet.fr\/wp-content\/uploads\/2025\/12\/Astrobleme04.jpg\" alt=\"\" class=\"wp-image-8792\" srcset=\"https:\/\/lejonchet.fr\/wp-content\/uploads\/2025\/12\/Astrobleme04.jpg 533w, https:\/\/lejonchet.fr\/wp-content\/uploads\/2025\/12\/Astrobleme04-300x225.jpg 300w\" sizes=\"auto, (max-width: 533px) 100vw, 533px\" \/><\/figure>\n<\/figure>\n\n\n\n<div class=\"wp-block-buttons is-content-justification-right is-layout-flex wp-container-core-buttons-is-layout-765c4724 wp-block-buttons-is-layout-flex\">\n<div class=\"wp-block-button alignright\"><a class=\"wp-block-button__link has-luminous-vivid-amber-background-color has-background has-text-align-left wp-element-button\" href=\"https:\/\/lejonchet.fr\/index.php\/events\/astrobleme\/\" style=\"border-radius:39px\">R\u00e9servation&#8230;<\/a><\/div>\n<\/div>\n\n\n\n<figure class=\"wp-block-embed is-type-video is-provider-youtube wp-block-embed-youtube wp-embed-aspect-16-9 wp-has-aspect-ratio\"><div class=\"wp-block-embed__wrapper\">\n<iframe loading=\"lazy\" title=\"Astrobl\u00eame au Nouveau Festival 2025 - Les coulisses et notre passage -\" width=\"980\" height=\"551\" src=\"https:\/\/www.youtube.com\/embed\/YHEKV4data8?feature=oembed\" frameborder=\"0\" allow=\"accelerometer; autoplay; clipboard-write; encrypted-media; gyroscope; picture-in-picture; web-share\" referrerpolicy=\"strict-origin-when-cross-origin\" allowfullscreen><\/iframe>\n<\/div><\/figure>\n","protected":false},"excerpt":{"rendered":"<p>RESERVATIONS :Samedi 18 avril 2026 \u00e0 20h30 Astrobl\u00eame en concert Le groupe est compos\u00e9 d&rsquo;un pianiste de 14 ans, d&rsquo;un trompettiste\/saxophoniste de 17 ans, d&rsquo;un violoniste de 17 ans et d&rsquo;un slameur de 16 ans. Ils partagent une m\u00eame envie : cr\u00e9er une musique qui raconte, qui \u00e9meut et qui surprend. Leur nom, Astrobl\u00eame, vient [&hellip;]<\/p>\n","protected":false},"author":1,"featured_media":0,"parent":0,"menu_order":0,"comment_status":"closed","ping_status":"closed","template":"","meta":{"footnotes":""},"class_list":["post-8789","page","type-page","status-publish","hentry"],"_links":{"self":[{"href":"https:\/\/lejonchet.fr\/index.php\/wp-json\/wp\/v2\/pages\/8789","targetHints":{"allow":["GET"]}}],"collection":[{"href":"https:\/\/lejonchet.fr\/index.php\/wp-json\/wp\/v2\/pages"}],"about":[{"href":"https:\/\/lejonchet.fr\/index.php\/wp-json\/wp\/v2\/types\/page"}],"author":[{"embeddable":true,"href":"https:\/\/lejonchet.fr\/index.php\/wp-json\/wp\/v2\/users\/1"}],"replies":[{"embeddable":true,"href":"https:\/\/lejonchet.fr\/index.php\/wp-json\/wp\/v2\/comments?post=8789"}],"version-history":[{"count":2,"href":"https:\/\/lejonchet.fr\/index.php\/wp-json\/wp\/v2\/pages\/8789\/revisions"}],"predecessor-version":[{"id":8798,"href":"https:\/\/lejonchet.fr\/index.php\/wp-json\/wp\/v2\/pages\/8789\/revisions\/8798"}],"wp:attachment":[{"href":"https:\/\/lejonchet.fr\/index.php\/wp-json\/wp\/v2\/media?parent=8789"}],"curies":[{"name":"wp","href":"https:\/\/api.w.org\/{rel}","templated":true}]}}