{"id":8656,"date":"2025-12-10T15:04:47","date_gmt":"2025-12-10T14:04:47","guid":{"rendered":"https:\/\/lejonchet.fr\/?page_id=8656"},"modified":"2025-12-10T15:28:58","modified_gmt":"2025-12-10T14:28:58","slug":"jeune-public-3","status":"publish","type":"page","link":"https:\/\/lejonchet.fr\/index.php\/jeune-public-3\/","title":{"rendered":"Jeune public"},"content":{"rendered":"\n<p class=\"has-vivid-red-color has-text-color\" style=\"font-size:40px\"><strong><em>Djoungo et la for\u00eat de Kytanga<\/em><\/strong><\/p>\n\n\n\n<figure class=\"wp-block-table alignright\"><table class=\"has-background\" style=\"background-color:#e7f5fe\"><tbody><tr><td class=\"has-text-align-right\" data-align=\"right\">RESERVATIONS :<br><strong><a href=\"https:\/\/lejonchet.fr\/index.php\/events\/djoungo2\/\">Jeudi 19 f\u00e9vrier 2026 \u00e0 11h00<\/a> <br><\/strong><a href=\"https:\/\/lejonchet.fr\/index.php\/events\/djoungo\/\"><strong><strong>Jeudi 19 f\u00e9vrier 2026 \u00e0<\/strong><\/strong> <strong>15H30<\/strong><\/a><\/td><\/tr><\/tbody><\/table><\/figure>\n\n\n\n<p><em>par <strong>La Compagnie du Pitre Sage<\/strong><br>avec <strong>Thierry H\u00e9riteau<\/strong> et <strong>Pierre Bodin<\/strong><\/em><\/p>\n\n\n\n<figure class=\"wp-block-image size-full\"><img loading=\"lazy\" decoding=\"async\" width=\"1654\" height=\"324\" src=\"https:\/\/lejonchet.fr\/wp-content\/uploads\/2025\/12\/Djoungo04.jpg\" alt=\"\" class=\"wp-image-8658\" srcset=\"https:\/\/lejonchet.fr\/wp-content\/uploads\/2025\/12\/Djoungo04.jpg 1654w, https:\/\/lejonchet.fr\/wp-content\/uploads\/2025\/12\/Djoungo04-300x59.jpg 300w, https:\/\/lejonchet.fr\/wp-content\/uploads\/2025\/12\/Djoungo04-1024x201.jpg 1024w, https:\/\/lejonchet.fr\/wp-content\/uploads\/2025\/12\/Djoungo04-768x150.jpg 768w, https:\/\/lejonchet.fr\/wp-content\/uploads\/2025\/12\/Djoungo04-1536x301.jpg 1536w, https:\/\/lejonchet.fr\/wp-content\/uploads\/2025\/12\/Djoungo04-690x135.jpg 690w, https:\/\/lejonchet.fr\/wp-content\/uploads\/2025\/12\/Djoungo04-980x192.jpg 980w\" sizes=\"auto, (max-width: 1654px) 100vw, 1654px\" \/><\/figure>\n\n\n\n<p><\/p>\n\n\n\n<p class=\"has-drop-cap\">Faisant appel \u00e0 son art du mime et de conteur, Thierry H\u00e9riteau, alias Sir David Dabelton, explorateur au charmant accent anglais, est victime d&rsquo;un accident de montgolfi\u00e8re, et nous entra\u00eene dans une jungle luxuriante, accompagn\u00e9 de son fid\u00e8le et flegmatique flamant Feignant Rose, alias Pierre Bodin, aux claviers. Se succ\u00e8dent alors divers animaux end\u00e9miques renaissant au gr\u00e9 des histoires cont\u00e9es \u00e0 l&rsquo;explorateur par Djoungo, le vieux gorille. Il y a Lanlan l&rsquo;\u00e9l\u00e9phant, Coco le crabe, ou encore Glanglan le go\u00e9lant.<\/p>\n\n\n\n<p>Cette aventure po\u00e9tique, cont\u00e9e par un acteur form\u00e9 au jeu animalesque et mise en musique par son flamant rose incarne de fa\u00e7on humoristique ce balai \u00e0 l&rsquo;\u00e9coute de la nature.<\/p>\n\n\n\n<p class=\"has-black-color has-text-color has-link-color has-small-font-size wp-elements-23c6429089d2622a01d8972f774ea3d3\"><em>Dur\u00e9e : 40mn<br><strong>Tout public<\/strong><\/em><\/p>\n\n\n\n<div class=\"wp-block-columns is-layout-flex wp-container-core-columns-is-layout-9d6595d7 wp-block-columns-is-layout-flex\">\n<div class=\"wp-block-column is-layout-flow wp-block-column-is-layout-flow\" style=\"flex-basis:100%\">\n<figure class=\"wp-block-gallery aligncenter has-nested-images columns-2 is-cropped wp-block-gallery-1 is-layout-flex wp-block-gallery-is-layout-flex\">\n<figure class=\"wp-block-image size-full\"><img loading=\"lazy\" decoding=\"async\" width=\"600\" height=\"400\" data-id=\"8659\" src=\"https:\/\/lejonchet.fr\/wp-content\/uploads\/2025\/12\/Djoungo02-1.jpg\" alt=\"\" class=\"wp-image-8659\" srcset=\"https:\/\/lejonchet.fr\/wp-content\/uploads\/2025\/12\/Djoungo02-1.jpg 600w, https:\/\/lejonchet.fr\/wp-content\/uploads\/2025\/12\/Djoungo02-1-300x200.jpg 300w\" sizes=\"auto, (max-width: 600px) 100vw, 600px\" \/><\/figure>\n\n\n\n<figure class=\"wp-block-image size-full\"><img loading=\"lazy\" decoding=\"async\" width=\"600\" height=\"400\" data-id=\"8660\" src=\"https:\/\/lejonchet.fr\/wp-content\/uploads\/2025\/12\/Djoungo03.jpg\" alt=\"\" class=\"wp-image-8660\" srcset=\"https:\/\/lejonchet.fr\/wp-content\/uploads\/2025\/12\/Djoungo03.jpg 600w, https:\/\/lejonchet.fr\/wp-content\/uploads\/2025\/12\/Djoungo03-300x200.jpg 300w\" sizes=\"auto, (max-width: 600px) 100vw, 600px\" \/><\/figure>\n<\/figure>\n<\/div>\n<\/div>\n\n\n\n<figure class=\"wp-block-embed is-type-video is-provider-youtube wp-block-embed-youtube wp-embed-aspect-16-9 wp-has-aspect-ratio\"><div class=\"wp-block-embed__wrapper\">\n<iframe loading=\"lazy\" title=\"Djoungo et la for\u00eat de Kytangua\" width=\"980\" height=\"551\" src=\"https:\/\/www.youtube.com\/embed\/Mh6Yfc-kie4?feature=oembed\" frameborder=\"0\" allow=\"accelerometer; autoplay; clipboard-write; encrypted-media; gyroscope; picture-in-picture; web-share\" referrerpolicy=\"strict-origin-when-cross-origin\" allowfullscreen><\/iframe>\n<\/div><\/figure>\n\n\n\n<p><\/p>\n\n\n\n<figure class=\"wp-block-table alignright\"><table class=\"has-background\" style=\"background-color:#e7f5fe\"><tbody><tr><td class=\"has-text-align-right\" data-align=\"right\">RESERVATIONS :<br><strong><a href=\"https:\/\/lejonchet.fr\/index.php\/events\/djoungo2\/\">Jeudi 19 f\u00e9vrier 2026 \u00e0 11h00<\/a> <br><\/strong><a href=\"https:\/\/lejonchet.fr\/index.php\/events\/djoungo\/\"><strong><strong>Jeudi 19 f\u00e9vrier 2026 \u00e0<\/strong><\/strong> <strong>15H30<\/strong><\/a><\/td><\/tr><\/tbody><\/table><\/figure>\n\n\n\n<p><\/p>\n\n\n\n<p><\/p>\n","protected":false},"excerpt":{"rendered":"<p>Djoungo et la for\u00eat de Kytanga RESERVATIONS :Jeudi 19 f\u00e9vrier 2026 \u00e0 11h00 Jeudi 19 f\u00e9vrier 2026 \u00e0 15H30 par La Compagnie du Pitre Sageavec Thierry H\u00e9riteau et Pierre Bodin Faisant appel \u00e0 son art du mime et de conteur, Thierry H\u00e9riteau, alias Sir David Dabelton, explorateur au charmant accent anglais, est victime d&rsquo;un accident [&hellip;]<\/p>\n","protected":false},"author":1,"featured_media":0,"parent":0,"menu_order":0,"comment_status":"closed","ping_status":"closed","template":"","meta":{"footnotes":""},"class_list":["post-8656","page","type-page","status-publish","hentry"],"_links":{"self":[{"href":"https:\/\/lejonchet.fr\/index.php\/wp-json\/wp\/v2\/pages\/8656","targetHints":{"allow":["GET"]}}],"collection":[{"href":"https:\/\/lejonchet.fr\/index.php\/wp-json\/wp\/v2\/pages"}],"about":[{"href":"https:\/\/lejonchet.fr\/index.php\/wp-json\/wp\/v2\/types\/page"}],"author":[{"embeddable":true,"href":"https:\/\/lejonchet.fr\/index.php\/wp-json\/wp\/v2\/users\/1"}],"replies":[{"embeddable":true,"href":"https:\/\/lejonchet.fr\/index.php\/wp-json\/wp\/v2\/comments?post=8656"}],"version-history":[{"count":5,"href":"https:\/\/lejonchet.fr\/index.php\/wp-json\/wp\/v2\/pages\/8656\/revisions"}],"predecessor-version":[{"id":8677,"href":"https:\/\/lejonchet.fr\/index.php\/wp-json\/wp\/v2\/pages\/8656\/revisions\/8677"}],"wp:attachment":[{"href":"https:\/\/lejonchet.fr\/index.php\/wp-json\/wp\/v2\/media?parent=8656"}],"curies":[{"name":"wp","href":"https:\/\/api.w.org\/{rel}","templated":true}]}}