{"id":8499,"date":"2025-12-03T09:50:38","date_gmt":"2025-12-03T08:50:38","guid":{"rendered":"https:\/\/lejonchet.fr\/?page_id=8499"},"modified":"2026-02-03T10:13:20","modified_gmt":"2026-02-03T09:13:20","slug":"a-votre-service","status":"publish","type":"page","link":"https:\/\/lejonchet.fr\/index.php\/a-votre-service\/","title":{"rendered":"Th\u00e9\u00e2tre &amp; Humour"},"content":{"rendered":"\n<figure class=\"wp-block-table alignright\" style=\"font-size:16px\"><table class=\"has-background\" style=\"background-color:#e7f5fe\"><tbody><tr><td class=\"has-text-align-right\" data-align=\"right\">RESERVATIONS :<strong><mark style=\"background-color:rgba(0, 0, 0, 0)\" class=\"has-inline-color has-vivid-cyan-blue-color\"><br><\/mark><a href=\"https:\/\/lejonchet.fr\/index.php\/events\/a-votre-service-2\/\">Dimanche 22 f\u00e9vrier 2026 \u00e0 15H30<\/a><\/strong><\/td><\/tr><\/tbody><\/table><\/figure>\n\n\n\n<p class=\"has-vivid-red-color has-text-color\" style=\"font-size:40px\"><strong>A votre service !<\/strong><\/p>\n\n\n\n<p class=\"has-small-font-size\"><em>Par <strong>La Cie Chansons \u00e0 boire et \u00e0 manger<\/strong> <\/em><br><em>Avec <strong>Sabrina Guettiche<\/strong> et <strong>Fr\u00e9d\u00e9ric Aurin<\/strong><\/em><\/p>\n\n\n\n<figure class=\"wp-block-image size-large\"><img loading=\"lazy\" decoding=\"async\" width=\"1024\" height=\"333\" src=\"https:\/\/lejonchet.fr\/wp-content\/uploads\/2025\/12\/Service02-1024x333.jpg\" alt=\"\" class=\"wp-image-8501\" srcset=\"https:\/\/lejonchet.fr\/wp-content\/uploads\/2025\/12\/Service02-1024x333.jpg 1024w, https:\/\/lejonchet.fr\/wp-content\/uploads\/2025\/12\/Service02-300x98.jpg 300w, https:\/\/lejonchet.fr\/wp-content\/uploads\/2025\/12\/Service02-768x250.jpg 768w, https:\/\/lejonchet.fr\/wp-content\/uploads\/2025\/12\/Service02-1536x499.jpg 1536w, https:\/\/lejonchet.fr\/wp-content\/uploads\/2025\/12\/Service02-690x224.jpg 690w, https:\/\/lejonchet.fr\/wp-content\/uploads\/2025\/12\/Service02-980x319.jpg 980w, https:\/\/lejonchet.fr\/wp-content\/uploads\/2025\/12\/Service02.jpg 1600w\" sizes=\"auto, (max-width: 1024px) 100vw, 1024px\" \/><\/figure>\n\n\n\n<p class=\"has-small-font-size\"><\/p>\n\n\n\n<p class=\"has-drop-cap\">\u00ab\u00a0Mademoiselle Prune et Monsieur Lapoire ont enfin ouvert leur restaurant imaginaire.<br>Installez-vous en terrasse pour vous r\u00e9galer de leurs d\u00e9licieuses chansons \u00e0 boire et \u00e0 manger.\u00a0\u00bb<\/p>\n\n\n\n<p><strong>\u00ab\u00a0A votre service !\u00a0\u00bb<\/strong>&nbsp;est un spectacle musical et clownesque. Un duo sert un menu gastronomique compos\u00e9 d&rsquo;une quinzaine de plats sonores et visuels. Install\u00e9s en terrasse, les clients go\u00fbtent les sp\u00e9cialit\u00e9s maison. La client\u00e8le rit, chante et participe gaiement. Un repas \u00e0 d\u00e9guster entre amis ou en famille.<\/p>\n\n\n\n<figure class=\"wp-block-gallery aligncenter has-nested-images columns-2 is-cropped wp-block-gallery-1 is-layout-flex wp-block-gallery-is-layout-flex\">\n<figure class=\"wp-block-image size-full\"><img loading=\"lazy\" decoding=\"async\" width=\"500\" height=\"500\" data-id=\"8505\" src=\"https:\/\/lejonchet.fr\/wp-content\/uploads\/2025\/12\/Service03.jpg\" alt=\"\" class=\"wp-image-8505\" srcset=\"https:\/\/lejonchet.fr\/wp-content\/uploads\/2025\/12\/Service03.jpg 500w, https:\/\/lejonchet.fr\/wp-content\/uploads\/2025\/12\/Service03-300x300.jpg 300w, https:\/\/lejonchet.fr\/wp-content\/uploads\/2025\/12\/Service03-150x150.jpg 150w\" sizes=\"auto, (max-width: 500px) 100vw, 500px\" \/><\/figure>\n\n\n\n<figure class=\"wp-block-image size-full\"><img loading=\"lazy\" decoding=\"async\" width=\"500\" height=\"500\" data-id=\"8506\" src=\"https:\/\/lejonchet.fr\/wp-content\/uploads\/2025\/12\/Service04.jpg\" alt=\"\" class=\"wp-image-8506\" srcset=\"https:\/\/lejonchet.fr\/wp-content\/uploads\/2025\/12\/Service04.jpg 500w, https:\/\/lejonchet.fr\/wp-content\/uploads\/2025\/12\/Service04-300x300.jpg 300w, https:\/\/lejonchet.fr\/wp-content\/uploads\/2025\/12\/Service04-150x150.jpg 150w\" sizes=\"auto, (max-width: 500px) 100vw, 500px\" \/><\/figure>\n\n\n\n<figure class=\"wp-block-image size-full\"><img loading=\"lazy\" decoding=\"async\" width=\"500\" height=\"500\" data-id=\"8507\" src=\"https:\/\/lejonchet.fr\/wp-content\/uploads\/2025\/12\/Service05.jpg\" alt=\"\" class=\"wp-image-8507\" srcset=\"https:\/\/lejonchet.fr\/wp-content\/uploads\/2025\/12\/Service05.jpg 500w, https:\/\/lejonchet.fr\/wp-content\/uploads\/2025\/12\/Service05-300x300.jpg 300w, https:\/\/lejonchet.fr\/wp-content\/uploads\/2025\/12\/Service05-150x150.jpg 150w\" sizes=\"auto, (max-width: 500px) 100vw, 500px\" \/><\/figure>\n\n\n\n<figure class=\"wp-block-image size-large\"><img loading=\"lazy\" decoding=\"async\" width=\"500\" height=\"500\" data-id=\"8508\" src=\"https:\/\/lejonchet.fr\/wp-content\/uploads\/2025\/12\/Service06.jpg\" alt=\"\" class=\"wp-image-8508\" srcset=\"https:\/\/lejonchet.fr\/wp-content\/uploads\/2025\/12\/Service06.jpg 500w, https:\/\/lejonchet.fr\/wp-content\/uploads\/2025\/12\/Service06-300x300.jpg 300w, https:\/\/lejonchet.fr\/wp-content\/uploads\/2025\/12\/Service06-150x150.jpg 150w\" sizes=\"auto, (max-width: 500px) 100vw, 500px\" \/><\/figure>\n<\/figure>\n\n\n\n<div class=\"wp-block-columns is-layout-flex wp-container-core-columns-is-layout-9d6595d7 wp-block-columns-is-layout-flex\">\n<div class=\"wp-block-column is-layout-flow wp-block-column-is-layout-flow\">\n<p class=\"has-text-align-right\">RESERVATIONS :<strong><mark style=\"background-color:rgba(0, 0, 0, 0)\" class=\"has-inline-color has-vivid-cyan-blue-color\"><br><\/mark><a href=\"https:\/\/lejonchet.fr\/index.php\/events\/a-votre-service-2\/\">Dimanche 22 f\u00e9vrier 2026 \u00e0 15H30<\/a><\/strong><\/p>\n<\/div>\n<\/div>\n\n\n\n<figure class=\"wp-block-embed is-type-video is-provider-youtube wp-block-embed-youtube wp-embed-aspect-16-9 wp-has-aspect-ratio\"><div class=\"wp-block-embed__wrapper\">\n<iframe loading=\"lazy\" title=\"A votre service\" width=\"980\" height=\"551\" src=\"https:\/\/www.youtube.com\/embed\/L1n7We0q8zY?feature=oembed\" frameborder=\"0\" allow=\"accelerometer; autoplay; clipboard-write; encrypted-media; gyroscope; picture-in-picture; web-share\" referrerpolicy=\"strict-origin-when-cross-origin\" allowfullscreen><\/iframe>\n<\/div><\/figure>\n","protected":false},"excerpt":{"rendered":"<p>RESERVATIONS :Dimanche 22 f\u00e9vrier 2026 \u00e0 15H30 A votre service ! Par La Cie Chansons \u00e0 boire et \u00e0 manger Avec Sabrina Guettiche et Fr\u00e9d\u00e9ric Aurin \u00ab\u00a0Mademoiselle Prune et Monsieur Lapoire ont enfin ouvert leur restaurant imaginaire.Installez-vous en terrasse pour vous r\u00e9galer de leurs d\u00e9licieuses chansons \u00e0 boire et \u00e0 manger.\u00a0\u00bb \u00ab\u00a0A votre service !\u00a0\u00bb&nbsp;est [&hellip;]<\/p>\n","protected":false},"author":1,"featured_media":0,"parent":0,"menu_order":0,"comment_status":"closed","ping_status":"closed","template":"","meta":{"footnotes":""},"class_list":["post-8499","page","type-page","status-publish","hentry"],"_links":{"self":[{"href":"https:\/\/lejonchet.fr\/index.php\/wp-json\/wp\/v2\/pages\/8499","targetHints":{"allow":["GET"]}}],"collection":[{"href":"https:\/\/lejonchet.fr\/index.php\/wp-json\/wp\/v2\/pages"}],"about":[{"href":"https:\/\/lejonchet.fr\/index.php\/wp-json\/wp\/v2\/types\/page"}],"author":[{"embeddable":true,"href":"https:\/\/lejonchet.fr\/index.php\/wp-json\/wp\/v2\/users\/1"}],"replies":[{"embeddable":true,"href":"https:\/\/lejonchet.fr\/index.php\/wp-json\/wp\/v2\/comments?post=8499"}],"version-history":[{"count":28,"href":"https:\/\/lejonchet.fr\/index.php\/wp-json\/wp\/v2\/pages\/8499\/revisions"}],"predecessor-version":[{"id":9054,"href":"https:\/\/lejonchet.fr\/index.php\/wp-json\/wp\/v2\/pages\/8499\/revisions\/9054"}],"wp:attachment":[{"href":"https:\/\/lejonchet.fr\/index.php\/wp-json\/wp\/v2\/media?parent=8499"}],"curies":[{"name":"wp","href":"https:\/\/api.w.org\/{rel}","templated":true}]}}