{"id":8469,"date":"2025-12-02T17:06:28","date_gmt":"2025-12-02T16:06:28","guid":{"rendered":"https:\/\/lejonchet.fr\/?page_id=8469"},"modified":"2025-12-02T17:26:44","modified_gmt":"2025-12-02T16:26:44","slug":"prevert","status":"publish","type":"page","link":"https:\/\/lejonchet.fr\/index.php\/prevert\/","title":{"rendered":"Th\u00e9\u00e2tre"},"content":{"rendered":"\n<figure class=\"wp-block-table alignright\" style=\"font-size:16px\"><table class=\"has-background\" style=\"background-color:#e7f5fe\"><tbody><tr><td class=\"has-text-align-right\" data-align=\"right\">RESERVATIONS :<strong><mark style=\"background-color:rgba(0, 0, 0, 0)\" class=\"has-inline-color has-vivid-cyan-blue-color\"><br><a href=\"https:\/\/lejonchet.fr\/index.php\/events\/prevert-et-moi\/\">Dimanche 25 janvier 2026 \u00e0 15h30<\/a><\/mark><\/strong><\/td><\/tr><\/tbody><\/table><\/figure>\n\n\n\n<p class=\"has-vivid-red-color has-text-color\" style=\"font-size:40px\"><strong>Pr\u00e9vert et moi<\/strong><\/p>\n\n\n\n<p class=\"has-small-font-size\"><em>Textes de Jacques Pr\u00e9vert et Benjamin George <strong><br>Adaptation et jeu<\/strong>&nbsp;: Benjamin George <strong><br>Musique<\/strong>&nbsp;: Benjamin George, Joseph Kosma, Serge Gainsbourg, Bach et Chopin <strong><br>Mise en sc\u00e8ne<\/strong>&nbsp;: Benedikte Marie Peres <strong><br>Direction d\u2019acteur<\/strong>&nbsp;: Luc Faug\u00e8re et Mathieu Dubois<\/em><\/p>\n\n\n\n<figure class=\"wp-block-image size-large\"><img loading=\"lazy\" decoding=\"async\" width=\"1024\" height=\"380\" src=\"https:\/\/lejonchet.fr\/wp-content\/uploads\/2025\/12\/Prevert02-1024x380.jpg\" alt=\"\" class=\"wp-image-8470\" srcset=\"https:\/\/lejonchet.fr\/wp-content\/uploads\/2025\/12\/Prevert02-1024x380.jpg 1024w, https:\/\/lejonchet.fr\/wp-content\/uploads\/2025\/12\/Prevert02-300x111.jpg 300w, https:\/\/lejonchet.fr\/wp-content\/uploads\/2025\/12\/Prevert02-768x285.jpg 768w, https:\/\/lejonchet.fr\/wp-content\/uploads\/2025\/12\/Prevert02-690x256.jpg 690w, https:\/\/lejonchet.fr\/wp-content\/uploads\/2025\/12\/Prevert02-980x363.jpg 980w, https:\/\/lejonchet.fr\/wp-content\/uploads\/2025\/12\/Prevert02.jpg 1400w\" sizes=\"auto, (max-width: 1024px) 100vw, 1024px\" \/><\/figure>\n\n\n\n<p class=\"has-small-font-size\"><\/p>\n\n\n\n<p class=\"has-drop-cap\">L\u2019acteur&nbsp;est aussi un \u201cMoi\u201d&nbsp;\u00e9crivain. Pr\u00e9vert lui a inspir\u00e9 une \u00e9criture,&nbsp;pr\u00e9texte pour raconter nos&nbsp;lignes de survie dans ce monde contemporain.<\/p>\n\n\n\n<p><em>\u201c<\/em><em>Moi&nbsp;<\/em><em>avec ses mots \u00e0 L<\/em><em>ui\u2026 Lui avec mes mots \u00e0 moi\u2026 Moi avec mes mots \u00e0 M<\/em><em>oi\u2026 Lui avec ses mots \u00e0 L<\/em><em>ui\u2026 Nous avec nos mots \u00e0 nous.\u201d<\/em><\/p>\n\n\n\n<p><strong><em>Ne reste plus qu\u2019\u00e0 laisser r\u00e9sonner les mots et les notes !<\/em><\/strong><\/p>\n\n\n\n<p>Avec&nbsp;l\u00e9g\u00e8ret\u00e9 et humour, les mots de \u00ab\u00a0Lui\u00a0\u00bb&nbsp;po\u00e8te&nbsp;et du \u00ab\u00a0Moi\u00a0\u00bb&nbsp;\u00e9crivain-acteur&nbsp;r\u00e9sonnent ensemble : questionnant la croyance, la guerre, les invisibilit\u00e9s soci\u00e9tales et notre rapport intime au monde. Des paroles simples qui d\u00e9crivent un monde complexe.<\/p>\n\n\n\n<p>Dans une mise en sc\u00e8ne sobre et immersive, ce spectacle c\u00e9l\u00e8bre la richesse litt\u00e9raire et th\u00e9\u00e2trale de&nbsp;deux po\u00e8tes qui, sous une simplicit\u00e9 apparente, manient&nbsp;la langue avec pr\u00e9cision et r\u00e9volte.&nbsp;<\/p>\n\n\n\n<figure class=\"wp-block-gallery aligncenter has-nested-images columns-2 is-cropped wp-block-gallery-1 is-layout-flex wp-block-gallery-is-layout-flex\">\n<figure class=\"wp-block-image size-full\"><img loading=\"lazy\" decoding=\"async\" width=\"500\" height=\"500\" data-id=\"8472\" src=\"https:\/\/lejonchet.fr\/wp-content\/uploads\/2025\/12\/Prevert04.jpg\" alt=\"\" class=\"wp-image-8472\" srcset=\"https:\/\/lejonchet.fr\/wp-content\/uploads\/2025\/12\/Prevert04.jpg 500w, https:\/\/lejonchet.fr\/wp-content\/uploads\/2025\/12\/Prevert04-300x300.jpg 300w, https:\/\/lejonchet.fr\/wp-content\/uploads\/2025\/12\/Prevert04-150x150.jpg 150w\" sizes=\"auto, (max-width: 500px) 100vw, 500px\" \/><\/figure>\n\n\n\n<figure class=\"wp-block-image size-full\"><img loading=\"lazy\" decoding=\"async\" width=\"500\" height=\"500\" data-id=\"8471\" src=\"https:\/\/lejonchet.fr\/wp-content\/uploads\/2025\/12\/Prevert03.jpg\" alt=\"\" class=\"wp-image-8471\" srcset=\"https:\/\/lejonchet.fr\/wp-content\/uploads\/2025\/12\/Prevert03.jpg 500w, https:\/\/lejonchet.fr\/wp-content\/uploads\/2025\/12\/Prevert03-300x300.jpg 300w, https:\/\/lejonchet.fr\/wp-content\/uploads\/2025\/12\/Prevert03-150x150.jpg 150w\" sizes=\"auto, (max-width: 500px) 100vw, 500px\" \/><\/figure>\n\n\n\n<figure class=\"wp-block-image size-large\"><img loading=\"lazy\" decoding=\"async\" width=\"500\" height=\"500\" data-id=\"8474\" src=\"https:\/\/lejonchet.fr\/wp-content\/uploads\/2025\/12\/Prevert06.jpg\" alt=\"\" class=\"wp-image-8474\" srcset=\"https:\/\/lejonchet.fr\/wp-content\/uploads\/2025\/12\/Prevert06.jpg 500w, https:\/\/lejonchet.fr\/wp-content\/uploads\/2025\/12\/Prevert06-300x300.jpg 300w, https:\/\/lejonchet.fr\/wp-content\/uploads\/2025\/12\/Prevert06-150x150.jpg 150w\" sizes=\"auto, (max-width: 500px) 100vw, 500px\" \/><\/figure>\n\n\n\n<figure class=\"wp-block-image size-full\"><img loading=\"lazy\" decoding=\"async\" width=\"500\" height=\"500\" data-id=\"8473\" src=\"https:\/\/lejonchet.fr\/wp-content\/uploads\/2025\/12\/Prevert05.jpg\" alt=\"\" class=\"wp-image-8473\" srcset=\"https:\/\/lejonchet.fr\/wp-content\/uploads\/2025\/12\/Prevert05.jpg 500w, https:\/\/lejonchet.fr\/wp-content\/uploads\/2025\/12\/Prevert05-300x300.jpg 300w, https:\/\/lejonchet.fr\/wp-content\/uploads\/2025\/12\/Prevert05-150x150.jpg 150w\" sizes=\"auto, (max-width: 500px) 100vw, 500px\" \/><\/figure>\n<\/figure>\n\n\n\n<div class=\"wp-block-buttons is-content-justification-right is-layout-flex wp-container-core-buttons-is-layout-765c4724 wp-block-buttons-is-layout-flex\">\n<div class=\"wp-block-button has-custom-width wp-block-button__width-25 is-style-fill\"><a class=\"wp-block-button__link has-black-color has-luminous-vivid-amber-background-color has-text-color has-background has-link-color has-small-font-size has-custom-font-size wp-element-button\" href=\"https:\/\/lejonchet.fr\/index.php\/events\/prevert-et-moi\/\" style=\"border-radius:50px\"><strong><em>R\u00e9servations&#8230;<\/em><\/strong><\/a><\/div>\n<\/div>\n\n\n\n<p><\/p>\n","protected":false},"excerpt":{"rendered":"<p>RESERVATIONS :Dimanche 25 janvier 2026 \u00e0 15h30 Pr\u00e9vert et moi Textes de Jacques Pr\u00e9vert et Benjamin George Adaptation et jeu&nbsp;: Benjamin George Musique&nbsp;: Benjamin George, Joseph Kosma, Serge Gainsbourg, Bach et Chopin Mise en sc\u00e8ne&nbsp;: Benedikte Marie Peres Direction d\u2019acteur&nbsp;: Luc Faug\u00e8re et Mathieu Dubois L\u2019acteur&nbsp;est aussi un \u201cMoi\u201d&nbsp;\u00e9crivain. Pr\u00e9vert lui a inspir\u00e9 une \u00e9criture,&nbsp;pr\u00e9texte [&hellip;]<\/p>\n","protected":false},"author":1,"featured_media":0,"parent":0,"menu_order":0,"comment_status":"closed","ping_status":"closed","template":"","meta":{"footnotes":""},"class_list":["post-8469","page","type-page","status-publish","hentry"],"_links":{"self":[{"href":"https:\/\/lejonchet.fr\/index.php\/wp-json\/wp\/v2\/pages\/8469","targetHints":{"allow":["GET"]}}],"collection":[{"href":"https:\/\/lejonchet.fr\/index.php\/wp-json\/wp\/v2\/pages"}],"about":[{"href":"https:\/\/lejonchet.fr\/index.php\/wp-json\/wp\/v2\/types\/page"}],"author":[{"embeddable":true,"href":"https:\/\/lejonchet.fr\/index.php\/wp-json\/wp\/v2\/users\/1"}],"replies":[{"embeddable":true,"href":"https:\/\/lejonchet.fr\/index.php\/wp-json\/wp\/v2\/comments?post=8469"}],"version-history":[{"count":4,"href":"https:\/\/lejonchet.fr\/index.php\/wp-json\/wp\/v2\/pages\/8469\/revisions"}],"predecessor-version":[{"id":8488,"href":"https:\/\/lejonchet.fr\/index.php\/wp-json\/wp\/v2\/pages\/8469\/revisions\/8488"}],"wp:attachment":[{"href":"https:\/\/lejonchet.fr\/index.php\/wp-json\/wp\/v2\/media?parent=8469"}],"curies":[{"name":"wp","href":"https:\/\/api.w.org\/{rel}","templated":true}]}}