{"id":8360,"date":"2025-10-03T09:09:37","date_gmt":"2025-10-03T07:09:37","guid":{"rendered":"https:\/\/lejonchet.fr\/?page_id=8360"},"modified":"2025-10-03T09:20:05","modified_gmt":"2025-10-03T07:20:05","slug":"theatre-52","status":"publish","type":"page","link":"https:\/\/lejonchet.fr\/index.php\/theatre-52\/","title":{"rendered":"Th\u00e9\u00e2tre"},"content":{"rendered":"\n<p class=\"has-vivid-red-color has-text-color has-large-font-size\"><strong>M\u00e9m\u00e9 Geek<\/strong><\/p>\n\n\n\n<figure class=\"wp-block-table alignright\" style=\"font-size:16px\"><table class=\"has-black-color has-text-color has-background has-link-color\" style=\"background-color:#e7f5fe\"><tbody><tr><td class=\"has-text-align-right\" data-align=\"right\">RESERVATIONS :<br><strong><a href=\"https:\/\/lejonchet.fr\/index.php\/events\/meme-geek\/\">Samedi 20 d\u00e9cembre 2025 \u00e0 20H30<\/a><\/strong><\/td><\/tr><\/tbody><\/table><\/figure>\n\n\n\n<p class=\"has-small-font-size\"><em><em>De et par <strong>Nathalie Lagunas<\/strong> <br>Mise en sc\u00e8ne <strong>Charl\u00e8ne Lauer<\/strong><\/em><\/em><\/p>\n\n\n\n<figure class=\"wp-block-image size-full\"><img loading=\"lazy\" decoding=\"async\" width=\"1600\" height=\"573\" src=\"https:\/\/lejonchet.fr\/wp-content\/uploads\/2025\/10\/Geek02.jpg\" alt=\"\" class=\"wp-image-8362\" srcset=\"https:\/\/lejonchet.fr\/wp-content\/uploads\/2025\/10\/Geek02.jpg 1600w, https:\/\/lejonchet.fr\/wp-content\/uploads\/2025\/10\/Geek02-300x107.jpg 300w, https:\/\/lejonchet.fr\/wp-content\/uploads\/2025\/10\/Geek02-1024x367.jpg 1024w, https:\/\/lejonchet.fr\/wp-content\/uploads\/2025\/10\/Geek02-768x275.jpg 768w, https:\/\/lejonchet.fr\/wp-content\/uploads\/2025\/10\/Geek02-1536x550.jpg 1536w, https:\/\/lejonchet.fr\/wp-content\/uploads\/2025\/10\/Geek02-690x247.jpg 690w, https:\/\/lejonchet.fr\/wp-content\/uploads\/2025\/10\/Geek02-980x351.jpg 980w\" sizes=\"auto, (max-width: 1600px) 100vw, 1600px\" \/><\/figure>\n\n\n\n<p><\/p>\n\n\n\n<p class=\"has-drop-cap\">Pendant que certains tremblent devant les nouvelles technologies comme devant le diable, M\u00e9m\u00e9 Geek s&rsquo;\u00e9clate \u00e0 c\u0153ur joie avec elles. Jeux vid\u00e9os, casque de r\u00e9alit\u00e9 virtuelle, imprimante 3D, r\u00e9seaux sociaux : pour elle, tous les moyens sont bons pour d\u00e9lirer, oublier ses 80 printemps et servir son plaisir&#8230; pour le plus grand bonheur de son public hilare.<\/p>\n\n\n\n<p>Le monde du virtuel, les relations parents &#8211; enfants, le grand \u00e2ge, le sexe, le crochet, le cyber harc\u00e8lement&#8230; tout est vu par le prisme de l&rsquo;esprit d\u00e9cal\u00e9 de la com\u00e9dienne et autrice Taly (Nathalie Lagunas) et de la metteuse en sc\u00e8ne Charl\u00e8ne Lauer.<\/p>\n\n\n\n<p>Accrochez vous, car vous serez projet\u00e9s dans un monde hors normes o\u00f9 tout devient possible pour M\u00e9m\u00e9 Geek&#8230; puisque \u00a0\u00bb The game is not over<\/p>\n\n\n\n<figure class=\"wp-block-gallery has-nested-images columns-2 is-cropped wp-block-gallery-1 is-layout-flex wp-block-gallery-is-layout-flex\">\n<figure class=\"wp-block-image size-full\"><img loading=\"lazy\" decoding=\"async\" width=\"400\" height=\"400\" data-id=\"8364\" src=\"https:\/\/lejonchet.fr\/wp-content\/uploads\/2025\/10\/Geek03.jpg\" alt=\"\" class=\"wp-image-8364\" srcset=\"https:\/\/lejonchet.fr\/wp-content\/uploads\/2025\/10\/Geek03.jpg 400w, https:\/\/lejonchet.fr\/wp-content\/uploads\/2025\/10\/Geek03-300x300.jpg 300w, https:\/\/lejonchet.fr\/wp-content\/uploads\/2025\/10\/Geek03-150x150.jpg 150w\" sizes=\"auto, (max-width: 400px) 100vw, 400px\" \/><\/figure>\n\n\n\n<figure class=\"wp-block-image size-full\"><img loading=\"lazy\" decoding=\"async\" width=\"400\" height=\"400\" data-id=\"8365\" src=\"https:\/\/lejonchet.fr\/wp-content\/uploads\/2025\/10\/Geek04.jpg\" alt=\"\" class=\"wp-image-8365\" srcset=\"https:\/\/lejonchet.fr\/wp-content\/uploads\/2025\/10\/Geek04.jpg 400w, https:\/\/lejonchet.fr\/wp-content\/uploads\/2025\/10\/Geek04-300x300.jpg 300w, https:\/\/lejonchet.fr\/wp-content\/uploads\/2025\/10\/Geek04-150x150.jpg 150w\" sizes=\"auto, (max-width: 400px) 100vw, 400px\" \/><\/figure>\n\n\n\n<figure class=\"wp-block-image size-full\"><img loading=\"lazy\" decoding=\"async\" width=\"400\" height=\"400\" data-id=\"8366\" src=\"https:\/\/lejonchet.fr\/wp-content\/uploads\/2025\/10\/Geek05.jpg\" alt=\"\" class=\"wp-image-8366\" srcset=\"https:\/\/lejonchet.fr\/wp-content\/uploads\/2025\/10\/Geek05.jpg 400w, https:\/\/lejonchet.fr\/wp-content\/uploads\/2025\/10\/Geek05-300x300.jpg 300w, https:\/\/lejonchet.fr\/wp-content\/uploads\/2025\/10\/Geek05-150x150.jpg 150w\" sizes=\"auto, (max-width: 400px) 100vw, 400px\" \/><\/figure>\n\n\n\n<figure class=\"wp-block-image size-full\"><img loading=\"lazy\" decoding=\"async\" width=\"400\" height=\"400\" data-id=\"8368\" src=\"https:\/\/lejonchet.fr\/wp-content\/uploads\/2025\/10\/Geek06.jpg\" alt=\"\" class=\"wp-image-8368\" srcset=\"https:\/\/lejonchet.fr\/wp-content\/uploads\/2025\/10\/Geek06.jpg 400w, https:\/\/lejonchet.fr\/wp-content\/uploads\/2025\/10\/Geek06-300x300.jpg 300w, https:\/\/lejonchet.fr\/wp-content\/uploads\/2025\/10\/Geek06-150x150.jpg 150w\" sizes=\"auto, (max-width: 400px) 100vw, 400px\" \/><\/figure>\n<\/figure>\n\n\n\n<div class=\"wp-block-buttons is-content-justification-right is-layout-flex wp-container-core-buttons-is-layout-765c4724 wp-block-buttons-is-layout-flex\">\n<div class=\"wp-block-button has-custom-width wp-block-button__width-25 is-style-outline is-style-outline--2\"><a class=\"wp-block-button__link has-white-color has-luminous-vivid-amber-background-color has-text-color has-background has-link-color has-small-font-size has-custom-font-size wp-element-button\" href=\"https:\/\/lejonchet.fr\/index.php\/events\/meme-geek\/\" style=\"border-radius:22px\"><strong>R\u00e9servation<\/strong>s<\/a><\/div>\n<\/div>\n\n\n\n<figure class=\"wp-block-embed is-type-video is-provider-youtube wp-block-embed-youtube wp-embed-aspect-16-9 wp-has-aspect-ratio\"><div class=\"wp-block-embed__wrapper\">\n<iframe loading=\"lazy\" title=\"Extrait spectacle M\u00e9m\u00e9 Geek &quot;Game not over&quot;\" width=\"980\" height=\"551\" src=\"https:\/\/www.youtube.com\/embed\/Su--cgo8k8I?feature=oembed\" frameborder=\"0\" allow=\"accelerometer; autoplay; clipboard-write; encrypted-media; gyroscope; picture-in-picture; web-share\" referrerpolicy=\"strict-origin-when-cross-origin\" allowfullscreen><\/iframe>\n<\/div><\/figure>\n","protected":false},"excerpt":{"rendered":"<p>M\u00e9m\u00e9 Geek RESERVATIONS :Samedi 20 d\u00e9cembre 2025 \u00e0 20H30 De et par Nathalie Lagunas Mise en sc\u00e8ne Charl\u00e8ne Lauer Pendant que certains tremblent devant les nouvelles technologies comme devant le diable, M\u00e9m\u00e9 Geek s&rsquo;\u00e9clate \u00e0 c\u0153ur joie avec elles. Jeux vid\u00e9os, casque de r\u00e9alit\u00e9 virtuelle, imprimante 3D, r\u00e9seaux sociaux : pour elle, tous les moyens [&hellip;]<\/p>\n","protected":false},"author":1,"featured_media":0,"parent":0,"menu_order":0,"comment_status":"closed","ping_status":"closed","template":"","meta":{"footnotes":""},"class_list":["post-8360","page","type-page","status-publish","hentry"],"_links":{"self":[{"href":"https:\/\/lejonchet.fr\/index.php\/wp-json\/wp\/v2\/pages\/8360","targetHints":{"allow":["GET"]}}],"collection":[{"href":"https:\/\/lejonchet.fr\/index.php\/wp-json\/wp\/v2\/pages"}],"about":[{"href":"https:\/\/lejonchet.fr\/index.php\/wp-json\/wp\/v2\/types\/page"}],"author":[{"embeddable":true,"href":"https:\/\/lejonchet.fr\/index.php\/wp-json\/wp\/v2\/users\/1"}],"replies":[{"embeddable":true,"href":"https:\/\/lejonchet.fr\/index.php\/wp-json\/wp\/v2\/comments?post=8360"}],"version-history":[{"count":3,"href":"https:\/\/lejonchet.fr\/index.php\/wp-json\/wp\/v2\/pages\/8360\/revisions"}],"predecessor-version":[{"id":8375,"href":"https:\/\/lejonchet.fr\/index.php\/wp-json\/wp\/v2\/pages\/8360\/revisions\/8375"}],"wp:attachment":[{"href":"https:\/\/lejonchet.fr\/index.php\/wp-json\/wp\/v2\/media?parent=8360"}],"curies":[{"name":"wp","href":"https:\/\/api.w.org\/{rel}","templated":true}]}}