{"id":8165,"date":"2025-06-18T14:04:24","date_gmt":"2025-06-18T12:04:24","guid":{"rendered":"https:\/\/lejonchet.fr\/?page_id=8165"},"modified":"2025-06-18T14:53:37","modified_gmt":"2025-06-18T12:53:37","slug":"poesie-et-musique-4","status":"publish","type":"page","link":"https:\/\/lejonchet.fr\/index.php\/poesie-et-musique-4\/","title":{"rendered":"Po\u00e9sie et Musique"},"content":{"rendered":"\n<figure class=\"wp-block-table alignright\" style=\"font-size:16px\"><table class=\"has-background\" style=\"background-color:#e7f5fe\"><tbody><tr><td class=\"has-text-align-right\" data-align=\"right\">RESERVATIONS :<strong><mark style=\"background-color:rgba(0, 0, 0, 0)\" class=\"has-inline-color has-vivid-cyan-blue-color\"><br><a href=\"https:\/\/lejonchet.fr\/index.php\/events\/les-mots-sur-larchet\/\">Dimanche 14 d\u00e9cembre 2025 \u00e0 15h30<\/a><\/mark><\/strong><\/td><\/tr><\/tbody><\/table><\/figure>\n\n\n\n<p class=\"has-vivid-red-color has-text-color\" style=\"font-size:40px\"><em><strong>Les Mots sur l\u2019archet<\/strong><\/em><\/p>\n\n\n\n<p class=\"has-small-font-size\"><em>Lecture par<strong> Philippe Texier<\/strong><br>accompagn\u00e9 par <strong>Herv\u00e9 Lafon<\/strong> \u00e0 la viole de gambe<\/em><\/p>\n\n\n\n<figure class=\"wp-block-image size-large\"><img loading=\"lazy\" decoding=\"async\" width=\"1024\" height=\"250\" src=\"https:\/\/lejonchet.fr\/wp-content\/uploads\/2025\/06\/Mots02-1024x250.jpg\" alt=\"\" class=\"wp-image-8166\" srcset=\"https:\/\/lejonchet.fr\/wp-content\/uploads\/2025\/06\/Mots02-1024x250.jpg 1024w, https:\/\/lejonchet.fr\/wp-content\/uploads\/2025\/06\/Mots02-300x73.jpg 300w, https:\/\/lejonchet.fr\/wp-content\/uploads\/2025\/06\/Mots02-768x187.jpg 768w, https:\/\/lejonchet.fr\/wp-content\/uploads\/2025\/06\/Mots02-1536x374.jpg 1536w, https:\/\/lejonchet.fr\/wp-content\/uploads\/2025\/06\/Mots02-690x168.jpg 690w, https:\/\/lejonchet.fr\/wp-content\/uploads\/2025\/06\/Mots02-980x239.jpg 980w, https:\/\/lejonchet.fr\/wp-content\/uploads\/2025\/06\/Mots02.jpg 1600w\" sizes=\"auto, (max-width: 1024px) 100vw, 1024px\" \/><\/figure>\n\n\n\n<p class=\"has-small-font-size\"><\/p>\n\n\n\n<p class=\"has-drop-cap\"><strong>\u00abLes Mots sur l\u2019archet\u00bb<\/strong>, ou la douce union de la viole de gambe et de la po\u00e9sie.<br>Ce r\u00e9cital est le r\u00e9sultat de la rencontre d&rsquo;un f\u00e9ru de la musique ancienne avec un amateur de po\u00e9sie classique et contemporaine. La viole de gambe accompagne cette promenade avec les pi\u00e8ces de Marin Marais, de Captain Tobias Hume, et autres musiciens, repr\u00e9sentants de la musique ancienne ; un univers o\u00f9 se laisse entendre une vari\u00e9t\u00e9 de textes po\u00e9tiques, versifi\u00e9s, en vers libres ou en prose, m\u00ealant le Jules Renard des Histoires naturelles, Apollinaire, Jules Supervielle ou encore Francis Ponge.<br>La rencontre de Philippe et Herv\u00e9 a permis de faire se c\u00f4toyer deux univers respectifs de la musique et de la litt\u00e9rature po\u00e9tique, dans une d\u00e9couverte privil\u00e9gi\u00e9e.<\/p>\n\n\n\n<p>Leur ambition est de vous faire partager le bonheur issu de cette d\u00e9couverte r\u00e9ciproque.<\/p>\n\n\n\n<figure class=\"wp-block-gallery aligncenter has-nested-images columns-3 is-cropped wp-block-gallery-1 is-layout-flex wp-block-gallery-is-layout-flex\">\n<figure class=\"wp-block-image size-full\"><img loading=\"lazy\" decoding=\"async\" width=\"600\" height=\"600\" data-id=\"8167\" src=\"https:\/\/lejonchet.fr\/wp-content\/uploads\/2025\/06\/Mots03.jpg\" alt=\"\" class=\"wp-image-8167\" srcset=\"https:\/\/lejonchet.fr\/wp-content\/uploads\/2025\/06\/Mots03.jpg 600w, https:\/\/lejonchet.fr\/wp-content\/uploads\/2025\/06\/Mots03-300x300.jpg 300w, https:\/\/lejonchet.fr\/wp-content\/uploads\/2025\/06\/Mots03-150x150.jpg 150w\" sizes=\"auto, (max-width: 600px) 100vw, 600px\" \/><figcaption class=\"wp-element-caption\">Philippe Texier et Herv\u00e9 Lafon<\/figcaption><\/figure>\n\n\n\n<figure class=\"wp-block-image size-full\"><img loading=\"lazy\" decoding=\"async\" width=\"600\" height=\"600\" data-id=\"8168\" src=\"https:\/\/lejonchet.fr\/wp-content\/uploads\/2025\/06\/Mots04.jpg\" alt=\"\" class=\"wp-image-8168\" srcset=\"https:\/\/lejonchet.fr\/wp-content\/uploads\/2025\/06\/Mots04.jpg 600w, https:\/\/lejonchet.fr\/wp-content\/uploads\/2025\/06\/Mots04-300x300.jpg 300w, https:\/\/lejonchet.fr\/wp-content\/uploads\/2025\/06\/Mots04-150x150.jpg 150w\" sizes=\"auto, (max-width: 600px) 100vw, 600px\" \/><\/figure>\n\n\n\n<figure class=\"wp-block-image size-large\"><img loading=\"lazy\" decoding=\"async\" width=\"600\" height=\"600\" data-id=\"8169\" src=\"https:\/\/lejonchet.fr\/wp-content\/uploads\/2025\/06\/Mots05.jpg\" alt=\"\" class=\"wp-image-8169\" srcset=\"https:\/\/lejonchet.fr\/wp-content\/uploads\/2025\/06\/Mots05.jpg 600w, https:\/\/lejonchet.fr\/wp-content\/uploads\/2025\/06\/Mots05-300x300.jpg 300w, https:\/\/lejonchet.fr\/wp-content\/uploads\/2025\/06\/Mots05-150x150.jpg 150w\" sizes=\"auto, (max-width: 600px) 100vw, 600px\" \/><\/figure>\n<\/figure>\n\n\n\n<div class=\"wp-block-buttons is-content-justification-right is-layout-flex wp-container-core-buttons-is-layout-765c4724 wp-block-buttons-is-layout-flex\">\n<div class=\"wp-block-button alignright\"><a class=\"wp-block-button__link has-luminous-vivid-amber-background-color has-background has-text-align-left wp-element-button\" href=\"https:\/\/lejonchet.fr\/index.php\/events\/les-mots-sur-larchet\/\" style=\"border-radius:39px\">R\u00e9servation&#8230;<\/a><\/div>\n<\/div>\n\n\n\n<p><\/p>\n","protected":false},"excerpt":{"rendered":"<p>RESERVATIONS :Dimanche 14 d\u00e9cembre 2025 \u00e0 15h30 Les Mots sur l\u2019archet Lecture par Philippe Texieraccompagn\u00e9 par Herv\u00e9 Lafon \u00e0 la viole de gambe \u00abLes Mots sur l\u2019archet\u00bb, ou la douce union de la viole de gambe et de la po\u00e9sie.Ce r\u00e9cital est le r\u00e9sultat de la rencontre d&rsquo;un f\u00e9ru de la musique ancienne avec un [&hellip;]<\/p>\n","protected":false},"author":1,"featured_media":0,"parent":0,"menu_order":0,"comment_status":"closed","ping_status":"closed","template":"","meta":{"footnotes":""},"class_list":["post-8165","page","type-page","status-publish","hentry"],"_links":{"self":[{"href":"https:\/\/lejonchet.fr\/index.php\/wp-json\/wp\/v2\/pages\/8165","targetHints":{"allow":["GET"]}}],"collection":[{"href":"https:\/\/lejonchet.fr\/index.php\/wp-json\/wp\/v2\/pages"}],"about":[{"href":"https:\/\/lejonchet.fr\/index.php\/wp-json\/wp\/v2\/types\/page"}],"author":[{"embeddable":true,"href":"https:\/\/lejonchet.fr\/index.php\/wp-json\/wp\/v2\/users\/1"}],"replies":[{"embeddable":true,"href":"https:\/\/lejonchet.fr\/index.php\/wp-json\/wp\/v2\/comments?post=8165"}],"version-history":[{"count":6,"href":"https:\/\/lejonchet.fr\/index.php\/wp-json\/wp\/v2\/pages\/8165\/revisions"}],"predecessor-version":[{"id":8185,"href":"https:\/\/lejonchet.fr\/index.php\/wp-json\/wp\/v2\/pages\/8165\/revisions\/8185"}],"wp:attachment":[{"href":"https:\/\/lejonchet.fr\/index.php\/wp-json\/wp\/v2\/media?parent=8165"}],"curies":[{"name":"wp","href":"https:\/\/api.w.org\/{rel}","templated":true}]}}