{"id":8102,"date":"2025-05-31T11:21:07","date_gmt":"2025-05-31T09:21:07","guid":{"rendered":"https:\/\/lejonchet.fr\/?page_id=8102"},"modified":"2025-07-17T15:14:28","modified_gmt":"2025-07-17T13:14:28","slug":"spectacle-musical","status":"publish","type":"page","link":"https:\/\/lejonchet.fr\/index.php\/spectacle-musical\/","title":{"rendered":"Spectacle musical"},"content":{"rendered":"\n<p class=\"has-vivid-red-color has-text-color\" style=\"font-size:40px\"><strong><em>Juste une femme<\/em><\/strong><\/p>\n\n\n\n<figure class=\"wp-block-table alignright\"><table class=\"has-background\" style=\"background-color:#e7f5fe\"><tbody><tr><td class=\"has-text-align-right\" data-align=\"right\">RESERVATIONS :<br><a href=\"https:\/\/lejonchet.fr\/index.php\/events\/juste-une-femme\/\"><strong>Samedi 22 novembre 2025 \u00e0 20H30<\/strong><\/a><\/td><\/tr><\/tbody><\/table><\/figure>\n\n\n\n<p><em>par <strong>Rachel De Bortoli  <\/strong>(chant et narration) <strong>et Guillaume Vallot<\/strong> (contre basse)<\/em><\/p>\n\n\n\n<figure class=\"wp-block-image size-large\"><img loading=\"lazy\" decoding=\"async\" width=\"1024\" height=\"223\" src=\"https:\/\/lejonchet.fr\/wp-content\/uploads\/2025\/05\/Femme02-1024x223.jpg\" alt=\"\" class=\"wp-image-8103\" srcset=\"https:\/\/lejonchet.fr\/wp-content\/uploads\/2025\/05\/Femme02-1024x223.jpg 1024w, https:\/\/lejonchet.fr\/wp-content\/uploads\/2025\/05\/Femme02-300x65.jpg 300w, https:\/\/lejonchet.fr\/wp-content\/uploads\/2025\/05\/Femme02-768x167.jpg 768w, https:\/\/lejonchet.fr\/wp-content\/uploads\/2025\/05\/Femme02-690x150.jpg 690w, https:\/\/lejonchet.fr\/wp-content\/uploads\/2025\/05\/Femme02-980x214.jpg 980w, https:\/\/lejonchet.fr\/wp-content\/uploads\/2025\/05\/Femme02.jpg 1400w\" sizes=\"auto, (max-width: 1024px) 100vw, 1024px\" \/><\/figure>\n\n\n\n<p class=\"has-small-font-size\"><\/p>\n\n\n\n<p class=\"has-drop-cap\">Rachel est fin pr\u00eate et tr\u00e8s excit\u00e9e pour son grand show f\u00e9ministe avec sa&nbsp;complice et musicienne de toujours : Julie !&nbsp;Mais la fr\u00e9n\u00e9sie de cet instant va \u00eatre de courte dur\u00e9e :&nbsp;Rachel d\u00e9couvre, \u00e0 sa grande surprise, que&nbsp;sa partenaire habituelle n&rsquo;est pas l\u00e0 ! C&rsquo;est&nbsp;Guillaume qui est sur sc\u00e8ne !&nbsp;Un bon gars qui dit m\u00eame \u00eatre d&rsquo;accord avec le f\u00e9minisme ! Ces deux-l\u00e0 vont bien \u00eatre oblig\u00e9.e.s de composer ensemble et de s&rsquo;accorder&nbsp;pour donner \u00e0 entendre la parole des femmes ! <\/p>\n\n\n\n<p>Un&nbsp;spectacle engag\u00e9 et dr\u00f4le qui d\u00e9borde d&rsquo;\u00e9motions et de d\u00e9rision&nbsp;pour nous rappeler ce que nous devons aux femmes, \u00e0 leurs combats pass\u00e9s, actuels et \u00e0 venir&nbsp;pour l&rsquo;\u00e9galit\u00e9 des droits !<\/p>\n\n\n\n<figure class=\"wp-block-gallery aligncenter has-nested-images columns-4 is-cropped wp-block-gallery-1 is-layout-flex wp-block-gallery-is-layout-flex\">\n<figure class=\"wp-block-image size-full\"><img loading=\"lazy\" decoding=\"async\" width=\"400\" height=\"600\" data-id=\"8104\" src=\"https:\/\/lejonchet.fr\/wp-content\/uploads\/2025\/05\/Femme03.jpg\" alt=\"\" class=\"wp-image-8104\" srcset=\"https:\/\/lejonchet.fr\/wp-content\/uploads\/2025\/05\/Femme03.jpg 400w, https:\/\/lejonchet.fr\/wp-content\/uploads\/2025\/05\/Femme03-200x300.jpg 200w\" sizes=\"auto, (max-width: 400px) 100vw, 400px\" \/><\/figure>\n\n\n\n<figure class=\"wp-block-image size-full\"><img loading=\"lazy\" decoding=\"async\" width=\"400\" height=\"600\" data-id=\"8105\" src=\"https:\/\/lejonchet.fr\/wp-content\/uploads\/2025\/05\/Femme04.jpg\" alt=\"\" class=\"wp-image-8105\" srcset=\"https:\/\/lejonchet.fr\/wp-content\/uploads\/2025\/05\/Femme04.jpg 400w, https:\/\/lejonchet.fr\/wp-content\/uploads\/2025\/05\/Femme04-200x300.jpg 200w\" sizes=\"auto, (max-width: 400px) 100vw, 400px\" \/><\/figure>\n\n\n\n<figure class=\"wp-block-image size-full\"><img loading=\"lazy\" decoding=\"async\" width=\"400\" height=\"600\" data-id=\"8106\" src=\"https:\/\/lejonchet.fr\/wp-content\/uploads\/2025\/05\/Femme05.jpg\" alt=\"\" class=\"wp-image-8106\" srcset=\"https:\/\/lejonchet.fr\/wp-content\/uploads\/2025\/05\/Femme05.jpg 400w, https:\/\/lejonchet.fr\/wp-content\/uploads\/2025\/05\/Femme05-200x300.jpg 200w\" sizes=\"auto, (max-width: 400px) 100vw, 400px\" \/><\/figure>\n\n\n\n<figure class=\"wp-block-image size-full\"><img loading=\"lazy\" decoding=\"async\" width=\"400\" height=\"600\" data-id=\"8107\" src=\"https:\/\/lejonchet.fr\/wp-content\/uploads\/2025\/05\/Femme06.jpg\" alt=\"\" class=\"wp-image-8107\" srcset=\"https:\/\/lejonchet.fr\/wp-content\/uploads\/2025\/05\/Femme06.jpg 400w, https:\/\/lejonchet.fr\/wp-content\/uploads\/2025\/05\/Femme06-200x300.jpg 200w\" sizes=\"auto, (max-width: 400px) 100vw, 400px\" \/><\/figure>\n<\/figure>\n\n\n\n<p class=\"has-small-font-size\"><\/p>\n\n\n\n<div class=\"wp-block-buttons is-content-justification-right is-layout-flex wp-container-core-buttons-is-layout-765c4724 wp-block-buttons-is-layout-flex\">\n<div class=\"wp-block-button alignright\"><a class=\"wp-block-button__link has-luminous-vivid-amber-background-color has-background has-text-align-left wp-element-button\" href=\"https:\/\/lejonchet.fr\/index.php\/events\/juste-une-femme\/\" style=\"border-radius:39px\">R\u00e9servation&#8230;<\/a><\/div>\n<\/div>\n\n\n\n<figure class=\"wp-block-video\"><video height=\"720\" style=\"aspect-ratio: 1280 \/ 720;\" width=\"1280\" controls src=\"https:\/\/lejonchet.fr\/wp-content\/uploads\/2025\/07\/2025-07-17-14-59-38.mp4\"><\/video><\/figure>\n\n\n\n<p><\/p>\n\n\n\n<p><\/p>\n","protected":false},"excerpt":{"rendered":"<p>Juste une femme RESERVATIONS :Samedi 22 novembre 2025 \u00e0 20H30 par Rachel De Bortoli (chant et narration) et Guillaume Vallot (contre basse) Rachel est fin pr\u00eate et tr\u00e8s excit\u00e9e pour son grand show f\u00e9ministe avec sa&nbsp;complice et musicienne de toujours : Julie !&nbsp;Mais la fr\u00e9n\u00e9sie de cet instant va \u00eatre de courte dur\u00e9e :&nbsp;Rachel d\u00e9couvre, [&hellip;]<\/p>\n","protected":false},"author":1,"featured_media":0,"parent":0,"menu_order":0,"comment_status":"closed","ping_status":"closed","template":"","meta":{"footnotes":""},"class_list":["post-8102","page","type-page","status-publish","hentry"],"_links":{"self":[{"href":"https:\/\/lejonchet.fr\/index.php\/wp-json\/wp\/v2\/pages\/8102","targetHints":{"allow":["GET"]}}],"collection":[{"href":"https:\/\/lejonchet.fr\/index.php\/wp-json\/wp\/v2\/pages"}],"about":[{"href":"https:\/\/lejonchet.fr\/index.php\/wp-json\/wp\/v2\/types\/page"}],"author":[{"embeddable":true,"href":"https:\/\/lejonchet.fr\/index.php\/wp-json\/wp\/v2\/users\/1"}],"replies":[{"embeddable":true,"href":"https:\/\/lejonchet.fr\/index.php\/wp-json\/wp\/v2\/comments?post=8102"}],"version-history":[{"count":10,"href":"https:\/\/lejonchet.fr\/index.php\/wp-json\/wp\/v2\/pages\/8102\/revisions"}],"predecessor-version":[{"id":8256,"href":"https:\/\/lejonchet.fr\/index.php\/wp-json\/wp\/v2\/pages\/8102\/revisions\/8256"}],"wp:attachment":[{"href":"https:\/\/lejonchet.fr\/index.php\/wp-json\/wp\/v2\/media?parent=8102"}],"curies":[{"name":"wp","href":"https:\/\/api.w.org\/{rel}","templated":true}]}}