{"id":8012,"date":"2025-05-21T17:53:06","date_gmt":"2025-05-21T15:53:06","guid":{"rendered":"https:\/\/lejonchet.fr\/?page_id=8012"},"modified":"2025-05-21T18:08:14","modified_gmt":"2025-05-21T16:08:14","slug":"theatre-51","status":"publish","type":"page","link":"https:\/\/lejonchet.fr\/index.php\/theatre-51\/","title":{"rendered":"Th\u00e9\u00e2tre"},"content":{"rendered":"\n<p class=\"has-vivid-red-color has-text-color has-large-font-size\"><strong>La nuit juste avant les for\u00eats<\/strong><\/p>\n\n\n\n<figure class=\"wp-block-table alignright\" style=\"font-size:16px\"><table class=\"has-black-color has-text-color has-background has-link-color\" style=\"background-color:#e7f5fe\"><tbody><tr><td class=\"has-text-align-right\" data-align=\"right\">RESERVATIONS :<br><strong><a href=\"https:\/\/lejonchet.fr\/index.php\/events\/koltes\/\">Vendredi 21 novembre 2025 \u00e0 20H30<\/a><\/strong><\/td><\/tr><\/tbody><\/table><\/figure>\n\n\n\n<p class=\"has-small-font-size\"><em><em><em><em>D<\/em>e<em> <\/em><strong><em>Bernard-Marie Kolt\u00e8s<br><\/em><\/strong><em>Par <strong>La <\/strong><\/em><strong><em>Cie du S\u00fbr Saut<\/em><\/strong><br><em>Avec <strong>Anthony Tricard<\/strong><\/em>.<\/em><br>Sons et lumi\u00e8res&nbsp;<strong>Ludovic Moulinard<\/strong><\/em><\/em><\/p>\n\n\n\n<figure class=\"wp-block-image size-full\"><img loading=\"lazy\" decoding=\"async\" width=\"1164\" height=\"260\" src=\"https:\/\/lejonchet.fr\/wp-content\/uploads\/2025\/05\/Koltes02.jpg\" alt=\"\" class=\"wp-image-8013\" srcset=\"https:\/\/lejonchet.fr\/wp-content\/uploads\/2025\/05\/Koltes02.jpg 1164w, https:\/\/lejonchet.fr\/wp-content\/uploads\/2025\/05\/Koltes02-300x67.jpg 300w, https:\/\/lejonchet.fr\/wp-content\/uploads\/2025\/05\/Koltes02-1024x229.jpg 1024w, https:\/\/lejonchet.fr\/wp-content\/uploads\/2025\/05\/Koltes02-768x172.jpg 768w, https:\/\/lejonchet.fr\/wp-content\/uploads\/2025\/05\/Koltes02-690x154.jpg 690w, https:\/\/lejonchet.fr\/wp-content\/uploads\/2025\/05\/Koltes02-980x219.jpg 980w\" sizes=\"auto, (max-width: 1164px) 100vw, 1164px\" \/><\/figure>\n\n\n\n<p><\/p>\n\n\n\n<p class=\"has-drop-cap\">Cette mise en sc\u00e8ne est une premi\u00e8re pour la compagnie, habitu\u00e9e \u00e0 la troupe sur sc\u00e8ne. Volontairement minimaliste, elle n&rsquo;est qu&rsquo;un pr\u00e9texte \u00e0 soutenir le jeu, port\u00e9 par un texte \u00e9crit sans ponctuation, et sans indications concernant les protagonistes.<\/p>\n\n\n\n<p>A travers une histoire prenant place un soir de mauvaise pluie, il est question ici de la d\u00e9clamation d&rsquo;une personne qui en apostrophe une autre, \u00e0 la crois\u00e9e des chemins, au hasard, dans la rue. Son discours, appuy\u00e9 par un environnement urbain dens\u00e9ment poisseux et moite, fait ressortir une imp\u00e9tueuse n\u00e9cessit\u00e9 de parler, voire de cracher cette int\u00e9riorit\u00e9 r\u00e9prim\u00e9e, dans une urgence \u00e0 dire et \u00e0 faire entendre tout et rien.<\/p>\n\n\n\n<figure class=\"wp-block-gallery has-nested-images columns-3 wp-block-gallery-1 is-layout-flex wp-block-gallery-is-layout-flex\">\n<figure class=\"wp-block-image size-full\"><img loading=\"lazy\" decoding=\"async\" width=\"600\" height=\"600\" data-id=\"8018\" src=\"https:\/\/lejonchet.fr\/wp-content\/uploads\/2025\/05\/Koltes04.jpg\" alt=\"\" class=\"wp-image-8018\" srcset=\"https:\/\/lejonchet.fr\/wp-content\/uploads\/2025\/05\/Koltes04.jpg 600w, https:\/\/lejonchet.fr\/wp-content\/uploads\/2025\/05\/Koltes04-300x300.jpg 300w, https:\/\/lejonchet.fr\/wp-content\/uploads\/2025\/05\/Koltes04-150x150.jpg 150w\" sizes=\"auto, (max-width: 600px) 100vw, 600px\" \/><\/figure>\n\n\n\n<figure class=\"wp-block-image size-medium\"><img loading=\"lazy\" decoding=\"async\" width=\"300\" height=\"300\" data-id=\"8019\" src=\"https:\/\/lejonchet.fr\/wp-content\/uploads\/2025\/05\/Koltes05-300x300.jpg\" alt=\"\" class=\"wp-image-8019\" srcset=\"https:\/\/lejonchet.fr\/wp-content\/uploads\/2025\/05\/Koltes05-300x300.jpg 300w, https:\/\/lejonchet.fr\/wp-content\/uploads\/2025\/05\/Koltes05-150x150.jpg 150w, https:\/\/lejonchet.fr\/wp-content\/uploads\/2025\/05\/Koltes05.jpg 600w\" sizes=\"auto, (max-width: 300px) 100vw, 300px\" \/><\/figure>\n\n\n\n<figure class=\"wp-block-image size-full\"><img loading=\"lazy\" decoding=\"async\" width=\"600\" height=\"600\" data-id=\"8020\" src=\"https:\/\/lejonchet.fr\/wp-content\/uploads\/2025\/05\/Koltes06.jpg\" alt=\"\" class=\"wp-image-8020\" srcset=\"https:\/\/lejonchet.fr\/wp-content\/uploads\/2025\/05\/Koltes06.jpg 600w, https:\/\/lejonchet.fr\/wp-content\/uploads\/2025\/05\/Koltes06-300x300.jpg 300w, https:\/\/lejonchet.fr\/wp-content\/uploads\/2025\/05\/Koltes06-150x150.jpg 150w\" sizes=\"auto, (max-width: 600px) 100vw, 600px\" \/><\/figure>\n<\/figure>\n\n\n\n<div class=\"wp-block-buttons is-content-justification-right is-layout-flex wp-container-core-buttons-is-layout-765c4724 wp-block-buttons-is-layout-flex\">\n<div class=\"wp-block-button has-custom-width wp-block-button__width-25 is-style-outline is-style-outline--2\"><a class=\"wp-block-button__link has-white-color has-luminous-vivid-amber-background-color has-text-color has-background has-link-color has-small-font-size has-custom-font-size wp-element-button\" href=\"https:\/\/lejonchet.fr\/index.php\/events\/koltes\/\" style=\"border-radius:22px\"><strong>R\u00e9servation<\/strong>s<\/a><\/div>\n<\/div>\n\n\n\n<p><\/p>\n","protected":false},"excerpt":{"rendered":"<p>La nuit juste avant les for\u00eats RESERVATIONS :Vendredi 21 novembre 2025 \u00e0 20H30 De Bernard-Marie Kolt\u00e8sPar La Cie du S\u00fbr SautAvec Anthony Tricard.Sons et lumi\u00e8res&nbsp;Ludovic Moulinard Cette mise en sc\u00e8ne est une premi\u00e8re pour la compagnie, habitu\u00e9e \u00e0 la troupe sur sc\u00e8ne. Volontairement minimaliste, elle n&rsquo;est qu&rsquo;un pr\u00e9texte \u00e0 soutenir le jeu, port\u00e9 par un [&hellip;]<\/p>\n","protected":false},"author":1,"featured_media":0,"parent":0,"menu_order":0,"comment_status":"closed","ping_status":"closed","template":"","meta":{"footnotes":""},"class_list":["post-8012","page","type-page","status-publish","hentry"],"_links":{"self":[{"href":"https:\/\/lejonchet.fr\/index.php\/wp-json\/wp\/v2\/pages\/8012","targetHints":{"allow":["GET"]}}],"collection":[{"href":"https:\/\/lejonchet.fr\/index.php\/wp-json\/wp\/v2\/pages"}],"about":[{"href":"https:\/\/lejonchet.fr\/index.php\/wp-json\/wp\/v2\/types\/page"}],"author":[{"embeddable":true,"href":"https:\/\/lejonchet.fr\/index.php\/wp-json\/wp\/v2\/users\/1"}],"replies":[{"embeddable":true,"href":"https:\/\/lejonchet.fr\/index.php\/wp-json\/wp\/v2\/comments?post=8012"}],"version-history":[{"count":5,"href":"https:\/\/lejonchet.fr\/index.php\/wp-json\/wp\/v2\/pages\/8012\/revisions"}],"predecessor-version":[{"id":8028,"href":"https:\/\/lejonchet.fr\/index.php\/wp-json\/wp\/v2\/pages\/8012\/revisions\/8028"}],"wp:attachment":[{"href":"https:\/\/lejonchet.fr\/index.php\/wp-json\/wp\/v2\/media?parent=8012"}],"curies":[{"name":"wp","href":"https:\/\/api.w.org\/{rel}","templated":true}]}}