{"id":7798,"date":"2025-05-10T16:08:52","date_gmt":"2025-05-10T14:08:52","guid":{"rendered":"https:\/\/lejonchet.fr\/?page_id=7798"},"modified":"2025-05-10T16:23:19","modified_gmt":"2025-05-10T14:23:19","slug":"poesie-scenique","status":"publish","type":"page","link":"https:\/\/lejonchet.fr\/index.php\/poesie-scenique\/","title":{"rendered":"Po\u00e9sie sc\u00e9nique"},"content":{"rendered":"\n<p class=\"has-vivid-red-color has-text-color\" style=\"font-size:40px\"><strong><em>Mes pas captent le vent<\/em><\/strong><\/p>\n\n\n\n<figure class=\"wp-block-table alignright\"><table class=\"has-background\" style=\"background-color:#e7f5fe\"><tbody><tr><td class=\"has-text-align-right\" data-align=\"right\">RESERVATIONS :<br> <a href=\"https:\/\/lejonchet.fr\/index.php\/events\/mespas\/\"><strong>Vendredi 10 octobre 2025 \u00e0 20H30<\/strong><\/a><\/td><\/tr><\/tbody><\/table><\/figure>\n\n\n\n<p>de et par <strong>Philippe Rousseau<\/strong> <br>par <strong>La Compagnie Les Taupes Secr\u00e8tes, <\/strong><\/p>\n\n\n\n<figure class=\"wp-block-image size-full\"><img loading=\"lazy\" decoding=\"async\" width=\"1400\" height=\"417\" src=\"https:\/\/lejonchet.fr\/wp-content\/uploads\/2025\/05\/MesPas02-1.jpg\" alt=\"\" class=\"wp-image-7800\" srcset=\"https:\/\/lejonchet.fr\/wp-content\/uploads\/2025\/05\/MesPas02-1.jpg 1400w, https:\/\/lejonchet.fr\/wp-content\/uploads\/2025\/05\/MesPas02-1-300x89.jpg 300w, https:\/\/lejonchet.fr\/wp-content\/uploads\/2025\/05\/MesPas02-1-1024x305.jpg 1024w, https:\/\/lejonchet.fr\/wp-content\/uploads\/2025\/05\/MesPas02-1-768x229.jpg 768w, https:\/\/lejonchet.fr\/wp-content\/uploads\/2025\/05\/MesPas02-1-690x206.jpg 690w, https:\/\/lejonchet.fr\/wp-content\/uploads\/2025\/05\/MesPas02-1-980x292.jpg 980w\" sizes=\"auto, (max-width: 1400px) 100vw, 1400px\" \/><\/figure>\n\n\n\n<p class=\"has-small-font-size\"><\/p>\n\n\n\n<p class=\"has-drop-cap\">A l\u2019origine, \u00ab\u00a0Mes pas captent le vent\u00a0\u00bb \u00e9tait dispers\u00e9, en germe dans plusieurs cahiers de brouillon r\u00e9dig\u00e9s lors de voyages en Russie. En les noircissant, Philippe Rousseau savait d\u00e9j\u00e0 qu\u2019ils serviraient de base \u00e0 l\u2019\u00e9criture d\u2019un \u00abpo\u00e8me sc\u00e9nique\u00bb.<br>De Rimbaud \u00e0 Bashung, l\u2019auteur se place dans une filiation \u00e0 de nombreux po\u00e8tes. Le principal, Blaise Cendrars est cit\u00e9 \u00e0 plusieurs reprises. Philippe Rousseau lui emprunte le pr\u00e9nom de son h\u00e9ro\u00efne, Jeanne\/Jehanne. Les occurrences conf\u00e8rent \u00e0 Blaise le statut d\u2019un personnage. Par les interpellations directes du h\u00e9ros, il devient l\u2019ami, le confident, le fr\u00e8re, le double r\u00eav\u00e9 du personnage.<\/p>\n\n\n\n<div class=\"wp-block-button alignright\"><a class=\"wp-block-button__link has-luminous-vivid-amber-background-color has-background wp-element-button\" href=\"https:\/\/lejonchet.fr\/index.php\/events\/mespas\/\" style=\"border-radius:39px\">R\u00e9servation&#8230;<\/a><\/div>\n\n\n\n<p class=\"has-small-font-size\"><\/p>\n\n\n\n<figure class=\"wp-block-gallery aligncenter has-nested-images columns-3 is-cropped wp-block-gallery-1 is-layout-flex wp-block-gallery-is-layout-flex\">\n<figure class=\"wp-block-image size-full\"><img loading=\"lazy\" decoding=\"async\" width=\"600\" height=\"600\" data-id=\"7802\" src=\"https:\/\/lejonchet.fr\/wp-content\/uploads\/2025\/05\/MesPas04.jpg\" alt=\"\" class=\"wp-image-7802\" srcset=\"https:\/\/lejonchet.fr\/wp-content\/uploads\/2025\/05\/MesPas04.jpg 600w, https:\/\/lejonchet.fr\/wp-content\/uploads\/2025\/05\/MesPas04-300x300.jpg 300w, https:\/\/lejonchet.fr\/wp-content\/uploads\/2025\/05\/MesPas04-150x150.jpg 150w\" sizes=\"auto, (max-width: 600px) 100vw, 600px\" \/><\/figure>\n\n\n\n<figure class=\"wp-block-image size-full\"><img loading=\"lazy\" decoding=\"async\" width=\"600\" height=\"600\" data-id=\"7801\" src=\"https:\/\/lejonchet.fr\/wp-content\/uploads\/2025\/05\/MesPas03.jpg\" alt=\"\" class=\"wp-image-7801\" srcset=\"https:\/\/lejonchet.fr\/wp-content\/uploads\/2025\/05\/MesPas03.jpg 600w, https:\/\/lejonchet.fr\/wp-content\/uploads\/2025\/05\/MesPas03-300x300.jpg 300w, https:\/\/lejonchet.fr\/wp-content\/uploads\/2025\/05\/MesPas03-150x150.jpg 150w\" sizes=\"auto, (max-width: 600px) 100vw, 600px\" \/><\/figure>\n\n\n\n<figure class=\"wp-block-image size-full\"><img loading=\"lazy\" decoding=\"async\" width=\"600\" height=\"600\" data-id=\"7803\" src=\"https:\/\/lejonchet.fr\/wp-content\/uploads\/2025\/05\/MesPas05.jpg\" alt=\"\" class=\"wp-image-7803\" srcset=\"https:\/\/lejonchet.fr\/wp-content\/uploads\/2025\/05\/MesPas05.jpg 600w, https:\/\/lejonchet.fr\/wp-content\/uploads\/2025\/05\/MesPas05-300x300.jpg 300w, https:\/\/lejonchet.fr\/wp-content\/uploads\/2025\/05\/MesPas05-150x150.jpg 150w\" sizes=\"auto, (max-width: 600px) 100vw, 600px\" \/><\/figure>\n<\/figure>\n","protected":false},"excerpt":{"rendered":"<p>Mes pas captent le vent RESERVATIONS : Vendredi 10 octobre 2025 \u00e0 20H30 de et par Philippe Rousseau par La Compagnie Les Taupes Secr\u00e8tes, A l\u2019origine, \u00ab\u00a0Mes pas captent le vent\u00a0\u00bb \u00e9tait dispers\u00e9, en germe dans plusieurs cahiers de brouillon r\u00e9dig\u00e9s lors de voyages en Russie. En les noircissant, Philippe Rousseau savait d\u00e9j\u00e0 qu\u2019ils serviraient [&hellip;]<\/p>\n","protected":false},"author":1,"featured_media":0,"parent":0,"menu_order":0,"comment_status":"closed","ping_status":"closed","template":"","meta":{"footnotes":""},"class_list":["post-7798","page","type-page","status-publish","hentry"],"_links":{"self":[{"href":"https:\/\/lejonchet.fr\/index.php\/wp-json\/wp\/v2\/pages\/7798","targetHints":{"allow":["GET"]}}],"collection":[{"href":"https:\/\/lejonchet.fr\/index.php\/wp-json\/wp\/v2\/pages"}],"about":[{"href":"https:\/\/lejonchet.fr\/index.php\/wp-json\/wp\/v2\/types\/page"}],"author":[{"embeddable":true,"href":"https:\/\/lejonchet.fr\/index.php\/wp-json\/wp\/v2\/users\/1"}],"replies":[{"embeddable":true,"href":"https:\/\/lejonchet.fr\/index.php\/wp-json\/wp\/v2\/comments?post=7798"}],"version-history":[{"count":3,"href":"https:\/\/lejonchet.fr\/index.php\/wp-json\/wp\/v2\/pages\/7798\/revisions"}],"predecessor-version":[{"id":7810,"href":"https:\/\/lejonchet.fr\/index.php\/wp-json\/wp\/v2\/pages\/7798\/revisions\/7810"}],"wp:attachment":[{"href":"https:\/\/lejonchet.fr\/index.php\/wp-json\/wp\/v2\/media?parent=7798"}],"curies":[{"name":"wp","href":"https:\/\/api.w.org\/{rel}","templated":true}]}}