{"id":7483,"date":"2025-03-02T17:53:49","date_gmt":"2025-03-02T16:53:49","guid":{"rendered":"https:\/\/lejonchet.fr\/?page_id=7483"},"modified":"2025-03-02T18:24:37","modified_gmt":"2025-03-02T17:24:37","slug":"groupe-vocal-2","status":"publish","type":"page","link":"https:\/\/lejonchet.fr\/index.php\/groupe-vocal-2\/","title":{"rendered":"Groupe vocal"},"content":{"rendered":"\n<p class=\"has-vivid-red-color has-text-color has-large-font-size\"><strong>Les Goualeurs de Paludate <\/strong>en concert<\/p>\n\n\n\n<figure class=\"wp-block-table alignright\" style=\"font-size:16px\"><table class=\"has-black-color has-text-color has-background has-link-color\" style=\"background-color:#e7f5fe\"><tbody><tr><td class=\"has-text-align-right\" data-align=\"right\">RESERVATIONS :<br><strong><a href=\"https:\/\/lejonchet.fr\/index.php\/events\/goualeurs\/\">Dimanche 18 mai 2025 \u00e0 15H30<\/a><\/strong><\/td><\/tr><\/tbody><\/table><\/figure>\n\n\n\n<p class=\"has-small-font-size\"><em>Direction musicale : <strong>Daniel Fontich,<\/strong> multi instrumentiste<br>T\u00e9nors : <strong>Max Villaroel, Jean-Claude Imbert, Jack Moulinier<\/strong> (sax), <strong>Patrick Labie, Jean-Fran\u00e7ois Berges<\/strong> (guitare), <strong>Bernard Dubois.<\/strong><br>Baryton : <strong>Patrick Dutard<\/strong> (percussions), <strong>Patrick Leformal.<\/strong><br>Basses : <strong>Fred Delhoume,<\/strong> (sax, accord\u00e9on, percussions), <strong>Jean-Paul Duvauchelle, Jean-Fran\u00e7ois Meekel.<\/strong><\/em><\/p>\n\n\n\n<figure class=\"wp-block-image size-full\"><img loading=\"lazy\" decoding=\"async\" width=\"1561\" height=\"385\" src=\"https:\/\/lejonchet.fr\/wp-content\/uploads\/2025\/03\/Goualeurs05.jpg\" alt=\"\" class=\"wp-image-7488\" srcset=\"https:\/\/lejonchet.fr\/wp-content\/uploads\/2025\/03\/Goualeurs05.jpg 1561w, https:\/\/lejonchet.fr\/wp-content\/uploads\/2025\/03\/Goualeurs05-300x74.jpg 300w, https:\/\/lejonchet.fr\/wp-content\/uploads\/2025\/03\/Goualeurs05-1024x253.jpg 1024w, https:\/\/lejonchet.fr\/wp-content\/uploads\/2025\/03\/Goualeurs05-768x189.jpg 768w, https:\/\/lejonchet.fr\/wp-content\/uploads\/2025\/03\/Goualeurs05-1536x379.jpg 1536w, https:\/\/lejonchet.fr\/wp-content\/uploads\/2025\/03\/Goualeurs05-690x170.jpg 690w, https:\/\/lejonchet.fr\/wp-content\/uploads\/2025\/03\/Goualeurs05-980x242.jpg 980w\" sizes=\"auto, (max-width: 1561px) 100vw, 1561px\" \/><\/figure>\n\n\n\n<p><\/p>\n\n\n\n<p class=\"has-drop-cap\">Un groupe vocal et instrumental, treize chanteurs et musiciens dirig\u00e9s par <strong>Daniel Fontich<\/strong>.<br>Un r\u00e9pertoire \u00e9clectique, avec des chants d\u2019ici et d\u2019ailleurs, tr\u00e8s souvent mis en sc\u00e8ne, beaucoup de compositions originales cr\u00e9es par Dany Fontich. Une quarantaine de th\u00e8mes sur des accompagnements instrumentaux&nbsp;: guitares, saxos, charango, accord\u00e9on, piano, balafon, percussions diverses.<\/p>\n\n\n\n<figure class=\"wp-block-embed is-type-video is-provider-youtube wp-block-embed-youtube wp-embed-aspect-16-9 wp-has-aspect-ratio\"><div class=\"wp-block-embed__wrapper\">\n<iframe loading=\"lazy\" title=\"Les Goualeurs de Paludate, groupe vocal d&#039;hommes, chants populaires, musiques du monde\" width=\"980\" height=\"551\" src=\"https:\/\/www.youtube.com\/embed\/5fq58_mQQn8?feature=oembed\" frameborder=\"0\" allow=\"accelerometer; autoplay; clipboard-write; encrypted-media; gyroscope; picture-in-picture; web-share\" referrerpolicy=\"strict-origin-when-cross-origin\" allowfullscreen><\/iframe>\n<\/div><\/figure>\n\n\n\n<p><\/p>\n\n\n\n<div class=\"wp-block-buttons is-content-justification-right is-layout-flex wp-container-core-buttons-is-layout-765c4724 wp-block-buttons-is-layout-flex\">\n<div class=\"wp-block-button has-custom-width wp-block-button__width-25 has-custom-font-size is-style-outline has-small-font-size is-style-outline--1\"><a class=\"wp-block-button__link has-white-color has-luminous-vivid-amber-background-color has-text-color has-background has-link-color wp-element-button\" href=\"https:\/\/lejonchet.fr\/index.php\/events\/goualeurs\/\" style=\"border-radius:22px\"><strong>R\u00e9servation<\/strong>s<\/a><\/div>\n<\/div>\n\n\n\n<blockquote class=\"wp-block-quote is-layout-flow wp-block-quote-is-layout-flow\">\n<p><\/p>\n<\/blockquote>\n\n\n\n<p><\/p>\n","protected":false},"excerpt":{"rendered":"<p>Les Goualeurs de Paludate en concert RESERVATIONS :Dimanche 18 mai 2025 \u00e0 15H30 Direction musicale : Daniel Fontich, multi instrumentisteT\u00e9nors : Max Villaroel, Jean-Claude Imbert, Jack Moulinier (sax), Patrick Labie, Jean-Fran\u00e7ois Berges (guitare), Bernard Dubois.Baryton : Patrick Dutard (percussions), Patrick Leformal.Basses : Fred Delhoume, (sax, accord\u00e9on, percussions), Jean-Paul Duvauchelle, Jean-Fran\u00e7ois Meekel. Un groupe vocal et [&hellip;]<\/p>\n","protected":false},"author":1,"featured_media":0,"parent":0,"menu_order":0,"comment_status":"closed","ping_status":"closed","template":"","meta":{"footnotes":""},"class_list":["post-7483","page","type-page","status-publish","hentry"],"_links":{"self":[{"href":"https:\/\/lejonchet.fr\/index.php\/wp-json\/wp\/v2\/pages\/7483","targetHints":{"allow":["GET"]}}],"collection":[{"href":"https:\/\/lejonchet.fr\/index.php\/wp-json\/wp\/v2\/pages"}],"about":[{"href":"https:\/\/lejonchet.fr\/index.php\/wp-json\/wp\/v2\/types\/page"}],"author":[{"embeddable":true,"href":"https:\/\/lejonchet.fr\/index.php\/wp-json\/wp\/v2\/users\/1"}],"replies":[{"embeddable":true,"href":"https:\/\/lejonchet.fr\/index.php\/wp-json\/wp\/v2\/comments?post=7483"}],"version-history":[{"count":15,"href":"https:\/\/lejonchet.fr\/index.php\/wp-json\/wp\/v2\/pages\/7483\/revisions"}],"predecessor-version":[{"id":7509,"href":"https:\/\/lejonchet.fr\/index.php\/wp-json\/wp\/v2\/pages\/7483\/revisions\/7509"}],"wp:attachment":[{"href":"https:\/\/lejonchet.fr\/index.php\/wp-json\/wp\/v2\/media?parent=7483"}],"curies":[{"name":"wp","href":"https:\/\/api.w.org\/{rel}","templated":true}]}}