{"id":7346,"date":"2024-12-31T14:50:13","date_gmt":"2024-12-31T13:50:13","guid":{"rendered":"https:\/\/lejonchet.fr\/?page_id=7346"},"modified":"2024-12-31T15:17:45","modified_gmt":"2024-12-31T14:17:45","slug":"musique-metissee","status":"publish","type":"page","link":"https:\/\/lejonchet.fr\/index.php\/musique-metissee\/","title":{"rendered":"Musique m\u00e9tiss\u00e9e"},"content":{"rendered":"\n<figure class=\"wp-block-table alignright\"><table class=\"has-background\" style=\"background-color:#e7f5fe\"><tbody><tr><td class=\"has-text-align-right\" data-align=\"right\">RESERVATIONS :<br><a href=\"https:\/\/lejonchet.fr\/index.php\/events\/mussamolo\/\"><strong><mark style=\"background-color:rgba(0, 0, 0, 0)\" class=\"has-inline-color has-vivid-cyan-blue-color\">Samedi 26 avril 2025 \u00e0 20H30<\/mark><\/strong><\/a><\/td><\/tr><\/tbody><\/table><\/figure>\n\n\n\n<p class=\"has-vivid-red-color has-text-color\" style=\"font-size:40px\"><strong><em>Mussa Molo <\/em><\/strong><em><br>en concert<\/em><\/p>\n\n\n\n<figure class=\"wp-block-image size-large\"><img loading=\"lazy\" decoding=\"async\" width=\"1024\" height=\"384\" src=\"https:\/\/lejonchet.fr\/wp-content\/uploads\/2024\/12\/Mussa02-1024x384.jpg\" alt=\"\" class=\"wp-image-7347\" srcset=\"https:\/\/lejonchet.fr\/wp-content\/uploads\/2024\/12\/Mussa02-1024x384.jpg 1024w, https:\/\/lejonchet.fr\/wp-content\/uploads\/2024\/12\/Mussa02-300x113.jpg 300w, https:\/\/lejonchet.fr\/wp-content\/uploads\/2024\/12\/Mussa02-768x288.jpg 768w, https:\/\/lejonchet.fr\/wp-content\/uploads\/2024\/12\/Mussa02-1536x576.jpg 1536w, https:\/\/lejonchet.fr\/wp-content\/uploads\/2024\/12\/Mussa02-690x259.jpg 690w, https:\/\/lejonchet.fr\/wp-content\/uploads\/2024\/12\/Mussa02-980x368.jpg 980w, https:\/\/lejonchet.fr\/wp-content\/uploads\/2024\/12\/Mussa02.jpg 1600w\" sizes=\"auto, (max-width: 1024px) 100vw, 1024px\" \/><\/figure>\n\n\n\n<p><\/p>\n\n\n\n<p class=\"has-drop-cap\">A l&rsquo;image du pont de pierre qui relie les berges de la Garonne, fleuve qui coule \u00e0 Bordeaux, Abdou Sow et ses musiciens ont construit une structure aux multiples arcanes et la magie de l&rsquo;\u00e9cho s&rsquo;est fait entendre. Les sons du parcours atypique de chacun ont rebondi sur cet \u00e9difice et se sont connect\u00e9s pour produire et r\u00e9percuter un chant polyphonique au-del\u00e0 des rives de la Garonne. Le paisible chemin de terre ocre qui jadis, menait Abdou vers son troupeau de vaches, s&rsquo;est empierr\u00e9 au fil du temps. Il nous am\u00e8ne aujourd\u2019hui vers autre chose\u2026 une utopie n\u00e9e du m\u00e9tissage et des rencontres.<\/p>\n\n\n\n<p class=\"has-drop-cap\"><br>Entour\u00e9 d\u2019<strong>Abou Konat\u00e9<\/strong>, \u00ab\u00a0Le jongleur de sons\u00a0\u00bb, de <strong>Matime M\u2019Baye Adiana<\/strong>, \u00ab\u00a0Le porte-parole duvTama\u00a0\u00bb, <strong>Doudou Sata<\/strong> \u00ab\u00a0Le tambour major du Sabar \u00ab\u00a0, <strong>Abdou<\/strong> nous am\u00e8ne au plus pr\u00e8s de l\u2019esprit du \u00ab\u00a0Gall\u00e9 Bocc\u00e9\u00a0\u00bb (des griots l\u00e9gendaires de la r\u00e9gion du Fouladou au S\u00e9n\u00e9gal). L\u2019impertinence musicale de <strong>Djilaly Ferhati <\/strong>(la lumi\u00e8re du d\u00e9sert), l\u2019esprit rock de <strong>S\u00e9bastien Verlhac<\/strong> (Le sorcier vaudou), le syncr\u00e9tisme musical d\u2019<strong>\u00c9ric Duboscq<\/strong> (Le chaman des cordes) et les envol\u00e9es lyriques de la saxophoniste <strong>Sylvie Pauliet<\/strong> (La fille du vent) ouvrent une br\u00e8che.<\/p>\n\n\n\n<figure class=\"wp-block-gallery aligncenter has-nested-images columns-4 is-cropped wp-block-gallery-1 is-layout-flex wp-block-gallery-is-layout-flex\">\n<figure class=\"wp-block-image size-full\"><img loading=\"lazy\" decoding=\"async\" width=\"600\" height=\"600\" data-id=\"7353\" src=\"https:\/\/lejonchet.fr\/wp-content\/uploads\/2024\/12\/Mussa04.jpg\" alt=\"\" class=\"wp-image-7353\" srcset=\"https:\/\/lejonchet.fr\/wp-content\/uploads\/2024\/12\/Mussa04.jpg 600w, https:\/\/lejonchet.fr\/wp-content\/uploads\/2024\/12\/Mussa04-300x300.jpg 300w, https:\/\/lejonchet.fr\/wp-content\/uploads\/2024\/12\/Mussa04-150x150.jpg 150w\" sizes=\"auto, (max-width: 600px) 100vw, 600px\" \/><\/figure>\n\n\n\n<figure class=\"wp-block-image size-full\"><img loading=\"lazy\" decoding=\"async\" width=\"600\" height=\"600\" data-id=\"7352\" src=\"https:\/\/lejonchet.fr\/wp-content\/uploads\/2024\/12\/Mussa03.jpg\" alt=\"\" class=\"wp-image-7352\" srcset=\"https:\/\/lejonchet.fr\/wp-content\/uploads\/2024\/12\/Mussa03.jpg 600w, https:\/\/lejonchet.fr\/wp-content\/uploads\/2024\/12\/Mussa03-300x300.jpg 300w, https:\/\/lejonchet.fr\/wp-content\/uploads\/2024\/12\/Mussa03-150x150.jpg 150w\" sizes=\"auto, (max-width: 600px) 100vw, 600px\" \/><\/figure>\n\n\n\n<figure class=\"wp-block-image size-full\"><img loading=\"lazy\" decoding=\"async\" width=\"600\" height=\"600\" data-id=\"7354\" src=\"https:\/\/lejonchet.fr\/wp-content\/uploads\/2024\/12\/Mussa05.jpg\" alt=\"\" class=\"wp-image-7354\" srcset=\"https:\/\/lejonchet.fr\/wp-content\/uploads\/2024\/12\/Mussa05.jpg 600w, https:\/\/lejonchet.fr\/wp-content\/uploads\/2024\/12\/Mussa05-300x300.jpg 300w, https:\/\/lejonchet.fr\/wp-content\/uploads\/2024\/12\/Mussa05-150x150.jpg 150w\" sizes=\"auto, (max-width: 600px) 100vw, 600px\" \/><\/figure>\n\n\n\n<figure class=\"wp-block-image size-full\"><img loading=\"lazy\" decoding=\"async\" width=\"600\" height=\"600\" data-id=\"7355\" src=\"https:\/\/lejonchet.fr\/wp-content\/uploads\/2024\/12\/Mussa06.jpg\" alt=\"\" class=\"wp-image-7355\" srcset=\"https:\/\/lejonchet.fr\/wp-content\/uploads\/2024\/12\/Mussa06.jpg 600w, https:\/\/lejonchet.fr\/wp-content\/uploads\/2024\/12\/Mussa06-300x300.jpg 300w, https:\/\/lejonchet.fr\/wp-content\/uploads\/2024\/12\/Mussa06-150x150.jpg 150w\" sizes=\"auto, (max-width: 600px) 100vw, 600px\" \/><\/figure>\n<\/figure>\n\n\n\n<div class=\"wp-block-buttons is-content-justification-right is-layout-flex wp-container-core-buttons-is-layout-765c4724 wp-block-buttons-is-layout-flex\">\n<div class=\"wp-block-button alignright\"><a class=\"wp-block-button__link has-luminous-vivid-amber-background-color has-background has-text-align-left wp-element-button\" href=\"https:\/\/lejonchet.fr\/index.php\/events\/mussamolo\/\" style=\"border-radius:39px\">R\u00e9servation&#8230;<\/a><\/div>\n<\/div>\n\n\n\n<figure class=\"wp-block-embed is-type-video is-provider-youtube wp-block-embed-youtube wp-embed-aspect-16-9 wp-has-aspect-ratio\"><div class=\"wp-block-embed__wrapper\">\n<iframe loading=\"lazy\" title=\"Accueil   Mussa Molo\" width=\"980\" height=\"551\" src=\"https:\/\/www.youtube.com\/embed\/sA_0nXuEZKQ?feature=oembed\" frameborder=\"0\" allow=\"accelerometer; autoplay; clipboard-write; encrypted-media; gyroscope; picture-in-picture; web-share\" referrerpolicy=\"strict-origin-when-cross-origin\" allowfullscreen><\/iframe>\n<\/div><\/figure>\n","protected":false},"excerpt":{"rendered":"<p>RESERVATIONS :Samedi 26 avril 2025 \u00e0 20H30 Mussa Molo en concert A l&rsquo;image du pont de pierre qui relie les berges de la Garonne, fleuve qui coule \u00e0 Bordeaux, Abdou Sow et ses musiciens ont construit une structure aux multiples arcanes et la magie de l&rsquo;\u00e9cho s&rsquo;est fait entendre. Les sons du parcours atypique de [&hellip;]<\/p>\n","protected":false},"author":1,"featured_media":0,"parent":0,"menu_order":0,"comment_status":"closed","ping_status":"closed","template":"","meta":{"footnotes":""},"class_list":["post-7346","page","type-page","status-publish","hentry"],"_links":{"self":[{"href":"https:\/\/lejonchet.fr\/index.php\/wp-json\/wp\/v2\/pages\/7346","targetHints":{"allow":["GET"]}}],"collection":[{"href":"https:\/\/lejonchet.fr\/index.php\/wp-json\/wp\/v2\/pages"}],"about":[{"href":"https:\/\/lejonchet.fr\/index.php\/wp-json\/wp\/v2\/types\/page"}],"author":[{"embeddable":true,"href":"https:\/\/lejonchet.fr\/index.php\/wp-json\/wp\/v2\/users\/1"}],"replies":[{"embeddable":true,"href":"https:\/\/lejonchet.fr\/index.php\/wp-json\/wp\/v2\/comments?post=7346"}],"version-history":[{"count":5,"href":"https:\/\/lejonchet.fr\/index.php\/wp-json\/wp\/v2\/pages\/7346\/revisions"}],"predecessor-version":[{"id":7364,"href":"https:\/\/lejonchet.fr\/index.php\/wp-json\/wp\/v2\/pages\/7346\/revisions\/7364"}],"wp:attachment":[{"href":"https:\/\/lejonchet.fr\/index.php\/wp-json\/wp\/v2\/media?parent=7346"}],"curies":[{"name":"wp","href":"https:\/\/api.w.org\/{rel}","templated":true}]}}