{"id":7229,"date":"2024-12-11T17:08:56","date_gmt":"2024-12-11T16:08:56","guid":{"rendered":"https:\/\/lejonchet.fr\/?page_id=7229"},"modified":"2024-12-11T17:30:35","modified_gmt":"2024-12-11T16:30:35","slug":"theatre-cabaret","status":"publish","type":"page","link":"https:\/\/lejonchet.fr\/index.php\/theatre-cabaret\/","title":{"rendered":"Th\u00e9\u00e2tre Cabaret"},"content":{"rendered":"\n<p class=\"has-vivid-red-color has-text-color\" style=\"font-size:40px\"><strong><em>Le roman m\u00e9nage de Dahlia<\/em><\/strong><\/p>\n\n\n\n<p class=\"has-black-color has-text-color\"><em><strong>Cabaret pour un r\u00eave de diva, une ombre de pianiste et un homme-pie<\/strong><\/em>.<\/p>\n\n\n\n<figure class=\"wp-block-table alignright\"><table class=\"has-background\" style=\"background-color:#e7f5fe\"><tbody><tr><td class=\"has-text-align-right\" data-align=\"right\">RESERVATIONS :<br><a href=\"https:\/\/lejonchet.fr\/index.php\/events\/dahlia\/\"><strong>Dimanche 2 mars 2025 \u00e0 15H30<\/strong><\/a><\/td><\/tr><\/tbody><\/table><\/figure>\n\n\n\n<p><em>par <strong>La Cie Imagine <\/strong><br>avec <\/em><strong><em>Mathilde Maumont <\/em><\/strong><em>(Jeu et Chant) <br>et<\/em><strong><em> Joseph Ganter <\/em><\/strong><em>(Jeu et piano)<\/em><\/p>\n\n\n\n<figure class=\"wp-block-image size-large\"><img loading=\"lazy\" decoding=\"async\" width=\"1024\" height=\"284\" src=\"https:\/\/lejonchet.fr\/wp-content\/uploads\/2024\/12\/Dahlia02-1024x284.jpg\" alt=\"\" class=\"wp-image-7230\" srcset=\"https:\/\/lejonchet.fr\/wp-content\/uploads\/2024\/12\/Dahlia02-1024x284.jpg 1024w, https:\/\/lejonchet.fr\/wp-content\/uploads\/2024\/12\/Dahlia02-300x83.jpg 300w, https:\/\/lejonchet.fr\/wp-content\/uploads\/2024\/12\/Dahlia02-768x213.jpg 768w, https:\/\/lejonchet.fr\/wp-content\/uploads\/2024\/12\/Dahlia02-690x191.jpg 690w, https:\/\/lejonchet.fr\/wp-content\/uploads\/2024\/12\/Dahlia02-980x271.jpg 980w, https:\/\/lejonchet.fr\/wp-content\/uploads\/2024\/12\/Dahlia02.jpg 1210w\" sizes=\"auto, (max-width: 1024px) 100vw, 1024px\" \/><\/figure>\n\n\n\n<p class=\"has-small-font-size\"><\/p>\n\n\n\n<p class=\"has-drop-cap\">La m\u00f4me Dahlia M\u00fcntt est une artiste de music hall. Un beau jour, l&rsquo;amour la cueille, il s&rsquo;appelle Georges. Cueillie, butin\u00e9e, effeuill\u00e9e puis jet\u00e9e sans m\u00e9nagement sur le bord du chemin, Dahlia s&rsquo;\u00e9tiole. A bout de force, elle jette un sort \u00e0 Georges, le transforme en pie. Le sort ne sera rompu que si Georges, d\u00e9sormais oiseau, revient toquer \u00e0 sa porte.<\/p>\n\n\n\n<p>En attendant ce jour, elle se recroqueville dans son manoir fantasque en compagnie de son dogue allemand Tobias, avec qui elle danse le tango les soirs de d\u00e9sespoir, et de son pianiste, Joseph, ind\u00e9fectible accompagnateur de ses d\u00e9lires.<\/p>\n\n\n\n<p>Un soir de pluie, on frappe \u00e0 la porte&#8230;<a href=\"https:\/\/www.caboulot.biz\/gerardnaque\/lepresquidigitateur\/\"><\/a><a href=\"https:\/\/www.caboulot.biz\/gerardnaque\/telechargements\/\"><\/a><\/p>\n\n\n\n<figure class=\"wp-block-gallery aligncenter has-nested-images columns-4 is-cropped wp-block-gallery-1 is-layout-flex wp-block-gallery-is-layout-flex\">\n<figure class=\"wp-block-image size-full\"><img loading=\"lazy\" decoding=\"async\" width=\"457\" height=\"400\" data-id=\"7231\" src=\"https:\/\/lejonchet.fr\/wp-content\/uploads\/2024\/12\/Dahlia03.jpg\" alt=\"\" class=\"wp-image-7231\" srcset=\"https:\/\/lejonchet.fr\/wp-content\/uploads\/2024\/12\/Dahlia03.jpg 457w, https:\/\/lejonchet.fr\/wp-content\/uploads\/2024\/12\/Dahlia03-300x263.jpg 300w\" sizes=\"auto, (max-width: 457px) 100vw, 457px\" \/><\/figure>\n\n\n\n<figure class=\"wp-block-image size-full\"><img loading=\"lazy\" decoding=\"async\" width=\"323\" height=\"400\" data-id=\"7232\" src=\"https:\/\/lejonchet.fr\/wp-content\/uploads\/2024\/12\/Dahlia04.jpg\" alt=\"\" class=\"wp-image-7232\" srcset=\"https:\/\/lejonchet.fr\/wp-content\/uploads\/2024\/12\/Dahlia04.jpg 323w, https:\/\/lejonchet.fr\/wp-content\/uploads\/2024\/12\/Dahlia04-242x300.jpg 242w\" sizes=\"auto, (max-width: 323px) 100vw, 323px\" \/><\/figure>\n\n\n\n<figure class=\"wp-block-image size-full\"><img loading=\"lazy\" decoding=\"async\" width=\"462\" height=\"400\" data-id=\"7233\" src=\"https:\/\/lejonchet.fr\/wp-content\/uploads\/2024\/12\/Dahlia05.jpg\" alt=\"\" class=\"wp-image-7233\" srcset=\"https:\/\/lejonchet.fr\/wp-content\/uploads\/2024\/12\/Dahlia05.jpg 462w, https:\/\/lejonchet.fr\/wp-content\/uploads\/2024\/12\/Dahlia05-300x260.jpg 300w\" sizes=\"auto, (max-width: 462px) 100vw, 462px\" \/><\/figure>\n\n\n\n<figure class=\"wp-block-image size-full\"><img loading=\"lazy\" decoding=\"async\" width=\"356\" height=\"400\" data-id=\"7234\" src=\"https:\/\/lejonchet.fr\/wp-content\/uploads\/2024\/12\/Dahlia06.jpg\" alt=\"\" class=\"wp-image-7234\" srcset=\"https:\/\/lejonchet.fr\/wp-content\/uploads\/2024\/12\/Dahlia06.jpg 356w, https:\/\/lejonchet.fr\/wp-content\/uploads\/2024\/12\/Dahlia06-267x300.jpg 267w\" sizes=\"auto, (max-width: 356px) 100vw, 356px\" \/><\/figure>\n<\/figure>\n\n\n\n<p class=\"has-small-font-size\"><\/p>\n\n\n\n<div class=\"wp-block-buttons is-content-justification-right is-layout-flex wp-container-core-buttons-is-layout-765c4724 wp-block-buttons-is-layout-flex\">\n<div class=\"wp-block-button alignright\"><a class=\"wp-block-button__link has-luminous-vivid-amber-background-color has-background has-text-align-left wp-element-button\" href=\"https:\/\/lejonchet.fr\/index.php\/events\/dahlia\/\" style=\"border-radius:39px\">R\u00e9servation&#8230;<\/a><\/div>\n<\/div>\n\n\n\n<figure class=\"wp-block-embed is-type-video is-provider-youtube wp-block-embed-youtube wp-embed-aspect-16-9 wp-has-aspect-ratio\"><div class=\"wp-block-embed__wrapper\">\n<iframe loading=\"lazy\" title=\"LE ROMAN MENAGE DE DAHLIA\" width=\"980\" height=\"551\" src=\"https:\/\/www.youtube.com\/embed\/F3jmqWnU6TU?start=2&#038;feature=oembed\" frameborder=\"0\" allow=\"accelerometer; autoplay; clipboard-write; encrypted-media; gyroscope; picture-in-picture; web-share\" referrerpolicy=\"strict-origin-when-cross-origin\" allowfullscreen><\/iframe>\n<\/div><\/figure>\n","protected":false},"excerpt":{"rendered":"<p>Le roman m\u00e9nage de Dahlia Cabaret pour un r\u00eave de diva, une ombre de pianiste et un homme-pie. RESERVATIONS :Dimanche 2 mars 2025 \u00e0 15H30 par La Cie Imagine avec Mathilde Maumont (Jeu et Chant) et Joseph Ganter (Jeu et piano) La m\u00f4me Dahlia M\u00fcntt est une artiste de music hall. Un beau jour, l&rsquo;amour [&hellip;]<\/p>\n","protected":false},"author":1,"featured_media":0,"parent":0,"menu_order":0,"comment_status":"closed","ping_status":"closed","template":"","meta":{"footnotes":""},"class_list":["post-7229","page","type-page","status-publish","hentry"],"_links":{"self":[{"href":"https:\/\/lejonchet.fr\/index.php\/wp-json\/wp\/v2\/pages\/7229","targetHints":{"allow":["GET"]}}],"collection":[{"href":"https:\/\/lejonchet.fr\/index.php\/wp-json\/wp\/v2\/pages"}],"about":[{"href":"https:\/\/lejonchet.fr\/index.php\/wp-json\/wp\/v2\/types\/page"}],"author":[{"embeddable":true,"href":"https:\/\/lejonchet.fr\/index.php\/wp-json\/wp\/v2\/users\/1"}],"replies":[{"embeddable":true,"href":"https:\/\/lejonchet.fr\/index.php\/wp-json\/wp\/v2\/comments?post=7229"}],"version-history":[{"count":5,"href":"https:\/\/lejonchet.fr\/index.php\/wp-json\/wp\/v2\/pages\/7229\/revisions"}],"predecessor-version":[{"id":7243,"href":"https:\/\/lejonchet.fr\/index.php\/wp-json\/wp\/v2\/pages\/7229\/revisions\/7243"}],"wp:attachment":[{"href":"https:\/\/lejonchet.fr\/index.php\/wp-json\/wp\/v2\/media?parent=7229"}],"curies":[{"name":"wp","href":"https:\/\/api.w.org\/{rel}","templated":true}]}}