{"id":7079,"date":"2024-11-22T10:49:18","date_gmt":"2024-11-22T09:49:18","guid":{"rendered":"https:\/\/lejonchet.fr\/?page_id=7079"},"modified":"2024-12-11T16:07:23","modified_gmt":"2024-12-11T15:07:23","slug":"theatre-46","status":"publish","type":"page","link":"https:\/\/lejonchet.fr\/index.php\/theatre-46\/","title":{"rendered":"Th\u00e9\u00e2tre"},"content":{"rendered":"\n<p class=\"has-vivid-red-color has-text-color\" style=\"font-size:40px\"><strong><em>Il est o\u00f9 le probl\u00e8me ?<\/em><\/strong><\/p>\n\n\n\n<figure class=\"wp-block-table alignright\"><table class=\"has-background\" style=\"background-color:#e7f5fe\"><tbody><tr><td class=\"has-text-align-right\" data-align=\"right\">RESERVATIONS :<br><a href=\"https:\/\/lejonchet.fr\/index.php\/events\/angella\/\"><strong>Dimanche 26 janvier 2025 \u00e0 15H30<\/strong><\/a><\/td><\/tr><\/tbody><\/table><\/figure>\n\n\n\n<p><em>par <strong>Angebulle<\/strong><br>avec <\/em><strong><em>Angela Cumin<\/em><\/strong><\/p>\n\n\n\n<figure class=\"wp-block-image size-large\"><img loading=\"lazy\" decoding=\"async\" width=\"1024\" height=\"178\" src=\"https:\/\/lejonchet.fr\/wp-content\/uploads\/2024\/11\/Im02-10-1024x178.jpg\" alt=\"\" class=\"wp-image-7080\" srcset=\"https:\/\/lejonchet.fr\/wp-content\/uploads\/2024\/11\/Im02-10-1024x178.jpg 1024w, https:\/\/lejonchet.fr\/wp-content\/uploads\/2024\/11\/Im02-10-300x52.jpg 300w, https:\/\/lejonchet.fr\/wp-content\/uploads\/2024\/11\/Im02-10-768x134.jpg 768w, https:\/\/lejonchet.fr\/wp-content\/uploads\/2024\/11\/Im02-10-690x120.jpg 690w, https:\/\/lejonchet.fr\/wp-content\/uploads\/2024\/11\/Im02-10-980x171.jpg 980w, https:\/\/lejonchet.fr\/wp-content\/uploads\/2024\/11\/Im02-10.jpg 1200w\" sizes=\"auto, (max-width: 1024px) 100vw, 1024px\" \/><\/figure>\n\n\n\n<p class=\"has-small-font-size\"><\/p>\n\n\n\n<p class=\"has-drop-cap\">Et si les probl\u00e8mes n&rsquo;\u00e9taient que des \u00e9nigmes \u00e0 r\u00e9soudre&nbsp;?&nbsp;&nbsp;Angebulle a quitt\u00e9 sa plan\u00e8te et sa bulle pour vivre une&nbsp;&nbsp;exp\u00e9rience humaine.<\/p>\n\n\n\n<p>Elle d\u00e9couvre que les humains peuvent aussi \u00eatre dans une bulle, mais compl\u00e9tement diff\u00e9rente de ce qu&rsquo;elle a connu. Est-ce un probl\u00e8me&nbsp;?&nbsp;<\/p>\n\n\n\n<p>C&rsquo;est au travers de personnages haut en couleurs qu&rsquo;elle va d\u00e9couvrir le secret en 3 \u00e9tapes.&nbsp;&nbsp;&nbsp;&nbsp;<a href=\"https:\/\/www.caboulot.biz\/gerardnaque\/lepresquidigitateur\/\"><\/a><a href=\"https:\/\/www.caboulot.biz\/gerardnaque\/telechargements\/\"><\/a><\/p>\n\n\n\n<div class=\"wp-block-columns is-layout-flex wp-container-core-columns-is-layout-9d6595d7 wp-block-columns-is-layout-flex\">\n<div class=\"wp-block-column is-layout-flow wp-block-column-is-layout-flow\" style=\"flex-basis:25%\">\n<figure class=\"wp-block-image size-full\"><img loading=\"lazy\" decoding=\"async\" width=\"500\" height=\"500\" src=\"https:\/\/lejonchet.fr\/wp-content\/uploads\/2024\/12\/Ange01-1.jpg\" alt=\"\" class=\"wp-image-7220\" srcset=\"https:\/\/lejonchet.fr\/wp-content\/uploads\/2024\/12\/Ange01-1.jpg 500w, https:\/\/lejonchet.fr\/wp-content\/uploads\/2024\/12\/Ange01-1-300x300.jpg 300w, https:\/\/lejonchet.fr\/wp-content\/uploads\/2024\/12\/Ange01-1-150x150.jpg 150w\" sizes=\"auto, (max-width: 500px) 100vw, 500px\" \/><\/figure>\n<\/div>\n\n\n\n<div class=\"wp-block-column is-layout-flow wp-block-column-is-layout-flow\" style=\"flex-basis:25%\">\n<figure class=\"wp-block-image size-full\"><img loading=\"lazy\" decoding=\"async\" width=\"400\" height=\"400\" src=\"https:\/\/lejonchet.fr\/wp-content\/uploads\/2024\/12\/Ange04.jpg\" alt=\"\" class=\"wp-image-7223\" srcset=\"https:\/\/lejonchet.fr\/wp-content\/uploads\/2024\/12\/Ange04.jpg 400w, https:\/\/lejonchet.fr\/wp-content\/uploads\/2024\/12\/Ange04-300x300.jpg 300w, https:\/\/lejonchet.fr\/wp-content\/uploads\/2024\/12\/Ange04-150x150.jpg 150w\" sizes=\"auto, (max-width: 400px) 100vw, 400px\" \/><\/figure>\n<\/div>\n\n\n\n<div class=\"wp-block-column is-layout-flow wp-block-column-is-layout-flow\" style=\"flex-basis:25%\">\n<figure class=\"wp-block-image size-full\"><img loading=\"lazy\" decoding=\"async\" width=\"441\" height=\"441\" src=\"https:\/\/lejonchet.fr\/wp-content\/uploads\/2024\/12\/Ange02.jpg\" alt=\"\" class=\"wp-image-7221\" srcset=\"https:\/\/lejonchet.fr\/wp-content\/uploads\/2024\/12\/Ange02.jpg 441w, https:\/\/lejonchet.fr\/wp-content\/uploads\/2024\/12\/Ange02-300x300.jpg 300w, https:\/\/lejonchet.fr\/wp-content\/uploads\/2024\/12\/Ange02-150x150.jpg 150w\" sizes=\"auto, (max-width: 441px) 100vw, 441px\" \/><\/figure>\n<\/div>\n\n\n\n<div class=\"wp-block-column is-layout-flow wp-block-column-is-layout-flow\" style=\"flex-basis:25%\">\n<figure class=\"wp-block-image size-full\"><img loading=\"lazy\" decoding=\"async\" width=\"400\" height=\"400\" src=\"https:\/\/lejonchet.fr\/wp-content\/uploads\/2024\/12\/Ange03.jpg\" alt=\"\" class=\"wp-image-7222\" srcset=\"https:\/\/lejonchet.fr\/wp-content\/uploads\/2024\/12\/Ange03.jpg 400w, https:\/\/lejonchet.fr\/wp-content\/uploads\/2024\/12\/Ange03-300x300.jpg 300w, https:\/\/lejonchet.fr\/wp-content\/uploads\/2024\/12\/Ange03-150x150.jpg 150w\" sizes=\"auto, (max-width: 400px) 100vw, 400px\" \/><\/figure>\n<\/div>\n<\/div>\n\n\n\n<p><\/p>\n\n\n\n<div class=\"wp-block-buttons is-content-justification-right is-layout-flex wp-container-core-buttons-is-layout-765c4724 wp-block-buttons-is-layout-flex\">\n<div class=\"wp-block-button alignright\"><a class=\"wp-block-button__link has-luminous-vivid-amber-background-color has-background has-text-align-left wp-element-button\" href=\"https:\/\/lejonchet.fr\/index.php\/events\/angella\/\" style=\"border-radius:39px\">R\u00e9servation&#8230;<\/a><\/div>\n<\/div>\n\n\n\n<p><\/p>\n","protected":false},"excerpt":{"rendered":"<p>Il est o\u00f9 le probl\u00e8me ? RESERVATIONS :Dimanche 26 janvier 2025 \u00e0 15H30 par Angebulleavec Angela Cumin Et si les probl\u00e8mes n&rsquo;\u00e9taient que des \u00e9nigmes \u00e0 r\u00e9soudre&nbsp;?&nbsp;&nbsp;Angebulle a quitt\u00e9 sa plan\u00e8te et sa bulle pour vivre une&nbsp;&nbsp;exp\u00e9rience humaine. Elle d\u00e9couvre que les humains peuvent aussi \u00eatre dans une bulle, mais compl\u00e9tement diff\u00e9rente de ce qu&rsquo;elle [&hellip;]<\/p>\n","protected":false},"author":1,"featured_media":0,"parent":0,"menu_order":0,"comment_status":"closed","ping_status":"closed","template":"","meta":{"footnotes":""},"class_list":["post-7079","page","type-page","status-publish","hentry"],"_links":{"self":[{"href":"https:\/\/lejonchet.fr\/index.php\/wp-json\/wp\/v2\/pages\/7079","targetHints":{"allow":["GET"]}}],"collection":[{"href":"https:\/\/lejonchet.fr\/index.php\/wp-json\/wp\/v2\/pages"}],"about":[{"href":"https:\/\/lejonchet.fr\/index.php\/wp-json\/wp\/v2\/types\/page"}],"author":[{"embeddable":true,"href":"https:\/\/lejonchet.fr\/index.php\/wp-json\/wp\/v2\/users\/1"}],"replies":[{"embeddable":true,"href":"https:\/\/lejonchet.fr\/index.php\/wp-json\/wp\/v2\/comments?post=7079"}],"version-history":[{"count":6,"href":"https:\/\/lejonchet.fr\/index.php\/wp-json\/wp\/v2\/pages\/7079\/revisions"}],"predecessor-version":[{"id":7225,"href":"https:\/\/lejonchet.fr\/index.php\/wp-json\/wp\/v2\/pages\/7079\/revisions\/7225"}],"wp:attachment":[{"href":"https:\/\/lejonchet.fr\/index.php\/wp-json\/wp\/v2\/media?parent=7079"}],"curies":[{"name":"wp","href":"https:\/\/api.w.org\/{rel}","templated":true}]}}