{"id":701,"date":"2020-02-15T22:36:06","date_gmt":"2020-02-15T21:36:06","guid":{"rendered":"http:\/\/lejonchet.fr\/?page_id=701"},"modified":"2021-05-12T14:04:51","modified_gmt":"2021-05-12T12:04:51","slug":"jean","status":"publish","type":"page","link":"https:\/\/lejonchet.fr\/index.php\/jean\/","title":{"rendered":"Th\u00e9\u00e2tre"},"content":{"rendered":"\n<figure class=\"wp-block-table alignright\"><table class=\"has-subtle-pale-blue-background-color has-background\"><tbody><tr><td class=\"has-text-align-right\" data-align=\"right\">RESERVATIONS :<br><strong><a href=\"https:\/\/lejonchet.fr\/index.php\/events\/jean-et-beatrice\/\">Vendredi 04 juin \u00e0 19H00<\/a><\/strong><br><strong><a href=\"https:\/\/lejonchet.fr\/index.php\/events\/jean-et-beatrice-2\/\">Samedi 17 juillet \u00e0 20H30<\/a><\/strong><\/td><\/tr><\/tbody><\/table><\/figure>\n\n\n\n<p class=\"has-vivid-red-color has-text-color has-huge-font-size\"><strong>\u00ab\u00a0Jean et B\u00e9atrice\u00a0\u00bb<\/strong><\/p>\n\n\n\n<p class=\"has-vivid-red-color has-text-color has-medium-font-size\"><strong><em>par la compagnie qui ne se quitte<\/em><\/strong><\/p>\n\n\n\n<figure class=\"wp-block-image size-large\"><img loading=\"lazy\" decoding=\"async\" width=\"800\" height=\"266\" src=\"https:\/\/lejonchet.fr\/wp-content\/uploads\/2020\/02\/JB02.jpg\" alt=\"\" class=\"wp-image-702\" srcset=\"https:\/\/lejonchet.fr\/wp-content\/uploads\/2020\/02\/JB02.jpg 800w, https:\/\/lejonchet.fr\/wp-content\/uploads\/2020\/02\/JB02-300x100.jpg 300w, https:\/\/lejonchet.fr\/wp-content\/uploads\/2020\/02\/JB02-768x255.jpg 768w, https:\/\/lejonchet.fr\/wp-content\/uploads\/2020\/02\/JB02-690x229.jpg 690w\" sizes=\"auto, (max-width: 800px) 100vw, 800px\" \/><\/figure>\n\n\n\n<p class=\"has-drop-cap\">Dans son appartement au trente-troisi\u00e8me \u00e9tage d&rsquo;une tour, B\u00e9atrice attend l&rsquo;homme qui la d\u00e9livrera de sa solitude. Elle fait passer une annonce promettant une r\u00e9compense substantielle \u00e0 l&rsquo;homme qui saura l&rsquo;int\u00e9resser, l&rsquo;\u00e9mouvoir et la s\u00e9duire. Jean, un chasseur de prime exp\u00e9riment\u00e9, se soumet au trois \u00e9preuves par app\u00e2t du gain. Mais B\u00e9atrice hausse les ench\u00e8res : il s&rsquo;agit maintenant d&rsquo;inventer l&rsquo;amour. L&rsquo;appartement se transforme en pi\u00e8ge, la rencontre devient un duel. Tour \u00e0 tour, Jean et B\u00e9atrice mettent en sc\u00e8ne les gestes de l&rsquo;intimit\u00e9, mimant les \u00e9changes de confidences, les disputes et les r\u00e9conciliations, le partage du quotidien et l&rsquo;usure du temps. Chaque tentative est une sorte de th\u00e9\u00e2tre v\u00e9rit\u00e9. Suffirait-il de croire \u00e0 l&rsquo;amour pour le faire exister ?<\/p>\n\n\n\n<div class=\"wp-block-button alignright\"><a class=\"wp-block-button__link has-luminous-vivid-amber-background-color has-background\" href=\"https:\/\/lejonchet.fr\/index.php\/agenda\/\" style=\"border-radius:39px\">R\u00e9servation&#8230;<\/a><\/div>\n\n\n\n<figure class=\"wp-block-gallery aligncenter columns-3 is-cropped wp-block-gallery-1 is-layout-flex wp-block-gallery-is-layout-flex\"><ul class=\"blocks-gallery-grid\"><li class=\"blocks-gallery-item\"><figure><img loading=\"lazy\" decoding=\"async\" width=\"500\" height=\"500\" src=\"https:\/\/lejonchet.fr\/wp-content\/uploads\/2020\/02\/JB04.jpg\" alt=\"\" data-id=\"705\" data-link=\"https:\/\/lejonchet.fr\/?attachment_id=705\" class=\"wp-image-705\" srcset=\"https:\/\/lejonchet.fr\/wp-content\/uploads\/2020\/02\/JB04.jpg 500w, https:\/\/lejonchet.fr\/wp-content\/uploads\/2020\/02\/JB04-300x300.jpg 300w, https:\/\/lejonchet.fr\/wp-content\/uploads\/2020\/02\/JB04-150x150.jpg 150w\" sizes=\"auto, (max-width: 500px) 100vw, 500px\" \/><\/figure><\/li><li class=\"blocks-gallery-item\"><figure><img loading=\"lazy\" decoding=\"async\" width=\"800\" height=\"800\" src=\"https:\/\/lejonchet.fr\/wp-content\/uploads\/2020\/02\/JB03.jpg\" alt=\"\" data-id=\"704\" data-link=\"https:\/\/lejonchet.fr\/?attachment_id=704\" class=\"wp-image-704\" srcset=\"https:\/\/lejonchet.fr\/wp-content\/uploads\/2020\/02\/JB03.jpg 800w, https:\/\/lejonchet.fr\/wp-content\/uploads\/2020\/02\/JB03-300x300.jpg 300w, https:\/\/lejonchet.fr\/wp-content\/uploads\/2020\/02\/JB03-150x150.jpg 150w, https:\/\/lejonchet.fr\/wp-content\/uploads\/2020\/02\/JB03-768x768.jpg 768w, https:\/\/lejonchet.fr\/wp-content\/uploads\/2020\/02\/JB03-690x690.jpg 690w\" sizes=\"auto, (max-width: 800px) 100vw, 800px\" \/><\/figure><\/li><li class=\"blocks-gallery-item\"><figure><img loading=\"lazy\" decoding=\"async\" width=\"500\" height=\"500\" src=\"https:\/\/lejonchet.fr\/wp-content\/uploads\/2020\/02\/JB05.jpg\" alt=\"\" data-id=\"707\" data-link=\"https:\/\/lejonchet.fr\/?attachment_id=707\" class=\"wp-image-707\" srcset=\"https:\/\/lejonchet.fr\/wp-content\/uploads\/2020\/02\/JB05.jpg 500w, https:\/\/lejonchet.fr\/wp-content\/uploads\/2020\/02\/JB05-300x300.jpg 300w, https:\/\/lejonchet.fr\/wp-content\/uploads\/2020\/02\/JB05-150x150.jpg 150w\" sizes=\"auto, (max-width: 500px) 100vw, 500px\" \/><\/figure><\/li><li class=\"blocks-gallery-item\"><figure><img loading=\"lazy\" decoding=\"async\" width=\"1024\" height=\"1024\" src=\"https:\/\/lejonchet.fr\/wp-content\/uploads\/2020\/02\/JB01-1024x1024.jpg\" alt=\"\" data-id=\"703\" data-link=\"https:\/\/lejonchet.fr\/?attachment_id=703\" class=\"wp-image-703\" srcset=\"https:\/\/lejonchet.fr\/wp-content\/uploads\/2020\/02\/JB01-1024x1024.jpg 1024w, https:\/\/lejonchet.fr\/wp-content\/uploads\/2020\/02\/JB01-300x300.jpg 300w, https:\/\/lejonchet.fr\/wp-content\/uploads\/2020\/02\/JB01-150x150.jpg 150w, https:\/\/lejonchet.fr\/wp-content\/uploads\/2020\/02\/JB01-768x768.jpg 768w, https:\/\/lejonchet.fr\/wp-content\/uploads\/2020\/02\/JB01-1536x1536.jpg 1536w, https:\/\/lejonchet.fr\/wp-content\/uploads\/2020\/02\/JB01-2048x2048.jpg 2048w, https:\/\/lejonchet.fr\/wp-content\/uploads\/2020\/02\/JB01-690x690.jpg 690w, https:\/\/lejonchet.fr\/wp-content\/uploads\/2020\/02\/JB01-980x980.jpg 980w\" sizes=\"auto, (max-width: 1024px) 100vw, 1024px\" \/><\/figure><\/li><li class=\"blocks-gallery-item\"><figure><img loading=\"lazy\" decoding=\"async\" width=\"500\" height=\"500\" src=\"https:\/\/lejonchet.fr\/wp-content\/uploads\/2020\/02\/JB07.jpg\" alt=\"\" data-id=\"706\" data-link=\"https:\/\/lejonchet.fr\/?attachment_id=706\" class=\"wp-image-706\" srcset=\"https:\/\/lejonchet.fr\/wp-content\/uploads\/2020\/02\/JB07.jpg 500w, https:\/\/lejonchet.fr\/wp-content\/uploads\/2020\/02\/JB07-300x300.jpg 300w, https:\/\/lejonchet.fr\/wp-content\/uploads\/2020\/02\/JB07-150x150.jpg 150w\" sizes=\"auto, (max-width: 500px) 100vw, 500px\" \/><\/figure><\/li><li class=\"blocks-gallery-item\"><figure><img loading=\"lazy\" decoding=\"async\" width=\"500\" height=\"750\" src=\"https:\/\/lejonchet.fr\/wp-content\/uploads\/2020\/02\/JB06.jpg\" alt=\"\" data-id=\"708\" data-link=\"https:\/\/lejonchet.fr\/?attachment_id=708\" class=\"wp-image-708\" srcset=\"https:\/\/lejonchet.fr\/wp-content\/uploads\/2020\/02\/JB06.jpg 500w, https:\/\/lejonchet.fr\/wp-content\/uploads\/2020\/02\/JB06-200x300.jpg 200w\" sizes=\"auto, (max-width: 500px) 100vw, 500px\" \/><\/figure><\/li><li class=\"blocks-gallery-item\"><figure><img loading=\"lazy\" decoding=\"async\" width=\"700\" height=\"700\" src=\"https:\/\/lejonchet.fr\/wp-content\/uploads\/2020\/02\/JB11.jpg\" alt=\"\" data-id=\"841\" data-full-url=\"https:\/\/lejonchet.fr\/wp-content\/uploads\/2020\/02\/JB11.jpg\" data-link=\"https:\/\/lejonchet.fr\/index.php\/a-laffiche-bientot\/jb11\/\" class=\"wp-image-841\" srcset=\"https:\/\/lejonchet.fr\/wp-content\/uploads\/2020\/02\/JB11.jpg 700w, https:\/\/lejonchet.fr\/wp-content\/uploads\/2020\/02\/JB11-300x300.jpg 300w, https:\/\/lejonchet.fr\/wp-content\/uploads\/2020\/02\/JB11-150x150.jpg 150w, https:\/\/lejonchet.fr\/wp-content\/uploads\/2020\/02\/JB11-690x690.jpg 690w\" sizes=\"auto, (max-width: 700px) 100vw, 700px\" \/><\/figure><\/li><li class=\"blocks-gallery-item\"><figure><img loading=\"lazy\" decoding=\"async\" width=\"512\" height=\"512\" src=\"https:\/\/lejonchet.fr\/wp-content\/uploads\/2020\/02\/JB09.jpg\" alt=\"\" data-id=\"709\" data-link=\"https:\/\/lejonchet.fr\/?attachment_id=709\" class=\"wp-image-709\" srcset=\"https:\/\/lejonchet.fr\/wp-content\/uploads\/2020\/02\/JB09.jpg 512w, https:\/\/lejonchet.fr\/wp-content\/uploads\/2020\/02\/JB09-300x300.jpg 300w, https:\/\/lejonchet.fr\/wp-content\/uploads\/2020\/02\/JB09-150x150.jpg 150w\" sizes=\"auto, (max-width: 512px) 100vw, 512px\" \/><\/figure><\/li><li class=\"blocks-gallery-item\"><figure><img loading=\"lazy\" decoding=\"async\" width=\"682\" height=\"682\" src=\"https:\/\/lejonchet.fr\/wp-content\/uploads\/2020\/02\/JB10.jpg\" alt=\"\" data-id=\"840\" data-link=\"https:\/\/lejonchet.fr\/index.php\/a-laffiche-bientot\/jb10\/\" class=\"wp-image-840\" srcset=\"https:\/\/lejonchet.fr\/wp-content\/uploads\/2020\/02\/JB10.jpg 682w, https:\/\/lejonchet.fr\/wp-content\/uploads\/2020\/02\/JB10-300x300.jpg 300w, https:\/\/lejonchet.fr\/wp-content\/uploads\/2020\/02\/JB10-150x150.jpg 150w\" sizes=\"auto, (max-width: 682px) 100vw, 682px\" \/><\/figure><\/li><\/ul><\/figure>\n\n\n\n<p><\/p>\n","protected":false},"excerpt":{"rendered":"<p>RESERVATIONS :Vendredi 04 juin \u00e0 19H00Samedi 17 juillet \u00e0 20H30 \u00ab\u00a0Jean et B\u00e9atrice\u00a0\u00bb par la compagnie qui ne se quitte Dans son appartement au trente-troisi\u00e8me \u00e9tage d&rsquo;une tour, B\u00e9atrice attend l&rsquo;homme qui la d\u00e9livrera de sa solitude. Elle fait passer une annonce promettant une r\u00e9compense substantielle \u00e0 l&rsquo;homme qui saura l&rsquo;int\u00e9resser, l&rsquo;\u00e9mouvoir et la s\u00e9duire. [&hellip;]<\/p>\n","protected":false},"author":1,"featured_media":0,"parent":0,"menu_order":0,"comment_status":"closed","ping_status":"closed","template":"","meta":{"footnotes":""},"class_list":["post-701","page","type-page","status-publish","hentry"],"_links":{"self":[{"href":"https:\/\/lejonchet.fr\/index.php\/wp-json\/wp\/v2\/pages\/701","targetHints":{"allow":["GET"]}}],"collection":[{"href":"https:\/\/lejonchet.fr\/index.php\/wp-json\/wp\/v2\/pages"}],"about":[{"href":"https:\/\/lejonchet.fr\/index.php\/wp-json\/wp\/v2\/types\/page"}],"author":[{"embeddable":true,"href":"https:\/\/lejonchet.fr\/index.php\/wp-json\/wp\/v2\/users\/1"}],"replies":[{"embeddable":true,"href":"https:\/\/lejonchet.fr\/index.php\/wp-json\/wp\/v2\/comments?post=701"}],"version-history":[{"count":34,"href":"https:\/\/lejonchet.fr\/index.php\/wp-json\/wp\/v2\/pages\/701\/revisions"}],"predecessor-version":[{"id":1849,"href":"https:\/\/lejonchet.fr\/index.php\/wp-json\/wp\/v2\/pages\/701\/revisions\/1849"}],"wp:attachment":[{"href":"https:\/\/lejonchet.fr\/index.php\/wp-json\/wp\/v2\/media?parent=701"}],"curies":[{"name":"wp","href":"https:\/\/api.w.org\/{rel}","templated":true}]}}