{"id":7006,"date":"2024-11-14T17:44:01","date_gmt":"2024-11-14T16:44:01","guid":{"rendered":"https:\/\/lejonchet.fr\/?page_id=7006"},"modified":"2024-11-14T18:10:55","modified_gmt":"2024-11-14T17:10:55","slug":"theatre-45","status":"publish","type":"page","link":"https:\/\/lejonchet.fr\/index.php\/theatre-45\/","title":{"rendered":"Th\u00e9\u00e2tre"},"content":{"rendered":"\n<p class=\"has-vivid-red-color has-text-color\" style=\"font-size:40px\"><strong><em>La confiture de coings<\/em><\/strong><\/p>\n\n\n\n<figure class=\"wp-block-table alignright\"><table class=\"has-background\" style=\"background-color:#e7f5fe\"><tbody><tr><td class=\"has-text-align-right\" data-align=\"right\">RESERVATIONS :<br><strong><a href=\"https:\/\/lejonchet.fr\/index.php\/events\/coings\/\">Dimanche 23 mars 2025 \u00e0 15h30<\/a><\/strong><\/td><\/tr><\/tbody><\/table><\/figure>\n\n\n\n<p class=\"has-small-font-size\"><em>par <strong>La Cie 22H22 <\/strong><br>Avec <strong>Clara Navarro<\/strong> et <strong>Hugo Samperiz <\/strong><br>Ecrit et mise en sc\u00e8ne par <strong>Margaux Lebrun<\/strong><\/em><\/p>\n\n\n\n<figure class=\"wp-block-image size-large\"><img loading=\"lazy\" decoding=\"async\" width=\"1024\" height=\"256\" src=\"https:\/\/lejonchet.fr\/wp-content\/uploads\/2024\/11\/Im02-8-1024x256.jpg\" alt=\"\" class=\"wp-image-7007\" srcset=\"https:\/\/lejonchet.fr\/wp-content\/uploads\/2024\/11\/Im02-8-1024x256.jpg 1024w, https:\/\/lejonchet.fr\/wp-content\/uploads\/2024\/11\/Im02-8-300x75.jpg 300w, https:\/\/lejonchet.fr\/wp-content\/uploads\/2024\/11\/Im02-8-768x192.jpg 768w, https:\/\/lejonchet.fr\/wp-content\/uploads\/2024\/11\/Im02-8-1536x384.jpg 1536w, https:\/\/lejonchet.fr\/wp-content\/uploads\/2024\/11\/Im02-8-690x173.jpg 690w, https:\/\/lejonchet.fr\/wp-content\/uploads\/2024\/11\/Im02-8-980x245.jpg 980w, https:\/\/lejonchet.fr\/wp-content\/uploads\/2024\/11\/Im02-8.jpg 1600w\" sizes=\"auto, (max-width: 1024px) 100vw, 1024px\" \/><\/figure>\n\n\n\n<p><\/p>\n\n\n\n<p class=\"has-drop-cap\">Au travers des \u00e2ges et des petits go\u00fbters de 16H, cette pi\u00e8ce emporte le spectateur dans l&rsquo;intimit\u00e9 de Jules et Romane. Gr\u00e2ce \u00e0 une succession de tableaux, vous les rencontrerez \u00e0 des moments privil\u00e9gi\u00e9s de leur histoire qu&rsquo;ils soient enfants, adultes ou octog\u00e9naires.<\/p>\n\n\n\n<p>Loin des clich\u00e9s habituels des com\u00e9dies romantiques, les instants de vie qui seront partag\u00e9s vous transporteront directement au coeur de leur foyer et de leur intimit\u00e9.<\/p>\n\n\n\n<p>Ce spectacle c\u00e9l\u00e8bre l&rsquo;amour sous toutes ses formes : ses \u00e9mois, ses passions, ses coups de folie, ses d\u00e9sillusions, ses peines, ses routines, ses espoirs&#8230;<\/p>\n\n\n\n<p class=\"has-black-color has-text-color has-link-color has-small-font-size wp-elements-b509fc9c5d6f108e82ca9310a0d2add8\"><em><strong>Tout public<\/strong><\/em> <br><em>Dur\u00e9e 1H10<\/em><\/p>\n\n\n\n<div class=\"wp-block-columns is-layout-flex wp-container-core-columns-is-layout-9d6595d7 wp-block-columns-is-layout-flex\">\n<div class=\"wp-block-column is-layout-flow wp-block-column-is-layout-flow\" style=\"flex-basis:100%\">\n<figure class=\"wp-block-gallery aligncenter has-nested-images columns-4 is-cropped wp-block-gallery-1 is-layout-flex wp-block-gallery-is-layout-flex\">\n<figure class=\"wp-block-image size-full\"><img loading=\"lazy\" decoding=\"async\" width=\"288\" height=\"400\" data-id=\"7008\" src=\"https:\/\/lejonchet.fr\/wp-content\/uploads\/2024\/11\/Im03-6.jpg\" alt=\"\" class=\"wp-image-7008\" srcset=\"https:\/\/lejonchet.fr\/wp-content\/uploads\/2024\/11\/Im03-6.jpg 288w, https:\/\/lejonchet.fr\/wp-content\/uploads\/2024\/11\/Im03-6-216x300.jpg 216w\" sizes=\"auto, (max-width: 288px) 100vw, 288px\" \/><\/figure>\n\n\n\n<figure class=\"wp-block-image size-full\"><img loading=\"lazy\" decoding=\"async\" width=\"317\" height=\"400\" data-id=\"7009\" src=\"https:\/\/lejonchet.fr\/wp-content\/uploads\/2024\/11\/Im04-7.jpg\" alt=\"\" class=\"wp-image-7009\" srcset=\"https:\/\/lejonchet.fr\/wp-content\/uploads\/2024\/11\/Im04-7.jpg 317w, https:\/\/lejonchet.fr\/wp-content\/uploads\/2024\/11\/Im04-7-238x300.jpg 238w\" sizes=\"auto, (max-width: 317px) 100vw, 317px\" \/><\/figure>\n\n\n\n<figure class=\"wp-block-image size-full\"><img loading=\"lazy\" decoding=\"async\" width=\"348\" height=\"400\" data-id=\"7010\" src=\"https:\/\/lejonchet.fr\/wp-content\/uploads\/2024\/11\/Im05-7.jpg\" alt=\"\" class=\"wp-image-7010\" srcset=\"https:\/\/lejonchet.fr\/wp-content\/uploads\/2024\/11\/Im05-7.jpg 348w, https:\/\/lejonchet.fr\/wp-content\/uploads\/2024\/11\/Im05-7-261x300.jpg 261w\" sizes=\"auto, (max-width: 348px) 100vw, 348px\" \/><\/figure>\n<\/figure>\n<\/div>\n<\/div>\n\n\n\n<figure class=\"wp-block-embed is-type-video is-provider-youtube wp-block-embed-youtube wp-embed-aspect-16-9 wp-has-aspect-ratio\"><div class=\"wp-block-embed__wrapper\">\n<iframe loading=\"lazy\" title=\"Bande annonce La confiture de coings\" width=\"980\" height=\"551\" src=\"https:\/\/www.youtube.com\/embed\/8jEUoUSecAM?feature=oembed\" frameborder=\"0\" allow=\"accelerometer; autoplay; clipboard-write; encrypted-media; gyroscope; picture-in-picture; web-share\" referrerpolicy=\"strict-origin-when-cross-origin\" allowfullscreen><\/iframe>\n<\/div><\/figure>\n\n\n\n<p><\/p>\n\n\n\n<p><\/p>\n\n\n\n<div class=\"wp-block-buttons is-content-justification-right is-layout-flex wp-container-core-buttons-is-layout-765c4724 wp-block-buttons-is-layout-flex\">\n<div class=\"wp-block-button is-style-fill\"><a class=\"wp-block-button__link has-luminous-vivid-amber-background-color has-background has-text-align-right wp-element-button\" href=\"https:\/\/lejonchet.fr\/index.php\/events\/coings\/\"><strong><em>R\u00e9servation<\/em><\/strong><\/a><\/div>\n<\/div>\n","protected":false},"excerpt":{"rendered":"<p>La confiture de coings RESERVATIONS :Dimanche 23 mars 2025 \u00e0 15h30 par La Cie 22H22 Avec Clara Navarro et Hugo Samperiz Ecrit et mise en sc\u00e8ne par Margaux Lebrun Au travers des \u00e2ges et des petits go\u00fbters de 16H, cette pi\u00e8ce emporte le spectateur dans l&rsquo;intimit\u00e9 de Jules et Romane. Gr\u00e2ce \u00e0 une succession de [&hellip;]<\/p>\n","protected":false},"author":1,"featured_media":0,"parent":0,"menu_order":0,"comment_status":"closed","ping_status":"closed","template":"","meta":{"footnotes":""},"class_list":["post-7006","page","type-page","status-publish","hentry"],"_links":{"self":[{"href":"https:\/\/lejonchet.fr\/index.php\/wp-json\/wp\/v2\/pages\/7006","targetHints":{"allow":["GET"]}}],"collection":[{"href":"https:\/\/lejonchet.fr\/index.php\/wp-json\/wp\/v2\/pages"}],"about":[{"href":"https:\/\/lejonchet.fr\/index.php\/wp-json\/wp\/v2\/types\/page"}],"author":[{"embeddable":true,"href":"https:\/\/lejonchet.fr\/index.php\/wp-json\/wp\/v2\/users\/1"}],"replies":[{"embeddable":true,"href":"https:\/\/lejonchet.fr\/index.php\/wp-json\/wp\/v2\/comments?post=7006"}],"version-history":[{"count":3,"href":"https:\/\/lejonchet.fr\/index.php\/wp-json\/wp\/v2\/pages\/7006\/revisions"}],"predecessor-version":[{"id":7017,"href":"https:\/\/lejonchet.fr\/index.php\/wp-json\/wp\/v2\/pages\/7006\/revisions\/7017"}],"wp:attachment":[{"href":"https:\/\/lejonchet.fr\/index.php\/wp-json\/wp\/v2\/media?parent=7006"}],"curies":[{"name":"wp","href":"https:\/\/api.w.org\/{rel}","templated":true}]}}