{"id":6950,"date":"2024-11-13T14:51:00","date_gmt":"2024-11-13T13:51:00","guid":{"rendered":"https:\/\/lejonchet.fr\/?page_id=6950"},"modified":"2025-03-03T15:11:14","modified_gmt":"2025-03-03T14:11:14","slug":"talent-du-rire","status":"publish","type":"page","link":"https:\/\/lejonchet.fr\/index.php\/talent-du-rire\/","title":{"rendered":"Talent du rire"},"content":{"rendered":"\n<p class=\"has-vivid-red-color has-text-color\" style=\"font-size:40px\"><strong><em>La petite boucherie du bonheur<\/em><\/strong><\/p>\n\n\n\n<figure class=\"wp-block-table alignright\"><table class=\"has-background\" style=\"background-color:#e7f5fe\"><tbody><tr><td class=\"has-text-align-right\" data-align=\"right\">RESERVATIONS :<br><strong><a href=\"https:\/\/lejonchet.fr\/index.php\/events\/laboucherie\/\">Vendredi 14 mars 2025 \u00e0 20h30<\/a><\/strong><\/td><\/tr><\/tbody><\/table><\/figure>\n\n\n\n<p><em>de et par <strong>Thierry H\u00e9riteau <\/strong><br>par <strong>La Compagnie Le Pitre Sage<\/strong> <br>Mise en sc\u00e8ne <strong>Thierry H\u00e9riteau et Guy Blanchard<\/strong><\/em><\/p>\n\n\n\n<figure class=\"wp-block-image size-large\"><img loading=\"lazy\" decoding=\"async\" width=\"1024\" height=\"195\" src=\"https:\/\/lejonchet.fr\/wp-content\/uploads\/2024\/11\/Im02-6-1024x195.jpg\" alt=\"\" class=\"wp-image-6951\" srcset=\"https:\/\/lejonchet.fr\/wp-content\/uploads\/2024\/11\/Im02-6-1024x195.jpg 1024w, https:\/\/lejonchet.fr\/wp-content\/uploads\/2024\/11\/Im02-6-300x57.jpg 300w, https:\/\/lejonchet.fr\/wp-content\/uploads\/2024\/11\/Im02-6-768x147.jpg 768w, https:\/\/lejonchet.fr\/wp-content\/uploads\/2024\/11\/Im02-6-690x132.jpg 690w, https:\/\/lejonchet.fr\/wp-content\/uploads\/2024\/11\/Im02-6-980x187.jpg 980w, https:\/\/lejonchet.fr\/wp-content\/uploads\/2024\/11\/Im02-6.jpg 1200w\" sizes=\"auto, (max-width: 1024px) 100vw, 1024px\" \/><\/figure>\n\n\n\n<p><\/p>\n\n\n\n<p class=\"has-drop-cap\">Une satire sociale d\u00e9jant\u00e9e o\u00f9 se croisent dans une galerie comique, 16 personnages. 12 sketchs caustiques, bienveillants, po\u00e9tiques. Des personnages bavards, \u00e9nergiques, remplis d&rsquo;\u00e9motions. <br>Le th\u00e8me du spectacle : \u00ab\u00a0Se nourrir du rire, c&rsquo;est dig\u00e9rer le pire\u00a0\u00bb. <br>Dans La Petite Boucherie du Bonheur, l&rsquo;acteur se transcende par une performance physique et plastique \u00e0 travers une penderie de boucher&#8230; C&rsquo;est avec une pr\u00e9cision de jeu chirurgical que Thierry H\u00e9riteau d\u00e9peint les paradoxes de la b\u00eate humaine dans cette satire de la soci\u00e9t\u00e9.<\/p>\n\n\n\n<p class=\"has-black-color has-text-color has-link-color has-small-font-size wp-elements-8c6435d7b09badc82e5c4a30682d58b7\"><em><strong>Tout public<\/strong><\/em><\/p>\n\n\n\n<hr class=\"wp-block-separator has-alpha-channel-opacity\"\/>\n\n\n\n<p class=\"has-text-color has-link-color has-small-font-size wp-elements-54f33dbce7a5a94f9ae39a2e6ff962fd\" style=\"color:#9b0000\"><strong><em>Jou\u00e9e plus de 280 fois. <br>Complet au festival d&rsquo;Avignon 2022, 2023 et 2024. <br>Succ\u00e8s au Festival International de l&rsquo;humour de Li\u00e8ge en Belgique.<\/em><\/strong><\/p>\n\n\n\n<hr class=\"wp-block-separator has-alpha-channel-opacity\"\/>\n\n\n\n<div class=\"wp-block-columns is-layout-flex wp-container-core-columns-is-layout-9d6595d7 wp-block-columns-is-layout-flex\">\n<div class=\"wp-block-column is-layout-flow wp-block-column-is-layout-flow\" style=\"flex-basis:100%\">\n<figure class=\"wp-block-gallery aligncenter has-nested-images columns-4 is-cropped wp-block-gallery-1 is-layout-flex wp-block-gallery-is-layout-flex\">\n<figure class=\"wp-block-image size-full\"><img loading=\"lazy\" decoding=\"async\" width=\"350\" height=\"350\" data-id=\"6952\" src=\"https:\/\/lejonchet.fr\/wp-content\/uploads\/2024\/11\/Im03-4.jpg\" alt=\"\" class=\"wp-image-6952\" srcset=\"https:\/\/lejonchet.fr\/wp-content\/uploads\/2024\/11\/Im03-4.jpg 350w, https:\/\/lejonchet.fr\/wp-content\/uploads\/2024\/11\/Im03-4-300x300.jpg 300w, https:\/\/lejonchet.fr\/wp-content\/uploads\/2024\/11\/Im03-4-150x150.jpg 150w\" sizes=\"auto, (max-width: 350px) 100vw, 350px\" \/><\/figure>\n\n\n\n<figure class=\"wp-block-image size-full\"><img loading=\"lazy\" decoding=\"async\" width=\"350\" height=\"350\" data-id=\"6953\" src=\"https:\/\/lejonchet.fr\/wp-content\/uploads\/2024\/11\/Im04-5.jpg\" alt=\"\" class=\"wp-image-6953\" srcset=\"https:\/\/lejonchet.fr\/wp-content\/uploads\/2024\/11\/Im04-5.jpg 350w, https:\/\/lejonchet.fr\/wp-content\/uploads\/2024\/11\/Im04-5-300x300.jpg 300w, https:\/\/lejonchet.fr\/wp-content\/uploads\/2024\/11\/Im04-5-150x150.jpg 150w\" sizes=\"auto, (max-width: 350px) 100vw, 350px\" \/><\/figure>\n\n\n\n<figure class=\"wp-block-image size-full\"><img loading=\"lazy\" decoding=\"async\" width=\"350\" height=\"350\" data-id=\"6954\" src=\"https:\/\/lejonchet.fr\/wp-content\/uploads\/2024\/11\/Im05-5.jpg\" alt=\"\" class=\"wp-image-6954\" srcset=\"https:\/\/lejonchet.fr\/wp-content\/uploads\/2024\/11\/Im05-5.jpg 350w, https:\/\/lejonchet.fr\/wp-content\/uploads\/2024\/11\/Im05-5-300x300.jpg 300w, https:\/\/lejonchet.fr\/wp-content\/uploads\/2024\/11\/Im05-5-150x150.jpg 150w\" sizes=\"auto, (max-width: 350px) 100vw, 350px\" \/><\/figure>\n\n\n\n<figure class=\"wp-block-image size-large\"><img loading=\"lazy\" decoding=\"async\" width=\"350\" height=\"350\" data-id=\"6955\" src=\"https:\/\/lejonchet.fr\/wp-content\/uploads\/2024\/11\/Im06-3.jpg\" alt=\"\" class=\"wp-image-6955\" srcset=\"https:\/\/lejonchet.fr\/wp-content\/uploads\/2024\/11\/Im06-3.jpg 350w, https:\/\/lejonchet.fr\/wp-content\/uploads\/2024\/11\/Im06-3-300x300.jpg 300w, https:\/\/lejonchet.fr\/wp-content\/uploads\/2024\/11\/Im06-3-150x150.jpg 150w\" sizes=\"auto, (max-width: 350px) 100vw, 350px\" \/><\/figure>\n\n\n\n<figure class=\"wp-block-image size-large\"><img loading=\"lazy\" decoding=\"async\" width=\"420\" height=\"595\" data-id=\"6956\" src=\"https:\/\/lejonchet.fr\/wp-content\/uploads\/2024\/11\/Im07-1.jpg\" alt=\"\" class=\"wp-image-6956\" srcset=\"https:\/\/lejonchet.fr\/wp-content\/uploads\/2024\/11\/Im07-1.jpg 420w, https:\/\/lejonchet.fr\/wp-content\/uploads\/2024\/11\/Im07-1-212x300.jpg 212w\" sizes=\"auto, (max-width: 420px) 100vw, 420px\" \/><\/figure>\n\n\n\n<figure class=\"wp-block-image size-large\"><img loading=\"lazy\" decoding=\"async\" width=\"420\" height=\"511\" data-id=\"6957\" src=\"https:\/\/lejonchet.fr\/wp-content\/uploads\/2024\/11\/Im08.jpg\" alt=\"\" class=\"wp-image-6957\" srcset=\"https:\/\/lejonchet.fr\/wp-content\/uploads\/2024\/11\/Im08.jpg 420w, https:\/\/lejonchet.fr\/wp-content\/uploads\/2024\/11\/Im08-247x300.jpg 247w\" sizes=\"auto, (max-width: 420px) 100vw, 420px\" \/><\/figure>\n<\/figure>\n<\/div>\n<\/div>\n\n\n\n<figure class=\"wp-block-embed is-type-video is-provider-youtube wp-block-embed-youtube wp-embed-aspect-16-9 wp-has-aspect-ratio\"><div class=\"wp-block-embed__wrapper\">\n<iframe loading=\"lazy\" title=\"Spectacle &quot;La Petite Boucherie Du Bonheur&quot; - Thierry H\u00e9riteau (Teaser officiel)\" width=\"980\" height=\"551\" src=\"https:\/\/www.youtube.com\/embed\/wgd2-AbCR4E?feature=oembed\" frameborder=\"0\" allow=\"accelerometer; autoplay; clipboard-write; encrypted-media; gyroscope; picture-in-picture; web-share\" referrerpolicy=\"strict-origin-when-cross-origin\" allowfullscreen><\/iframe>\n<\/div><\/figure>\n\n\n\n<p><\/p>\n\n\n\n<div class=\"wp-block-buttons is-content-justification-right is-layout-flex wp-container-core-buttons-is-layout-765c4724 wp-block-buttons-is-layout-flex\">\n<div class=\"wp-block-button is-style-fill\"><a class=\"wp-block-button__link has-luminous-vivid-amber-background-color has-background has-text-align-right wp-element-button\" href=\"https:\/\/lejonchet.fr\/index.php\/events\/laboucherie\/\"><strong><em>R\u00e9servation<\/em><\/strong><\/a><\/div>\n<\/div>\n\n\n\n<p><\/p>\n","protected":false},"excerpt":{"rendered":"<p>La petite boucherie du bonheur RESERVATIONS :Vendredi 14 mars 2025 \u00e0 20h30 de et par Thierry H\u00e9riteau par La Compagnie Le Pitre Sage Mise en sc\u00e8ne Thierry H\u00e9riteau et Guy Blanchard Une satire sociale d\u00e9jant\u00e9e o\u00f9 se croisent dans une galerie comique, 16 personnages. 12 sketchs caustiques, bienveillants, po\u00e9tiques. Des personnages bavards, \u00e9nergiques, remplis d&rsquo;\u00e9motions. [&hellip;]<\/p>\n","protected":false},"author":1,"featured_media":0,"parent":0,"menu_order":0,"comment_status":"closed","ping_status":"closed","template":"","meta":{"footnotes":""},"class_list":["post-6950","page","type-page","status-publish","hentry"],"_links":{"self":[{"href":"https:\/\/lejonchet.fr\/index.php\/wp-json\/wp\/v2\/pages\/6950","targetHints":{"allow":["GET"]}}],"collection":[{"href":"https:\/\/lejonchet.fr\/index.php\/wp-json\/wp\/v2\/pages"}],"about":[{"href":"https:\/\/lejonchet.fr\/index.php\/wp-json\/wp\/v2\/types\/page"}],"author":[{"embeddable":true,"href":"https:\/\/lejonchet.fr\/index.php\/wp-json\/wp\/v2\/users\/1"}],"replies":[{"embeddable":true,"href":"https:\/\/lejonchet.fr\/index.php\/wp-json\/wp\/v2\/comments?post=6950"}],"version-history":[{"count":9,"href":"https:\/\/lejonchet.fr\/index.php\/wp-json\/wp\/v2\/pages\/6950\/revisions"}],"predecessor-version":[{"id":7518,"href":"https:\/\/lejonchet.fr\/index.php\/wp-json\/wp\/v2\/pages\/6950\/revisions\/7518"}],"wp:attachment":[{"href":"https:\/\/lejonchet.fr\/index.php\/wp-json\/wp\/v2\/media?parent=6950"}],"curies":[{"name":"wp","href":"https:\/\/api.w.org\/{rel}","templated":true}]}}