{"id":6896,"date":"2024-11-06T17:50:56","date_gmt":"2024-11-06T16:50:56","guid":{"rendered":"https:\/\/lejonchet.fr\/?page_id=6896"},"modified":"2024-11-25T18:21:21","modified_gmt":"2024-11-25T17:21:21","slug":"theatre-43","status":"publish","type":"page","link":"https:\/\/lejonchet.fr\/index.php\/theatre-43\/","title":{"rendered":"Th\u00e9\u00e2tre"},"content":{"rendered":"\n<p class=\"has-vivid-red-color has-text-color\" style=\"font-size:40px\"><strong><em>Magdalena<\/em><\/strong><\/p>\n\n\n\n<figure class=\"wp-block-table alignright\"><table class=\"has-background\" style=\"background-color:#e7f5fe\"><tbody><tr><td class=\"has-text-align-right\" data-align=\"right\">RESERVATIONS :<br><strong><a href=\"https:\/\/lejonchet.fr\/index.php\/events\/magdalena\/\">Vendredi 7 f\u00e9vrier 2025 \u00e0 20h30<\/a><\/strong><\/td><\/tr><\/tbody><\/table><\/figure>\n\n\n\n<p><em>Par <strong>La Cie A l&rsquo;Art V\u00f4tre<\/strong><br>Avec <strong>Sarah Larsonneau <\/strong><br>Mise en sc\u00e8ne <strong>Elliot Castan<\/strong><\/em><\/p>\n\n\n\n<figure class=\"wp-block-image size-large\"><img loading=\"lazy\" decoding=\"async\" width=\"1024\" height=\"219\" src=\"https:\/\/lejonchet.fr\/wp-content\/uploads\/2024\/11\/Magda02-1024x219.jpg\" alt=\"\" class=\"wp-image-6898\" srcset=\"https:\/\/lejonchet.fr\/wp-content\/uploads\/2024\/11\/Magda02-1024x219.jpg 1024w, https:\/\/lejonchet.fr\/wp-content\/uploads\/2024\/11\/Magda02-300x64.jpg 300w, https:\/\/lejonchet.fr\/wp-content\/uploads\/2024\/11\/Magda02-768x164.jpg 768w, https:\/\/lejonchet.fr\/wp-content\/uploads\/2024\/11\/Magda02-690x148.jpg 690w, https:\/\/lejonchet.fr\/wp-content\/uploads\/2024\/11\/Magda02-980x210.jpg 980w, https:\/\/lejonchet.fr\/wp-content\/uploads\/2024\/11\/Magda02.jpg 1200w\" sizes=\"auto, (max-width: 1024px) 100vw, 1024px\" \/><\/figure>\n\n\n\n<p><\/p>\n\n\n\n<p class=\"has-drop-cap\">\u201cMagdalena\u201d est un seule-en-sc\u00e8ne qui retrace la vie de Magdalena Solis, une tueuse en s\u00e9rie mexicaine ayant commis plusieurs meurtres dans les ann\u00e9es 1960 dans le village de Yerba Buena.<br>Magdalena et son fr\u00e8re se sont joints \u00e0 un faux culte inca dont les initiateurs, Santos et Cayetano Hernandez, for\u00e7aient tout un village de pauvres mexicains \u00e0 se plier \u00e0 leurs moindres d\u00e9sirs.<br>Les organisateurs ont pr\u00e9sent\u00e9 Magdalena comme \u00e9tant la r\u00e9incarnation d\u2019une d\u00e9esse venue sp\u00e9cialement pour restaurer leur foi, ce qu\u2019elle a fait, ayant r\u00e9ussi \u00e0 retourner tous les cerveaux des habitants de Yerba Buena.<br>Le spectacle va retracer tous les moments sombres de sa vie avant, pendant et apr\u00e8s les \u00e9v\u00e9nements dans le village, puisqu\u2019au moment du spectacle, Magdalena est en prison.<br>Bienvenue au Mexique et dans la t\u00eate de Magdalena.<\/p>\n\n\n\n<p class=\"has-small-font-size\"><strong><em>D\u00e9conseill\u00e9 au moins de 16 ans<\/em><\/strong>.<\/p>\n\n\n\n<div class=\"wp-block-columns is-layout-flex wp-container-core-columns-is-layout-9d6595d7 wp-block-columns-is-layout-flex\">\n<div class=\"wp-block-column is-layout-flow wp-block-column-is-layout-flow\" style=\"flex-basis:100%\">\n<figure class=\"wp-block-gallery aligncenter has-nested-images columns-3 is-cropped wp-block-gallery-1 is-layout-flex wp-block-gallery-is-layout-flex\">\n<figure class=\"wp-block-image size-full\"><img loading=\"lazy\" decoding=\"async\" width=\"500\" height=\"500\" data-id=\"6903\" src=\"https:\/\/lejonchet.fr\/wp-content\/uploads\/2024\/11\/Magda03-1.jpg\" alt=\"\" class=\"wp-image-6903\" srcset=\"https:\/\/lejonchet.fr\/wp-content\/uploads\/2024\/11\/Magda03-1.jpg 500w, https:\/\/lejonchet.fr\/wp-content\/uploads\/2024\/11\/Magda03-1-300x300.jpg 300w, https:\/\/lejonchet.fr\/wp-content\/uploads\/2024\/11\/Magda03-1-150x150.jpg 150w\" sizes=\"auto, (max-width: 500px) 100vw, 500px\" \/><\/figure>\n\n\n\n<figure class=\"wp-block-image size-full\"><img loading=\"lazy\" decoding=\"async\" width=\"500\" height=\"500\" data-id=\"6901\" src=\"https:\/\/lejonchet.fr\/wp-content\/uploads\/2024\/11\/Magda04.jpg\" alt=\"\" class=\"wp-image-6901\" srcset=\"https:\/\/lejonchet.fr\/wp-content\/uploads\/2024\/11\/Magda04.jpg 500w, https:\/\/lejonchet.fr\/wp-content\/uploads\/2024\/11\/Magda04-300x300.jpg 300w, https:\/\/lejonchet.fr\/wp-content\/uploads\/2024\/11\/Magda04-150x150.jpg 150w\" sizes=\"auto, (max-width: 500px) 100vw, 500px\" \/><\/figure>\n\n\n\n<figure class=\"wp-block-image size-full\"><img loading=\"lazy\" decoding=\"async\" width=\"460\" height=\"460\" data-id=\"6905\" src=\"https:\/\/lejonchet.fr\/wp-content\/uploads\/2024\/11\/Magda07.jpg.png\" alt=\"\" class=\"wp-image-6905\" srcset=\"https:\/\/lejonchet.fr\/wp-content\/uploads\/2024\/11\/Magda07.jpg.png 460w, https:\/\/lejonchet.fr\/wp-content\/uploads\/2024\/11\/Magda07.jpg-300x300.png 300w, https:\/\/lejonchet.fr\/wp-content\/uploads\/2024\/11\/Magda07.jpg-150x150.png 150w\" sizes=\"auto, (max-width: 460px) 100vw, 460px\" \/><\/figure>\n<\/figure>\n<\/div>\n<\/div>\n\n\n\n<figure class=\"wp-block-embed is-type-video is-provider-youtube wp-block-embed-youtube wp-embed-aspect-16-9 wp-has-aspect-ratio\"><div class=\"wp-block-embed__wrapper\">\n<iframe loading=\"lazy\" title=\"TEASER MAGDALENA\" width=\"980\" height=\"551\" src=\"https:\/\/www.youtube.com\/embed\/2KXRz9wQ5uU?feature=oembed\" frameborder=\"0\" allow=\"accelerometer; autoplay; clipboard-write; encrypted-media; gyroscope; picture-in-picture; web-share\" referrerpolicy=\"strict-origin-when-cross-origin\" allowfullscreen><\/iframe>\n<\/div><\/figure>\n\n\n\n<div class=\"wp-block-buttons is-content-justification-right is-layout-flex wp-container-core-buttons-is-layout-765c4724 wp-block-buttons-is-layout-flex\">\n<div class=\"wp-block-button has-custom-width wp-block-button__width-25\"><a class=\"wp-block-button__link has-luminous-vivid-amber-background-color has-background wp-element-button\" href=\"https:\/\/lejonchet.fr\/index.php\/events\/magdalena\/\" style=\"border-radius:100px\">R\u00e9servation<\/a><\/div>\n<\/div>\n\n\n\n<p><\/p>\n","protected":false},"excerpt":{"rendered":"<p>Magdalena RESERVATIONS :Vendredi 7 f\u00e9vrier 2025 \u00e0 20h30 Par La Cie A l&rsquo;Art V\u00f4treAvec Sarah Larsonneau Mise en sc\u00e8ne Elliot Castan \u201cMagdalena\u201d est un seule-en-sc\u00e8ne qui retrace la vie de Magdalena Solis, une tueuse en s\u00e9rie mexicaine ayant commis plusieurs meurtres dans les ann\u00e9es 1960 dans le village de Yerba Buena.Magdalena et son fr\u00e8re se [&hellip;]<\/p>\n","protected":false},"author":1,"featured_media":0,"parent":0,"menu_order":0,"comment_status":"closed","ping_status":"closed","template":"","meta":{"footnotes":""},"class_list":["post-6896","page","type-page","status-publish","hentry"],"_links":{"self":[{"href":"https:\/\/lejonchet.fr\/index.php\/wp-json\/wp\/v2\/pages\/6896","targetHints":{"allow":["GET"]}}],"collection":[{"href":"https:\/\/lejonchet.fr\/index.php\/wp-json\/wp\/v2\/pages"}],"about":[{"href":"https:\/\/lejonchet.fr\/index.php\/wp-json\/wp\/v2\/types\/page"}],"author":[{"embeddable":true,"href":"https:\/\/lejonchet.fr\/index.php\/wp-json\/wp\/v2\/users\/1"}],"replies":[{"embeddable":true,"href":"https:\/\/lejonchet.fr\/index.php\/wp-json\/wp\/v2\/comments?post=6896"}],"version-history":[{"count":7,"href":"https:\/\/lejonchet.fr\/index.php\/wp-json\/wp\/v2\/pages\/6896\/revisions"}],"predecessor-version":[{"id":7106,"href":"https:\/\/lejonchet.fr\/index.php\/wp-json\/wp\/v2\/pages\/6896\/revisions\/7106"}],"wp:attachment":[{"href":"https:\/\/lejonchet.fr\/index.php\/wp-json\/wp\/v2\/media?parent=6896"}],"curies":[{"name":"wp","href":"https:\/\/api.w.org\/{rel}","templated":true}]}}