{"id":6805,"date":"2024-11-05T18:34:34","date_gmt":"2024-11-05T17:34:34","guid":{"rendered":"https:\/\/lejonchet.fr\/?page_id=6805"},"modified":"2025-01-20T18:23:02","modified_gmt":"2025-01-20T17:23:02","slug":"theatre-42","status":"publish","type":"page","link":"https:\/\/lejonchet.fr\/index.php\/theatre-42\/","title":{"rendered":"Th\u00e9\u00e2tre"},"content":{"rendered":"\n<p class=\"has-vivid-red-color has-text-color\" style=\"font-size:40px\"><strong><em>Le chat de Moli\u00e8re<\/em><\/strong><\/p>\n\n\n\n<figure class=\"wp-block-table alignright\"><table class=\"has-background\" style=\"background-color:#e7f5fe\"><tbody><tr><td class=\"has-text-align-right\" data-align=\"right\">RESERVATIONS :<br><strong><a href=\"https:\/\/lejonchet.fr\/index.php\/events\/le-chat\/\">Dimanche 6 avril 2025 \u00e0 15h30<\/a><\/strong><\/td><\/tr><\/tbody><\/table><\/figure>\n\n\n\n<p><em>de <strong>G\u00e9rard Linsolas <\/strong><br>par <strong>La Compagnie du B\u00e9lier<\/strong> <br>avec <strong>G\u00e9rard Linsolas <\/strong><\/em><\/p>\n\n\n\n<figure class=\"wp-block-image size-large\"><img loading=\"lazy\" decoding=\"async\" width=\"1024\" height=\"259\" src=\"https:\/\/lejonchet.fr\/wp-content\/uploads\/2024\/11\/Im02-2-1024x259.jpg\" alt=\"\" class=\"wp-image-6806\" srcset=\"https:\/\/lejonchet.fr\/wp-content\/uploads\/2024\/11\/Im02-2-1024x259.jpg 1024w, https:\/\/lejonchet.fr\/wp-content\/uploads\/2024\/11\/Im02-2-300x76.jpg 300w, https:\/\/lejonchet.fr\/wp-content\/uploads\/2024\/11\/Im02-2-768x194.jpg 768w, https:\/\/lejonchet.fr\/wp-content\/uploads\/2024\/11\/Im02-2-690x174.jpg 690w, https:\/\/lejonchet.fr\/wp-content\/uploads\/2024\/11\/Im02-2-980x247.jpg 980w, https:\/\/lejonchet.fr\/wp-content\/uploads\/2024\/11\/Im02-2.jpg 1200w\" sizes=\"auto, (max-width: 1024px) 100vw, 1024px\" \/><\/figure>\n\n\n\n<p><\/p>\n\n\n\n<p class=\"has-drop-cap\">L&rsquo;homme assis dans un fauteuil de style Louis XIII pr\u00e9tend \u00eatre le chat de Moli\u00e8re r\u00e9incarn\u00e9. Un chat ayant plusieurs vies, il a \u00e9chang\u00e9 une de celles-ci avec son dieu Ailouros afin d&rsquo;\u00eatre pr\u00e9sent ce soir sur sc\u00e8ne et r\u00e9tablir la v\u00e9rit\u00e9.&nbsp;Car au m\u00eame titre que son cousin Gagliuso, le chat bott\u00e9, a fait d&rsquo;un paysan le marquis de Carabas, lui a fait Moli\u00e8re.&nbsp;<br>Nous allons suivre les p\u00e9r\u00e9grinations de ce chat depuis la cr\u00e9ation de l&rsquo;Illustre th\u00e9\u00e2tre jusqu&rsquo;au&nbsp;<em>Malade imaginaire<\/em>. Il va nous raconter comment il a \u00e9lev\u00e9 un modeste tapissier au rang de plus grand dramaturge fran\u00e7ais.<\/p>\n\n\n\n<p>Mais pouvons nous nous fier \u00e0 la parole d&rsquo;un chat&nbsp;? Il n&rsquo;y a que dans les fables de La Fontaine o\u00f9 l&rsquo;on peut voir des animaux qui parlent. \u00c0 moins que ce ne soit Moli\u00e8re lui-m\u00eame qui se joue de nous, une derni\u00e8re fois, avant la quatri\u00e8me repr\u00e9sentation du&nbsp;<em>Malade imaginaire<\/em>&nbsp;?<\/p>\n\n\n\n<div class=\"wp-block-columns is-layout-flex wp-container-core-columns-is-layout-9d6595d7 wp-block-columns-is-layout-flex\">\n<div class=\"wp-block-column is-layout-flow wp-block-column-is-layout-flow\" style=\"flex-basis:100%\">\n<figure class=\"wp-block-gallery aligncenter has-nested-images columns-3 is-cropped wp-block-gallery-1 is-layout-flex wp-block-gallery-is-layout-flex\">\n<figure class=\"wp-block-image size-full\"><img loading=\"lazy\" decoding=\"async\" width=\"600\" height=\"600\" data-id=\"6807\" src=\"https:\/\/lejonchet.fr\/wp-content\/uploads\/2024\/11\/Im03-1.jpg\" alt=\"\" class=\"wp-image-6807\" srcset=\"https:\/\/lejonchet.fr\/wp-content\/uploads\/2024\/11\/Im03-1.jpg 600w, https:\/\/lejonchet.fr\/wp-content\/uploads\/2024\/11\/Im03-1-300x300.jpg 300w, https:\/\/lejonchet.fr\/wp-content\/uploads\/2024\/11\/Im03-1-150x150.jpg 150w\" sizes=\"auto, (max-width: 600px) 100vw, 600px\" \/><figcaption class=\"wp-element-caption\"><em>S\u00e9ance de travail. Lecture publique<\/em>.<\/figcaption><\/figure>\n\n\n\n<figure class=\"wp-block-image size-full\"><img loading=\"lazy\" decoding=\"async\" width=\"600\" height=\"600\" data-id=\"6808\" src=\"https:\/\/lejonchet.fr\/wp-content\/uploads\/2024\/11\/Im04-2.jpg\" alt=\"\" class=\"wp-image-6808\" srcset=\"https:\/\/lejonchet.fr\/wp-content\/uploads\/2024\/11\/Im04-2.jpg 600w, https:\/\/lejonchet.fr\/wp-content\/uploads\/2024\/11\/Im04-2-300x300.jpg 300w, https:\/\/lejonchet.fr\/wp-content\/uploads\/2024\/11\/Im04-2-150x150.jpg 150w\" sizes=\"auto, (max-width: 600px) 100vw, 600px\" \/><\/figure>\n<\/figure>\n<\/div>\n<\/div>\n\n\n\n<figure class=\"wp-block-embed is-type-video is-provider-youtube wp-block-embed-youtube wp-embed-aspect-16-9 wp-has-aspect-ratio\"><div class=\"wp-block-embed__wrapper\">\n<iframe loading=\"lazy\" title=\"TEASER LE CHAT DE MOLIERE VA\" width=\"980\" height=\"551\" src=\"https:\/\/www.youtube.com\/embed\/7AD9_vbK0VQ?feature=oembed\" frameborder=\"0\" allow=\"accelerometer; autoplay; clipboard-write; encrypted-media; gyroscope; picture-in-picture; web-share\" referrerpolicy=\"strict-origin-when-cross-origin\" allowfullscreen><\/iframe>\n<\/div><\/figure>\n\n\n\n<p><\/p>\n\n\n\n<div class=\"wp-block-buttons is-content-justification-right is-layout-flex wp-container-core-buttons-is-layout-765c4724 wp-block-buttons-is-layout-flex\">\n<div class=\"wp-block-button has-custom-width wp-block-button__width-25\"><a class=\"wp-block-button__link has-white-color has-luminous-vivid-amber-background-color has-text-color has-background has-link-color wp-element-button\" href=\"https:\/\/lejonchet.fr\/index.php\/events\/le-chat\/\" style=\"border-radius:100px\">R\u00e9servation&#8230;<\/a><\/div>\n<\/div>\n","protected":false},"excerpt":{"rendered":"<p>Le chat de Moli\u00e8re RESERVATIONS :Dimanche 6 avril 2025 \u00e0 15h30 de G\u00e9rard Linsolas par La Compagnie du B\u00e9lier avec G\u00e9rard Linsolas L&rsquo;homme assis dans un fauteuil de style Louis XIII pr\u00e9tend \u00eatre le chat de Moli\u00e8re r\u00e9incarn\u00e9. Un chat ayant plusieurs vies, il a \u00e9chang\u00e9 une de celles-ci avec son dieu Ailouros afin d&rsquo;\u00eatre [&hellip;]<\/p>\n","protected":false},"author":1,"featured_media":0,"parent":0,"menu_order":0,"comment_status":"closed","ping_status":"closed","template":"","meta":{"footnotes":""},"class_list":["post-6805","page","type-page","status-publish","hentry"],"_links":{"self":[{"href":"https:\/\/lejonchet.fr\/index.php\/wp-json\/wp\/v2\/pages\/6805","targetHints":{"allow":["GET"]}}],"collection":[{"href":"https:\/\/lejonchet.fr\/index.php\/wp-json\/wp\/v2\/pages"}],"about":[{"href":"https:\/\/lejonchet.fr\/index.php\/wp-json\/wp\/v2\/types\/page"}],"author":[{"embeddable":true,"href":"https:\/\/lejonchet.fr\/index.php\/wp-json\/wp\/v2\/users\/1"}],"replies":[{"embeddable":true,"href":"https:\/\/lejonchet.fr\/index.php\/wp-json\/wp\/v2\/comments?post=6805"}],"version-history":[{"count":6,"href":"https:\/\/lejonchet.fr\/index.php\/wp-json\/wp\/v2\/pages\/6805\/revisions"}],"predecessor-version":[{"id":7376,"href":"https:\/\/lejonchet.fr\/index.php\/wp-json\/wp\/v2\/pages\/6805\/revisions\/7376"}],"wp:attachment":[{"href":"https:\/\/lejonchet.fr\/index.php\/wp-json\/wp\/v2\/media?parent=6805"}],"curies":[{"name":"wp","href":"https:\/\/api.w.org\/{rel}","templated":true}]}}