{"id":6545,"date":"2024-10-31T11:41:55","date_gmt":"2024-10-31T10:41:55","guid":{"rendered":"https:\/\/lejonchet.fr\/?page_id=6545"},"modified":"2025-02-03T10:03:20","modified_gmt":"2025-02-03T09:03:20","slug":"mentalisme-et-magie","status":"publish","type":"page","link":"https:\/\/lejonchet.fr\/index.php\/mentalisme-et-magie\/","title":{"rendered":"Mentalisme et magie"},"content":{"rendered":"\n<figure class=\"wp-block-table alignright\" style=\"font-size:16px\"><table class=\"has-background\" style=\"background-color:#e7f5fe\"><tbody><tr><td class=\"has-text-align-right\" data-align=\"right\">RESERVATIONS :<strong><mark style=\"background-color:rgba(0, 0, 0, 0)\" class=\"has-inline-color has-vivid-cyan-blue-color\"><br><\/mark><\/strong> <a href=\"https:\/\/lejonchet.fr\/index.php\/events\/les-mysteres-du-vin\/\"><strong>Dimanche 2 novembre 2025 \u00e0 15H30<\/strong><\/a><\/td><\/tr><\/tbody><\/table><\/figure>\n\n\n\n<p class=\"has-vivid-red-color has-text-color\" style=\"font-size:40px\"><strong>Les myst\u00e8res du vin<\/strong><\/p>\n\n\n\n<p class=\"has-small-font-size\">Par <strong>Pascal Faidy<\/strong><\/p>\n\n\n\n<figure class=\"wp-block-image size-full\"><img loading=\"lazy\" decoding=\"async\" width=\"1024\" height=\"219\" src=\"https:\/\/lejonchet.fr\/wp-content\/uploads\/2024\/10\/Im02-1.jpg\" alt=\"\" class=\"wp-image-6547\" srcset=\"https:\/\/lejonchet.fr\/wp-content\/uploads\/2024\/10\/Im02-1.jpg 1024w, https:\/\/lejonchet.fr\/wp-content\/uploads\/2024\/10\/Im02-1-300x64.jpg 300w, https:\/\/lejonchet.fr\/wp-content\/uploads\/2024\/10\/Im02-1-768x164.jpg 768w, https:\/\/lejonchet.fr\/wp-content\/uploads\/2024\/10\/Im02-1-690x148.jpg 690w, https:\/\/lejonchet.fr\/wp-content\/uploads\/2024\/10\/Im02-1-980x210.jpg 980w\" sizes=\"auto, (max-width: 1024px) 100vw, 1024px\" \/><\/figure>\n\n\n\n<p class=\"has-small-font-size\"><\/p>\n\n\n\n<p class=\"has-drop-cap\">Pascal Faidy r\u00e9alise des exp\u00e9riences psychologiques incroyables, influence le public, retrouve un c\u00e9page choisi par un spectateur, devine son vin pr\u00e9f\u00e9r\u00e9, et va m\u00eame jusqu&rsquo;\u00e0 offrir son pouvoir de mentaliste au public ! Mais peut-il transformer l&rsquo;eau en vin ?<\/p>\n\n\n\n<p>Avec humour et myst\u00e8re, il vous fait d\u00e9couvrir l&rsquo;art du vigneron, la psychologie du sommelier, la persuasion du n\u00e9gociant, les cinq sens de l&rsquo;oenologue&#8230;<\/p>\n\n\n\n<p>Le mentaliste guide son auditoire dans l&rsquo;univers de la viticulture tout en jouant avec son esprit.<\/p>\n\n\n\n<figure class=\"wp-block-gallery aligncenter has-nested-images columns-4 is-cropped wp-block-gallery-1 is-layout-flex wp-block-gallery-is-layout-flex\">\n<figure class=\"wp-block-image size-full\"><img loading=\"lazy\" decoding=\"async\" width=\"434\" height=\"434\" data-id=\"6553\" src=\"https:\/\/lejonchet.fr\/wp-content\/uploads\/2024\/10\/Im03-2.jpg\" alt=\"\" class=\"wp-image-6553\" srcset=\"https:\/\/lejonchet.fr\/wp-content\/uploads\/2024\/10\/Im03-2.jpg 434w, https:\/\/lejonchet.fr\/wp-content\/uploads\/2024\/10\/Im03-2-300x300.jpg 300w, https:\/\/lejonchet.fr\/wp-content\/uploads\/2024\/10\/Im03-2-150x150.jpg 150w\" sizes=\"auto, (max-width: 434px) 100vw, 434px\" \/><\/figure>\n\n\n\n<figure class=\"wp-block-image size-full\"><img loading=\"lazy\" decoding=\"async\" width=\"960\" height=\"687\" data-id=\"6552\" src=\"https:\/\/lejonchet.fr\/wp-content\/uploads\/2024\/10\/Faidy02.png\" alt=\"\" class=\"wp-image-6552\" srcset=\"https:\/\/lejonchet.fr\/wp-content\/uploads\/2024\/10\/Faidy02.png 960w, https:\/\/lejonchet.fr\/wp-content\/uploads\/2024\/10\/Faidy02-300x215.png 300w, https:\/\/lejonchet.fr\/wp-content\/uploads\/2024\/10\/Faidy02-768x550.png 768w, https:\/\/lejonchet.fr\/wp-content\/uploads\/2024\/10\/Faidy02-690x494.png 690w\" sizes=\"auto, (max-width: 960px) 100vw, 960px\" \/><\/figure>\n\n\n\n<figure class=\"wp-block-image size-full\"><img loading=\"lazy\" decoding=\"async\" width=\"434\" height=\"434\" data-id=\"6554\" src=\"https:\/\/lejonchet.fr\/wp-content\/uploads\/2024\/10\/Im04-1.jpg\" alt=\"\" class=\"wp-image-6554\" srcset=\"https:\/\/lejonchet.fr\/wp-content\/uploads\/2024\/10\/Im04-1.jpg 434w, https:\/\/lejonchet.fr\/wp-content\/uploads\/2024\/10\/Im04-1-300x300.jpg 300w, https:\/\/lejonchet.fr\/wp-content\/uploads\/2024\/10\/Im04-1-150x150.jpg 150w\" sizes=\"auto, (max-width: 434px) 100vw, 434px\" \/><\/figure>\n\n\n\n<figure class=\"wp-block-image size-large\"><img loading=\"lazy\" decoding=\"async\" width=\"893\" height=\"801\" data-id=\"6555\" src=\"https:\/\/lejonchet.fr\/wp-content\/uploads\/2024\/10\/Faidy01.png\" alt=\"\" class=\"wp-image-6555\" srcset=\"https:\/\/lejonchet.fr\/wp-content\/uploads\/2024\/10\/Faidy01.png 893w, https:\/\/lejonchet.fr\/wp-content\/uploads\/2024\/10\/Faidy01-300x269.png 300w, https:\/\/lejonchet.fr\/wp-content\/uploads\/2024\/10\/Faidy01-768x689.png 768w, https:\/\/lejonchet.fr\/wp-content\/uploads\/2024\/10\/Faidy01-690x619.png 690w\" sizes=\"auto, (max-width: 893px) 100vw, 893px\" \/><\/figure>\n<\/figure>\n\n\n\n<figure class=\"wp-block-embed is-type-video is-provider-youtube wp-block-embed-youtube wp-embed-aspect-16-9 wp-has-aspect-ratio\"><div class=\"wp-block-embed__wrapper\">\n<iframe loading=\"lazy\" title=\"Spectacle LES MYSTE\u0300RES DU VIN - Pascal Faidy - Magicien Mentaliste - Bordeaux\" width=\"980\" height=\"551\" src=\"https:\/\/www.youtube.com\/embed\/sYzs4cAi6NA?start=9&#038;feature=oembed\" frameborder=\"0\" allow=\"accelerometer; autoplay; clipboard-write; encrypted-media; gyroscope; picture-in-picture; web-share\" referrerpolicy=\"strict-origin-when-cross-origin\" allowfullscreen><\/iframe>\n<\/div><\/figure>\n\n\n\n<p><\/p>\n\n\n\n<div class=\"wp-block-buttons is-content-justification-right is-layout-flex wp-container-core-buttons-is-layout-765c4724 wp-block-buttons-is-layout-flex\">\n<div class=\"wp-block-button alignright\"><a class=\"wp-block-button__link has-luminous-vivid-amber-background-color has-background has-text-align-left wp-element-button\" href=\"https:\/\/lejonchet.fr\/index.php\/events\/les-mysteres-du-vin\/\" style=\"border-radius:39px\">R\u00e9servation&#8230;<\/a><\/div>\n<\/div>\n\n\n\n<p><\/p>\n","protected":false},"excerpt":{"rendered":"<p>RESERVATIONS : Dimanche 2 novembre 2025 \u00e0 15H30 Les myst\u00e8res du vin Par Pascal Faidy Pascal Faidy r\u00e9alise des exp\u00e9riences psychologiques incroyables, influence le public, retrouve un c\u00e9page choisi par un spectateur, devine son vin pr\u00e9f\u00e9r\u00e9, et va m\u00eame jusqu&rsquo;\u00e0 offrir son pouvoir de mentaliste au public ! Mais peut-il transformer l&rsquo;eau en vin ? [&hellip;]<\/p>\n","protected":false},"author":1,"featured_media":0,"parent":0,"menu_order":0,"comment_status":"closed","ping_status":"closed","template":"","meta":{"footnotes":""},"class_list":["post-6545","page","type-page","status-publish","hentry"],"_links":{"self":[{"href":"https:\/\/lejonchet.fr\/index.php\/wp-json\/wp\/v2\/pages\/6545","targetHints":{"allow":["GET"]}}],"collection":[{"href":"https:\/\/lejonchet.fr\/index.php\/wp-json\/wp\/v2\/pages"}],"about":[{"href":"https:\/\/lejonchet.fr\/index.php\/wp-json\/wp\/v2\/types\/page"}],"author":[{"embeddable":true,"href":"https:\/\/lejonchet.fr\/index.php\/wp-json\/wp\/v2\/users\/1"}],"replies":[{"embeddable":true,"href":"https:\/\/lejonchet.fr\/index.php\/wp-json\/wp\/v2\/comments?post=6545"}],"version-history":[{"count":15,"href":"https:\/\/lejonchet.fr\/index.php\/wp-json\/wp\/v2\/pages\/6545\/revisions"}],"predecessor-version":[{"id":7391,"href":"https:\/\/lejonchet.fr\/index.php\/wp-json\/wp\/v2\/pages\/6545\/revisions\/7391"}],"wp:attachment":[{"href":"https:\/\/lejonchet.fr\/index.php\/wp-json\/wp\/v2\/media?parent=6545"}],"curies":[{"name":"wp","href":"https:\/\/api.w.org\/{rel}","templated":true}]}}