{"id":6355,"date":"2024-08-30T18:49:11","date_gmt":"2024-08-30T16:49:11","guid":{"rendered":"https:\/\/lejonchet.fr\/?page_id=6355"},"modified":"2025-09-07T13:25:19","modified_gmt":"2025-09-07T11:25:19","slug":"les-ateliers-theatre-du-mercredi","status":"publish","type":"page","link":"https:\/\/lejonchet.fr\/index.php\/les-ateliers-theatre-du-mercredi\/","title":{"rendered":"Les ateliers th\u00e9\u00e2tre du mercredi"},"content":{"rendered":"\n<div class=\"wp-block-columns is-layout-flex wp-container-core-columns-is-layout-9d6595d7 wp-block-columns-is-layout-flex\">\n<div class=\"wp-block-column is-vertically-aligned-top is-layout-flow wp-block-column-is-layout-flow\" style=\"flex-basis:100%\">\n<p class=\"has-vivid-red-color has-text-color has-large-font-size\" style=\"text-decoration:underline\"><strong><em>Enfants &amp; Adultes<\/em><\/strong><\/p>\n\n\n\n<p><em><strong>Au Th\u00e9\u00e2tre Le Jonchet (Cambes)<\/strong><\/em><\/p>\n\n\n\n<p style=\"font-size:18px\"><mark style=\"background-color:rgba(0, 0, 0, 0)\" class=\"has-inline-color has-vivid-red-color\"><strong>Tous les mercredis d&rsquo;octobre 2025 \u00e0 juin 2026, hors vacances scolaires (30 s\u00e9ances)<\/strong>. <\/mark><br><mark style=\"background-color:rgba(0, 0, 0, 0)\" class=\"has-inline-color has-vivid-red-color\">Cours d&rsquo;essai GRATUIT, le <strong>MERCREDI 01 OCTOBRE<\/strong><\/mark> au Th\u00e9\u00e2tre Le Jonchet.<\/p>\n\n\n\n<p>L&rsquo;Association <strong><em>\u00ab\u00a0ARKIDI\u00a0\u00bb<\/em><\/strong> propose une autre fa\u00e7on de pratiquer le th\u00e9\u00e2tre\u00a0: <strong>Cr\u00e9ation collective<\/strong> <strong>et<\/strong> <strong>Spectacle \u00e0 la cl\u00e9.<\/strong><\/p>\n\n\n\n<p>Chaque com\u00e9dien est guid\u00e9 pour trouver son expression corporelle et vocale vers une voie narrative et sc\u00e9nique. Avec des histoires qui se croisent, des personnages qui se construisent, ainsi s&rsquo;\u00e9crit une histoire, une sayn\u00e8te&#8230; avec comme moteur, l&rsquo;envie de passer un bon moment, ensemble. <br>Les cours s&rsquo;adaptent \u00e0 chaque public. <br>L&rsquo;objectif&nbsp;:&nbsp;Faire \u00e9voluer les com\u00e9diens individuellement dans un travail collectif avec un objectif commun qui se construit au fil des s\u00e9ances.<\/p>\n\n\n\n<p>Cette ann\u00e9e 3 ateliers sont propos\u00e9s : <br>&#8211; Atelier <strong>Enfants <\/strong>de 6 \u00e0 10 ans. Ecriture et mise en sc\u00e8ne par le groupe d&rsquo;enfants.<br>&#8211; Atelier <strong>Adultes <\/strong>pour l&rsquo;adaptation de la pi\u00e8ce de th\u00e9\u00e2tre <strong>Le Violoniste<\/strong> (\u00e9crite par Angella Cumin).<br>&#8211; Atelier <strong>Adultes Inter-cr\u00e9atif<\/strong> visant \u00e0 \u00e9crire et mettre en sc\u00e8ne collectivement une pi\u00e8ce de th\u00e9\u00e2tre.<\/p>\n\n\n\n<p class=\"has-text-align-center\"><strong><mark style=\"background-color:rgba(0, 0, 0, 0)\" class=\"has-inline-color has-vivid-red-color\">Repr\u00e9sentation(s) publique en fin d&rsquo;ann\u00e9e sur la sc\u00e8ne du Th\u00e9\u00e2tre Le Jonchet.<\/mark><\/strong><\/p>\n\n\n\n<figure class=\"wp-block-table\"><table class=\"has-background has-fixed-layout\" style=\"background-color:#dedede\"><tbody><tr><td><strong><mark style=\"background-color:rgba(0, 0, 0, 0)\" class=\"has-inline-color has-vivid-red-color\">HORAIRES ET TARIFS<\/mark><\/strong> <br><strong>&#8211;\u00a0ENFANTS<\/strong> (de 6 \u00e0 10 ans) : 30 ateliers le mercredi de 16h00 \u00e0 17h30\u00a0<strong>(300\u20ac*\/personne)<\/strong><br><strong>&#8211; ADULTES (Le Violoniste) :<\/strong> 30 ateliers le mercredi de 18h30 \u00e0 20h\u00a0<strong>(370\u20ac*\/personne)<\/strong><br><strong>&#8211; ADULTES Inter-cr\u00e9atif :<\/strong> 30 ateliers le mercredi de 20h30 \u00e0 22h30\u00a0<strong>(390\u20ac*\/personne)<\/strong><br>*\u00a0plus 20\u20ac d&rsquo;adh\u00e9sion annuelle \u00e0 l&rsquo;Association ANGEBULLE.<\/td><\/tr><\/tbody><\/table><\/figure>\n<\/div>\n<\/div>\n\n\n\n<p class=\"has-text-align-center\"><\/p>\n\n\n\n<p class=\"has-text-align-center\"><strong><em>&#8211; &#8211; o &#8211; &#8211;<\/em><\/strong><\/p>\n\n\n\n<p style=\"font-size:25px\"><strong>Les ateliers sont anim\u00e9s par&nbsp;: <\/strong><\/p>\n\n\n\n<div class=\"wp-block-media-text is-stacked-on-mobile is-vertically-aligned-top\" style=\"grid-template-columns:27% auto\"><figure class=\"wp-block-media-text__media\"><img loading=\"lazy\" decoding=\"async\" width=\"459\" height=\"459\" src=\"https:\/\/lejonchet.fr\/wp-content\/uploads\/2024\/09\/Angella-1.jpg\" alt=\"\" class=\"wp-image-6368 size-full\" srcset=\"https:\/\/lejonchet.fr\/wp-content\/uploads\/2024\/09\/Angella-1.jpg 459w, https:\/\/lejonchet.fr\/wp-content\/uploads\/2024\/09\/Angella-1-300x300.jpg 300w, https:\/\/lejonchet.fr\/wp-content\/uploads\/2024\/09\/Angella-1-150x150.jpg 150w\" sizes=\"auto, (max-width: 459px) 100vw, 459px\" \/><\/figure><div class=\"wp-block-media-text__content\">\n<p><em>\u00ab\u00a0Je m&rsquo;appelle <strong>Angela Cumin<\/strong>.<br>J&rsquo;ai rencontr\u00e9 le th\u00e9\u00e2tre \u00e0 8 ans. Plus qu&rsquo;une passion, je le&nbsp;&nbsp;consid\u00e8re comme une langue&nbsp;&nbsp;qui permet de raconter des histoires, de les partager, pour le plus grand bonheur des com\u00e9diens et du public.&nbsp;&nbsp;Il a toujours \u00e9t\u00e9 pr\u00e9sent dans mes exp\u00e9riences professionnelles aussi bien dans l&rsquo;animation,&nbsp;&nbsp;dans les entreprises, l&rsquo;\u00e9ducation sp\u00e9cialis\u00e9e et l&rsquo;universit\u00e9, consciente qu&rsquo;il peut aussi permettre de communiquer,&nbsp;de d\u00e9clencher des prises de consciences et de se d\u00e9passer. J&rsquo;ai jou\u00e9 au th\u00e9\u00e2tre de la Reine blanche et au th\u00e9\u00e2tre des Blancs Manteaux \u00e0 Paris. J&rsquo;ai donn\u00e9 des cours de th\u00e9\u00e2tre \u00e0 tout public. Depuis peu dans la r\u00e9gion, aujourd&rsquo;hui, je souhaite continuer cette belle aventure avec vous.\u00a0\u00bb<\/em><\/p>\n<\/div><\/div>\n\n\n\n<p class=\"has-text-align-center\"><strong><em>&#8211; &#8211; o &#8211; &#8211;<\/em><\/strong><\/p>\n\n\n\n<p class=\"has-text-align-center\"><strong><mark style=\"background-color:rgba(0, 0, 0, 0)\" class=\"has-inline-color has-vivid-red-color\">RENSEIGNEMENTS ET INSCRIPTIONS<\/mark><\/strong> <br><a href=\"mailto:angebulle@gmail.com\">angebulle@gmail.com<\/a>&nbsp;ou T\u00e9l&nbsp;: 07.70.88.19.54<\/p>\n\n\n\n<p><\/p>\n","protected":false},"excerpt":{"rendered":"<p>Enfants &amp; Adultes Au Th\u00e9\u00e2tre Le Jonchet (Cambes) Tous les mercredis d&rsquo;octobre 2025 \u00e0 juin 2026, hors vacances scolaires (30 s\u00e9ances). Cours d&rsquo;essai GRATUIT, le MERCREDI 01 OCTOBRE au Th\u00e9\u00e2tre Le Jonchet. L&rsquo;Association \u00ab\u00a0ARKIDI\u00a0\u00bb propose une autre fa\u00e7on de pratiquer le th\u00e9\u00e2tre\u00a0: Cr\u00e9ation collective et Spectacle \u00e0 la cl\u00e9. Chaque com\u00e9dien est guid\u00e9 pour trouver [&hellip;]<\/p>\n","protected":false},"author":1,"featured_media":0,"parent":0,"menu_order":0,"comment_status":"closed","ping_status":"closed","template":"","meta":{"footnotes":""},"class_list":["post-6355","page","type-page","status-publish","hentry"],"_links":{"self":[{"href":"https:\/\/lejonchet.fr\/index.php\/wp-json\/wp\/v2\/pages\/6355","targetHints":{"allow":["GET"]}}],"collection":[{"href":"https:\/\/lejonchet.fr\/index.php\/wp-json\/wp\/v2\/pages"}],"about":[{"href":"https:\/\/lejonchet.fr\/index.php\/wp-json\/wp\/v2\/types\/page"}],"author":[{"embeddable":true,"href":"https:\/\/lejonchet.fr\/index.php\/wp-json\/wp\/v2\/users\/1"}],"replies":[{"embeddable":true,"href":"https:\/\/lejonchet.fr\/index.php\/wp-json\/wp\/v2\/comments?post=6355"}],"version-history":[{"count":38,"href":"https:\/\/lejonchet.fr\/index.php\/wp-json\/wp\/v2\/pages\/6355\/revisions"}],"predecessor-version":[{"id":8324,"href":"https:\/\/lejonchet.fr\/index.php\/wp-json\/wp\/v2\/pages\/6355\/revisions\/8324"}],"wp:attachment":[{"href":"https:\/\/lejonchet.fr\/index.php\/wp-json\/wp\/v2\/media?parent=6355"}],"curies":[{"name":"wp","href":"https:\/\/api.w.org\/{rel}","templated":true}]}}