{"id":6210,"date":"2024-05-24T15:42:50","date_gmt":"2024-05-24T13:42:50","guid":{"rendered":"https:\/\/lejonchet.fr\/?page_id=6210"},"modified":"2024-05-27T16:14:07","modified_gmt":"2024-05-27T14:14:07","slug":"chanson","status":"publish","type":"page","link":"https:\/\/lejonchet.fr\/index.php\/chanson\/","title":{"rendered":"Chanson"},"content":{"rendered":"\n<figure class=\"wp-block-table alignright\"><table class=\"has-background\" style=\"background-color:#e7f5fe\"><tbody><tr><td class=\"has-text-align-right\" data-align=\"right\">RESERVATIONS :<br><a href=\"https:\/\/lejonchet.fr\/index.php\/events\/hans-peter\/\"><strong><mark style=\"background-color:rgba(0, 0, 0, 0)\" class=\"has-inline-color has-vivid-cyan-blue-color\">Vendredi 22 novembre 2024 \u00e0 20H30<\/mark><\/strong><\/a><\/td><\/tr><\/tbody><\/table><\/figure>\n\n\n\n<p class=\"has-vivid-red-color has-text-color\" style=\"font-size:40px\"><strong><em>Hans &amp; Ami(e)s <\/em><\/strong><em><br>en concert<\/em><\/p>\n\n\n\n<p>avec <em><strong>Hans-Peter Stoiber <\/strong>(Chant, guitare et accord\u00e9on),<br><strong>Bela Balsa<\/strong> (chant), <strong>Anthony Martin<\/strong> (guitare, cavaquinho, triangle), <strong>Rodolphe Russo<\/strong> (flutte<\/em>)<em>, <strong>Thomas Labadens <\/strong>(batterie, percussion<\/em>).<\/p>\n\n\n\n<figure class=\"wp-block-image size-large\"><img loading=\"lazy\" decoding=\"async\" width=\"1024\" height=\"220\" src=\"https:\/\/lejonchet.fr\/wp-content\/uploads\/2024\/05\/Bienvenue02-1024x220.jpg\" alt=\"\" class=\"wp-image-6211\" srcset=\"https:\/\/lejonchet.fr\/wp-content\/uploads\/2024\/05\/Bienvenue02-1024x220.jpg 1024w, https:\/\/lejonchet.fr\/wp-content\/uploads\/2024\/05\/Bienvenue02-300x65.jpg 300w, https:\/\/lejonchet.fr\/wp-content\/uploads\/2024\/05\/Bienvenue02-768x165.jpg 768w, https:\/\/lejonchet.fr\/wp-content\/uploads\/2024\/05\/Bienvenue02-690x149.jpg 690w, https:\/\/lejonchet.fr\/wp-content\/uploads\/2024\/05\/Bienvenue02-980x211.jpg 980w, https:\/\/lejonchet.fr\/wp-content\/uploads\/2024\/05\/Bienvenue02.jpg 1319w\" sizes=\"auto, (max-width: 1024px) 100vw, 1024px\" \/><\/figure>\n\n\n\n<p><\/p>\n\n\n\n<p class=\"has-drop-cap\">Bordeaux est le port que j\u2019ai choisi pour amarrer ma vie. J\u2019ai appris \u00e0 l\u2019aimer et je m\u2019y sens bien. Alors, naturellement, Bordeaux est au centre de nombreux textes de ce tour de chant. Mais les mots regardent toujours un peu plus loin, au del\u00e0 des murs de la ville!<br>La joie de chanter et de danser, quelques probl\u00e9matiques de notre soci\u00e9t\u00e9 contemporaine et, bien s\u00fbr l\u2019amour se retrouvent dans les paroles.<br>La musique br\u00e9silienne et le jazz traditionnel donnent les inspirations rythmiques et m\u00e9lodiques aux compositions.<br>Les ami(e)s qui partagent l\u2019aventure avec moi sont des compagnons de route depuis de nombreuses ann\u00e9es. Leurs interpr\u00e9tations et improvisations transportent mes chansons vers une autre dimension.<br>Pendant le spectacle il y aura des moments pour bouger et chanter, des moments pour \u00e9couter et r\u00e9fl\u00e9chir, et des moments d\u2019\u00e9motion. MERCI de partager ces moments avec nous\u2026<\/p>\n\n\n\n<figure class=\"wp-block-gallery aligncenter has-nested-images columns-3 is-cropped wp-block-gallery-1 is-layout-flex wp-block-gallery-is-layout-flex\">\n<figure class=\"wp-block-image size-full\"><img loading=\"lazy\" decoding=\"async\" width=\"418\" height=\"418\" data-id=\"6212\" src=\"https:\/\/lejonchet.fr\/wp-content\/uploads\/2024\/05\/Bienvenue03.jpg\" alt=\"\" class=\"wp-image-6212\" srcset=\"https:\/\/lejonchet.fr\/wp-content\/uploads\/2024\/05\/Bienvenue03.jpg 418w, https:\/\/lejonchet.fr\/wp-content\/uploads\/2024\/05\/Bienvenue03-300x300.jpg 300w, https:\/\/lejonchet.fr\/wp-content\/uploads\/2024\/05\/Bienvenue03-150x150.jpg 150w\" sizes=\"auto, (max-width: 418px) 100vw, 418px\" \/><figcaption class=\"wp-element-caption\"><em><strong>Anthony Martin<\/strong><\/em><\/figcaption><\/figure>\n\n\n\n<figure class=\"wp-block-image size-large\"><img loading=\"lazy\" decoding=\"async\" width=\"418\" height=\"418\" data-id=\"6217\" src=\"https:\/\/lejonchet.fr\/wp-content\/uploads\/2024\/05\/Bienvenue08.jpg\" alt=\"\" class=\"wp-image-6217\" srcset=\"https:\/\/lejonchet.fr\/wp-content\/uploads\/2024\/05\/Bienvenue08.jpg 418w, https:\/\/lejonchet.fr\/wp-content\/uploads\/2024\/05\/Bienvenue08-300x300.jpg 300w, https:\/\/lejonchet.fr\/wp-content\/uploads\/2024\/05\/Bienvenue08-150x150.jpg 150w\" sizes=\"auto, (max-width: 418px) 100vw, 418px\" \/><figcaption class=\"wp-element-caption\"><em><strong>Hans-Peter Stoiber<\/strong><\/em><\/figcaption><\/figure>\n\n\n\n<figure class=\"wp-block-image size-full\"><img loading=\"lazy\" decoding=\"async\" width=\"418\" height=\"418\" data-id=\"6213\" src=\"https:\/\/lejonchet.fr\/wp-content\/uploads\/2024\/05\/Bienvenue04.jpg\" alt=\"\" class=\"wp-image-6213\" srcset=\"https:\/\/lejonchet.fr\/wp-content\/uploads\/2024\/05\/Bienvenue04.jpg 418w, https:\/\/lejonchet.fr\/wp-content\/uploads\/2024\/05\/Bienvenue04-300x300.jpg 300w, https:\/\/lejonchet.fr\/wp-content\/uploads\/2024\/05\/Bienvenue04-150x150.jpg 150w\" sizes=\"auto, (max-width: 418px) 100vw, 418px\" \/><figcaption class=\"wp-element-caption\"><em><strong>Bela Balsa<\/strong><\/em><\/figcaption><\/figure>\n\n\n\n<figure class=\"wp-block-image size-full\"><img loading=\"lazy\" decoding=\"async\" width=\"418\" height=\"418\" data-id=\"6214\" src=\"https:\/\/lejonchet.fr\/wp-content\/uploads\/2024\/05\/Bienvenue05.jpg\" alt=\"\" class=\"wp-image-6214\" srcset=\"https:\/\/lejonchet.fr\/wp-content\/uploads\/2024\/05\/Bienvenue05.jpg 418w, https:\/\/lejonchet.fr\/wp-content\/uploads\/2024\/05\/Bienvenue05-300x300.jpg 300w, https:\/\/lejonchet.fr\/wp-content\/uploads\/2024\/05\/Bienvenue05-150x150.jpg 150w\" sizes=\"auto, (max-width: 418px) 100vw, 418px\" \/><figcaption class=\"wp-element-caption\"><em><strong>Rodolphe Russo<\/strong><\/em><\/figcaption><\/figure>\n\n\n\n<figure class=\"wp-block-image size-large\"><img loading=\"lazy\" decoding=\"async\" width=\"418\" height=\"418\" data-id=\"6216\" src=\"https:\/\/lejonchet.fr\/wp-content\/uploads\/2024\/05\/Bienvenue07.jpg\" alt=\"\" class=\"wp-image-6216\" srcset=\"https:\/\/lejonchet.fr\/wp-content\/uploads\/2024\/05\/Bienvenue07.jpg 418w, https:\/\/lejonchet.fr\/wp-content\/uploads\/2024\/05\/Bienvenue07-300x300.jpg 300w, https:\/\/lejonchet.fr\/wp-content\/uploads\/2024\/05\/Bienvenue07-150x150.jpg 150w\" sizes=\"auto, (max-width: 418px) 100vw, 418px\" \/><\/figure>\n\n\n\n<figure class=\"wp-block-image size-large\"><img loading=\"lazy\" decoding=\"async\" width=\"418\" height=\"418\" data-id=\"6215\" src=\"https:\/\/lejonchet.fr\/wp-content\/uploads\/2024\/05\/Bienvenue06.jpg\" alt=\"\" class=\"wp-image-6215\" srcset=\"https:\/\/lejonchet.fr\/wp-content\/uploads\/2024\/05\/Bienvenue06.jpg 418w, https:\/\/lejonchet.fr\/wp-content\/uploads\/2024\/05\/Bienvenue06-300x300.jpg 300w, https:\/\/lejonchet.fr\/wp-content\/uploads\/2024\/05\/Bienvenue06-150x150.jpg 150w\" sizes=\"auto, (max-width: 418px) 100vw, 418px\" \/><figcaption class=\"wp-element-caption\"><em><strong>Thomas Labadens<\/strong><\/em><\/figcaption><\/figure>\n<\/figure>\n\n\n\n<div class=\"wp-block-buttons is-content-justification-right is-layout-flex wp-container-core-buttons-is-layout-765c4724 wp-block-buttons-is-layout-flex\">\n<div class=\"wp-block-button alignright\"><a class=\"wp-block-button__link has-luminous-vivid-amber-background-color has-background has-text-align-left wp-element-button\" href=\"https:\/\/lejonchet.fr\/index.php\/events\/hans-peter\/\" style=\"border-radius:39px\">R\u00e9servation&#8230;<\/a><\/div>\n<\/div>\n\n\n\n<figure class=\"wp-block-embed is-type-video is-provider-youtube wp-block-embed-youtube wp-embed-aspect-16-9 wp-has-aspect-ratio\"><div class=\"wp-block-embed__wrapper\">\n<iframe loading=\"lazy\" title=\"hans et amies Bienveneu \u00e0 Bordeaux Teaser\" width=\"980\" height=\"551\" src=\"https:\/\/www.youtube.com\/embed\/-UzFhPU0eLc?feature=oembed\" frameborder=\"0\" allow=\"accelerometer; autoplay; clipboard-write; encrypted-media; gyroscope; picture-in-picture; web-share\" referrerpolicy=\"strict-origin-when-cross-origin\" allowfullscreen><\/iframe>\n<\/div><\/figure>\n","protected":false},"excerpt":{"rendered":"<p>RESERVATIONS :Vendredi 22 novembre 2024 \u00e0 20H30 Hans &amp; Ami(e)s en concert avec Hans-Peter Stoiber (Chant, guitare et accord\u00e9on),Bela Balsa (chant), Anthony Martin (guitare, cavaquinho, triangle), Rodolphe Russo (flutte), Thomas Labadens (batterie, percussion). Bordeaux est le port que j\u2019ai choisi pour amarrer ma vie. J\u2019ai appris \u00e0 l\u2019aimer et je m\u2019y sens bien. Alors, naturellement, [&hellip;]<\/p>\n","protected":false},"author":1,"featured_media":0,"parent":0,"menu_order":0,"comment_status":"closed","ping_status":"closed","template":"","meta":{"footnotes":""},"class_list":["post-6210","page","type-page","status-publish","hentry"],"_links":{"self":[{"href":"https:\/\/lejonchet.fr\/index.php\/wp-json\/wp\/v2\/pages\/6210","targetHints":{"allow":["GET"]}}],"collection":[{"href":"https:\/\/lejonchet.fr\/index.php\/wp-json\/wp\/v2\/pages"}],"about":[{"href":"https:\/\/lejonchet.fr\/index.php\/wp-json\/wp\/v2\/types\/page"}],"author":[{"embeddable":true,"href":"https:\/\/lejonchet.fr\/index.php\/wp-json\/wp\/v2\/users\/1"}],"replies":[{"embeddable":true,"href":"https:\/\/lejonchet.fr\/index.php\/wp-json\/wp\/v2\/comments?post=6210"}],"version-history":[{"count":6,"href":"https:\/\/lejonchet.fr\/index.php\/wp-json\/wp\/v2\/pages\/6210\/revisions"}],"predecessor-version":[{"id":6236,"href":"https:\/\/lejonchet.fr\/index.php\/wp-json\/wp\/v2\/pages\/6210\/revisions\/6236"}],"wp:attachment":[{"href":"https:\/\/lejonchet.fr\/index.php\/wp-json\/wp\/v2\/media?parent=6210"}],"curies":[{"name":"wp","href":"https:\/\/api.w.org\/{rel}","templated":true}]}}