{"id":6063,"date":"2024-05-10T10:25:28","date_gmt":"2024-05-10T08:25:28","guid":{"rendered":"https:\/\/lejonchet.fr\/?page_id=6063"},"modified":"2024-05-10T10:43:24","modified_gmt":"2024-05-10T08:43:24","slug":"conte-musical-2","status":"publish","type":"page","link":"https:\/\/lejonchet.fr\/index.php\/conte-musical-2\/","title":{"rendered":"Conte musical"},"content":{"rendered":"\n<figure class=\"wp-block-table alignright\"><table class=\"has-background\" style=\"background-color:#e7f5fe\"><tbody><tr><td class=\"has-text-align-right\" data-align=\"right\">RESERVATIONS :<br><strong><mark style=\"background-color:rgba(0, 0, 0, 0)\" class=\"has-inline-color has-vivid-cyan-blue-color\"><a href=\"https:\/\/lejonchet.fr\/index.php\/events\/papier\/\">Dimanche 8 d\u00e9cembre 2024 \u00e0 15h30<\/a><\/mark><\/strong><\/td><\/tr><\/tbody><\/table><\/figure>\n\n\n\n<p class=\"has-vivid-red-color has-text-color\" style=\"font-size:40px\"><strong><em>L&rsquo;histoire en papier<\/em> <\/strong><\/p>\n\n\n\n<p><em>par <strong>La Compagnie Les Herbes Folles<\/strong> <br>avec <strong>Juliette Weber <\/strong>et<strong> Jean-Charles S\u00e9osse<\/strong><\/em><\/p>\n\n\n\n<figure class=\"wp-block-image size-large\"><img loading=\"lazy\" decoding=\"async\" width=\"1024\" height=\"216\" src=\"https:\/\/lejonchet.fr\/wp-content\/uploads\/2024\/05\/Pap02-1024x216.jpg\" alt=\"\" class=\"wp-image-6064\" srcset=\"https:\/\/lejonchet.fr\/wp-content\/uploads\/2024\/05\/Pap02-1024x216.jpg 1024w, https:\/\/lejonchet.fr\/wp-content\/uploads\/2024\/05\/Pap02-300x63.jpg 300w, https:\/\/lejonchet.fr\/wp-content\/uploads\/2024\/05\/Pap02-768x162.jpg 768w, https:\/\/lejonchet.fr\/wp-content\/uploads\/2024\/05\/Pap02-690x145.jpg 690w, https:\/\/lejonchet.fr\/wp-content\/uploads\/2024\/05\/Pap02-980x206.jpg 980w, https:\/\/lejonchet.fr\/wp-content\/uploads\/2024\/05\/Pap02.jpg 1500w\" sizes=\"auto, (max-width: 1024px) 100vw, 1024px\" \/><\/figure>\n\n\n\n<p class=\"has-small-font-size\"><\/p>\n\n\n\n<p class=\"has-drop-cap\">Un&nbsp; prince explore le monde \u00e0 la recherche de sa couronne \u00e9gar\u00e9e. Il y affronte de grands p\u00e9rils, \u00e9prouve la solitude, il y rencontre des animaux ing\u00e9nieux ou sages et y d\u00e9couvre la magie\u2026<\/p>\n\n\n\n<p>\u200bL\u2019histoire en papier est un conte initiatique ou un enfant nous emm\u00e8ne dans un monde qui m\u00eale la r\u00e9alit\u00e9 et l\u2019imaginaire. Inspir\u00e9e et illustr\u00e9e par un pliage d\u2019origami en transformation constante et mis en musique en direct, &nbsp;cette histoire s\u2019adresse aux plus petits comme aux plus grands.<\/p>\n\n\n\n<figure class=\"wp-block-gallery aligncenter has-nested-images columns-3 is-cropped wp-block-gallery-1 is-layout-flex wp-block-gallery-is-layout-flex\">\n<figure class=\"wp-block-image size-full\"><img loading=\"lazy\" decoding=\"async\" width=\"400\" height=\"400\" data-id=\"6065\" src=\"https:\/\/lejonchet.fr\/wp-content\/uploads\/2024\/05\/Pap03.jpg\" alt=\"\" class=\"wp-image-6065\" srcset=\"https:\/\/lejonchet.fr\/wp-content\/uploads\/2024\/05\/Pap03.jpg 400w, https:\/\/lejonchet.fr\/wp-content\/uploads\/2024\/05\/Pap03-300x300.jpg 300w, https:\/\/lejonchet.fr\/wp-content\/uploads\/2024\/05\/Pap03-150x150.jpg 150w\" sizes=\"auto, (max-width: 400px) 100vw, 400px\" \/><\/figure>\n\n\n\n<figure class=\"wp-block-image size-full\"><img loading=\"lazy\" decoding=\"async\" width=\"488\" height=\"400\" data-id=\"6067\" src=\"https:\/\/lejonchet.fr\/wp-content\/uploads\/2024\/05\/Pap05.jpg\" alt=\"\" class=\"wp-image-6067\" srcset=\"https:\/\/lejonchet.fr\/wp-content\/uploads\/2024\/05\/Pap05.jpg 488w, https:\/\/lejonchet.fr\/wp-content\/uploads\/2024\/05\/Pap05-300x246.jpg 300w\" sizes=\"auto, (max-width: 488px) 100vw, 488px\" \/><\/figure>\n<\/figure>\n\n\n\n<div class=\"wp-block-buttons is-content-justification-right is-layout-flex wp-container-core-buttons-is-layout-765c4724 wp-block-buttons-is-layout-flex\">\n<div class=\"wp-block-button alignright\"><a class=\"wp-block-button__link has-luminous-vivid-amber-background-color has-background has-text-align-left wp-element-button\" href=\"https:\/\/lejonchet.fr\/index.php\/events\/papier\/\" style=\"border-radius:39px\">R\u00e9servation&#8230;<\/a><\/div>\n<\/div>\n","protected":false},"excerpt":{"rendered":"<p>RESERVATIONS :Dimanche 8 d\u00e9cembre 2024 \u00e0 15h30 L&rsquo;histoire en papier par La Compagnie Les Herbes Folles avec Juliette Weber et Jean-Charles S\u00e9osse Un&nbsp; prince explore le monde \u00e0 la recherche de sa couronne \u00e9gar\u00e9e. Il y affronte de grands p\u00e9rils, \u00e9prouve la solitude, il y rencontre des animaux ing\u00e9nieux ou sages et y d\u00e9couvre la [&hellip;]<\/p>\n","protected":false},"author":1,"featured_media":0,"parent":0,"menu_order":0,"comment_status":"closed","ping_status":"closed","template":"","meta":{"footnotes":""},"class_list":["post-6063","page","type-page","status-publish","hentry"],"_links":{"self":[{"href":"https:\/\/lejonchet.fr\/index.php\/wp-json\/wp\/v2\/pages\/6063","targetHints":{"allow":["GET"]}}],"collection":[{"href":"https:\/\/lejonchet.fr\/index.php\/wp-json\/wp\/v2\/pages"}],"about":[{"href":"https:\/\/lejonchet.fr\/index.php\/wp-json\/wp\/v2\/types\/page"}],"author":[{"embeddable":true,"href":"https:\/\/lejonchet.fr\/index.php\/wp-json\/wp\/v2\/users\/1"}],"replies":[{"embeddable":true,"href":"https:\/\/lejonchet.fr\/index.php\/wp-json\/wp\/v2\/comments?post=6063"}],"version-history":[{"count":2,"href":"https:\/\/lejonchet.fr\/index.php\/wp-json\/wp\/v2\/pages\/6063\/revisions"}],"predecessor-version":[{"id":6074,"href":"https:\/\/lejonchet.fr\/index.php\/wp-json\/wp\/v2\/pages\/6063\/revisions\/6074"}],"wp:attachment":[{"href":"https:\/\/lejonchet.fr\/index.php\/wp-json\/wp\/v2\/media?parent=6063"}],"curies":[{"name":"wp","href":"https:\/\/api.w.org\/{rel}","templated":true}]}}