{"id":6028,"date":"2024-05-07T21:39:03","date_gmt":"2024-05-07T19:39:03","guid":{"rendered":"https:\/\/lejonchet.fr\/?page_id=6028"},"modified":"2024-05-11T21:07:06","modified_gmt":"2024-05-11T19:07:06","slug":"chanson-francaise-7","status":"publish","type":"page","link":"https:\/\/lejonchet.fr\/index.php\/chanson-francaise-7\/","title":{"rendered":"Chanson fran\u00e7aise"},"content":{"rendered":"\n<figure class=\"wp-block-table alignright\"><table class=\"has-background\" style=\"background-color:#e7f5fe\"><tbody><tr><td class=\"has-text-align-right\" data-align=\"right\">RESERVATIONS :<br><strong><mark style=\"background-color:rgba(0, 0, 0, 0)\" class=\"has-inline-color has-vivid-cyan-blue-color\"><a href=\"https:\/\/lejonchet.fr\/index.php\/events\/dentelle\/\">Vendredi 20 septembre 2024 \u00e0 20h30<\/a><\/mark><\/strong><\/td><\/tr><\/tbody><\/table><\/figure>\n\n\n\n<p class=\"has-vivid-red-color has-text-color\" style=\"font-size:40px\"><strong><em>Dentelle <\/em><\/strong><em>en concert<\/em><\/p>\n\n\n\n<figure class=\"wp-block-image size-full\"><img loading=\"lazy\" decoding=\"async\" width=\"1600\" height=\"226\" src=\"https:\/\/lejonchet.fr\/wp-content\/uploads\/2024\/05\/Im02-4.jpg\" alt=\"\" class=\"wp-image-6032\" srcset=\"https:\/\/lejonchet.fr\/wp-content\/uploads\/2024\/05\/Im02-4.jpg 1600w, https:\/\/lejonchet.fr\/wp-content\/uploads\/2024\/05\/Im02-4-300x42.jpg 300w, https:\/\/lejonchet.fr\/wp-content\/uploads\/2024\/05\/Im02-4-1024x145.jpg 1024w, https:\/\/lejonchet.fr\/wp-content\/uploads\/2024\/05\/Im02-4-768x108.jpg 768w, https:\/\/lejonchet.fr\/wp-content\/uploads\/2024\/05\/Im02-4-1536x217.jpg 1536w, https:\/\/lejonchet.fr\/wp-content\/uploads\/2024\/05\/Im02-4-690x97.jpg 690w, https:\/\/lejonchet.fr\/wp-content\/uploads\/2024\/05\/Im02-4-980x138.jpg 980w\" sizes=\"auto, (max-width: 1600px) 100vw, 1600px\" \/><\/figure>\n\n\n\n<p class=\"has-small-font-size\"><\/p>\n\n\n\n<p class=\"has-drop-cap\">Accompagn\u00e9e d&rsquo;un piano ou d&rsquo;une guitare, Dentelle nous chante ses textes \u00e0 fleur de peau.<br>Elle nous parle du temps qui passe, de la maternit\u00e9, de la rencontre amoureuse\u2026<br>Un univers intimiste qui prend notamment sa source chez Barbara et Michel Berger.<br>Une bulle de douceur et de po\u00e9sie, avec au centre, toujours et avant tout, l\u2019envie de partager des \u00e9motions, des instants de vie\u2026 <br><br>Sa passion&nbsp;? partager des \u00e9motions \u00e0 travers les textes qu\u2019elle \u00e9crit et qu\u2019elle met en musique<br>Son univers&nbsp;? intimiste et \u00e9pur\u00e9<br>Son d\u00e9sir&nbsp;? faire voyager ses mots de sa bouche \u00e0 vos oreilles<\/p>\n\n\n\n<figure class=\"wp-block-gallery aligncenter has-nested-images columns-3 is-cropped wp-block-gallery-1 is-layout-flex wp-block-gallery-is-layout-flex\">\n<figure class=\"wp-block-image size-full\"><img loading=\"lazy\" decoding=\"async\" width=\"500\" height=\"698\" data-id=\"6035\" src=\"https:\/\/lejonchet.fr\/wp-content\/uploads\/2024\/05\/Im03-3.jpg\" alt=\"\" class=\"wp-image-6035\" srcset=\"https:\/\/lejonchet.fr\/wp-content\/uploads\/2024\/05\/Im03-3.jpg 500w, https:\/\/lejonchet.fr\/wp-content\/uploads\/2024\/05\/Im03-3-215x300.jpg 215w\" sizes=\"auto, (max-width: 500px) 100vw, 500px\" \/><\/figure>\n\n\n\n<figure class=\"wp-block-image size-full\"><img loading=\"lazy\" decoding=\"async\" width=\"500\" height=\"729\" data-id=\"6036\" src=\"https:\/\/lejonchet.fr\/wp-content\/uploads\/2024\/05\/Im04-4.jpg\" alt=\"\" class=\"wp-image-6036\" srcset=\"https:\/\/lejonchet.fr\/wp-content\/uploads\/2024\/05\/Im04-4.jpg 500w, https:\/\/lejonchet.fr\/wp-content\/uploads\/2024\/05\/Im04-4-206x300.jpg 206w\" sizes=\"auto, (max-width: 500px) 100vw, 500px\" \/><\/figure>\n\n\n\n<figure class=\"wp-block-image size-full\"><img loading=\"lazy\" decoding=\"async\" width=\"650\" height=\"700\" data-id=\"6037\" src=\"https:\/\/lejonchet.fr\/wp-content\/uploads\/2024\/05\/Im05-3.jpg\" alt=\"\" class=\"wp-image-6037\" srcset=\"https:\/\/lejonchet.fr\/wp-content\/uploads\/2024\/05\/Im05-3.jpg 650w, https:\/\/lejonchet.fr\/wp-content\/uploads\/2024\/05\/Im05-3-279x300.jpg 279w\" sizes=\"auto, (max-width: 650px) 100vw, 650px\" \/><\/figure>\n<\/figure>\n\n\n\n<p class=\"has-small-font-size\"><\/p>\n\n\n\n<div class=\"wp-block-buttons is-content-justification-right is-layout-flex wp-container-core-buttons-is-layout-765c4724 wp-block-buttons-is-layout-flex\">\n<div class=\"wp-block-button alignright\"><a class=\"wp-block-button__link has-luminous-vivid-amber-background-color has-background has-text-align-left wp-element-button\" href=\"https:\/\/lejonchet.fr\/index.php\/events\/dentelle\/\" style=\"border-radius:39px\">R\u00e9servation&#8230;<\/a><\/div>\n<\/div>\n\n\n\n<figure class=\"wp-block-embed is-type-video is-provider-youtube wp-block-embed-youtube wp-embed-aspect-16-9 wp-has-aspect-ratio\"><div class=\"wp-block-embed__wrapper\">\n<iframe loading=\"lazy\" title=\"Dentelle -  Deci deci del\u00e0 (live, 2019)\" width=\"980\" height=\"551\" src=\"https:\/\/www.youtube.com\/embed\/_8lTw4f8xsg?feature=oembed\" frameborder=\"0\" allow=\"accelerometer; autoplay; clipboard-write; encrypted-media; gyroscope; picture-in-picture; web-share\" referrerpolicy=\"strict-origin-when-cross-origin\" allowfullscreen><\/iframe>\n<\/div><\/figure>\n\n\n\n<p><\/p>\n\n\n\n<figure class=\"wp-block-embed is-type-video is-provider-youtube wp-block-embed-youtube wp-embed-aspect-16-9 wp-has-aspect-ratio\"><div class=\"wp-block-embed__wrapper\">\n<iframe loading=\"lazy\" title=\"Dentelle - Teaser\" width=\"980\" height=\"551\" src=\"https:\/\/www.youtube.com\/embed\/T5rbLMsxJLs?feature=oembed\" frameborder=\"0\" allow=\"accelerometer; autoplay; clipboard-write; encrypted-media; gyroscope; picture-in-picture; web-share\" referrerpolicy=\"strict-origin-when-cross-origin\" allowfullscreen><\/iframe>\n<\/div><\/figure>\n","protected":false},"excerpt":{"rendered":"<p>RESERVATIONS :Vendredi 20 septembre 2024 \u00e0 20h30 Dentelle en concert Accompagn\u00e9e d&rsquo;un piano ou d&rsquo;une guitare, Dentelle nous chante ses textes \u00e0 fleur de peau.Elle nous parle du temps qui passe, de la maternit\u00e9, de la rencontre amoureuse\u2026Un univers intimiste qui prend notamment sa source chez Barbara et Michel Berger.Une bulle de douceur et de [&hellip;]<\/p>\n","protected":false},"author":1,"featured_media":0,"parent":0,"menu_order":0,"comment_status":"closed","ping_status":"closed","template":"","meta":{"footnotes":""},"class_list":["post-6028","page","type-page","status-publish","hentry"],"_links":{"self":[{"href":"https:\/\/lejonchet.fr\/index.php\/wp-json\/wp\/v2\/pages\/6028","targetHints":{"allow":["GET"]}}],"collection":[{"href":"https:\/\/lejonchet.fr\/index.php\/wp-json\/wp\/v2\/pages"}],"about":[{"href":"https:\/\/lejonchet.fr\/index.php\/wp-json\/wp\/v2\/types\/page"}],"author":[{"embeddable":true,"href":"https:\/\/lejonchet.fr\/index.php\/wp-json\/wp\/v2\/users\/1"}],"replies":[{"embeddable":true,"href":"https:\/\/lejonchet.fr\/index.php\/wp-json\/wp\/v2\/comments?post=6028"}],"version-history":[{"count":8,"href":"https:\/\/lejonchet.fr\/index.php\/wp-json\/wp\/v2\/pages\/6028\/revisions"}],"predecessor-version":[{"id":6082,"href":"https:\/\/lejonchet.fr\/index.php\/wp-json\/wp\/v2\/pages\/6028\/revisions\/6082"}],"wp:attachment":[{"href":"https:\/\/lejonchet.fr\/index.php\/wp-json\/wp\/v2\/media?parent=6028"}],"curies":[{"name":"wp","href":"https:\/\/api.w.org\/{rel}","templated":true}]}}