{"id":5976,"date":"2024-05-02T15:32:49","date_gmt":"2024-05-02T13:32:49","guid":{"rendered":"https:\/\/lejonchet.fr\/?page_id=5976"},"modified":"2024-05-02T15:49:14","modified_gmt":"2024-05-02T13:49:14","slug":"poesie-theatralisee","status":"publish","type":"page","link":"https:\/\/lejonchet.fr\/index.php\/poesie-theatralisee\/","title":{"rendered":"Po\u00e9sie th\u00e9\u00e2tralis\u00e9e"},"content":{"rendered":"\n<figure class=\"wp-block-table alignright\"><table class=\"has-background\" style=\"background-color:#e7f5fe\"><tbody><tr><td class=\"has-text-align-right\" data-align=\"right\">RESERVATIONS :<br> <a href=\"https:\/\/lejonchet.fr\/index.php\/events\/rimbaud\/\"><strong>Vendredi 13 d\u00e9cembre 2024 \u00e0 20H30<\/strong><\/a><\/td><\/tr><\/tbody><\/table><\/figure>\n\n\n\n<p class=\"has-vivid-red-color has-text-color\" style=\"font-size:40px\"><strong><em>Une Saison en Enfer<\/em><\/strong><\/p>\n\n\n\n<p>de Arthur Rimbaud <br>par <strong>La Compagnie Estragon, <br><\/strong>avec<strong> Elise Monniaux<\/strong> <br>Mise en sc\u00e8ne <strong>Abdulrahman Khallouf<\/strong><\/p>\n\n\n\n<figure class=\"wp-block-image size-full\"><img loading=\"lazy\" decoding=\"async\" width=\"1500\" height=\"336\" src=\"https:\/\/lejonchet.fr\/wp-content\/uploads\/2024\/05\/Im02-2.jpg\" alt=\"\" class=\"wp-image-5977\" srcset=\"https:\/\/lejonchet.fr\/wp-content\/uploads\/2024\/05\/Im02-2.jpg 1500w, https:\/\/lejonchet.fr\/wp-content\/uploads\/2024\/05\/Im02-2-300x67.jpg 300w, https:\/\/lejonchet.fr\/wp-content\/uploads\/2024\/05\/Im02-2-1024x229.jpg 1024w, https:\/\/lejonchet.fr\/wp-content\/uploads\/2024\/05\/Im02-2-768x172.jpg 768w, https:\/\/lejonchet.fr\/wp-content\/uploads\/2024\/05\/Im02-2-690x155.jpg 690w, https:\/\/lejonchet.fr\/wp-content\/uploads\/2024\/05\/Im02-2-980x220.jpg 980w\" sizes=\"auto, (max-width: 1500px) 100vw, 1500px\" \/><\/figure>\n\n\n\n<p class=\"has-small-font-size\"><\/p>\n\n\n\n<p class=\"has-drop-cap\">Un po\u00e8me livr\u00e9 sur sc\u00e8ne par une com\u00e9dienne est forc\u00e9ment une incarnation, une tentative de \u00abrendre vrai\u00bb une r\u00e9alit\u00e9 suppos\u00e9e existante, au moins dans l\u2019esprit du po\u00e8te. La sc\u00e8ne est le lieu de cet imaginaire.<br>Le metteur en sc\u00e8ne <strong>Abdulrahman Khallouf<\/strong> poursuit \u00e0 travers ce spectacle sa recherche autour des formes sc\u00e9niques de la po\u00e9sie. Quand un texte de th\u00e9\u00e2tre nous invite \u00e0 lire entre les lignes pour sa mise en sc\u00e8ne, la po\u00e9sie annonce d\u2019embl\u00e9e que ces lignes n\u2019existent pas. Ici les mots sont accroch\u00e9s comme des sacs de plastique dans l\u2019arbre du vent. La mise en sc\u00e8ne d\u2019<strong>Une Saison en Enfer<\/strong> se d\u00e9ploie autour d\u2019une sc\u00e9nographie \u00e9volutive et po\u00e9tique o\u00f9 la com\u00e9dienne nous livre les mots du po\u00e8te dans une ambiance onirique envo\u00fbtante. Un r\u00e9cit visuel parall\u00e8le au r\u00e9cit po\u00e9tique offre au spectateur un champ d\u2019interpr\u00e9tation o\u00f9 il est possible, \u00e0 chaque instant, de se perdre ou de se retrouver.<\/p>\n\n\n\n<div class=\"wp-block-button alignright\"><a class=\"wp-block-button__link has-luminous-vivid-amber-background-color has-background wp-element-button\" href=\"https:\/\/lejonchet.fr\/index.php\/events\/rimbaud\/\" style=\"border-radius:39px\">R\u00e9servation&#8230;<\/a><\/div>\n\n\n\n<p class=\"has-small-font-size\">Public : \u00e0 partir de 10 ans<br>Dur\u00e9e du spectacle : 1H15<\/p>\n\n\n\n<figure class=\"wp-block-gallery aligncenter has-nested-images columns-3 is-cropped wp-block-gallery-1 is-layout-flex wp-block-gallery-is-layout-flex\">\n<figure class=\"wp-block-image size-full\"><img loading=\"lazy\" decoding=\"async\" width=\"500\" height=\"499\" data-id=\"5978\" src=\"https:\/\/lejonchet.fr\/wp-content\/uploads\/2024\/05\/Im03-2.jpg\" alt=\"\" class=\"wp-image-5978\" srcset=\"https:\/\/lejonchet.fr\/wp-content\/uploads\/2024\/05\/Im03-2.jpg 500w, https:\/\/lejonchet.fr\/wp-content\/uploads\/2024\/05\/Im03-2-300x300.jpg 300w, https:\/\/lejonchet.fr\/wp-content\/uploads\/2024\/05\/Im03-2-150x150.jpg 150w\" sizes=\"auto, (max-width: 500px) 100vw, 500px\" \/><\/figure>\n\n\n\n<figure class=\"wp-block-image size-full\"><img loading=\"lazy\" decoding=\"async\" width=\"500\" height=\"500\" data-id=\"5980\" src=\"https:\/\/lejonchet.fr\/wp-content\/uploads\/2024\/05\/Im05-2.jpg\" alt=\"\" class=\"wp-image-5980\" srcset=\"https:\/\/lejonchet.fr\/wp-content\/uploads\/2024\/05\/Im05-2.jpg 500w, https:\/\/lejonchet.fr\/wp-content\/uploads\/2024\/05\/Im05-2-300x300.jpg 300w, https:\/\/lejonchet.fr\/wp-content\/uploads\/2024\/05\/Im05-2-150x150.jpg 150w\" sizes=\"auto, (max-width: 500px) 100vw, 500px\" \/><\/figure>\n\n\n\n<figure class=\"wp-block-image size-full\"><img loading=\"lazy\" decoding=\"async\" width=\"500\" height=\"500\" data-id=\"5979\" src=\"https:\/\/lejonchet.fr\/wp-content\/uploads\/2024\/05\/Im04-3.jpg\" alt=\"\" class=\"wp-image-5979\" srcset=\"https:\/\/lejonchet.fr\/wp-content\/uploads\/2024\/05\/Im04-3.jpg 500w, https:\/\/lejonchet.fr\/wp-content\/uploads\/2024\/05\/Im04-3-300x300.jpg 300w, https:\/\/lejonchet.fr\/wp-content\/uploads\/2024\/05\/Im04-3-150x150.jpg 150w\" sizes=\"auto, (max-width: 500px) 100vw, 500px\" \/><\/figure>\n<\/figure>\n\n\n\n<figure class=\"wp-block-embed is-type-video is-provider-youtube wp-block-embed-youtube wp-embed-aspect-16-9 wp-has-aspect-ratio\"><div class=\"wp-block-embed__wrapper\">\n<iframe loading=\"lazy\" title=\"Teaser Une Saison en Enfer Collectif Estragon\" width=\"980\" height=\"551\" src=\"https:\/\/www.youtube.com\/embed\/ILYv3qFS90k?feature=oembed\" frameborder=\"0\" allow=\"accelerometer; autoplay; clipboard-write; encrypted-media; gyroscope; picture-in-picture; web-share\" referrerpolicy=\"strict-origin-when-cross-origin\" allowfullscreen><\/iframe>\n<\/div><\/figure>\n","protected":false},"excerpt":{"rendered":"<p>RESERVATIONS : Vendredi 13 d\u00e9cembre 2024 \u00e0 20H30 Une Saison en Enfer de Arthur Rimbaud par La Compagnie Estragon, avec Elise Monniaux Mise en sc\u00e8ne Abdulrahman Khallouf Un po\u00e8me livr\u00e9 sur sc\u00e8ne par une com\u00e9dienne est forc\u00e9ment une incarnation, une tentative de \u00abrendre vrai\u00bb une r\u00e9alit\u00e9 suppos\u00e9e existante, au moins dans l\u2019esprit du po\u00e8te. La [&hellip;]<\/p>\n","protected":false},"author":1,"featured_media":0,"parent":0,"menu_order":0,"comment_status":"closed","ping_status":"closed","template":"","meta":{"footnotes":""},"class_list":["post-5976","page","type-page","status-publish","hentry"],"_links":{"self":[{"href":"https:\/\/lejonchet.fr\/index.php\/wp-json\/wp\/v2\/pages\/5976","targetHints":{"allow":["GET"]}}],"collection":[{"href":"https:\/\/lejonchet.fr\/index.php\/wp-json\/wp\/v2\/pages"}],"about":[{"href":"https:\/\/lejonchet.fr\/index.php\/wp-json\/wp\/v2\/types\/page"}],"author":[{"embeddable":true,"href":"https:\/\/lejonchet.fr\/index.php\/wp-json\/wp\/v2\/users\/1"}],"replies":[{"embeddable":true,"href":"https:\/\/lejonchet.fr\/index.php\/wp-json\/wp\/v2\/comments?post=5976"}],"version-history":[{"count":3,"href":"https:\/\/lejonchet.fr\/index.php\/wp-json\/wp\/v2\/pages\/5976\/revisions"}],"predecessor-version":[{"id":5988,"href":"https:\/\/lejonchet.fr\/index.php\/wp-json\/wp\/v2\/pages\/5976\/revisions\/5988"}],"wp:attachment":[{"href":"https:\/\/lejonchet.fr\/index.php\/wp-json\/wp\/v2\/media?parent=5976"}],"curies":[{"name":"wp","href":"https:\/\/api.w.org\/{rel}","templated":true}]}}