{"id":5956,"date":"2024-05-01T19:04:10","date_gmt":"2024-05-01T17:04:10","guid":{"rendered":"https:\/\/lejonchet.fr\/?page_id=5956"},"modified":"2024-05-01T20:18:46","modified_gmt":"2024-05-01T18:18:46","slug":"poesie-et-musique","status":"publish","type":"page","link":"https:\/\/lejonchet.fr\/index.php\/poesie-et-musique\/","title":{"rendered":"Po\u00e9sie et Musique"},"content":{"rendered":"\n<figure class=\"wp-block-table alignright has-small-font-size\"><table class=\"has-background\" style=\"background-color:#e7f5fe\"><tbody><tr><td class=\"has-text-align-right\" data-align=\"right\">RESERVATIONS :<strong><mark style=\"background-color:rgba(0, 0, 0, 0)\" class=\"has-inline-color has-vivid-cyan-blue-color\"><br><a href=\"https:\/\/lejonchet.fr\/index.php\/events\/le-dernier-exil\/\">Dimanche 1 d\u00e9cembre 2024 \u00e0 15h30<\/a><\/mark><\/strong><\/td><\/tr><\/tbody><\/table><\/figure>\n\n\n\n<p class=\"has-vivid-red-color has-text-color\" style=\"font-size:40px\"><em><strong>Le dernier Exil<\/strong><\/em><\/p>\n\n\n\n<p class=\"has-small-font-size\">Lecture par l&rsquo;auteur <strong>Jo\u00ebl Mansa,<\/strong> <br>accompagn\u00e9 par <strong>Ziad Ben Youssef,<\/strong> compositeur, joueur de Oud.<\/p>\n\n\n\n<figure class=\"wp-block-image size-large\"><img loading=\"lazy\" decoding=\"async\" width=\"1024\" height=\"189\" src=\"https:\/\/lejonchet.fr\/wp-content\/uploads\/2024\/05\/Im02-1-1024x189.jpg\" alt=\"\" class=\"wp-image-5957\" srcset=\"https:\/\/lejonchet.fr\/wp-content\/uploads\/2024\/05\/Im02-1-1024x189.jpg 1024w, https:\/\/lejonchet.fr\/wp-content\/uploads\/2024\/05\/Im02-1-300x55.jpg 300w, https:\/\/lejonchet.fr\/wp-content\/uploads\/2024\/05\/Im02-1-768x142.jpg 768w, https:\/\/lejonchet.fr\/wp-content\/uploads\/2024\/05\/Im02-1-1536x283.jpg 1536w, https:\/\/lejonchet.fr\/wp-content\/uploads\/2024\/05\/Im02-1-690x127.jpg 690w, https:\/\/lejonchet.fr\/wp-content\/uploads\/2024\/05\/Im02-1-980x181.jpg 980w, https:\/\/lejonchet.fr\/wp-content\/uploads\/2024\/05\/Im02-1.jpg 1600w\" sizes=\"auto, (max-width: 1024px) 100vw, 1024px\" \/><\/figure>\n\n\n\n<p class=\"has-small-font-size\"><\/p>\n\n\n\n<p class=\"has-drop-cap\">Depuis toujours, la po\u00e9sie est la patrie des po\u00e8tes, tout \u00e0 la fois leur terre d\u2019origine, leur refuge, leur raison d\u2019\u00eatre, leur combat et leur horizon.<br>Le sentiment de l\u2019exil, toutes les po\u00e9tesses et tous les po\u00e8tes le connaissent. Il est leur nature, et ce spectacle po\u00e9tique et musical parle des diff\u00e9rentes formes de l\u2019exil, celui d\u2019un enfant rejet\u00e9 par les siens, celui de tous ceux que le po\u00e8te a pu rencontrer dans ses voyages, celui qui lui donne cependant tant d\u2019espoir et dont le dernier sera, pour ceux que le destin aura fait vivre vieux, le tr\u00e8s grand \u00e2ge. La beaut\u00e9 de la musique orientale de Ziad Ben Youssef vient ainsi sublimer les lectures des po\u00e8mes bouleversants de Jo\u00ebl Mansa.<br><em>L\u2019auteur signera son livre apr\u00e8s le spectacle.<\/em><\/p>\n\n\n\n<figure class=\"wp-block-gallery aligncenter has-nested-images columns-3 is-cropped wp-block-gallery-1 is-layout-flex wp-block-gallery-is-layout-flex\">\n<figure class=\"wp-block-image size-full\"><img loading=\"lazy\" decoding=\"async\" width=\"600\" height=\"739\" data-id=\"5959\" src=\"https:\/\/lejonchet.fr\/wp-content\/uploads\/2024\/05\/Im04-2.jpg\" alt=\"\" class=\"wp-image-5959\" srcset=\"https:\/\/lejonchet.fr\/wp-content\/uploads\/2024\/05\/Im04-2.jpg 600w, https:\/\/lejonchet.fr\/wp-content\/uploads\/2024\/05\/Im04-2-244x300.jpg 244w\" sizes=\"auto, (max-width: 600px) 100vw, 600px\" \/><figcaption class=\"wp-element-caption\">Jo\u00ebl Mansa<\/figcaption><\/figure>\n\n\n\n<figure class=\"wp-block-image size-full\"><img loading=\"lazy\" decoding=\"async\" width=\"600\" height=\"743\" data-id=\"5958\" src=\"https:\/\/lejonchet.fr\/wp-content\/uploads\/2024\/05\/Im03-1.jpg\" alt=\"\" class=\"wp-image-5958\" srcset=\"https:\/\/lejonchet.fr\/wp-content\/uploads\/2024\/05\/Im03-1.jpg 600w, https:\/\/lejonchet.fr\/wp-content\/uploads\/2024\/05\/Im03-1-242x300.jpg 242w\" sizes=\"auto, (max-width: 600px) 100vw, 600px\" \/><figcaption class=\"wp-element-caption\">Ziad Ben Youssef<\/figcaption><\/figure>\n<\/figure>\n\n\n\n<div class=\"wp-block-buttons is-content-justification-right is-layout-flex wp-container-core-buttons-is-layout-765c4724 wp-block-buttons-is-layout-flex\">\n<div class=\"wp-block-button alignright\"><a class=\"wp-block-button__link has-luminous-vivid-amber-background-color has-background has-text-align-left wp-element-button\" href=\"https:\/\/lejonchet.fr\/index.php\/events\/le-dernier-exil\/\" style=\"border-radius:39px\">R\u00e9servation&#8230;<\/a><\/div>\n<\/div>\n\n\n\n<figure class=\"wp-block-embed is-type-video is-provider-youtube wp-block-embed-youtube wp-embed-aspect-16-9 wp-has-aspect-ratio\"><div class=\"wp-block-embed__wrapper\">\n<iframe loading=\"lazy\" title=\"HAGAR&#039;S Theme  \u0645\u0639\u0632\u0648\u0641\u0629 \u0647\u0627\u062c\u0631  Composed by Ziad Ben Youssef                        \u062a\u0623\u0644\u064a\u0641 \u0632\u064a\u0627\u062f \u0628\u0646 \u064a\u0648\u0633\u0641\" width=\"980\" height=\"551\" src=\"https:\/\/www.youtube.com\/embed\/8jNVxoMuMpU?feature=oembed\" frameborder=\"0\" allow=\"accelerometer; autoplay; clipboard-write; encrypted-media; gyroscope; picture-in-picture; web-share\" referrerpolicy=\"strict-origin-when-cross-origin\" allowfullscreen><\/iframe>\n<\/div><\/figure>\n","protected":false},"excerpt":{"rendered":"<p>RESERVATIONS :Dimanche 1 d\u00e9cembre 2024 \u00e0 15h30 Le dernier Exil Lecture par l&rsquo;auteur Jo\u00ebl Mansa, accompagn\u00e9 par Ziad Ben Youssef, compositeur, joueur de Oud. Depuis toujours, la po\u00e9sie est la patrie des po\u00e8tes, tout \u00e0 la fois leur terre d\u2019origine, leur refuge, leur raison d\u2019\u00eatre, leur combat et leur horizon.Le sentiment de l\u2019exil, toutes les [&hellip;]<\/p>\n","protected":false},"author":1,"featured_media":0,"parent":0,"menu_order":0,"comment_status":"closed","ping_status":"closed","template":"","meta":{"footnotes":""},"class_list":["post-5956","page","type-page","status-publish","hentry"],"_links":{"self":[{"href":"https:\/\/lejonchet.fr\/index.php\/wp-json\/wp\/v2\/pages\/5956","targetHints":{"allow":["GET"]}}],"collection":[{"href":"https:\/\/lejonchet.fr\/index.php\/wp-json\/wp\/v2\/pages"}],"about":[{"href":"https:\/\/lejonchet.fr\/index.php\/wp-json\/wp\/v2\/types\/page"}],"author":[{"embeddable":true,"href":"https:\/\/lejonchet.fr\/index.php\/wp-json\/wp\/v2\/users\/1"}],"replies":[{"embeddable":true,"href":"https:\/\/lejonchet.fr\/index.php\/wp-json\/wp\/v2\/comments?post=5956"}],"version-history":[{"count":4,"href":"https:\/\/lejonchet.fr\/index.php\/wp-json\/wp\/v2\/pages\/5956\/revisions"}],"predecessor-version":[{"id":5971,"href":"https:\/\/lejonchet.fr\/index.php\/wp-json\/wp\/v2\/pages\/5956\/revisions\/5971"}],"wp:attachment":[{"href":"https:\/\/lejonchet.fr\/index.php\/wp-json\/wp\/v2\/media?parent=5956"}],"curies":[{"name":"wp","href":"https:\/\/api.w.org\/{rel}","templated":true}]}}