{"id":5836,"date":"2024-04-24T21:22:03","date_gmt":"2024-04-24T19:22:03","guid":{"rendered":"https:\/\/lejonchet.fr\/?page_id=5836"},"modified":"2025-05-16T15:58:15","modified_gmt":"2025-05-16T13:58:15","slug":"conference-spectaculaire","status":"publish","type":"page","link":"https:\/\/lejonchet.fr\/index.php\/conference-spectaculaire\/","title":{"rendered":"Conf\u00e9rence spectaculaire"},"content":{"rendered":"\n<figure class=\"wp-block-table alignright\"><table class=\"has-background\" style=\"background-color:#e7f5fe\"><tbody><tr><td class=\"has-text-align-right\" data-align=\"right\">RESERVATIONS :<br><strong><a href=\"https:\/\/lejonchet.fr\/index.php\/events\/souvent-femme-jaillit\/\">Vendredi 4 octobre 2024 \u00e0 20H30<\/a><\/strong><\/td><\/tr><\/tbody><\/table><\/figure>\n\n\n\n<p class=\"has-vivid-red-color has-text-color\" style=\"font-size:40px\"><strong><em>Souvent femme jaillit<\/em><\/strong><\/p>\n\n\n\n<p class=\"has-medium-font-size\"><strong><em>Plaidoyer pour la puissance f\u00e9minine<\/em><\/strong><\/p>\n\n\n\n<p>par <strong>Val\u00e9rie Duchaillut<\/strong><\/p>\n\n\n\n<figure class=\"wp-block-image size-full\"><img loading=\"lazy\" decoding=\"async\" width=\"1600\" height=\"330\" src=\"https:\/\/lejonchet.fr\/wp-content\/uploads\/2024\/04\/Femme02.jpg\" alt=\"\" class=\"wp-image-5837\" srcset=\"https:\/\/lejonchet.fr\/wp-content\/uploads\/2024\/04\/Femme02.jpg 1600w, https:\/\/lejonchet.fr\/wp-content\/uploads\/2024\/04\/Femme02-300x62.jpg 300w, https:\/\/lejonchet.fr\/wp-content\/uploads\/2024\/04\/Femme02-1024x211.jpg 1024w, https:\/\/lejonchet.fr\/wp-content\/uploads\/2024\/04\/Femme02-768x158.jpg 768w, https:\/\/lejonchet.fr\/wp-content\/uploads\/2024\/04\/Femme02-1536x317.jpg 1536w, https:\/\/lejonchet.fr\/wp-content\/uploads\/2024\/04\/Femme02-690x142.jpg 690w, https:\/\/lejonchet.fr\/wp-content\/uploads\/2024\/04\/Femme02-980x202.jpg 980w\" sizes=\"auto, (max-width: 1600px) 100vw, 1600px\" \/><\/figure>\n\n\n\n<p class=\"has-small-font-size\"><\/p>\n\n\n\n<p class=\"has-drop-cap\">Flanqu\u00e9e d&rsquo;un cir\u00e9 jaune, Val\u00e9rie d\u00e9barque sur sc\u00e8ne, p\u00e9tillante. De ses souvenirs d&rsquo;enfance au bord de la mer \u00e0 son exp\u00e9rience de femme jaillissante, elle d\u00e9roule sa d\u00e9monstration, sch\u00e9mas \u00e0 l&rsquo;appui, avec p\u00e9dagogie et humour. Elle nous fait rire et nous \u00e9meut. Un t\u00e9moignage vibrant et joyeux sur la puissance sexuelle des femmes.<\/p>\n\n\n\n<div class=\"wp-block-columns is-layout-flex wp-container-core-columns-is-layout-9d6595d7 wp-block-columns-is-layout-flex\">\n<div class=\"wp-block-column is-layout-flow wp-block-column-is-layout-flow\">\n<div class=\"wp-block-buttons is-content-justification-right is-layout-flex wp-container-core-buttons-is-layout-765c4724 wp-block-buttons-is-layout-flex\">\n<div class=\"wp-block-button alignright\"><a class=\"wp-block-button__link has-luminous-vivid-amber-background-color has-background has-text-align-center wp-element-button\" href=\"https:\/\/lejonchet.fr\/index.php\/events\/souvent-femme-jaillit\/\" style=\"border-radius:39px\">R\u00e9servation&#8230;<\/a><\/div>\n<\/div>\n<\/div>\n<\/div>\n\n\n\n<figure class=\"wp-block-gallery aligncenter has-nested-images columns-3 is-cropped wp-block-gallery-1 is-layout-flex wp-block-gallery-is-layout-flex\">\n<figure class=\"wp-block-image size-full\"><img loading=\"lazy\" decoding=\"async\" width=\"600\" height=\"600\" data-id=\"5838\" src=\"https:\/\/lejonchet.fr\/wp-content\/uploads\/2024\/04\/Femme03.jpg\" alt=\"\" class=\"wp-image-5838\" srcset=\"https:\/\/lejonchet.fr\/wp-content\/uploads\/2024\/04\/Femme03.jpg 600w, https:\/\/lejonchet.fr\/wp-content\/uploads\/2024\/04\/Femme03-300x300.jpg 300w, https:\/\/lejonchet.fr\/wp-content\/uploads\/2024\/04\/Femme03-150x150.jpg 150w\" sizes=\"auto, (max-width: 600px) 100vw, 600px\" \/><\/figure>\n\n\n\n<figure class=\"wp-block-image size-full\"><img loading=\"lazy\" decoding=\"async\" width=\"600\" height=\"600\" data-id=\"5839\" src=\"https:\/\/lejonchet.fr\/wp-content\/uploads\/2024\/04\/Femme04.jpg\" alt=\"\" class=\"wp-image-5839\" srcset=\"https:\/\/lejonchet.fr\/wp-content\/uploads\/2024\/04\/Femme04.jpg 600w, https:\/\/lejonchet.fr\/wp-content\/uploads\/2024\/04\/Femme04-300x300.jpg 300w, https:\/\/lejonchet.fr\/wp-content\/uploads\/2024\/04\/Femme04-150x150.jpg 150w\" sizes=\"auto, (max-width: 600px) 100vw, 600px\" \/><\/figure>\n\n\n\n<figure class=\"wp-block-image size-full\"><img loading=\"lazy\" decoding=\"async\" width=\"600\" height=\"600\" data-id=\"5840\" src=\"https:\/\/lejonchet.fr\/wp-content\/uploads\/2024\/04\/Femme05.jpg\" alt=\"\" class=\"wp-image-5840\" srcset=\"https:\/\/lejonchet.fr\/wp-content\/uploads\/2024\/04\/Femme05.jpg 600w, https:\/\/lejonchet.fr\/wp-content\/uploads\/2024\/04\/Femme05-300x300.jpg 300w, https:\/\/lejonchet.fr\/wp-content\/uploads\/2024\/04\/Femme05-150x150.jpg 150w\" sizes=\"auto, (max-width: 600px) 100vw, 600px\" \/><\/figure>\n<\/figure>\n\n\n\n<figure class=\"wp-block-embed is-type-video is-provider-vimeo wp-block-embed-vimeo\"><div class=\"wp-block-embed__wrapper\">\nhttps:\/\/vimeo.com\/466547262\n<\/div><\/figure>\n\n\n\n<p><\/p>\n\n\n\n<div class=\"wp-block-buttons is-content-justification-right is-layout-flex wp-container-core-buttons-is-layout-765c4724 wp-block-buttons-is-layout-flex\">\n<div class=\"wp-block-button alignright\"><a class=\"wp-block-button__link has-luminous-vivid-amber-background-color has-background has-text-align-center wp-element-button\" href=\"https:\/\/lejonchet.fr\/index.php\/events\/souvent-femme-jaillit\/\" style=\"border-radius:39px\">R\u00e9servation&#8230;<\/a><\/div>\n<\/div>\n","protected":false},"excerpt":{"rendered":"<p>RESERVATIONS :Vendredi 4 octobre 2024 \u00e0 20H30 Souvent femme jaillit Plaidoyer pour la puissance f\u00e9minine par Val\u00e9rie Duchaillut Flanqu\u00e9e d&rsquo;un cir\u00e9 jaune, Val\u00e9rie d\u00e9barque sur sc\u00e8ne, p\u00e9tillante. De ses souvenirs d&rsquo;enfance au bord de la mer \u00e0 son exp\u00e9rience de femme jaillissante, elle d\u00e9roule sa d\u00e9monstration, sch\u00e9mas \u00e0 l&rsquo;appui, avec p\u00e9dagogie et humour. Elle nous [&hellip;]<\/p>\n","protected":false},"author":1,"featured_media":0,"parent":0,"menu_order":0,"comment_status":"closed","ping_status":"closed","template":"","meta":{"footnotes":""},"class_list":["post-5836","page","type-page","status-publish","hentry"],"_links":{"self":[{"href":"https:\/\/lejonchet.fr\/index.php\/wp-json\/wp\/v2\/pages\/5836","targetHints":{"allow":["GET"]}}],"collection":[{"href":"https:\/\/lejonchet.fr\/index.php\/wp-json\/wp\/v2\/pages"}],"about":[{"href":"https:\/\/lejonchet.fr\/index.php\/wp-json\/wp\/v2\/types\/page"}],"author":[{"embeddable":true,"href":"https:\/\/lejonchet.fr\/index.php\/wp-json\/wp\/v2\/users\/1"}],"replies":[{"embeddable":true,"href":"https:\/\/lejonchet.fr\/index.php\/wp-json\/wp\/v2\/comments?post=5836"}],"version-history":[{"count":7,"href":"https:\/\/lejonchet.fr\/index.php\/wp-json\/wp\/v2\/pages\/5836\/revisions"}],"predecessor-version":[{"id":7963,"href":"https:\/\/lejonchet.fr\/index.php\/wp-json\/wp\/v2\/pages\/5836\/revisions\/7963"}],"wp:attachment":[{"href":"https:\/\/lejonchet.fr\/index.php\/wp-json\/wp\/v2\/media?parent=5836"}],"curies":[{"name":"wp","href":"https:\/\/api.w.org\/{rel}","templated":true}]}}