{"id":5541,"date":"2024-04-17T18:01:22","date_gmt":"2024-04-17T16:01:22","guid":{"rendered":"https:\/\/lejonchet.fr\/?page_id=5541"},"modified":"2024-06-23T17:43:17","modified_gmt":"2024-06-23T15:43:17","slug":"humour-musical","status":"publish","type":"page","link":"https:\/\/lejonchet.fr\/index.php\/humour-musical\/","title":{"rendered":"Humour musical"},"content":{"rendered":"\n<figure class=\"wp-block-table alignright\"><table class=\"has-black-color has-text-color has-background has-link-color\" style=\"background-color:#e7f5fe\"><tbody><tr><td class=\"has-text-align-right\" data-align=\"right\">RESERVATIONS :<br><strong>Dates annul\u00e9es<\/strong><br><mark style=\"background-color:rgba(0, 0, 0, 0)\" class=\"has-inline-color has-vivid-cyan-blue-color\"><strong>Dimanche 8 septembre 2024 \u00e0<\/strong> <strong>15h30<\/strong><\/mark><br><strong><mark style=\"background-color:rgba(0, 0, 0, 0)\" class=\"has-inline-color has-vivid-cyan-blue-color\">Samedi 9 novembre 2024 \u00e0 20H30<\/mark><\/strong><\/td><\/tr><\/tbody><\/table><\/figure>\n\n\n\n<p class=\"has-vivid-red-color has-text-color\" style=\"font-size:40px\"><strong><em>Les Filles du 3\u00e8me <\/em><\/strong><em><br>en concert<\/em><\/p>\n\n\n\n<figure class=\"wp-block-image size-large\"><img loading=\"lazy\" decoding=\"async\" width=\"1024\" height=\"198\" src=\"https:\/\/lejonchet.fr\/wp-content\/uploads\/2024\/04\/Im02-1024x198.jpg\" alt=\"\" class=\"wp-image-5542\" srcset=\"https:\/\/lejonchet.fr\/wp-content\/uploads\/2024\/04\/Im02-1024x198.jpg 1024w, https:\/\/lejonchet.fr\/wp-content\/uploads\/2024\/04\/Im02-300x58.jpg 300w, https:\/\/lejonchet.fr\/wp-content\/uploads\/2024\/04\/Im02-768x149.jpg 768w, https:\/\/lejonchet.fr\/wp-content\/uploads\/2024\/04\/Im02-1536x298.jpg 1536w, https:\/\/lejonchet.fr\/wp-content\/uploads\/2024\/04\/Im02-690x134.jpg 690w, https:\/\/lejonchet.fr\/wp-content\/uploads\/2024\/04\/Im02-980x190.jpg 980w, https:\/\/lejonchet.fr\/wp-content\/uploads\/2024\/04\/Im02.jpg 1600w\" sizes=\"auto, (max-width: 1024px) 100vw, 1024px\" \/><\/figure>\n\n\n\n<p><\/p>\n\n\n\n<p class=\"has-drop-cap\">Les Filles du 3\u00e8me c&rsquo;est du jazz et de la polyphonie. Elles racontent leurs histoires, leurs amours, leurs d\u00e9boires en remuant les&nbsp;hanches et en claquant des doigts. <br>Un peu de swing, des mots,&nbsp;un guitariste&nbsp;et trois chanteuses pour un spectacle d&rsquo;humour musical au f\u00e9minin !!En grande partie original, leur r\u00e9pertoire laisse aussi de la place pour Boris Vian, Serge Gainsbourg ou Georges Brassens. <br>Trois voix et une guitare pour faire rire et \u00e9mouvoir au fil de leurs histoires !<\/p>\n\n\n\n<p><strong>Distribution&nbsp;<\/strong>: <br>Clara <strong>Lopez<\/strong>, Charlotte <strong>Lasnier<\/strong> et Clara <strong>Cologni<\/strong> au chant. <br>Martin <strong>Arnoux<\/strong> <em>(Guitare)<\/em>.<\/p>\n\n\n\n<p class=\"has-small-font-size\"><em>Dur\u00e9e : 1H15<\/em><\/p>\n\n\n\n<figure class=\"wp-block-gallery aligncenter has-nested-images columns-3 is-cropped wp-block-gallery-1 is-layout-flex wp-block-gallery-is-layout-flex\">\n<figure class=\"wp-block-image size-full\"><img loading=\"lazy\" decoding=\"async\" width=\"600\" height=\"600\" data-id=\"5543\" src=\"https:\/\/lejonchet.fr\/wp-content\/uploads\/2024\/04\/Im03.jpg\" alt=\"\" class=\"wp-image-5543\" srcset=\"https:\/\/lejonchet.fr\/wp-content\/uploads\/2024\/04\/Im03.jpg 600w, https:\/\/lejonchet.fr\/wp-content\/uploads\/2024\/04\/Im03-300x300.jpg 300w, https:\/\/lejonchet.fr\/wp-content\/uploads\/2024\/04\/Im03-150x150.jpg 150w\" sizes=\"auto, (max-width: 600px) 100vw, 600px\" \/><\/figure>\n\n\n\n<figure class=\"wp-block-image size-full\"><img loading=\"lazy\" decoding=\"async\" width=\"600\" height=\"600\" data-id=\"5544\" src=\"https:\/\/lejonchet.fr\/wp-content\/uploads\/2024\/04\/Im04.jpg\" alt=\"\" class=\"wp-image-5544\" srcset=\"https:\/\/lejonchet.fr\/wp-content\/uploads\/2024\/04\/Im04.jpg 600w, https:\/\/lejonchet.fr\/wp-content\/uploads\/2024\/04\/Im04-300x300.jpg 300w, https:\/\/lejonchet.fr\/wp-content\/uploads\/2024\/04\/Im04-150x150.jpg 150w\" sizes=\"auto, (max-width: 600px) 100vw, 600px\" \/><\/figure>\n\n\n\n<figure class=\"wp-block-image size-full\"><img loading=\"lazy\" decoding=\"async\" width=\"600\" height=\"600\" data-id=\"5545\" src=\"https:\/\/lejonchet.fr\/wp-content\/uploads\/2024\/04\/Im05.jpg\" alt=\"\" class=\"wp-image-5545\" srcset=\"https:\/\/lejonchet.fr\/wp-content\/uploads\/2024\/04\/Im05.jpg 600w, https:\/\/lejonchet.fr\/wp-content\/uploads\/2024\/04\/Im05-300x300.jpg 300w, https:\/\/lejonchet.fr\/wp-content\/uploads\/2024\/04\/Im05-150x150.jpg 150w\" sizes=\"auto, (max-width: 600px) 100vw, 600px\" \/><\/figure>\n<\/figure>\n\n\n\n<div class=\"wp-block-buttons is-content-justification-right is-layout-flex wp-container-core-buttons-is-layout-765c4724 wp-block-buttons-is-layout-flex\">\n<div class=\"wp-block-button alignright\"><a class=\"wp-block-button__link has-luminous-vivid-amber-background-color has-background has-text-align-left wp-element-button\" href=\"https:\/\/lejonchet.fr\/index.php\/agenda\/\" style=\"border-radius:39px\">R\u00e9servation&#8230;<\/a><\/div>\n<\/div>\n\n\n\n<figure class=\"wp-block-embed is-type-video is-provider-youtube wp-block-embed-youtube wp-embed-aspect-16-9 wp-has-aspect-ratio\"><div class=\"wp-block-embed__wrapper\">\n<iframe loading=\"lazy\" title=\"Les Filles du 3\u00e8me - TEASER\" width=\"980\" height=\"551\" src=\"https:\/\/www.youtube.com\/embed\/7eZbjVuoWFc?feature=oembed\" frameborder=\"0\" allow=\"accelerometer; autoplay; clipboard-write; encrypted-media; gyroscope; picture-in-picture; web-share\" referrerpolicy=\"strict-origin-when-cross-origin\" allowfullscreen><\/iframe>\n<\/div><\/figure>\n","protected":false},"excerpt":{"rendered":"<p>RESERVATIONS :Dates annul\u00e9esDimanche 8 septembre 2024 \u00e0 15h30Samedi 9 novembre 2024 \u00e0 20H30 Les Filles du 3\u00e8me en concert Les Filles du 3\u00e8me c&rsquo;est du jazz et de la polyphonie. Elles racontent leurs histoires, leurs amours, leurs d\u00e9boires en remuant les&nbsp;hanches et en claquant des doigts. Un peu de swing, des mots,&nbsp;un guitariste&nbsp;et trois chanteuses [&hellip;]<\/p>\n","protected":false},"author":1,"featured_media":0,"parent":0,"menu_order":0,"comment_status":"closed","ping_status":"closed","template":"","meta":{"footnotes":""},"class_list":["post-5541","page","type-page","status-publish","hentry"],"_links":{"self":[{"href":"https:\/\/lejonchet.fr\/index.php\/wp-json\/wp\/v2\/pages\/5541","targetHints":{"allow":["GET"]}}],"collection":[{"href":"https:\/\/lejonchet.fr\/index.php\/wp-json\/wp\/v2\/pages"}],"about":[{"href":"https:\/\/lejonchet.fr\/index.php\/wp-json\/wp\/v2\/types\/page"}],"author":[{"embeddable":true,"href":"https:\/\/lejonchet.fr\/index.php\/wp-json\/wp\/v2\/users\/1"}],"replies":[{"embeddable":true,"href":"https:\/\/lejonchet.fr\/index.php\/wp-json\/wp\/v2\/comments?post=5541"}],"version-history":[{"count":10,"href":"https:\/\/lejonchet.fr\/index.php\/wp-json\/wp\/v2\/pages\/5541\/revisions"}],"predecessor-version":[{"id":6312,"href":"https:\/\/lejonchet.fr\/index.php\/wp-json\/wp\/v2\/pages\/5541\/revisions\/6312"}],"wp:attachment":[{"href":"https:\/\/lejonchet.fr\/index.php\/wp-json\/wp\/v2\/media?parent=5541"}],"curies":[{"name":"wp","href":"https:\/\/api.w.org\/{rel}","templated":true}]}}