{"id":5123,"date":"2023-11-14T11:04:55","date_gmt":"2023-11-14T10:04:55","guid":{"rendered":"https:\/\/lejonchet.fr\/?page_id=5123"},"modified":"2024-05-14T11:07:42","modified_gmt":"2024-05-14T09:07:42","slug":"chansons-2","status":"publish","type":"page","link":"https:\/\/lejonchet.fr\/index.php\/chansons-2\/","title":{"rendered":"Chansons"},"content":{"rendered":"\n<figure class=\"wp-block-table alignright\"><table class=\"has-background\" style=\"background-color:#e7f5fe\"><tbody><tr><td class=\"has-text-align-right\" data-align=\"right\">RESERVATIONS :<br> <strong><mark style=\"background-color:rgba(0, 0, 0, 0)\" class=\"has-inline-color has-vivid-cyan-blue-color\"><a href=\"https:\/\/lejonchet.fr\/index.php\/events\/lueurs-3\/\">Samedi 25 mai 2024 \u00e0 20h30<\/a><\/mark><\/strong><\/td><\/tr><\/tbody><\/table><\/figure>\n\n\n\n<p class=\"has-vivid-red-color has-text-color\" style=\"font-size:40px\">L\u00dcEURS<\/p>\n\n\n\n<p>avec&nbsp;<strong>Paulyne Andr\u00e9<\/strong> (piano,basse, chant)<strong><br><\/strong>et<strong>&nbsp;Vincent Pessama<\/strong> (guitare, chant)<\/p>\n\n\n\n<figure class=\"wp-block-image size-large\"><img loading=\"lazy\" decoding=\"async\" width=\"1024\" height=\"227\" src=\"https:\/\/lejonchet.fr\/wp-content\/uploads\/2023\/03\/Im02-1-1024x227.jpg\" alt=\"\" class=\"wp-image-3660\" srcset=\"https:\/\/lejonchet.fr\/wp-content\/uploads\/2023\/03\/Im02-1-1024x227.jpg 1024w, https:\/\/lejonchet.fr\/wp-content\/uploads\/2023\/03\/Im02-1-300x66.jpg 300w, https:\/\/lejonchet.fr\/wp-content\/uploads\/2023\/03\/Im02-1-768x170.jpg 768w, https:\/\/lejonchet.fr\/wp-content\/uploads\/2023\/03\/Im02-1-1536x340.jpg 1536w, https:\/\/lejonchet.fr\/wp-content\/uploads\/2023\/03\/Im02-1-690x153.jpg 690w, https:\/\/lejonchet.fr\/wp-content\/uploads\/2023\/03\/Im02-1-980x217.jpg 980w, https:\/\/lejonchet.fr\/wp-content\/uploads\/2023\/03\/Im02-1.jpg 1600w\" sizes=\"auto, (max-width: 1024px) 100vw, 1024px\" \/><\/figure>\n\n\n\n<p><\/p>\n\n\n\n<p class=\"has-drop-cap\">L\u00dcEURS, ce sont des textes doux-amers, teint\u00e9s d&rsquo;humour, port\u00e9s par des voix douces et des m\u00e9lodies envo\u00fbtantes. Sur sc\u00e8ne, ils assument joyeusement leur m\u00e9lancolie ! <br>On per\u00e7oit leurs influences :&nbsp;Dominique A, Barbara Pravi, Pomme, Jeanne Cherhal, Albin de la Simone, William Sheller ou encore Yann Tiersen.<\/p>\n\n\n\n<p>Leur\u00a0<strong>premier disque<\/strong>,\u00a0<em>\u00c9trange paradis<\/em>, est sorti courant mai. <br>Vous pouvez l&rsquo;\u00e9couter sur toutes les plateformes (Spotify, Deezer, Apple Music&#8230;) depuis ce lien :\u00a0<a href=\"https:\/\/music.imusician.pro\/a\/nG7qXocj\" target=\"_blank\" rel=\"noreferrer noopener\">https:\/\/music.imusician.pro\/a\/nG7qXocj<\/a><\/p>\n\n\n\n<p id=\"block-1c869875-9f20-400c-8502-7600da9bbbc0\">En attendant le concert, <a href=\"https:\/\/www.youtube.com\/@lueursmusic?fbclid=IwAR2qpP7WMmo6U5u6MLks2dP961x2k-_5H5xxrGfMkDfGpfqDbDoOqtQuuiU\" target=\"_blank\" rel=\"noreferrer noopener\">https:\/\/www.youtube.com\/@lueursmusic<\/a>\ufeff<\/p>\n\n\n\n<div class=\"wp-block-button alignright\"><a class=\"wp-block-button__link has-luminous-vivid-amber-background-color has-background wp-element-button\" href=\"https:\/\/lejonchet.fr\/index.php\/events\/lueurs-3\/\" style=\"border-radius:39px\">R\u00e9servation&#8230;<\/a><\/div>\n\n\n\n<p class=\"has-small-font-size\">Photos de <strong>Maurice Lafaye<\/strong>.<\/p>\n\n\n\n<figure class=\"wp-block-gallery aligncenter has-nested-images columns-2 is-cropped wp-block-gallery-1 is-layout-flex wp-block-gallery-is-layout-flex\">\n<figure class=\"wp-block-image size-full\"><img loading=\"lazy\" decoding=\"async\" width=\"600\" height=\"600\" data-id=\"5890\" src=\"https:\/\/lejonchet.fr\/wp-content\/uploads\/2024\/04\/Lueurs07.jpg\" alt=\"\" class=\"wp-image-5890\" srcset=\"https:\/\/lejonchet.fr\/wp-content\/uploads\/2024\/04\/Lueurs07.jpg 600w, https:\/\/lejonchet.fr\/wp-content\/uploads\/2024\/04\/Lueurs07-300x300.jpg 300w, https:\/\/lejonchet.fr\/wp-content\/uploads\/2024\/04\/Lueurs07-150x150.jpg 150w\" sizes=\"auto, (max-width: 600px) 100vw, 600px\" \/><\/figure>\n\n\n\n<figure class=\"wp-block-image size-full\"><img loading=\"lazy\" decoding=\"async\" width=\"600\" height=\"600\" data-id=\"3662\" src=\"https:\/\/lejonchet.fr\/wp-content\/uploads\/2023\/03\/Im05-1.jpg\" alt=\"\" class=\"wp-image-3662\" srcset=\"https:\/\/lejonchet.fr\/wp-content\/uploads\/2023\/03\/Im05-1.jpg 600w, https:\/\/lejonchet.fr\/wp-content\/uploads\/2023\/03\/Im05-1-300x300.jpg 300w, https:\/\/lejonchet.fr\/wp-content\/uploads\/2023\/03\/Im05-1-150x150.jpg 150w\" sizes=\"auto, (max-width: 600px) 100vw, 600px\" \/><\/figure>\n\n\n\n<figure class=\"wp-block-image size-full\"><img loading=\"lazy\" decoding=\"async\" width=\"600\" height=\"600\" data-id=\"3663\" src=\"https:\/\/lejonchet.fr\/wp-content\/uploads\/2023\/03\/Im06-1.jpg\" alt=\"\" class=\"wp-image-3663\" srcset=\"https:\/\/lejonchet.fr\/wp-content\/uploads\/2023\/03\/Im06-1.jpg 600w, https:\/\/lejonchet.fr\/wp-content\/uploads\/2023\/03\/Im06-1-300x300.jpg 300w, https:\/\/lejonchet.fr\/wp-content\/uploads\/2023\/03\/Im06-1-150x150.jpg 150w\" sizes=\"auto, (max-width: 600px) 100vw, 600px\" \/><\/figure>\n\n\n\n<figure class=\"wp-block-image size-large\"><img loading=\"lazy\" decoding=\"async\" width=\"600\" height=\"600\" data-id=\"3664\" src=\"https:\/\/lejonchet.fr\/wp-content\/uploads\/2023\/03\/Im07.jpg\" alt=\"\" class=\"wp-image-3664\" srcset=\"https:\/\/lejonchet.fr\/wp-content\/uploads\/2023\/03\/Im07.jpg 600w, https:\/\/lejonchet.fr\/wp-content\/uploads\/2023\/03\/Im07-300x300.jpg 300w, https:\/\/lejonchet.fr\/wp-content\/uploads\/2023\/03\/Im07-150x150.jpg 150w\" sizes=\"auto, (max-width: 600px) 100vw, 600px\" \/><\/figure>\n<\/figure>\n\n\n\n<figure class=\"wp-block-embed is-type-video is-provider-youtube wp-block-embed-youtube wp-embed-aspect-16-9 wp-has-aspect-ratio\"><div class=\"wp-block-embed__wrapper\">\n<iframe loading=\"lazy\" title=\"Extraits de ETRANGE PARADIS, le premier EP 5 titres de L\u00dcEURS\" width=\"980\" height=\"551\" src=\"https:\/\/www.youtube.com\/embed\/4M8qgLJ_U3I?feature=oembed\" frameborder=\"0\" allow=\"accelerometer; autoplay; clipboard-write; encrypted-media; gyroscope; picture-in-picture; web-share\" referrerpolicy=\"strict-origin-when-cross-origin\" allowfullscreen><\/iframe>\n<\/div><\/figure>\n","protected":false},"excerpt":{"rendered":"<p>RESERVATIONS : Samedi 25 mai 2024 \u00e0 20h30 L\u00dcEURS avec&nbsp;Paulyne Andr\u00e9 (piano,basse, chant)et&nbsp;Vincent Pessama (guitare, chant) L\u00dcEURS, ce sont des textes doux-amers, teint\u00e9s d&rsquo;humour, port\u00e9s par des voix douces et des m\u00e9lodies envo\u00fbtantes. Sur sc\u00e8ne, ils assument joyeusement leur m\u00e9lancolie ! On per\u00e7oit leurs influences :&nbsp;Dominique A, Barbara Pravi, Pomme, Jeanne Cherhal, Albin de la [&hellip;]<\/p>\n","protected":false},"author":1,"featured_media":0,"parent":0,"menu_order":0,"comment_status":"closed","ping_status":"closed","template":"","meta":{"footnotes":""},"class_list":["post-5123","page","type-page","status-publish","hentry"],"_links":{"self":[{"href":"https:\/\/lejonchet.fr\/index.php\/wp-json\/wp\/v2\/pages\/5123","targetHints":{"allow":["GET"]}}],"collection":[{"href":"https:\/\/lejonchet.fr\/index.php\/wp-json\/wp\/v2\/pages"}],"about":[{"href":"https:\/\/lejonchet.fr\/index.php\/wp-json\/wp\/v2\/types\/page"}],"author":[{"embeddable":true,"href":"https:\/\/lejonchet.fr\/index.php\/wp-json\/wp\/v2\/users\/1"}],"replies":[{"embeddable":true,"href":"https:\/\/lejonchet.fr\/index.php\/wp-json\/wp\/v2\/comments?post=5123"}],"version-history":[{"count":15,"href":"https:\/\/lejonchet.fr\/index.php\/wp-json\/wp\/v2\/pages\/5123\/revisions"}],"predecessor-version":[{"id":6088,"href":"https:\/\/lejonchet.fr\/index.php\/wp-json\/wp\/v2\/pages\/5123\/revisions\/6088"}],"wp:attachment":[{"href":"https:\/\/lejonchet.fr\/index.php\/wp-json\/wp\/v2\/media?parent=5123"}],"curies":[{"name":"wp","href":"https:\/\/api.w.org\/{rel}","templated":true}]}}