{"id":5060,"date":"2023-11-12T16:08:55","date_gmt":"2023-11-12T15:08:55","guid":{"rendered":"https:\/\/lejonchet.fr\/?page_id=5060"},"modified":"2023-11-12T16:22:41","modified_gmt":"2023-11-12T15:22:41","slug":"theatre-28","status":"publish","type":"page","link":"https:\/\/lejonchet.fr\/index.php\/theatre-28\/","title":{"rendered":"Th\u00e9\u00e2tre"},"content":{"rendered":"\n<figure class=\"wp-block-table alignright\"><table class=\"has-background\" style=\"background-color:#e7f5fe\"><tbody><tr><td class=\"has-text-align-right\" data-align=\"right\">RESERVATIONS :<br><strong><mark style=\"background-color:rgba(0, 0, 0, 0)\" class=\"has-inline-color has-vivid-cyan-blue-color\"><a href=\"https:\/\/lejonchet.fr\/index.php\/events\/norma\/\">Vendredi 24 mai 2024 \u00e0 20h30<\/a><\/mark><\/strong><\/td><\/tr><\/tbody><\/table><\/figure>\n\n\n\n<p class=\"has-vivid-red-color has-text-color\" style=\"font-size:40px\"><strong>Norma Jeane Baker de Troie<\/strong><\/p>\n\n\n\n<p><em>de <strong>Anne Carson<\/strong><\/em><\/p>\n\n\n\n<p><em>par<\/em><strong><em> la compagnie Th\u00e9\u00e2tre sur le fil<\/em><\/strong><\/p>\n\n\n\n<p><em>Mise en sc\u00e8ne : <strong>Marine Bernard de Bayser et Jean-Paul Daniel<\/strong><br>avec <strong>Marine Bernard de Bayser<\/strong><\/em><\/p>\n\n\n\n<figure class=\"wp-block-image size-large\"><img loading=\"lazy\" decoding=\"async\" width=\"1024\" height=\"182\" src=\"https:\/\/lejonchet.fr\/wp-content\/uploads\/2023\/11\/Norma02-1024x182.jpg\" alt=\"\" class=\"wp-image-5061\" srcset=\"https:\/\/lejonchet.fr\/wp-content\/uploads\/2023\/11\/Norma02-1024x182.jpg 1024w, https:\/\/lejonchet.fr\/wp-content\/uploads\/2023\/11\/Norma02-300x53.jpg 300w, https:\/\/lejonchet.fr\/wp-content\/uploads\/2023\/11\/Norma02-768x136.jpg 768w, https:\/\/lejonchet.fr\/wp-content\/uploads\/2023\/11\/Norma02-690x122.jpg 690w, https:\/\/lejonchet.fr\/wp-content\/uploads\/2023\/11\/Norma02-980x174.jpg 980w, https:\/\/lejonchet.fr\/wp-content\/uploads\/2023\/11\/Norma02.jpg 1200w\" sizes=\"auto, (max-width: 1024px) 100vw, 1024px\" \/><\/figure>\n\n\n\n<p class=\"has-small-font-size\"><\/p>\n\n\n\n<p class=\"has-drop-cap\">Norma Jeane Baker, H\u00e9l\u00e8ne de Troie deux ic\u00f4nes s\u00e9par\u00e9es par des milliers d\u2019ann\u00e9es mais unies par un seul et m\u00eame destin, rivalisant de s\u00e9duction et de ruse pour \u00e9chapper \u00e0 la violence des hommes et \u00e0 un ordre du monde impitoyable. <\/p>\n\n\n\n<p>Et si H\u00e9l\u00e8ne n\u2019avait jamais \u00e9t\u00e9 \u00e0 Troie ? Si son ravisseur n\u2019avait emport\u00e9 avec lui, qu\u2019un nuage, une illusion ? Et si cette guerre men\u00e9e au nom de la beaut\u00e9 n\u2019\u00e9tait qu\u2019une vaste supercherie, l\u2019histoire d\u2019un leurre sublime, d\u2019une fascination destructrice ? Une usurpation d\u2019identit\u00e9s, un simulacre d\u2019h\u00e9ro\u00efsme ?<br><strong>Anne Carson s\u2019empare du mythe de mani\u00e8re vertigineuse<\/strong>.<\/p>\n\n\n\n<figure class=\"wp-block-gallery aligncenter has-nested-images columns-3 is-cropped wp-block-gallery-1 is-layout-flex wp-block-gallery-is-layout-flex\">\n<figure class=\"wp-block-image size-full\"><img loading=\"lazy\" decoding=\"async\" width=\"376\" height=\"500\" data-id=\"5062\" src=\"https:\/\/lejonchet.fr\/wp-content\/uploads\/2023\/11\/Norma03.jpg\" alt=\"\" class=\"wp-image-5062\" srcset=\"https:\/\/lejonchet.fr\/wp-content\/uploads\/2023\/11\/Norma03.jpg 376w, https:\/\/lejonchet.fr\/wp-content\/uploads\/2023\/11\/Norma03-226x300.jpg 226w\" sizes=\"auto, (max-width: 376px) 100vw, 376px\" \/><\/figure>\n\n\n\n<figure class=\"wp-block-image size-full\"><img loading=\"lazy\" decoding=\"async\" width=\"500\" height=\"500\" data-id=\"5064\" src=\"https:\/\/lejonchet.fr\/wp-content\/uploads\/2023\/11\/Norma05.jpg\" alt=\"\" class=\"wp-image-5064\" srcset=\"https:\/\/lejonchet.fr\/wp-content\/uploads\/2023\/11\/Norma05.jpg 500w, https:\/\/lejonchet.fr\/wp-content\/uploads\/2023\/11\/Norma05-300x300.jpg 300w, https:\/\/lejonchet.fr\/wp-content\/uploads\/2023\/11\/Norma05-150x150.jpg 150w\" sizes=\"auto, (max-width: 500px) 100vw, 500px\" \/><\/figure>\n\n\n\n<figure class=\"wp-block-image size-full\"><img loading=\"lazy\" decoding=\"async\" width=\"755\" height=\"500\" data-id=\"5063\" src=\"https:\/\/lejonchet.fr\/wp-content\/uploads\/2023\/11\/Norma04.jpg\" alt=\"\" class=\"wp-image-5063\" srcset=\"https:\/\/lejonchet.fr\/wp-content\/uploads\/2023\/11\/Norma04.jpg 755w, https:\/\/lejonchet.fr\/wp-content\/uploads\/2023\/11\/Norma04-300x199.jpg 300w, https:\/\/lejonchet.fr\/wp-content\/uploads\/2023\/11\/Norma04-690x457.jpg 690w\" sizes=\"auto, (max-width: 755px) 100vw, 755px\" \/><\/figure>\n<\/figure>\n\n\n\n<div class=\"wp-block-buttons is-content-justification-right is-layout-flex wp-container-core-buttons-is-layout-765c4724 wp-block-buttons-is-layout-flex\">\n<div class=\"wp-block-button alignright\"><a class=\"wp-block-button__link has-luminous-vivid-amber-background-color has-background has-text-align-left wp-element-button\" href=\"https:\/\/lejonchet.fr\/index.php\/events\/norma\/\" style=\"border-radius:39px\">R\u00e9servation&#8230;<\/a><\/div>\n<\/div>\n","protected":false},"excerpt":{"rendered":"<p>RESERVATIONS :Vendredi 24 mai 2024 \u00e0 20h30 Norma Jeane Baker de Troie de Anne Carson par la compagnie Th\u00e9\u00e2tre sur le fil Mise en sc\u00e8ne : Marine Bernard de Bayser et Jean-Paul Danielavec Marine Bernard de Bayser Norma Jeane Baker, H\u00e9l\u00e8ne de Troie deux ic\u00f4nes s\u00e9par\u00e9es par des milliers d\u2019ann\u00e9es mais unies par un seul [&hellip;]<\/p>\n","protected":false},"author":1,"featured_media":0,"parent":0,"menu_order":0,"comment_status":"closed","ping_status":"closed","template":"","meta":{"footnotes":""},"class_list":["post-5060","page","type-page","status-publish","hentry"],"_links":{"self":[{"href":"https:\/\/lejonchet.fr\/index.php\/wp-json\/wp\/v2\/pages\/5060","targetHints":{"allow":["GET"]}}],"collection":[{"href":"https:\/\/lejonchet.fr\/index.php\/wp-json\/wp\/v2\/pages"}],"about":[{"href":"https:\/\/lejonchet.fr\/index.php\/wp-json\/wp\/v2\/types\/page"}],"author":[{"embeddable":true,"href":"https:\/\/lejonchet.fr\/index.php\/wp-json\/wp\/v2\/users\/1"}],"replies":[{"embeddable":true,"href":"https:\/\/lejonchet.fr\/index.php\/wp-json\/wp\/v2\/comments?post=5060"}],"version-history":[{"count":7,"href":"https:\/\/lejonchet.fr\/index.php\/wp-json\/wp\/v2\/pages\/5060\/revisions"}],"predecessor-version":[{"id":5418,"href":"https:\/\/lejonchet.fr\/index.php\/wp-json\/wp\/v2\/pages\/5060\/revisions\/5418"}],"wp:attachment":[{"href":"https:\/\/lejonchet.fr\/index.php\/wp-json\/wp\/v2\/media?parent=5060"}],"curies":[{"name":"wp","href":"https:\/\/api.w.org\/{rel}","templated":true}]}}