{"id":5017,"date":"2023-11-09T17:43:56","date_gmt":"2023-11-09T16:43:56","guid":{"rendered":"https:\/\/lejonchet.fr\/?page_id=5017"},"modified":"2023-11-09T17:54:06","modified_gmt":"2023-11-09T16:54:06","slug":"chanson-francaise-5","status":"publish","type":"page","link":"https:\/\/lejonchet.fr\/index.php\/chanson-francaise-5\/","title":{"rendered":"Chanson fran\u00e7aise"},"content":{"rendered":"\n<figure class=\"wp-block-table alignright\"><table class=\"has-background\" style=\"background-color:#e7f5fe\"><tbody><tr><td class=\"has-text-align-right\" data-align=\"right\">RESERVATIONS :<br><a href=\"https:\/\/lejonchet.fr\/index.php\/events\/boule\/\"><strong><mark style=\"background-color:rgba(0, 0, 0, 0)\" class=\"has-inline-color has-vivid-cyan-blue-color\">Vendredi 8 mars 2024 \u00e0 20h30<\/mark><\/strong><\/a><\/td><\/tr><\/tbody><\/table><\/figure>\n\n\n\n<p class=\"has-vivid-red-color has-text-color\" style=\"font-size:40px\"><strong><em>BOULE en concert<\/em><\/strong><\/p>\n\n\n\n<p><em>par <\/em><strong><em>BOULE <\/em><\/strong><em>(chant, guitare)<\/em><\/p>\n\n\n\n<figure class=\"wp-block-image size-large\"><img loading=\"lazy\" decoding=\"async\" width=\"1024\" height=\"248\" src=\"https:\/\/lejonchet.fr\/wp-content\/uploads\/2023\/11\/Boule02-1024x248.jpg\" alt=\"\" class=\"wp-image-5018\" srcset=\"https:\/\/lejonchet.fr\/wp-content\/uploads\/2023\/11\/Boule02-1024x248.jpg 1024w, https:\/\/lejonchet.fr\/wp-content\/uploads\/2023\/11\/Boule02-300x73.jpg 300w, https:\/\/lejonchet.fr\/wp-content\/uploads\/2023\/11\/Boule02-768x186.jpg 768w, https:\/\/lejonchet.fr\/wp-content\/uploads\/2023\/11\/Boule02-1536x372.jpg 1536w, https:\/\/lejonchet.fr\/wp-content\/uploads\/2023\/11\/Boule02-690x167.jpg 690w, https:\/\/lejonchet.fr\/wp-content\/uploads\/2023\/11\/Boule02-980x237.jpg 980w, https:\/\/lejonchet.fr\/wp-content\/uploads\/2023\/11\/Boule02.jpg 1600w\" sizes=\"auto, (max-width: 1024px) 100vw, 1024px\" \/><\/figure>\n\n\n\n<p class=\"has-small-font-size\"><\/p>\n\n\n\n<p class=\"has-drop-cap\">Seul en sc\u00e8ne, BOULE nous raconte au fil de ses chansons, le parcours d&rsquo;un artiste en route vers le succ\u00e8s. \u00c0 travers des anecdotes autobiographiques, BOULE propose un r\u00e9cit d\u00e9cal\u00e9 entre humour et \u00e9motion.<br>Comme \u00e0 son habitude, il pose un regard amus\u00e9 et tendre \u00e0 la fois sur les humains. Des chansons po\u00e9tiques, parfois surr\u00e9alistes, un jeu de guitare pr\u00e9cis et riche en influences (Br\u00e9sil, Gr\u00e8ce, Irlande, \u2026) pour un seul en sc\u00e8ne original et r\u00e9jouissant. <br>BOULE \u00e9voque ses d\u00e9buts \u00e0 la sc\u00e8ne, la Normandie, des rencontres insolites qui vont le mener \u00e0 la post\u00e9rit\u00e9 ! (ou pas\u2026). Le public en sort amus\u00e9, et convaincu de colporter la bonne nouvelle : BOULE est incontournable.<\/p>\n\n\n\n<figure class=\"wp-block-gallery aligncenter has-nested-images columns-3 is-cropped wp-block-gallery-1 is-layout-flex wp-block-gallery-is-layout-flex\">\n<figure class=\"wp-block-image size-full\"><img loading=\"lazy\" decoding=\"async\" width=\"500\" height=\"500\" data-id=\"5019\" src=\"https:\/\/lejonchet.fr\/wp-content\/uploads\/2023\/11\/Boule03.jpg\" alt=\"\" class=\"wp-image-5019\" srcset=\"https:\/\/lejonchet.fr\/wp-content\/uploads\/2023\/11\/Boule03.jpg 500w, https:\/\/lejonchet.fr\/wp-content\/uploads\/2023\/11\/Boule03-300x300.jpg 300w, https:\/\/lejonchet.fr\/wp-content\/uploads\/2023\/11\/Boule03-150x150.jpg 150w\" sizes=\"auto, (max-width: 500px) 100vw, 500px\" \/><\/figure>\n\n\n\n<figure class=\"wp-block-image size-full\"><img loading=\"lazy\" decoding=\"async\" width=\"500\" height=\"500\" data-id=\"5022\" src=\"https:\/\/lejonchet.fr\/wp-content\/uploads\/2023\/11\/Boule05.jpg\" alt=\"\" class=\"wp-image-5022\" srcset=\"https:\/\/lejonchet.fr\/wp-content\/uploads\/2023\/11\/Boule05.jpg 500w, https:\/\/lejonchet.fr\/wp-content\/uploads\/2023\/11\/Boule05-300x300.jpg 300w, https:\/\/lejonchet.fr\/wp-content\/uploads\/2023\/11\/Boule05-150x150.jpg 150w\" sizes=\"auto, (max-width: 500px) 100vw, 500px\" \/><\/figure>\n\n\n\n<figure class=\"wp-block-image size-full\"><img loading=\"lazy\" decoding=\"async\" width=\"500\" height=\"500\" data-id=\"5021\" src=\"https:\/\/lejonchet.fr\/wp-content\/uploads\/2023\/11\/Boule04.jpg\" alt=\"\" class=\"wp-image-5021\" srcset=\"https:\/\/lejonchet.fr\/wp-content\/uploads\/2023\/11\/Boule04.jpg 500w, https:\/\/lejonchet.fr\/wp-content\/uploads\/2023\/11\/Boule04-300x300.jpg 300w, https:\/\/lejonchet.fr\/wp-content\/uploads\/2023\/11\/Boule04-150x150.jpg 150w\" sizes=\"auto, (max-width: 500px) 100vw, 500px\" \/><\/figure>\n<\/figure>\n\n\n\n<div class=\"wp-block-buttons is-content-justification-right is-layout-flex wp-container-core-buttons-is-layout-765c4724 wp-block-buttons-is-layout-flex\">\n<div class=\"wp-block-button alignright\"><a class=\"wp-block-button__link has-luminous-vivid-amber-background-color has-background has-text-align-left wp-element-button\" href=\"https:\/\/lejonchet.fr\/index.php\/events\/boule\/\" style=\"border-radius:39px\">R\u00e9servation&#8230;<\/a><\/div>\n<\/div>\n\n\n\n<figure class=\"wp-block-embed is-type-video is-provider-youtube wp-block-embed-youtube wp-embed-aspect-16-9 wp-has-aspect-ratio\"><div class=\"wp-block-embed__wrapper\">\n<iframe loading=\"lazy\" title=\"Boule - Teaser Solo\" width=\"980\" height=\"551\" src=\"https:\/\/www.youtube.com\/embed\/p0QCEs4dA08?feature=oembed\" frameborder=\"0\" allow=\"accelerometer; autoplay; clipboard-write; encrypted-media; gyroscope; picture-in-picture; web-share\" allowfullscreen><\/iframe>\n<\/div><\/figure>\n","protected":false},"excerpt":{"rendered":"<p>RESERVATIONS :Vendredi 8 mars 2024 \u00e0 20h30 BOULE en concert par BOULE (chant, guitare) Seul en sc\u00e8ne, BOULE nous raconte au fil de ses chansons, le parcours d&rsquo;un artiste en route vers le succ\u00e8s. \u00c0 travers des anecdotes autobiographiques, BOULE propose un r\u00e9cit d\u00e9cal\u00e9 entre humour et \u00e9motion.Comme \u00e0 son habitude, il pose un regard [&hellip;]<\/p>\n","protected":false},"author":1,"featured_media":0,"parent":0,"menu_order":0,"comment_status":"closed","ping_status":"closed","template":"","meta":{"footnotes":""},"class_list":["post-5017","page","type-page","status-publish","hentry"],"_links":{"self":[{"href":"https:\/\/lejonchet.fr\/index.php\/wp-json\/wp\/v2\/pages\/5017","targetHints":{"allow":["GET"]}}],"collection":[{"href":"https:\/\/lejonchet.fr\/index.php\/wp-json\/wp\/v2\/pages"}],"about":[{"href":"https:\/\/lejonchet.fr\/index.php\/wp-json\/wp\/v2\/types\/page"}],"author":[{"embeddable":true,"href":"https:\/\/lejonchet.fr\/index.php\/wp-json\/wp\/v2\/users\/1"}],"replies":[{"embeddable":true,"href":"https:\/\/lejonchet.fr\/index.php\/wp-json\/wp\/v2\/comments?post=5017"}],"version-history":[{"count":2,"href":"https:\/\/lejonchet.fr\/index.php\/wp-json\/wp\/v2\/pages\/5017\/revisions"}],"predecessor-version":[{"id":5028,"href":"https:\/\/lejonchet.fr\/index.php\/wp-json\/wp\/v2\/pages\/5017\/revisions\/5028"}],"wp:attachment":[{"href":"https:\/\/lejonchet.fr\/index.php\/wp-json\/wp\/v2\/media?parent=5017"}],"curies":[{"name":"wp","href":"https:\/\/api.w.org\/{rel}","templated":true}]}}