{"id":4996,"date":"2023-11-09T15:32:04","date_gmt":"2023-11-09T14:32:04","guid":{"rendered":"https:\/\/lejonchet.fr\/?page_id=4996"},"modified":"2024-04-20T17:23:50","modified_gmt":"2024-04-20T15:23:50","slug":"dorenlo","status":"publish","type":"page","link":"https:\/\/lejonchet.fr\/index.php\/dorenlo\/","title":{"rendered":"Rock fran\u00e7ais"},"content":{"rendered":"\n<figure class=\"wp-block-table alignright\"><table class=\"has-background\" style=\"background-color:#e7f5fe\"><tbody><tr><td class=\"has-text-align-right\" data-align=\"right\">RESERVATIONS :<br><a href=\"https:\/\/lejonchet.fr\/index.php\/events\/dorenlo\/\"><strong><mark style=\"background-color:rgba(0, 0, 0, 0)\" class=\"has-inline-color has-vivid-cyan-blue-color\">Vendredi 26 avril 2024 \u00e0 20h30<\/mark><\/strong><\/a><\/td><\/tr><\/tbody><\/table><\/figure>\n\n\n\n<p class=\"has-vivid-red-color has-text-color\" style=\"font-size:40px\"><strong><em>DOREN-Lo en concert<\/em><\/strong><\/p>\n\n\n\n<p><strong><em>De la chanson volontairement rock avide de col\u00e8res contestataires, humanistes et rocailleuses.<\/em><\/strong><\/p>\n\n\n\n<figure class=\"wp-block-image size-large\"><img loading=\"lazy\" decoding=\"async\" width=\"1024\" height=\"204\" src=\"https:\/\/lejonchet.fr\/wp-content\/uploads\/2023\/11\/Dorenlo02-1024x204.jpg\" alt=\"\" class=\"wp-image-4998\" srcset=\"https:\/\/lejonchet.fr\/wp-content\/uploads\/2023\/11\/Dorenlo02-1024x204.jpg 1024w, https:\/\/lejonchet.fr\/wp-content\/uploads\/2023\/11\/Dorenlo02-300x60.jpg 300w, https:\/\/lejonchet.fr\/wp-content\/uploads\/2023\/11\/Dorenlo02-768x153.jpg 768w, https:\/\/lejonchet.fr\/wp-content\/uploads\/2023\/11\/Dorenlo02-1536x306.jpg 1536w, https:\/\/lejonchet.fr\/wp-content\/uploads\/2023\/11\/Dorenlo02-690x138.jpg 690w, https:\/\/lejonchet.fr\/wp-content\/uploads\/2023\/11\/Dorenlo02-980x195.jpg 980w, https:\/\/lejonchet.fr\/wp-content\/uploads\/2023\/11\/Dorenlo02.jpg 1600w\" sizes=\"auto, (max-width: 1024px) 100vw, 1024px\" \/><\/figure>\n\n\n\n<p class=\"has-small-font-size\"><\/p>\n\n\n\n<p class=\"has-drop-cap\">Pierre Dorenlot et Philippe Zerbib se sont rencontr\u00e9s lors d&rsquo;une f\u00eate de village, apr\u00e8s bien des ann\u00e9es ; un projet artistique en a d\u00e9coul\u00e9, sur fond de textes en fran\u00e7ais et d&rsquo;\u00e9nergie rock. Dans la foul\u00e9e, Oliv&rsquo; Ricardo et Richard Jaulin s&rsquo;impliqu\u00e8rent, eux aussi, dans ce projet. Le groupe Dorenlo a ainsi vu le jour en mai 2016.<\/p>\n\n\n\n<figure class=\"wp-block-gallery aligncenter has-nested-images columns-3 is-cropped wp-block-gallery-1 is-layout-flex wp-block-gallery-is-layout-flex\">\n<figure class=\"wp-block-image size-full\"><img loading=\"lazy\" decoding=\"async\" width=\"584\" height=\"500\" data-id=\"4999\" src=\"https:\/\/lejonchet.fr\/wp-content\/uploads\/2023\/11\/Dorenlo03.jpg\" alt=\"\" class=\"wp-image-4999\" srcset=\"https:\/\/lejonchet.fr\/wp-content\/uploads\/2023\/11\/Dorenlo03.jpg 584w, https:\/\/lejonchet.fr\/wp-content\/uploads\/2023\/11\/Dorenlo03-300x257.jpg 300w\" sizes=\"auto, (max-width: 584px) 100vw, 584px\" \/><\/figure>\n\n\n\n<figure class=\"wp-block-image size-full\"><img loading=\"lazy\" decoding=\"async\" width=\"612\" height=\"434\" data-id=\"5000\" src=\"https:\/\/lejonchet.fr\/wp-content\/uploads\/2023\/11\/Dorenlo04.jpg\" alt=\"\" class=\"wp-image-5000\" srcset=\"https:\/\/lejonchet.fr\/wp-content\/uploads\/2023\/11\/Dorenlo04.jpg 612w, https:\/\/lejonchet.fr\/wp-content\/uploads\/2023\/11\/Dorenlo04-300x213.jpg 300w\" sizes=\"auto, (max-width: 612px) 100vw, 612px\" \/><\/figure>\n<\/figure>\n\n\n\n<div class=\"wp-block-buttons is-content-justification-right is-layout-flex wp-container-core-buttons-is-layout-765c4724 wp-block-buttons-is-layout-flex\">\n<div class=\"wp-block-button alignright\"><a class=\"wp-block-button__link has-luminous-vivid-amber-background-color has-background has-text-align-left wp-element-button\" href=\"https:\/\/lejonchet.fr\/index.php\/events\/dorenlo\/\" style=\"border-radius:39px\">R\u00e9servation&#8230;<\/a><\/div>\n<\/div>\n\n\n\n<figure class=\"wp-block-embed is-type-video is-provider-youtube wp-block-embed-youtube wp-embed-aspect-16-9 wp-has-aspect-ratio\"><div class=\"wp-block-embed__wrapper\">\n<iframe loading=\"lazy\" title=\"La  Banquise\" width=\"980\" height=\"551\" src=\"https:\/\/www.youtube.com\/embed\/P-zchMMaIiU?feature=oembed\" frameborder=\"0\" allow=\"accelerometer; autoplay; clipboard-write; encrypted-media; gyroscope; picture-in-picture; web-share\" allowfullscreen><\/iframe>\n<\/div><\/figure>\n","protected":false},"excerpt":{"rendered":"<p>RESERVATIONS :Vendredi 26 avril 2024 \u00e0 20h30 DOREN-Lo en concert De la chanson volontairement rock avide de col\u00e8res contestataires, humanistes et rocailleuses. Pierre Dorenlot et Philippe Zerbib se sont rencontr\u00e9s lors d&rsquo;une f\u00eate de village, apr\u00e8s bien des ann\u00e9es ; un projet artistique en a d\u00e9coul\u00e9, sur fond de textes en fran\u00e7ais et d&rsquo;\u00e9nergie rock. [&hellip;]<\/p>\n","protected":false},"author":1,"featured_media":0,"parent":0,"menu_order":0,"comment_status":"closed","ping_status":"closed","template":"","meta":{"footnotes":""},"class_list":["post-4996","page","type-page","status-publish","hentry"],"_links":{"self":[{"href":"https:\/\/lejonchet.fr\/index.php\/wp-json\/wp\/v2\/pages\/4996","targetHints":{"allow":["GET"]}}],"collection":[{"href":"https:\/\/lejonchet.fr\/index.php\/wp-json\/wp\/v2\/pages"}],"about":[{"href":"https:\/\/lejonchet.fr\/index.php\/wp-json\/wp\/v2\/types\/page"}],"author":[{"embeddable":true,"href":"https:\/\/lejonchet.fr\/index.php\/wp-json\/wp\/v2\/users\/1"}],"replies":[{"embeddable":true,"href":"https:\/\/lejonchet.fr\/index.php\/wp-json\/wp\/v2\/comments?post=4996"}],"version-history":[{"count":7,"href":"https:\/\/lejonchet.fr\/index.php\/wp-json\/wp\/v2\/pages\/4996\/revisions"}],"predecessor-version":[{"id":5696,"href":"https:\/\/lejonchet.fr\/index.php\/wp-json\/wp\/v2\/pages\/4996\/revisions\/5696"}],"wp:attachment":[{"href":"https:\/\/lejonchet.fr\/index.php\/wp-json\/wp\/v2\/media?parent=4996"}],"curies":[{"name":"wp","href":"https:\/\/api.w.org\/{rel}","templated":true}]}}