{"id":4877,"date":"2023-11-02T16:49:03","date_gmt":"2023-11-02T15:49:03","guid":{"rendered":"https:\/\/lejonchet.fr\/?page_id=4877"},"modified":"2024-11-25T17:29:02","modified_gmt":"2024-11-25T16:29:02","slug":"contes-initiatiques","status":"publish","type":"page","link":"https:\/\/lejonchet.fr\/index.php\/contes-initiatiques\/","title":{"rendered":"Contes initiatiques"},"content":{"rendered":"\n<p class=\"has-vivid-red-color has-text-color\" style=\"font-size:40px\"><strong>Peaux de femmes <\/strong><\/p>\n\n\n\n<p class=\"has-vivid-red-color has-text-color\" style=\"font-size:30px\"><strong>Contes mouvement\u00e9s pour grandes oreilles<\/strong><\/p>\n\n\n\n<figure class=\"wp-block-table alignright\"><table class=\"has-background\" style=\"background-color:#e7f5fe\"><tbody><tr><td class=\"has-text-align-right\" data-align=\"right\">RESERVATIONS :<br><strong><mark style=\"background-color:rgba(0, 0, 0, 0)\" class=\"has-inline-color has-vivid-cyan-blue-color\"><a href=\"https:\/\/lejonchet.fr\/index.php\/events\/peaux-de-femmes-2\/\">Samedi 8 mars 2025 \u00e0 20h30<\/a><\/mark><\/strong><\/td><\/tr><\/tbody><\/table><\/figure>\n\n\n\n<p><em>par <strong>La Compagnie Lallaloba<\/strong> <br>avec <strong>Pascale Donnio<\/strong><\/em><\/p>\n\n\n\n<figure class=\"wp-block-image size-large\"><img loading=\"lazy\" decoding=\"async\" width=\"1024\" height=\"247\" src=\"https:\/\/lejonchet.fr\/wp-content\/uploads\/2023\/11\/Im02-1024x247.jpg\" alt=\"\" class=\"wp-image-4878\" srcset=\"https:\/\/lejonchet.fr\/wp-content\/uploads\/2023\/11\/Im02-1024x247.jpg 1024w, https:\/\/lejonchet.fr\/wp-content\/uploads\/2023\/11\/Im02-300x73.jpg 300w, https:\/\/lejonchet.fr\/wp-content\/uploads\/2023\/11\/Im02-768x186.jpg 768w, https:\/\/lejonchet.fr\/wp-content\/uploads\/2023\/11\/Im02-690x167.jpg 690w, https:\/\/lejonchet.fr\/wp-content\/uploads\/2023\/11\/Im02-980x237.jpg 980w, https:\/\/lejonchet.fr\/wp-content\/uploads\/2023\/11\/Im02.jpg 1200w\" sizes=\"auto, (max-width: 1024px) 100vw, 1024px\" \/><\/figure>\n\n\n\n<p class=\"has-small-font-size\"><\/p>\n\n\n\n<p class=\"has-drop-cap\">Le spectacle <strong>Peaux de Femmes<\/strong> s\u2019est construit autour de 3 contes traditionnels inuits et am\u00e9rindiens. D\u00e9couvert dans le recueil<em>&nbsp;<strong>Femmes qui courent avec les loups<\/strong><\/em>&nbsp;de Clarissa Pinkola Estes, ils ont \u00e9t\u00e9 r\u00e9\u00e9crits par Pascale Donnio qui les m\u00eale \u00e0 des chants et chansons de sa composition.<br>C\u2019est avec ses outils de com\u00e9dienne qu\u2019elle fait entrer le spectateur dans chacun des univers : apparition de personnages, d&rsquo;un loup <em>marionnettique<\/em>, passage de la voix parl\u00e9e au chant, du r\u00e9cit au mouvement\u2026<br>M\u00eames si les h\u00e9ro\u00efnes de ces histoires sont exclusivement des femmes, il y est avant tout question de r\u00e9paration car ce sont des contes de mues et de transformations.<\/p>\n\n\n\n<p class=\"has-small-font-size\">Regards complices : <strong>Anne Laure Buffetaud, Marie Pustetto, Gabrielle Reix<\/strong> <br>Costume : <strong>Aur\u00e9lie Thillou<\/strong> <br>Photos : <strong>A. Pelletier\/Tamka<\/strong><\/p>\n\n\n\n<figure class=\"wp-block-gallery aligncenter has-nested-images columns-3 is-cropped wp-block-gallery-1 is-layout-flex wp-block-gallery-is-layout-flex\">\n<figure class=\"wp-block-image size-full\"><img loading=\"lazy\" decoding=\"async\" width=\"600\" height=\"713\" data-id=\"5244\" src=\"https:\/\/lejonchet.fr\/wp-content\/uploads\/2023\/11\/Im03b.jpg\" alt=\"\" class=\"wp-image-5244\" srcset=\"https:\/\/lejonchet.fr\/wp-content\/uploads\/2023\/11\/Im03b.jpg 600w, https:\/\/lejonchet.fr\/wp-content\/uploads\/2023\/11\/Im03b-252x300.jpg 252w\" sizes=\"auto, (max-width: 600px) 100vw, 600px\" \/><\/figure>\n\n\n\n<figure class=\"wp-block-image size-full\"><img loading=\"lazy\" decoding=\"async\" width=\"600\" height=\"679\" data-id=\"4880\" src=\"https:\/\/lejonchet.fr\/wp-content\/uploads\/2023\/11\/Im04.jpg\" alt=\"\" class=\"wp-image-4880\" srcset=\"https:\/\/lejonchet.fr\/wp-content\/uploads\/2023\/11\/Im04.jpg 600w, https:\/\/lejonchet.fr\/wp-content\/uploads\/2023\/11\/Im04-265x300.jpg 265w\" sizes=\"auto, (max-width: 600px) 100vw, 600px\" \/><\/figure>\n\n\n\n<figure class=\"wp-block-image size-full\"><img loading=\"lazy\" decoding=\"async\" width=\"600\" height=\"600\" data-id=\"4881\" src=\"https:\/\/lejonchet.fr\/wp-content\/uploads\/2023\/11\/Im05.jpg\" alt=\"\" class=\"wp-image-4881\" srcset=\"https:\/\/lejonchet.fr\/wp-content\/uploads\/2023\/11\/Im05.jpg 600w, https:\/\/lejonchet.fr\/wp-content\/uploads\/2023\/11\/Im05-300x300.jpg 300w, https:\/\/lejonchet.fr\/wp-content\/uploads\/2023\/11\/Im05-150x150.jpg 150w\" sizes=\"auto, (max-width: 600px) 100vw, 600px\" \/><\/figure>\n<\/figure>\n\n\n\n<p><\/p>\n\n\n\n<figure class=\"wp-block-embed is-type-video is-provider-youtube wp-block-embed-youtube wp-embed-aspect-16-9 wp-has-aspect-ratio\"><div class=\"wp-block-embed__wrapper\">\n<iframe loading=\"lazy\" title=\"Teaser Peaux de Femmes, contes mouvement\u00e9s, Cie Lallaloba\" width=\"980\" height=\"551\" src=\"https:\/\/www.youtube.com\/embed\/cgI6pxrjTKs?start=3&#038;feature=oembed\" frameborder=\"0\" allow=\"accelerometer; autoplay; clipboard-write; encrypted-media; gyroscope; picture-in-picture; web-share\" referrerpolicy=\"strict-origin-when-cross-origin\" allowfullscreen><\/iframe>\n<\/div><\/figure>\n\n\n\n<p><\/p>\n\n\n\n<div class=\"wp-block-buttons is-content-justification-right is-layout-flex wp-container-core-buttons-is-layout-765c4724 wp-block-buttons-is-layout-flex\">\n<div class=\"wp-block-button alignright\"><a class=\"wp-block-button__link has-luminous-vivid-amber-background-color has-background has-text-align-left wp-element-button\" href=\"https:\/\/lejonchet.fr\/index.php\/events\/peaux-de-femmes-2\/\" style=\"border-radius:39px\">R\u00e9servation&#8230;<\/a><\/div>\n<\/div>\n\n\n\n<p><\/p>\n","protected":false},"excerpt":{"rendered":"<p>Peaux de femmes Contes mouvement\u00e9s pour grandes oreilles RESERVATIONS :Samedi 8 mars 2025 \u00e0 20h30 par La Compagnie Lallaloba avec Pascale Donnio Le spectacle Peaux de Femmes s\u2019est construit autour de 3 contes traditionnels inuits et am\u00e9rindiens. D\u00e9couvert dans le recueil&nbsp;Femmes qui courent avec les loups&nbsp;de Clarissa Pinkola Estes, ils ont \u00e9t\u00e9 r\u00e9\u00e9crits par Pascale [&hellip;]<\/p>\n","protected":false},"author":1,"featured_media":0,"parent":0,"menu_order":0,"comment_status":"closed","ping_status":"closed","template":"","meta":{"footnotes":""},"class_list":["post-4877","page","type-page","status-publish","hentry"],"_links":{"self":[{"href":"https:\/\/lejonchet.fr\/index.php\/wp-json\/wp\/v2\/pages\/4877","targetHints":{"allow":["GET"]}}],"collection":[{"href":"https:\/\/lejonchet.fr\/index.php\/wp-json\/wp\/v2\/pages"}],"about":[{"href":"https:\/\/lejonchet.fr\/index.php\/wp-json\/wp\/v2\/types\/page"}],"author":[{"embeddable":true,"href":"https:\/\/lejonchet.fr\/index.php\/wp-json\/wp\/v2\/users\/1"}],"replies":[{"embeddable":true,"href":"https:\/\/lejonchet.fr\/index.php\/wp-json\/wp\/v2\/comments?post=4877"}],"version-history":[{"count":15,"href":"https:\/\/lejonchet.fr\/index.php\/wp-json\/wp\/v2\/pages\/4877\/revisions"}],"predecessor-version":[{"id":7103,"href":"https:\/\/lejonchet.fr\/index.php\/wp-json\/wp\/v2\/pages\/4877\/revisions\/7103"}],"wp:attachment":[{"href":"https:\/\/lejonchet.fr\/index.php\/wp-json\/wp\/v2\/media?parent=4877"}],"curies":[{"name":"wp","href":"https:\/\/api.w.org\/{rel}","templated":true}]}}