{"id":4838,"date":"2023-11-01T18:00:10","date_gmt":"2023-11-01T17:00:10","guid":{"rendered":"https:\/\/lejonchet.fr\/?page_id=4838"},"modified":"2023-11-28T18:56:57","modified_gmt":"2023-11-28T17:56:57","slug":"world-metisse","status":"publish","type":"page","link":"https:\/\/lejonchet.fr\/index.php\/world-metisse\/","title":{"rendered":"World m\u00e9tiss\u00e9"},"content":{"rendered":"\n<figure class=\"wp-block-table alignright\"><table class=\"has-background\" style=\"background-color:#e7f5fe\"><tbody><tr><td class=\"has-text-align-right\" data-align=\"right\">RESERVATIONS :<br><a href=\"https:\/\/lejonchet.fr\/index.php\/events\/ona-mae\/\"><strong><mark style=\"background-color:rgba(0, 0, 0, 0)\" class=\"has-inline-color has-vivid-cyan-blue-color\">Vendredi 9 f\u00e9vrier 2024 \u00e0 20h30<\/mark><\/strong><\/a><\/td><\/tr><\/tbody><\/table><\/figure>\n\n\n\n<p class=\"has-vivid-red-color has-text-color\" style=\"font-size:40px\"><em><strong>Ona Mae<\/strong><\/em><\/p>\n\n\n\n<blockquote class=\"wp-block-quote is-layout-flow wp-block-quote-is-layout-flow\">\n<p><em><strong>Ona Mae s&rsquo;accompagne d&rsquo;instruments venus des quatre coins du monde.\u00a0<\/strong><\/em><\/p>\n<\/blockquote>\n\n\n\n<figure class=\"wp-block-image size-large\"><img loading=\"lazy\" decoding=\"async\" width=\"1024\" height=\"366\" src=\"https:\/\/lejonchet.fr\/wp-content\/uploads\/2023\/11\/Ona02-1024x366.jpg\" alt=\"\" class=\"wp-image-4839\" srcset=\"https:\/\/lejonchet.fr\/wp-content\/uploads\/2023\/11\/Ona02-1024x366.jpg 1024w, https:\/\/lejonchet.fr\/wp-content\/uploads\/2023\/11\/Ona02-300x107.jpg 300w, https:\/\/lejonchet.fr\/wp-content\/uploads\/2023\/11\/Ona02-768x275.jpg 768w, https:\/\/lejonchet.fr\/wp-content\/uploads\/2023\/11\/Ona02-1536x549.jpg 1536w, https:\/\/lejonchet.fr\/wp-content\/uploads\/2023\/11\/Ona02-690x247.jpg 690w, https:\/\/lejonchet.fr\/wp-content\/uploads\/2023\/11\/Ona02-980x350.jpg 980w, https:\/\/lejonchet.fr\/wp-content\/uploads\/2023\/11\/Ona02.jpg 1600w\" sizes=\"auto, (max-width: 1024px) 100vw, 1024px\" \/><\/figure>\n\n\n\n<p class=\"has-small-font-size\"><\/p>\n\n\n\n<blockquote class=\"wp-block-quote is-layout-flow wp-block-quote-is-layout-flow\">\n<p class=\"has-drop-cap\">Cette artiste multi-instrumentiste, propose un voyage musical \u00e0 la fois sensible et ouvert sur le monde. <br>Elle entra\u00eene le public vers l&rsquo;Espagne, en passant par l&rsquo;Am\u00e9rique Latine, ou encore par l&rsquo;Afrique de l&rsquo;Ouest gr\u00e2ce \u00e0 son chant intimiste et enveloppant.&nbsp;<\/p>\n\n\n\n<p><strong>Des frissons garantis !!<\/strong><\/p>\n<\/blockquote>\n\n\n\n<figure class=\"wp-block-gallery aligncenter has-nested-images columns-3 is-cropped wp-block-gallery-1 is-layout-flex wp-block-gallery-is-layout-flex\">\n<figure class=\"wp-block-image size-full\"><img loading=\"lazy\" decoding=\"async\" width=\"600\" height=\"600\" data-id=\"4840\" src=\"https:\/\/lejonchet.fr\/wp-content\/uploads\/2023\/11\/Ona03.jpg\" alt=\"\" class=\"wp-image-4840\" srcset=\"https:\/\/lejonchet.fr\/wp-content\/uploads\/2023\/11\/Ona03.jpg 600w, https:\/\/lejonchet.fr\/wp-content\/uploads\/2023\/11\/Ona03-300x300.jpg 300w, https:\/\/lejonchet.fr\/wp-content\/uploads\/2023\/11\/Ona03-150x150.jpg 150w\" sizes=\"auto, (max-width: 600px) 100vw, 600px\" \/><\/figure>\n\n\n\n<figure class=\"wp-block-image size-full\"><img loading=\"lazy\" decoding=\"async\" width=\"600\" height=\"600\" data-id=\"4841\" src=\"https:\/\/lejonchet.fr\/wp-content\/uploads\/2023\/11\/Ona04.jpg\" alt=\"\" class=\"wp-image-4841\" srcset=\"https:\/\/lejonchet.fr\/wp-content\/uploads\/2023\/11\/Ona04.jpg 600w, https:\/\/lejonchet.fr\/wp-content\/uploads\/2023\/11\/Ona04-300x300.jpg 300w, https:\/\/lejonchet.fr\/wp-content\/uploads\/2023\/11\/Ona04-150x150.jpg 150w\" sizes=\"auto, (max-width: 600px) 100vw, 600px\" \/><\/figure>\n\n\n\n<figure class=\"wp-block-image size-full\"><img loading=\"lazy\" decoding=\"async\" width=\"600\" height=\"600\" data-id=\"4842\" src=\"https:\/\/lejonchet.fr\/wp-content\/uploads\/2023\/11\/Ona05.jpg\" alt=\"\" class=\"wp-image-4842\" srcset=\"https:\/\/lejonchet.fr\/wp-content\/uploads\/2023\/11\/Ona05.jpg 600w, https:\/\/lejonchet.fr\/wp-content\/uploads\/2023\/11\/Ona05-300x300.jpg 300w, https:\/\/lejonchet.fr\/wp-content\/uploads\/2023\/11\/Ona05-150x150.jpg 150w\" sizes=\"auto, (max-width: 600px) 100vw, 600px\" \/><\/figure>\n<\/figure>\n\n\n\n<div class=\"wp-block-buttons is-content-justification-right is-layout-flex wp-container-core-buttons-is-layout-765c4724 wp-block-buttons-is-layout-flex\">\n<div class=\"wp-block-button alignright\"><a class=\"wp-block-button__link has-luminous-vivid-amber-background-color has-background has-text-align-left wp-element-button\" href=\"https:\/\/lejonchet.fr\/index.php\/events\/ona-mae\/\" style=\"border-radius:39px\">R\u00e9servation&#8230;<\/a><\/div>\n<\/div>\n\n\n\n<figure class=\"wp-block-embed is-type-video is-provider-youtube wp-block-embed-youtube wp-embed-aspect-16-9 wp-has-aspect-ratio\"><div class=\"wp-block-embed__wrapper\">\n<iframe loading=\"lazy\" title=\"Un Miedo Chiquitito - ONA MAE (videoclip oficial)\" width=\"980\" height=\"551\" src=\"https:\/\/www.youtube.com\/embed\/ySzlEUzlRoA?feature=oembed\" frameborder=\"0\" allow=\"accelerometer; autoplay; clipboard-write; encrypted-media; gyroscope; picture-in-picture; web-share\" allowfullscreen><\/iframe>\n<\/div><\/figure>\n","protected":false},"excerpt":{"rendered":"<p>RESERVATIONS :Vendredi 9 f\u00e9vrier 2024 \u00e0 20h30 Ona Mae Ona Mae s&rsquo;accompagne d&rsquo;instruments venus des quatre coins du monde.\u00a0 Cette artiste multi-instrumentiste, propose un voyage musical \u00e0 la fois sensible et ouvert sur le monde. Elle entra\u00eene le public vers l&rsquo;Espagne, en passant par l&rsquo;Am\u00e9rique Latine, ou encore par l&rsquo;Afrique de l&rsquo;Ouest gr\u00e2ce \u00e0 son [&hellip;]<\/p>\n","protected":false},"author":1,"featured_media":0,"parent":0,"menu_order":0,"comment_status":"closed","ping_status":"closed","template":"","meta":{"footnotes":""},"class_list":["post-4838","page","type-page","status-publish","hentry"],"_links":{"self":[{"href":"https:\/\/lejonchet.fr\/index.php\/wp-json\/wp\/v2\/pages\/4838","targetHints":{"allow":["GET"]}}],"collection":[{"href":"https:\/\/lejonchet.fr\/index.php\/wp-json\/wp\/v2\/pages"}],"about":[{"href":"https:\/\/lejonchet.fr\/index.php\/wp-json\/wp\/v2\/types\/page"}],"author":[{"embeddable":true,"href":"https:\/\/lejonchet.fr\/index.php\/wp-json\/wp\/v2\/users\/1"}],"replies":[{"embeddable":true,"href":"https:\/\/lejonchet.fr\/index.php\/wp-json\/wp\/v2\/comments?post=4838"}],"version-history":[{"count":3,"href":"https:\/\/lejonchet.fr\/index.php\/wp-json\/wp\/v2\/pages\/4838\/revisions"}],"predecessor-version":[{"id":5240,"href":"https:\/\/lejonchet.fr\/index.php\/wp-json\/wp\/v2\/pages\/4838\/revisions\/5240"}],"wp:attachment":[{"href":"https:\/\/lejonchet.fr\/index.php\/wp-json\/wp\/v2\/media?parent=4838"}],"curies":[{"name":"wp","href":"https:\/\/api.w.org\/{rel}","templated":true}]}}