{"id":4816,"date":"2023-10-31T18:27:52","date_gmt":"2023-10-31T17:27:52","guid":{"rendered":"https:\/\/lejonchet.fr\/?page_id=4816"},"modified":"2023-12-17T19:05:48","modified_gmt":"2023-12-17T18:05:48","slug":"theatre-chant","status":"publish","type":"page","link":"https:\/\/lejonchet.fr\/index.php\/theatre-chant\/","title":{"rendered":"Th\u00e9\u00e2tre &#038; Chant"},"content":{"rendered":"\n<figure class=\"wp-block-table alignright\"><table class=\"has-background\" style=\"background-color:#e7f5fe\"><tbody><tr><td class=\"has-text-align-right\" data-align=\"right\">RESERVATIONS :<br> <strong><mark style=\"background-color:rgba(0, 0, 0, 0)\" class=\"has-inline-color has-vivid-cyan-blue-color\"><a href=\"https:\/\/lejonchet.fr\/index.php\/events\/tchan\/\">Dimanche 11 f\u00e9vrier 2024 \u00e0 15H30<\/a><\/mark><\/strong><\/td><\/tr><\/tbody><\/table><\/figure>\n\n\n\n<p class=\"has-vivid-red-color has-text-color\" style=\"font-size:40px\"><strong>Tchan Tchan Tango<\/strong><\/p>\n\n\n\n<p>avec<strong>&nbsp;Mathilde Maumont<\/strong> (chant) <br>et <strong>Lo\u00efc le Guillanton<\/strong> (guitare acoustique)<\/p>\n\n\n\n<figure class=\"wp-block-image size-large\"><img loading=\"lazy\" decoding=\"async\" width=\"1024\" height=\"204\" src=\"https:\/\/lejonchet.fr\/wp-content\/uploads\/2023\/10\/Tchan01b-1024x204.jpg\" alt=\"\" class=\"wp-image-4817\" srcset=\"https:\/\/lejonchet.fr\/wp-content\/uploads\/2023\/10\/Tchan01b-1024x204.jpg 1024w, https:\/\/lejonchet.fr\/wp-content\/uploads\/2023\/10\/Tchan01b-300x60.jpg 300w, https:\/\/lejonchet.fr\/wp-content\/uploads\/2023\/10\/Tchan01b-768x153.jpg 768w, https:\/\/lejonchet.fr\/wp-content\/uploads\/2023\/10\/Tchan01b-690x137.jpg 690w, https:\/\/lejonchet.fr\/wp-content\/uploads\/2023\/10\/Tchan01b-980x195.jpg 980w, https:\/\/lejonchet.fr\/wp-content\/uploads\/2023\/10\/Tchan01b.jpg 1200w\" sizes=\"auto, (max-width: 1024px) 100vw, 1024px\" \/><\/figure>\n\n\n\n<p class=\"has-small-font-size\"><\/p>\n\n\n\n<p class=\"has-drop-cap\">\u00abTchan tchan\u00bb, comme ces deux accords qui sonnent la mort du tango \u00e0 la fin de la musique.<\/p>\n\n\n\n<p>Litt\u00e9rature, tangos traditionnels ou contemporains et tangos chant\u00e9s s&rsquo;entrem\u00ealent pour nous faire voyager dans le Buenos Aires du d\u00e9but du XX\u00e8me si\u00e8cle.<\/p>\n\n\n\n<p>Trois personnages de femmes issus de trois romans abordent trois aspects du tango : le chant, la danse, la musique, comme trois portes d&rsquo;entr\u00e9e possibles vers ce qui se cache au plus profond de soi. Chaque histoire apporte par le biais du tango une vision \u00e0 la fois \u00e2pre de la vie mais empreinte d&rsquo;un souffle de libert\u00e9 qui traverse ces femmes aux destins mouvement\u00e9s.<\/p>\n\n\n\n<div class=\"wp-block-button alignright\"><a class=\"wp-block-button__link has-luminous-vivid-amber-background-color has-background wp-element-button\" href=\"https:\/\/lejonchet.fr\/index.php\/events\/tchan\/\" style=\"border-radius:39px\">R\u00e9servation&#8230;<\/a><\/div>\n\n\n\n<figure class=\"wp-block-gallery aligncenter has-nested-images columns-3 is-cropped wp-block-gallery-1 is-layout-flex wp-block-gallery-is-layout-flex\">\n<figure class=\"wp-block-image size-full\"><img loading=\"lazy\" decoding=\"async\" width=\"600\" height=\"447\" data-id=\"4818\" src=\"https:\/\/lejonchet.fr\/wp-content\/uploads\/2023\/10\/Tchan02.jpg\" alt=\"\" class=\"wp-image-4818\" srcset=\"https:\/\/lejonchet.fr\/wp-content\/uploads\/2023\/10\/Tchan02.jpg 600w, https:\/\/lejonchet.fr\/wp-content\/uploads\/2023\/10\/Tchan02-300x224.jpg 300w\" sizes=\"auto, (max-width: 600px) 100vw, 600px\" \/><\/figure>\n\n\n\n<figure class=\"wp-block-image size-full\"><img loading=\"lazy\" decoding=\"async\" width=\"600\" height=\"600\" data-id=\"4819\" src=\"https:\/\/lejonchet.fr\/wp-content\/uploads\/2023\/10\/Tchan03.jpg\" alt=\"\" class=\"wp-image-4819\" srcset=\"https:\/\/lejonchet.fr\/wp-content\/uploads\/2023\/10\/Tchan03.jpg 600w, https:\/\/lejonchet.fr\/wp-content\/uploads\/2023\/10\/Tchan03-300x300.jpg 300w, https:\/\/lejonchet.fr\/wp-content\/uploads\/2023\/10\/Tchan03-150x150.jpg 150w\" sizes=\"auto, (max-width: 600px) 100vw, 600px\" \/><\/figure>\n\n\n\n<figure class=\"wp-block-image size-large\"><img loading=\"lazy\" decoding=\"async\" width=\"600\" height=\"400\" data-id=\"4820\" src=\"https:\/\/lejonchet.fr\/wp-content\/uploads\/2023\/10\/Tchan04.jpg\" alt=\"\" class=\"wp-image-4820\" srcset=\"https:\/\/lejonchet.fr\/wp-content\/uploads\/2023\/10\/Tchan04.jpg 600w, https:\/\/lejonchet.fr\/wp-content\/uploads\/2023\/10\/Tchan04-300x200.jpg 300w\" sizes=\"auto, (max-width: 600px) 100vw, 600px\" \/><\/figure>\n<\/figure>\n\n\n\n<figure class=\"wp-block-embed is-type-video is-provider-youtube wp-block-embed-youtube wp-embed-aspect-16-9 wp-has-aspect-ratio\"><div class=\"wp-block-embed__wrapper\">\n<iframe loading=\"lazy\" title=\"Teaser TCHAN TCHAN TANGO\" width=\"980\" height=\"551\" src=\"https:\/\/www.youtube.com\/embed\/2T34ldY6tZ8?feature=oembed\" frameborder=\"0\" allow=\"accelerometer; autoplay; clipboard-write; encrypted-media; gyroscope; picture-in-picture; web-share\" allowfullscreen><\/iframe>\n<\/div><\/figure>\n","protected":false},"excerpt":{"rendered":"<p>RESERVATIONS : Dimanche 11 f\u00e9vrier 2024 \u00e0 15H30 Tchan Tchan Tango avec&nbsp;Mathilde Maumont (chant) et Lo\u00efc le Guillanton (guitare acoustique) \u00abTchan tchan\u00bb, comme ces deux accords qui sonnent la mort du tango \u00e0 la fin de la musique. Litt\u00e9rature, tangos traditionnels ou contemporains et tangos chant\u00e9s s&rsquo;entrem\u00ealent pour nous faire voyager dans le Buenos Aires [&hellip;]<\/p>\n","protected":false},"author":1,"featured_media":0,"parent":0,"menu_order":0,"comment_status":"closed","ping_status":"closed","template":"","meta":{"footnotes":""},"class_list":["post-4816","page","type-page","status-publish","hentry"],"_links":{"self":[{"href":"https:\/\/lejonchet.fr\/index.php\/wp-json\/wp\/v2\/pages\/4816","targetHints":{"allow":["GET"]}}],"collection":[{"href":"https:\/\/lejonchet.fr\/index.php\/wp-json\/wp\/v2\/pages"}],"about":[{"href":"https:\/\/lejonchet.fr\/index.php\/wp-json\/wp\/v2\/types\/page"}],"author":[{"embeddable":true,"href":"https:\/\/lejonchet.fr\/index.php\/wp-json\/wp\/v2\/users\/1"}],"replies":[{"embeddable":true,"href":"https:\/\/lejonchet.fr\/index.php\/wp-json\/wp\/v2\/comments?post=4816"}],"version-history":[{"count":3,"href":"https:\/\/lejonchet.fr\/index.php\/wp-json\/wp\/v2\/pages\/4816\/revisions"}],"predecessor-version":[{"id":5309,"href":"https:\/\/lejonchet.fr\/index.php\/wp-json\/wp\/v2\/pages\/4816\/revisions\/5309"}],"wp:attachment":[{"href":"https:\/\/lejonchet.fr\/index.php\/wp-json\/wp\/v2\/media?parent=4816"}],"curies":[{"name":"wp","href":"https:\/\/api.w.org\/{rel}","templated":true}]}}