{"id":4661,"date":"2023-10-24T22:22:06","date_gmt":"2023-10-24T20:22:06","guid":{"rendered":"https:\/\/lejonchet.fr\/?page_id=4661"},"modified":"2023-10-25T16:18:11","modified_gmt":"2023-10-25T14:18:11","slug":"theatre-23","status":"publish","type":"page","link":"https:\/\/lejonchet.fr\/index.php\/theatre-23\/","title":{"rendered":"Po\u00e9sie &#038; Musique"},"content":{"rendered":"\n<figure class=\"wp-block-table alignright\"><table class=\"has-background\" style=\"background-color:#e7f5fe\"><tbody><tr><td class=\"has-text-align-right\" data-align=\"right\">RESERVATIONS :<br><strong><mark style=\"background-color:rgba(0, 0, 0, 0)\" class=\"has-inline-color has-vivid-cyan-blue-color\"><a href=\"https:\/\/lejonchet.fr\/index.php\/events\/peau-aime\/\">Samedi 13 janvier 2024 \u00e0 20h30<\/a><\/mark><\/strong><\/td><\/tr><\/tbody><\/table><\/figure>\n\n\n\n<p class=\"has-vivid-red-color has-text-color\" style=\"font-size:40px\"><strong>Peau Aime<\/strong><\/p>\n\n\n\n<p><strong>Seule en sc\u00e8ne <\/strong><em><br>par <\/em><strong><em>Corinne Rousseau<\/em><\/strong><\/p>\n\n\n\n<figure class=\"wp-block-image size-large\"><img loading=\"lazy\" decoding=\"async\" width=\"1024\" height=\"220\" src=\"https:\/\/lejonchet.fr\/wp-content\/uploads\/2023\/10\/Peau02-1024x220.jpg\" alt=\"\" class=\"wp-image-4662\" srcset=\"https:\/\/lejonchet.fr\/wp-content\/uploads\/2023\/10\/Peau02-1024x220.jpg 1024w, https:\/\/lejonchet.fr\/wp-content\/uploads\/2023\/10\/Peau02-300x65.jpg 300w, https:\/\/lejonchet.fr\/wp-content\/uploads\/2023\/10\/Peau02-768x165.jpg 768w, https:\/\/lejonchet.fr\/wp-content\/uploads\/2023\/10\/Peau02-690x148.jpg 690w, https:\/\/lejonchet.fr\/wp-content\/uploads\/2023\/10\/Peau02-980x211.jpg 980w, https:\/\/lejonchet.fr\/wp-content\/uploads\/2023\/10\/Peau02.jpg 1200w\" sizes=\"auto, (max-width: 1024px) 100vw, 1024px\" \/><\/figure>\n\n\n\n<p class=\"has-small-font-size\"><\/p>\n\n\n\n<p class=\"has-drop-cap\"><em>L<\/em>e spectacle Peau Aime est n\u00e9 d&rsquo;une rencontre entre une artiste en devenir et un univers po\u00e9tique inspirant.<br> Un jour, Corinne Rousseau lit les po\u00e8mes de Patrick Deletrez qui r\u00e9sonnent en elle et lui inspirent des compositions musicales pour accompagner les m\u00e9taphores positives et universelles de ces textes qui parlent d&rsquo;amour, de la beaut\u00e9 de la vie mais aussi de ses complexit\u00e9s.<br> Au fil des rencontres, des cr\u00e9ations et des repr\u00e9sentations, Corinne a construit un seul en sc\u00e8ne dans lequel elle clame, raconte, commente et argumente les po\u00e8mes, accompagn\u00e9e de ses accord\u00e9ons. Elle met en sc\u00e8ne la difficult\u00e9 de l&rsquo;artiste \u00e0 se confier mais aussi le cheminement du l\u00e2cher prise et la libert\u00e9 qu&rsquo;autorise la sc\u00e8ne.<br> Dans ce spectacle intimiste, la fragilit\u00e9 rencontre la libert\u00e9, la musique entre en r\u00e9sonance avec l&rsquo;onirisme des textes pour offrir un dialogue&nbsp; entre les \u00e9motions de l&rsquo;artiste et celles du public.<\/p>\n\n\n\n<figure class=\"wp-block-gallery aligncenter has-nested-images columns-3 is-cropped wp-block-gallery-1 is-layout-flex wp-block-gallery-is-layout-flex\">\n<figure class=\"wp-block-image size-full\"><img loading=\"lazy\" decoding=\"async\" width=\"600\" height=\"600\" data-id=\"4663\" src=\"https:\/\/lejonchet.fr\/wp-content\/uploads\/2023\/10\/Peau03.jpg\" alt=\"\" class=\"wp-image-4663\" srcset=\"https:\/\/lejonchet.fr\/wp-content\/uploads\/2023\/10\/Peau03.jpg 600w, https:\/\/lejonchet.fr\/wp-content\/uploads\/2023\/10\/Peau03-300x300.jpg 300w, https:\/\/lejonchet.fr\/wp-content\/uploads\/2023\/10\/Peau03-150x150.jpg 150w\" sizes=\"auto, (max-width: 600px) 100vw, 600px\" \/><\/figure>\n\n\n\n<figure class=\"wp-block-image size-full\"><img loading=\"lazy\" decoding=\"async\" width=\"600\" height=\"600\" data-id=\"4665\" src=\"https:\/\/lejonchet.fr\/wp-content\/uploads\/2023\/10\/Peau05.jpg\" alt=\"\" class=\"wp-image-4665\" srcset=\"https:\/\/lejonchet.fr\/wp-content\/uploads\/2023\/10\/Peau05.jpg 600w, https:\/\/lejonchet.fr\/wp-content\/uploads\/2023\/10\/Peau05-300x300.jpg 300w, https:\/\/lejonchet.fr\/wp-content\/uploads\/2023\/10\/Peau05-150x150.jpg 150w\" sizes=\"auto, (max-width: 600px) 100vw, 600px\" \/><\/figure>\n\n\n\n<figure class=\"wp-block-image size-full\"><img loading=\"lazy\" decoding=\"async\" width=\"600\" height=\"600\" data-id=\"4664\" src=\"https:\/\/lejonchet.fr\/wp-content\/uploads\/2023\/10\/Peau04.jpg\" alt=\"\" class=\"wp-image-4664\" srcset=\"https:\/\/lejonchet.fr\/wp-content\/uploads\/2023\/10\/Peau04.jpg 600w, https:\/\/lejonchet.fr\/wp-content\/uploads\/2023\/10\/Peau04-300x300.jpg 300w, https:\/\/lejonchet.fr\/wp-content\/uploads\/2023\/10\/Peau04-150x150.jpg 150w\" sizes=\"auto, (max-width: 600px) 100vw, 600px\" \/><\/figure>\n<\/figure>\n\n\n\n<div class=\"wp-block-buttons is-content-justification-right is-layout-flex wp-container-core-buttons-is-layout-765c4724 wp-block-buttons-is-layout-flex\">\n<div class=\"wp-block-button alignright\"><a class=\"wp-block-button__link has-luminous-vivid-amber-background-color has-background has-text-align-left wp-element-button\" href=\"https:\/\/lejonchet.fr\/index.php\/events\/peau-aime\/\" style=\"border-radius:39px\">R\u00e9servation&#8230;<\/a><\/div>\n<\/div>\n\n\n\n<figure class=\"wp-block-embed is-type-video is-provider-youtube wp-block-embed-youtube wp-embed-aspect-16-9 wp-has-aspect-ratio\"><div class=\"wp-block-embed__wrapper\">\n<iframe loading=\"lazy\" title=\"Teaser Peau Aime\" width=\"980\" height=\"551\" src=\"https:\/\/www.youtube.com\/embed\/tRm3D0irBXM?feature=oembed\" frameborder=\"0\" allow=\"accelerometer; autoplay; clipboard-write; encrypted-media; gyroscope; picture-in-picture; web-share\" allowfullscreen><\/iframe>\n<\/div><\/figure>\n","protected":false},"excerpt":{"rendered":"<p>RESERVATIONS :Samedi 13 janvier 2024 \u00e0 20h30 Peau Aime Seule en sc\u00e8ne par Corinne Rousseau Le spectacle Peau Aime est n\u00e9 d&rsquo;une rencontre entre une artiste en devenir et un univers po\u00e9tique inspirant. Un jour, Corinne Rousseau lit les po\u00e8mes de Patrick Deletrez qui r\u00e9sonnent en elle et lui inspirent des compositions musicales pour accompagner [&hellip;]<\/p>\n","protected":false},"author":1,"featured_media":0,"parent":0,"menu_order":0,"comment_status":"closed","ping_status":"closed","template":"","meta":{"footnotes":""},"class_list":["post-4661","page","type-page","status-publish","hentry"],"_links":{"self":[{"href":"https:\/\/lejonchet.fr\/index.php\/wp-json\/wp\/v2\/pages\/4661","targetHints":{"allow":["GET"]}}],"collection":[{"href":"https:\/\/lejonchet.fr\/index.php\/wp-json\/wp\/v2\/pages"}],"about":[{"href":"https:\/\/lejonchet.fr\/index.php\/wp-json\/wp\/v2\/types\/page"}],"author":[{"embeddable":true,"href":"https:\/\/lejonchet.fr\/index.php\/wp-json\/wp\/v2\/users\/1"}],"replies":[{"embeddable":true,"href":"https:\/\/lejonchet.fr\/index.php\/wp-json\/wp\/v2\/comments?post=4661"}],"version-history":[{"count":5,"href":"https:\/\/lejonchet.fr\/index.php\/wp-json\/wp\/v2\/pages\/4661\/revisions"}],"predecessor-version":[{"id":4685,"href":"https:\/\/lejonchet.fr\/index.php\/wp-json\/wp\/v2\/pages\/4661\/revisions\/4685"}],"wp:attachment":[{"href":"https:\/\/lejonchet.fr\/index.php\/wp-json\/wp\/v2\/media?parent=4661"}],"curies":[{"name":"wp","href":"https:\/\/api.w.org\/{rel}","templated":true}]}}