{"id":4637,"date":"2023-10-24T19:31:22","date_gmt":"2023-10-24T17:31:22","guid":{"rendered":"https:\/\/lejonchet.fr\/?page_id=4637"},"modified":"2023-10-24T19:47:54","modified_gmt":"2023-10-24T17:47:54","slug":"theatre-22","status":"publish","type":"page","link":"https:\/\/lejonchet.fr\/index.php\/theatre-22\/","title":{"rendered":"Th\u00e9\u00e2tre"},"content":{"rendered":"\n<figure class=\"wp-block-table alignright\"><table class=\"has-background\" style=\"background-color:#e7f5fe\"><tbody><tr><td class=\"has-text-align-right\" data-align=\"right\">RESERVATIONS :<br><strong><a href=\"https:\/\/lejonchet.fr\/index.php\/events\/les-grands-chemins\/\">Dimanche 7 janvier 2024 \u00e0 15H30<\/a><\/strong><\/td><\/tr><\/tbody><\/table><\/figure>\n\n\n\n<p class=\"has-vivid-red-color has-text-color\" style=\"font-size:40px\"><strong>Les grands chemins<\/strong><\/p>\n\n\n\n<p class=\"has-vivid-red-color has-text-color\" style=\"font-size:24px\"><strong>d&rsquo;apr\u00e8s Jean Giono<\/strong><\/p>\n\n\n\n<p><em>par <strong>Yohann Villanua<\/strong><\/em><\/p>\n\n\n\n<figure class=\"wp-block-image size-large\"><img loading=\"lazy\" decoding=\"async\" width=\"1024\" height=\"287\" src=\"https:\/\/lejonchet.fr\/wp-content\/uploads\/2023\/10\/Giono02-1024x287.jpg\" alt=\"\" class=\"wp-image-4638\" srcset=\"https:\/\/lejonchet.fr\/wp-content\/uploads\/2023\/10\/Giono02-1024x287.jpg 1024w, https:\/\/lejonchet.fr\/wp-content\/uploads\/2023\/10\/Giono02-300x84.jpg 300w, https:\/\/lejonchet.fr\/wp-content\/uploads\/2023\/10\/Giono02-768x215.jpg 768w, https:\/\/lejonchet.fr\/wp-content\/uploads\/2023\/10\/Giono02-690x194.jpg 690w, https:\/\/lejonchet.fr\/wp-content\/uploads\/2023\/10\/Giono02-980x275.jpg 980w, https:\/\/lejonchet.fr\/wp-content\/uploads\/2023\/10\/Giono02.jpg 1034w\" sizes=\"auto, (max-width: 1024px) 100vw, 1024px\" \/><\/figure>\n\n\n\n<p class=\"has-small-font-size\"><\/p>\n\n\n\n<p class=\"has-drop-cap\">L&rsquo;essentiel de la pi\u00e8ce se joue dans un cabaret isol\u00e9 du monde, rendez-vous des b\u00fbcherons et des n\u00e9gociants de passages venus l\u00e0 pour boire de l&rsquo;alcool et passer du bon temps. Et au milieu de tout \u00e7a, une tenanci\u00e8re dou\u00e9e pour les affaires et une chanteuse de cabaret plantureuse. Tous les ingr\u00e9dients pour enchanter une nuit cern\u00e9e par l&rsquo;ennui et le silence des grands plateaux&#8230;<\/p>\n\n\n\n<p>Ces Grands Chemins revisit\u00e9s vous feront voyager dans un grand Sud balay\u00e9 par des vents de passion.<\/p>\n\n\n\n<p>Yohann Villanua est chanteur et \u00e9galement auteur de recueils de po\u00e8mes et de roman.<\/p>\n\n\n\n<figure class=\"wp-block-gallery aligncenter has-nested-images columns-3 is-cropped wp-block-gallery-1 is-layout-flex wp-block-gallery-is-layout-flex\">\n<figure class=\"wp-block-image size-full\"><img loading=\"lazy\" decoding=\"async\" width=\"472\" height=\"548\" data-id=\"4640\" src=\"https:\/\/lejonchet.fr\/wp-content\/uploads\/2023\/10\/Giono05.jpg\" alt=\"\" class=\"wp-image-4640\" srcset=\"https:\/\/lejonchet.fr\/wp-content\/uploads\/2023\/10\/Giono05.jpg 472w, https:\/\/lejonchet.fr\/wp-content\/uploads\/2023\/10\/Giono05-258x300.jpg 258w\" sizes=\"auto, (max-width: 472px) 100vw, 472px\" \/><\/figure>\n\n\n\n<figure class=\"wp-block-image size-full\"><img loading=\"lazy\" decoding=\"async\" width=\"548\" height=\"548\" data-id=\"4639\" src=\"https:\/\/lejonchet.fr\/wp-content\/uploads\/2023\/10\/Giono03.jpg\" alt=\"\" class=\"wp-image-4639\" srcset=\"https:\/\/lejonchet.fr\/wp-content\/uploads\/2023\/10\/Giono03.jpg 548w, https:\/\/lejonchet.fr\/wp-content\/uploads\/2023\/10\/Giono03-300x300.jpg 300w, https:\/\/lejonchet.fr\/wp-content\/uploads\/2023\/10\/Giono03-150x150.jpg 150w\" sizes=\"auto, (max-width: 548px) 100vw, 548px\" \/><\/figure>\n\n\n\n<figure class=\"wp-block-image size-full\"><img loading=\"lazy\" decoding=\"async\" width=\"548\" height=\"548\" data-id=\"4642\" src=\"https:\/\/lejonchet.fr\/wp-content\/uploads\/2023\/10\/Giono04.jpg\" alt=\"\" class=\"wp-image-4642\" srcset=\"https:\/\/lejonchet.fr\/wp-content\/uploads\/2023\/10\/Giono04.jpg 548w, https:\/\/lejonchet.fr\/wp-content\/uploads\/2023\/10\/Giono04-300x300.jpg 300w, https:\/\/lejonchet.fr\/wp-content\/uploads\/2023\/10\/Giono04-150x150.jpg 150w\" sizes=\"auto, (max-width: 548px) 100vw, 548px\" \/><\/figure>\n<\/figure>\n\n\n\n<div class=\"wp-block-buttons is-content-justification-right is-layout-flex wp-container-core-buttons-is-layout-765c4724 wp-block-buttons-is-layout-flex\">\n<div class=\"wp-block-button alignright\"><a class=\"wp-block-button__link has-luminous-vivid-amber-background-color has-background has-text-align-left wp-element-button\" href=\"https:\/\/lejonchet.fr\/index.php\/events\/les-grands-chemins\/\" style=\"border-radius:39px\">R\u00e9servation&#8230;<\/a><\/div>\n<\/div>\n","protected":false},"excerpt":{"rendered":"<p>RESERVATIONS :Dimanche 7 janvier 2024 \u00e0 15H30 Les grands chemins d&rsquo;apr\u00e8s Jean Giono par Yohann Villanua L&rsquo;essentiel de la pi\u00e8ce se joue dans un cabaret isol\u00e9 du monde, rendez-vous des b\u00fbcherons et des n\u00e9gociants de passages venus l\u00e0 pour boire de l&rsquo;alcool et passer du bon temps. Et au milieu de tout \u00e7a, une tenanci\u00e8re [&hellip;]<\/p>\n","protected":false},"author":1,"featured_media":0,"parent":0,"menu_order":0,"comment_status":"closed","ping_status":"closed","template":"","meta":{"footnotes":""},"class_list":["post-4637","page","type-page","status-publish","hentry"],"_links":{"self":[{"href":"https:\/\/lejonchet.fr\/index.php\/wp-json\/wp\/v2\/pages\/4637","targetHints":{"allow":["GET"]}}],"collection":[{"href":"https:\/\/lejonchet.fr\/index.php\/wp-json\/wp\/v2\/pages"}],"about":[{"href":"https:\/\/lejonchet.fr\/index.php\/wp-json\/wp\/v2\/types\/page"}],"author":[{"embeddable":true,"href":"https:\/\/lejonchet.fr\/index.php\/wp-json\/wp\/v2\/users\/1"}],"replies":[{"embeddable":true,"href":"https:\/\/lejonchet.fr\/index.php\/wp-json\/wp\/v2\/comments?post=4637"}],"version-history":[{"count":4,"href":"https:\/\/lejonchet.fr\/index.php\/wp-json\/wp\/v2\/pages\/4637\/revisions"}],"predecessor-version":[{"id":4652,"href":"https:\/\/lejonchet.fr\/index.php\/wp-json\/wp\/v2\/pages\/4637\/revisions\/4652"}],"wp:attachment":[{"href":"https:\/\/lejonchet.fr\/index.php\/wp-json\/wp\/v2\/media?parent=4637"}],"curies":[{"name":"wp","href":"https:\/\/api.w.org\/{rel}","templated":true}]}}