{"id":4391,"date":"2023-07-19T10:00:40","date_gmt":"2023-07-19T08:00:40","guid":{"rendered":"https:\/\/lejonchet.fr\/?page_id=4391"},"modified":"2023-07-23T17:46:20","modified_gmt":"2023-07-23T15:46:20","slug":"location-de-salle","status":"publish","type":"page","link":"https:\/\/lejonchet.fr\/index.php\/location-de-salle\/","title":{"rendered":"Location de salle"},"content":{"rendered":"\n<p>Le Th\u00e9\u00e2tre Le Jonchet est un<strong> Etablissement Recevant du Public de 5\u00e8me cat\u00e9gorie (ERP)<\/strong>. Il est am\u00e9nag\u00e9 selon les r\u00e8gles en vigueur pour accueillir des personnes \u00e0 mobilit\u00e9 r\u00e9duite. <br>Son parking priv\u00e9 permet le stationnement de 20 v\u00e9hicules dont 1 place PMR. <br>La capacit\u00e9 d&rsquo;accueil public de la salle est de 49 personnes. Elle est \u00e9quip\u00e9e de 2 sanitaires dont 1 PMR, d&rsquo;un bar avec r\u00e9frig\u00e9rateur et d&rsquo;un gradin de 32 places. <br>Le th\u00e9\u00e2tre dispose d&rsquo;un \u00e9quipement son &amp; lumi\u00e8re, d&rsquo;un vid\u00e9oprojecteur et d&rsquo;un \u00e9cran (voir fiche technique ci-dessous).<\/p>\n\n\n\n<p>Pour toute <strong>demande de location<\/strong> et visite de la salle, merci de nous contacter sur <a href=\"mailto:info@lejonchet.fr\"><strong>info@lejonchet.fr<\/strong><\/a><\/p>\n\n\n\n<div data-wp-interactive=\"core\/file\" class=\"wp-block-file aligncenter\"><object data-wp-bind--hidden=\"!state.hasPdfPreview\" hidden class=\"wp-block-file__embed\" data=\"https:\/\/lejonchet.fr\/wp-content\/uploads\/2022\/10\/Dossier-technique-Le-Jonchet.pdf\" type=\"application\/pdf\" style=\"width:100%;height:538px\" aria-label=\"Contenu embarqu\u00e9 Dossier technique Le Jonchet.\"><\/object><a id=\"wp-block-file--media-ae6fb496-bb85-4315-b872-d322bcec276f\" href=\"https:\/\/lejonchet.fr\/wp-content\/uploads\/2022\/10\/Dossier-technique-Le-Jonchet.pdf\" target=\"_blank\" rel=\"noreferrer noopener\">Dossier technique Le Jonchet<\/a><a href=\"https:\/\/lejonchet.fr\/wp-content\/uploads\/2022\/10\/Dossier-technique-Le-Jonchet.pdf\" class=\"wp-block-file__button wp-element-button\" download aria-describedby=\"wp-block-file--media-ae6fb496-bb85-4315-b872-d322bcec276f\">T\u00e9l\u00e9chargement<\/a><\/div>\n","protected":false},"excerpt":{"rendered":"<p>Le Th\u00e9\u00e2tre Le Jonchet est un Etablissement Recevant du Public de 5\u00e8me cat\u00e9gorie (ERP). Il est am\u00e9nag\u00e9 selon les r\u00e8gles en vigueur pour accueillir des personnes \u00e0 mobilit\u00e9 r\u00e9duite. Son parking priv\u00e9 permet le stationnement de 20 v\u00e9hicules dont 1 place PMR. La capacit\u00e9 d&rsquo;accueil public de la salle est de 49 personnes. Elle est [&hellip;]<\/p>\n","protected":false},"author":1,"featured_media":0,"parent":0,"menu_order":0,"comment_status":"closed","ping_status":"closed","template":"","meta":{"footnotes":""},"class_list":["post-4391","page","type-page","status-publish","hentry"],"_links":{"self":[{"href":"https:\/\/lejonchet.fr\/index.php\/wp-json\/wp\/v2\/pages\/4391","targetHints":{"allow":["GET"]}}],"collection":[{"href":"https:\/\/lejonchet.fr\/index.php\/wp-json\/wp\/v2\/pages"}],"about":[{"href":"https:\/\/lejonchet.fr\/index.php\/wp-json\/wp\/v2\/types\/page"}],"author":[{"embeddable":true,"href":"https:\/\/lejonchet.fr\/index.php\/wp-json\/wp\/v2\/users\/1"}],"replies":[{"embeddable":true,"href":"https:\/\/lejonchet.fr\/index.php\/wp-json\/wp\/v2\/comments?post=4391"}],"version-history":[{"count":8,"href":"https:\/\/lejonchet.fr\/index.php\/wp-json\/wp\/v2\/pages\/4391\/revisions"}],"predecessor-version":[{"id":4429,"href":"https:\/\/lejonchet.fr\/index.php\/wp-json\/wp\/v2\/pages\/4391\/revisions\/4429"}],"wp:attachment":[{"href":"https:\/\/lejonchet.fr\/index.php\/wp-json\/wp\/v2\/media?parent=4391"}],"curies":[{"name":"wp","href":"https:\/\/api.w.org\/{rel}","templated":true}]}}