{"id":4298,"date":"2023-06-20T14:38:36","date_gmt":"2023-06-20T12:38:36","guid":{"rendered":"https:\/\/lejonchet.fr\/?page_id=4298"},"modified":"2023-10-30T15:15:46","modified_gmt":"2023-10-30T14:15:46","slug":"danse","status":"publish","type":"page","link":"https:\/\/lejonchet.fr\/index.php\/danse\/","title":{"rendered":"Danse"},"content":{"rendered":"\n<figure class=\"wp-block-table alignright\"><table class=\"has-background\" style=\"background-color:#e7f5fe\"><tbody><tr><td class=\"has-text-align-right\" data-align=\"right\">RESERVATIONS :<br><strong><mark style=\"background-color:rgba(0, 0, 0, 0)\" class=\"has-inline-color has-vivid-cyan-blue-color\"><a href=\"https:\/\/lejonchet.fr\/index.php\/events\/la-boite-a-danser\/\">Vendredi 10 novembre 2023 \u00e0 20h30<\/a><\/mark><\/strong><\/td><\/tr><\/tbody><\/table><\/figure>\n\n\n\n<p class=\"has-vivid-red-color has-text-color\" style=\"font-size:40px\"><strong>La bo\u00eete \u00e0 danser<\/strong><\/p>\n\n\n\n<p><em>par <\/em><strong><em>la Cie Propulse &amp; Danse<br><\/em><\/strong><em>avec <\/em><strong><em>Candice Thomann et Julie Lesbordes<br><\/em><\/strong><em>Chor\u00e9graphie : <\/em><strong><em>Candice Thomann<\/em><\/strong><br><em>Musique : <strong>Emmanuel Pesme<\/strong><\/em><\/p>\n\n\n\n<figure class=\"wp-block-image size-large\"><img loading=\"lazy\" decoding=\"async\" width=\"1024\" height=\"228\" src=\"https:\/\/lejonchet.fr\/wp-content\/uploads\/2023\/06\/Im02-1-1024x228.jpg\" alt=\"\" class=\"wp-image-4300\" srcset=\"https:\/\/lejonchet.fr\/wp-content\/uploads\/2023\/06\/Im02-1-1024x228.jpg 1024w, https:\/\/lejonchet.fr\/wp-content\/uploads\/2023\/06\/Im02-1-300x67.jpg 300w, https:\/\/lejonchet.fr\/wp-content\/uploads\/2023\/06\/Im02-1-768x171.jpg 768w, https:\/\/lejonchet.fr\/wp-content\/uploads\/2023\/06\/Im02-1-690x154.jpg 690w, https:\/\/lejonchet.fr\/wp-content\/uploads\/2023\/06\/Im02-1-980x218.jpg 980w, https:\/\/lejonchet.fr\/wp-content\/uploads\/2023\/06\/Im02-1.jpg 1200w\" sizes=\"auto, (max-width: 1024px) 100vw, 1024px\" \/><\/figure>\n\n\n\n<p class=\"has-small-font-size\"><\/p>\n\n\n\n<p class=\"has-drop-cap\">Un papier, un stylo, et le public est invit\u00e9 \u00e0 \u00e9crire en 1 mot sa r\u00e9ponse \u00e0 la question : \u00ab\u00a0Qu&rsquo;est-ce-que la danse contemporaine ?\u00a0\u00bb. Les propositions sont d\u00e9pos\u00e9es dans une bo\u00eete !<br>C\u2019est alors aux danseurs de tirer au sort des mots pour les incarner sur le plateau par l\u2019improvisation \u2013 ou, pour mieux dire, par une \u00e9criture instantan\u00e9e.<br>Le public participe en cherchant \u00e0 deviner le mot ; autant de personnes que de mots exprim\u00e9s : une envol\u00e9e de suggestions se met \u00e0 r\u00e9sonner !<br>Moment de complicit\u00e9 spontan\u00e9, interactif\u2026 Car il est bel et bien question de partage ludique entre le public et les danseurs dans cette pi\u00e8ce \u2013 au point, d\u2019ailleurs, que l\u2019interaction peut d\u00e9boucher sur un v\u00e9ritable processus de composition chor\u00e9graphique o\u00f9 chacun tient un r\u00f4le.<br>Ce processus ram\u00e8ne chacune et chacun \u00e0 son interpr\u00e9tation, \u00e0 son ressenti, \u00e0 sa fa\u00e7on singuli\u00e8re de percevoir la danse contemporaine, en jouant parfois \u2013 mais sans pr\u00e9tention didactique &#8211; sur les st\u00e9r\u00e9otypes et les a priori.<\/p>\n\n\n\n<figure class=\"wp-block-gallery aligncenter has-nested-images columns-3 is-cropped wp-block-gallery-1 is-layout-flex wp-block-gallery-is-layout-flex\">\n<figure class=\"wp-block-image size-full\"><img loading=\"lazy\" decoding=\"async\" width=\"720\" height=\"504\" data-id=\"4301\" src=\"https:\/\/lejonchet.fr\/wp-content\/uploads\/2023\/06\/Im03-1.jpg\" alt=\"\" class=\"wp-image-4301\" srcset=\"https:\/\/lejonchet.fr\/wp-content\/uploads\/2023\/06\/Im03-1.jpg 720w, https:\/\/lejonchet.fr\/wp-content\/uploads\/2023\/06\/Im03-1-300x210.jpg 300w, https:\/\/lejonchet.fr\/wp-content\/uploads\/2023\/06\/Im03-1-690x483.jpg 690w\" sizes=\"auto, (max-width: 720px) 100vw, 720px\" \/><\/figure>\n\n\n\n<figure class=\"wp-block-image size-full\"><img loading=\"lazy\" decoding=\"async\" width=\"700\" height=\"467\" data-id=\"4302\" src=\"https:\/\/lejonchet.fr\/wp-content\/uploads\/2023\/06\/Im04-1.jpg\" alt=\"\" class=\"wp-image-4302\" srcset=\"https:\/\/lejonchet.fr\/wp-content\/uploads\/2023\/06\/Im04-1.jpg 700w, https:\/\/lejonchet.fr\/wp-content\/uploads\/2023\/06\/Im04-1-300x200.jpg 300w, https:\/\/lejonchet.fr\/wp-content\/uploads\/2023\/06\/Im04-1-690x460.jpg 690w\" sizes=\"auto, (max-width: 700px) 100vw, 700px\" \/><\/figure>\n\n\n\n<figure class=\"wp-block-image size-full\"><img loading=\"lazy\" decoding=\"async\" width=\"467\" height=\"720\" data-id=\"4303\" src=\"https:\/\/lejonchet.fr\/wp-content\/uploads\/2023\/06\/Im05-1.jpg\" alt=\"\" class=\"wp-image-4303\" srcset=\"https:\/\/lejonchet.fr\/wp-content\/uploads\/2023\/06\/Im05-1.jpg 467w, https:\/\/lejonchet.fr\/wp-content\/uploads\/2023\/06\/Im05-1-195x300.jpg 195w\" sizes=\"auto, (max-width: 467px) 100vw, 467px\" \/><\/figure>\n<\/figure>\n\n\n\n<p class=\"has-small-font-size\">Dur\u00e9e : 50mn<\/p>\n\n\n\n<div class=\"wp-block-buttons is-content-justification-right is-layout-flex wp-container-core-buttons-is-layout-765c4724 wp-block-buttons-is-layout-flex\">\n<div class=\"wp-block-button alignright\"><a class=\"wp-block-button__link has-luminous-vivid-amber-background-color has-background has-text-align-left wp-element-button\" href=\"https:\/\/lejonchet.fr\/index.php\/events\/la-boite-a-danser\/\" style=\"border-radius:39px\">R\u00e9servation&#8230;<\/a><\/div>\n<\/div>\n\n\n\n<figure class=\"wp-block-embed is-type-video is-provider-youtube wp-block-embed-youtube wp-embed-aspect-16-9 wp-has-aspect-ratio\"><div class=\"wp-block-embed__wrapper\">\n<iframe loading=\"lazy\" title=\"Teaser La Bo\u00eete \u00e0 Danser cie propulse&amp;danse festival Ravensare 2023 Toulouse\" width=\"980\" height=\"551\" src=\"https:\/\/www.youtube.com\/embed\/bHQAFAkAoBA?feature=oembed\" frameborder=\"0\" allow=\"accelerometer; autoplay; clipboard-write; encrypted-media; gyroscope; picture-in-picture; web-share\" allowfullscreen><\/iframe>\n<\/div><\/figure>\n","protected":false},"excerpt":{"rendered":"<p>RESERVATIONS :Vendredi 10 novembre 2023 \u00e0 20h30 La bo\u00eete \u00e0 danser par la Cie Propulse &amp; Danseavec Candice Thomann et Julie LesbordesChor\u00e9graphie : Candice ThomannMusique : Emmanuel Pesme Un papier, un stylo, et le public est invit\u00e9 \u00e0 \u00e9crire en 1 mot sa r\u00e9ponse \u00e0 la question : \u00ab\u00a0Qu&rsquo;est-ce-que la danse contemporaine ?\u00a0\u00bb. Les propositions [&hellip;]<\/p>\n","protected":false},"author":1,"featured_media":0,"parent":0,"menu_order":0,"comment_status":"closed","ping_status":"closed","template":"","meta":{"footnotes":""},"class_list":["post-4298","page","type-page","status-publish","hentry"],"_links":{"self":[{"href":"https:\/\/lejonchet.fr\/index.php\/wp-json\/wp\/v2\/pages\/4298","targetHints":{"allow":["GET"]}}],"collection":[{"href":"https:\/\/lejonchet.fr\/index.php\/wp-json\/wp\/v2\/pages"}],"about":[{"href":"https:\/\/lejonchet.fr\/index.php\/wp-json\/wp\/v2\/types\/page"}],"author":[{"embeddable":true,"href":"https:\/\/lejonchet.fr\/index.php\/wp-json\/wp\/v2\/users\/1"}],"replies":[{"embeddable":true,"href":"https:\/\/lejonchet.fr\/index.php\/wp-json\/wp\/v2\/comments?post=4298"}],"version-history":[{"count":4,"href":"https:\/\/lejonchet.fr\/index.php\/wp-json\/wp\/v2\/pages\/4298\/revisions"}],"predecessor-version":[{"id":4780,"href":"https:\/\/lejonchet.fr\/index.php\/wp-json\/wp\/v2\/pages\/4298\/revisions\/4780"}],"wp:attachment":[{"href":"https:\/\/lejonchet.fr\/index.php\/wp-json\/wp\/v2\/media?parent=4298"}],"curies":[{"name":"wp","href":"https:\/\/api.w.org\/{rel}","templated":true}]}}