{"id":4006,"date":"2023-05-16T16:51:21","date_gmt":"2023-05-16T14:51:21","guid":{"rendered":"https:\/\/lejonchet.fr\/?page_id=4006"},"modified":"2023-05-16T17:30:52","modified_gmt":"2023-05-16T15:30:52","slug":"philosopholie","status":"publish","type":"page","link":"https:\/\/lejonchet.fr\/index.php\/philosopholie\/","title":{"rendered":"Th\u00e9\u00e2tre"},"content":{"rendered":"\n<figure class=\"wp-block-table alignright\"><table class=\"has-background\" style=\"background-color:#e7f5fe\"><tbody><tr><td class=\"has-text-align-right\" data-align=\"right\">RESERVATIONS :<br><a href=\"https:\/\/lejonchet.fr\/index.php\/events\/philosopholie\/\"><strong>Dimanche 26 novembre \u00e0 15h30<\/strong><\/a><\/td><\/tr><\/tbody><\/table><\/figure>\n\n\n\n<p class=\"has-vivid-red-color has-text-color has-large-font-size\"><strong>\u00ab\u00a0Paquita et la philosopholie\u00a0\u00bb<\/strong><\/p>\n\n\n\n<p style=\"font-size:30px\"><strong><em>Cours de philosophie<\/em><\/strong><\/p>\n\n\n\n<p class=\"has-vivid-red-color has-text-color has-medium-font-size\"><strong><em>par Ana Maria V\u00e9n\u00e9gas de la compagnie Th\u00e9\u00e2tre au Vent<\/em><\/strong><\/p>\n\n\n\n<figure class=\"wp-block-image size-large\"><img loading=\"lazy\" decoding=\"async\" width=\"1024\" height=\"224\" src=\"https:\/\/lejonchet.fr\/wp-content\/uploads\/2023\/05\/Ana02-1024x224.jpg\" alt=\"\" class=\"wp-image-4007\" srcset=\"https:\/\/lejonchet.fr\/wp-content\/uploads\/2023\/05\/Ana02-1024x224.jpg 1024w, https:\/\/lejonchet.fr\/wp-content\/uploads\/2023\/05\/Ana02-300x66.jpg 300w, https:\/\/lejonchet.fr\/wp-content\/uploads\/2023\/05\/Ana02-768x168.jpg 768w, https:\/\/lejonchet.fr\/wp-content\/uploads\/2023\/05\/Ana02-690x151.jpg 690w, https:\/\/lejonchet.fr\/wp-content\/uploads\/2023\/05\/Ana02-980x214.jpg 980w, https:\/\/lejonchet.fr\/wp-content\/uploads\/2023\/05\/Ana02.jpg 1500w\" sizes=\"auto, (max-width: 1024px) 100vw, 1024px\" \/><\/figure>\n\n\n\n<p class=\"has-drop-cap\">Le clown Paquita s\u2019est entich\u00e9 de philosophie, et naturellement elle br\u00fble de partager ses d\u00e9couvertes et sa nouvelle passion avec le public. Et pardonnez du peu, cette fois, c\u2019est de la philosopholie de Spinoza dont il s\u2019agit. C\u2019est donc de Dieu, de la condition humaine, des affects, du d\u00e9sir, de la v\u00e9rit\u00e9 et de la libert\u00e9, de la recherche du bonheur qu\u2019elle va nous entretenir.<\/p>\n\n\n\n<p>C\u2019est pendant de longues marches que j&rsquo;ai d\u00e9couvert Spinoza , \u00able grand philosophe du Bonheur\u00bb comme dit Bruno Giuliani en \u00e9coutant l\u2019\u00e9mission de France Culture \u00abChemin de la philosophie\u00bb .<br>Dans l&rsquo;enfermement r\u00e9el du confinement j\u2019ai \u00e9prouv\u00e9 cet immense besoin de \u00ablibert\u00e9\u00bb dont parle si bien Spinoza : \u00ab\u00a0la libert\u00e9 de l\u2019\u00eatre\u00a0\u00bb.<br>Je n\u2019ai jamais eu la pr\u00e9tention, ni l\u2019audace de vouloir traiter la philosophie avec le clown et encore moins de traiter l\u2019\u00e9thique de Spinoza ! Il ne s\u2019agit pas de cela. <br>En \u00e9coutant ses pens\u00e9es sur la vie et sa philosophie une r\u00e9sonnance s&rsquo;est fa\u00eete en moi .<\/p>\n\n\n\n<div class=\"wp-block-buttons is-horizontal is-content-justification-right is-layout-flex wp-container-core-buttons-is-layout-ae2fe186 wp-block-buttons-is-layout-flex\">\n<div class=\"wp-block-button\"><a class=\"wp-block-button__link has-white-color has-luminous-vivid-amber-background-color has-text-color has-background wp-element-button\" href=\"https:\/\/lejonchet.fr\/index.php\/events\/philosopholie\/\">R\u00e9servations&#8230;<\/a><\/div>\n<\/div>\n\n\n\n<p><\/p>\n\n\n\n<p class=\"has-text-align-right has-small-font-size\">Spectacle tout public<br> Jeu, mise en sc\u00e8ne, \u00e9criture : <strong>Ana Maria Venegas<\/strong><\/p>\n\n\n\n<figure class=\"wp-block-gallery has-nested-images columns-default is-cropped wp-block-gallery-1 is-layout-flex wp-block-gallery-is-layout-flex\">\n<figure class=\"wp-block-image size-full\"><img loading=\"lazy\" decoding=\"async\" width=\"517\" height=\"517\" data-id=\"4011\" src=\"https:\/\/lejonchet.fr\/wp-content\/uploads\/2023\/05\/Ana03.jpg\" alt=\"\" class=\"wp-image-4011\" srcset=\"https:\/\/lejonchet.fr\/wp-content\/uploads\/2023\/05\/Ana03.jpg 517w, https:\/\/lejonchet.fr\/wp-content\/uploads\/2023\/05\/Ana03-300x300.jpg 300w, https:\/\/lejonchet.fr\/wp-content\/uploads\/2023\/05\/Ana03-150x150.jpg 150w\" sizes=\"auto, (max-width: 517px) 100vw, 517px\" \/><\/figure>\n\n\n\n<figure class=\"wp-block-image size-full\"><img loading=\"lazy\" decoding=\"async\" width=\"580\" height=\"580\" data-id=\"4012\" src=\"https:\/\/lejonchet.fr\/wp-content\/uploads\/2023\/05\/Ana04.jpg\" alt=\"\" class=\"wp-image-4012\" srcset=\"https:\/\/lejonchet.fr\/wp-content\/uploads\/2023\/05\/Ana04.jpg 580w, https:\/\/lejonchet.fr\/wp-content\/uploads\/2023\/05\/Ana04-300x300.jpg 300w, https:\/\/lejonchet.fr\/wp-content\/uploads\/2023\/05\/Ana04-150x150.jpg 150w\" sizes=\"auto, (max-width: 580px) 100vw, 580px\" \/><\/figure>\n<\/figure>\n","protected":false},"excerpt":{"rendered":"<p>RESERVATIONS :Dimanche 26 novembre \u00e0 15h30 \u00ab\u00a0Paquita et la philosopholie\u00a0\u00bb Cours de philosophie par Ana Maria V\u00e9n\u00e9gas de la compagnie Th\u00e9\u00e2tre au Vent Le clown Paquita s\u2019est entich\u00e9 de philosophie, et naturellement elle br\u00fble de partager ses d\u00e9couvertes et sa nouvelle passion avec le public. Et pardonnez du peu, cette fois, c\u2019est de la philosopholie [&hellip;]<\/p>\n","protected":false},"author":1,"featured_media":0,"parent":0,"menu_order":0,"comment_status":"closed","ping_status":"closed","template":"","meta":{"footnotes":""},"class_list":["post-4006","page","type-page","status-publish","hentry"],"_links":{"self":[{"href":"https:\/\/lejonchet.fr\/index.php\/wp-json\/wp\/v2\/pages\/4006","targetHints":{"allow":["GET"]}}],"collection":[{"href":"https:\/\/lejonchet.fr\/index.php\/wp-json\/wp\/v2\/pages"}],"about":[{"href":"https:\/\/lejonchet.fr\/index.php\/wp-json\/wp\/v2\/types\/page"}],"author":[{"embeddable":true,"href":"https:\/\/lejonchet.fr\/index.php\/wp-json\/wp\/v2\/users\/1"}],"replies":[{"embeddable":true,"href":"https:\/\/lejonchet.fr\/index.php\/wp-json\/wp\/v2\/comments?post=4006"}],"version-history":[{"count":4,"href":"https:\/\/lejonchet.fr\/index.php\/wp-json\/wp\/v2\/pages\/4006\/revisions"}],"predecessor-version":[{"id":4019,"href":"https:\/\/lejonchet.fr\/index.php\/wp-json\/wp\/v2\/pages\/4006\/revisions\/4019"}],"wp:attachment":[{"href":"https:\/\/lejonchet.fr\/index.php\/wp-json\/wp\/v2\/media?parent=4006"}],"curies":[{"name":"wp","href":"https:\/\/api.w.org\/{rel}","templated":true}]}}