{"id":381,"date":"2020-02-08T14:30:12","date_gmt":"2020-02-08T13:30:12","guid":{"rendered":"http:\/\/lejonchet.fr\/?page_id=381"},"modified":"2021-07-26T16:14:34","modified_gmt":"2021-07-26T14:14:34","slug":"moliere-3","status":"publish","type":"page","link":"https:\/\/lejonchet.fr\/index.php\/moliere-3\/","title":{"rendered":"Th\u00e9\u00e2tre"},"content":{"rendered":"\n<figure class=\"wp-block-table alignright\"><table class=\"has-background\" style=\"background-color:#e7f5fe\"><tbody><tr><td class=\"has-text-align-right\" data-align=\"right\">RESERVATIONS :<br><a href=\"https:\/\/lejonchet.fr\/index.php\/events\/les-femmes-de-moliere\/\"><strong>Dimanche 18 juillet \u00e0 15H00<\/strong><\/a><br><a href=\"https:\/\/lejonchet.fr\/index.php\/events\/les-femmes-de-moliere-2\/\"><strong>Samedi 31 juillet \u00e0 20H30<\/strong><\/a><\/td><\/tr><\/tbody><\/table><\/figure>\n\n\n\n<p class=\"has-vivid-red-color has-text-color\" style=\"font-size:40px\"><strong>\u00ab\u00a0Les femmes de Moli\u00e8re\u00a0\u00bb<\/strong><\/p>\n\n\n\n<p class=\"has-vivid-red-color has-text-color has-medium-font-size\"><strong><em>par la Compagnie Impact<\/em><\/strong><\/p>\n\n\n\n<figure class=\"wp-block-image size-large\"><img loading=\"lazy\" decoding=\"async\" width=\"1000\" height=\"343\" src=\"https:\/\/lejonchet.fr\/wp-content\/uploads\/2020\/02\/Moli\u00e8re07.jpg\" alt=\"\" class=\"wp-image-385\" srcset=\"https:\/\/lejonchet.fr\/wp-content\/uploads\/2020\/02\/Moli\u00e8re07.jpg 1000w, https:\/\/lejonchet.fr\/wp-content\/uploads\/2020\/02\/Moli\u00e8re07-300x103.jpg 300w, https:\/\/lejonchet.fr\/wp-content\/uploads\/2020\/02\/Moli\u00e8re07-768x263.jpg 768w, https:\/\/lejonchet.fr\/wp-content\/uploads\/2020\/02\/Moli\u00e8re07-690x237.jpg 690w, https:\/\/lejonchet.fr\/wp-content\/uploads\/2020\/02\/Moli\u00e8re07-980x336.jpg 980w\" sizes=\"auto, (max-width: 1000px) 100vw, 1000px\" \/><\/figure>\n\n\n\n<p class=\"has-drop-cap\">Depuis Moli\u00e8re, les choses ont bien chang\u00e9&nbsp;: nous avons le droit de choisir notre conjoint et les parents ont perdu la dessus toute autorit\u00e9, le mariage ne conditionne plus la sexualit\u00e9 des femmes et \u00abfaire la cour&nbsp;\u00bb a disparu du langage amoureux. Quoi qu&rsquo;il en soit, <strong>l&rsquo;Amour et le D\u00e9sir<\/strong> sont au c\u0153ur du th\u00e9\u00e2tre de Moli\u00e8re. Ecoutez ses femmes en parler, elles vous charmeront par leurs confidences. <\/p>\n\n\n\n<div class=\"wp-block-button alignright\"><a class=\"wp-block-button__link has-luminous-vivid-amber-background-color has-background\" href=\"https:\/\/lejonchet.fr\/index.php\/agenda\/\" style=\"border-radius:39px\">R\u00e9servation&#8230;<\/a><\/div>\n\n\n\n<figure class=\"wp-block-gallery columns-3 is-cropped wp-block-gallery-1 is-layout-flex wp-block-gallery-is-layout-flex\"><ul class=\"blocks-gallery-grid\"><li class=\"blocks-gallery-item\"><figure><img loading=\"lazy\" decoding=\"async\" width=\"500\" height=\"500\" src=\"https:\/\/lejonchet.fr\/wp-content\/uploads\/2020\/02\/Moli\u00e8re06.jpg\" alt=\"\" data-id=\"309\" data-full-url=\"https:\/\/lejonchet.fr\/wp-content\/uploads\/2020\/02\/Moli\u00e8re06.jpg\" data-link=\"https:\/\/lejonchet.fr\/index.php\/a-laffiche\/moliere06\/\" class=\"wp-image-309\" srcset=\"https:\/\/lejonchet.fr\/wp-content\/uploads\/2020\/02\/Moli\u00e8re06.jpg 500w, https:\/\/lejonchet.fr\/wp-content\/uploads\/2020\/02\/Moli\u00e8re06-300x300.jpg 300w, https:\/\/lejonchet.fr\/wp-content\/uploads\/2020\/02\/Moli\u00e8re06-150x150.jpg 150w\" sizes=\"auto, (max-width: 500px) 100vw, 500px\" \/><\/figure><\/li><li class=\"blocks-gallery-item\"><figure><img loading=\"lazy\" decoding=\"async\" width=\"500\" height=\"500\" src=\"https:\/\/lejonchet.fr\/wp-content\/uploads\/2020\/02\/Moli\u00e8re04.jpg\" alt=\"\" data-id=\"307\" data-full-url=\"https:\/\/lejonchet.fr\/wp-content\/uploads\/2020\/02\/Moli\u00e8re04.jpg\" data-link=\"https:\/\/lejonchet.fr\/index.php\/a-laffiche\/moliere04\/\" class=\"wp-image-307\" srcset=\"https:\/\/lejonchet.fr\/wp-content\/uploads\/2020\/02\/Moli\u00e8re04.jpg 500w, https:\/\/lejonchet.fr\/wp-content\/uploads\/2020\/02\/Moli\u00e8re04-300x300.jpg 300w, https:\/\/lejonchet.fr\/wp-content\/uploads\/2020\/02\/Moli\u00e8re04-150x150.jpg 150w\" sizes=\"auto, (max-width: 500px) 100vw, 500px\" \/><\/figure><\/li><li class=\"blocks-gallery-item\"><figure><img loading=\"lazy\" decoding=\"async\" width=\"500\" height=\"697\" src=\"https:\/\/lejonchet.fr\/wp-content\/uploads\/2020\/02\/Moliere03.jpg\" alt=\"\" data-id=\"306\" data-full-url=\"https:\/\/lejonchet.fr\/wp-content\/uploads\/2020\/02\/Moliere03.jpg\" data-link=\"https:\/\/lejonchet.fr\/index.php\/a-laffiche\/moliere03\/\" class=\"wp-image-306\" srcset=\"https:\/\/lejonchet.fr\/wp-content\/uploads\/2020\/02\/Moliere03.jpg 500w, https:\/\/lejonchet.fr\/wp-content\/uploads\/2020\/02\/Moliere03-215x300.jpg 215w\" sizes=\"auto, (max-width: 500px) 100vw, 500px\" \/><\/figure><\/li><\/ul><\/figure>\n\n\n\n<p><\/p>\n","protected":false},"excerpt":{"rendered":"<p>RESERVATIONS :Dimanche 18 juillet \u00e0 15H00Samedi 31 juillet \u00e0 20H30 \u00ab\u00a0Les femmes de Moli\u00e8re\u00a0\u00bb par la Compagnie Impact Depuis Moli\u00e8re, les choses ont bien chang\u00e9&nbsp;: nous avons le droit de choisir notre conjoint et les parents ont perdu la dessus toute autorit\u00e9, le mariage ne conditionne plus la sexualit\u00e9 des femmes et \u00abfaire la cour&nbsp;\u00bb [&hellip;]<\/p>\n","protected":false},"author":1,"featured_media":0,"parent":0,"menu_order":0,"comment_status":"closed","ping_status":"closed","template":"","meta":{"footnotes":""},"class_list":["post-381","page","type-page","status-publish","hentry"],"_links":{"self":[{"href":"https:\/\/lejonchet.fr\/index.php\/wp-json\/wp\/v2\/pages\/381","targetHints":{"allow":["GET"]}}],"collection":[{"href":"https:\/\/lejonchet.fr\/index.php\/wp-json\/wp\/v2\/pages"}],"about":[{"href":"https:\/\/lejonchet.fr\/index.php\/wp-json\/wp\/v2\/types\/page"}],"author":[{"embeddable":true,"href":"https:\/\/lejonchet.fr\/index.php\/wp-json\/wp\/v2\/users\/1"}],"replies":[{"embeddable":true,"href":"https:\/\/lejonchet.fr\/index.php\/wp-json\/wp\/v2\/comments?post=381"}],"version-history":[{"count":35,"href":"https:\/\/lejonchet.fr\/index.php\/wp-json\/wp\/v2\/pages\/381\/revisions"}],"predecessor-version":[{"id":1958,"href":"https:\/\/lejonchet.fr\/index.php\/wp-json\/wp\/v2\/pages\/381\/revisions\/1958"}],"wp:attachment":[{"href":"https:\/\/lejonchet.fr\/index.php\/wp-json\/wp\/v2\/media?parent=381"}],"curies":[{"name":"wp","href":"https:\/\/api.w.org\/{rel}","templated":true}]}}