{"id":3696,"date":"2023-03-24T11:55:18","date_gmt":"2023-03-24T10:55:18","guid":{"rendered":"https:\/\/lejonchet.fr\/?page_id=3696"},"modified":"2023-03-24T14:04:16","modified_gmt":"2023-03-24T13:04:16","slug":"theatre-18","status":"publish","type":"page","link":"https:\/\/lejonchet.fr\/index.php\/theatre-18\/","title":{"rendered":"Th\u00e9\u00e2tre"},"content":{"rendered":"\n<figure class=\"wp-block-table alignright\"><table class=\"has-background\" style=\"background-color:#e7f5fe\"><tbody><tr><td class=\"has-text-align-right\" data-align=\"right\">RESERVATIONS :<br> <strong><a href=\"https:\/\/lejonchet.fr\/index.php\/events\/pretextes\/\">Vendredi 21 avril \u00e0 20h30<\/a><\/strong><\/td><\/tr><\/tbody><\/table><\/figure>\n\n\n\n<p class=\"has-vivid-red-color has-text-color\" style=\"font-size:40px\"><strong>\u00ab\u00a0Pr\u00e9textes\u00a0\u00bb<\/strong><\/p>\n\n\n\n<p class=\"has-vivid-red-color has-text-color has-medium-font-size\"><strong><em>par<\/em><\/strong><em><strong> La Compagnie Ench\u00e2ntier Th\u00e9\u00e2tre<\/strong><\/em><\/p>\n\n\n\n<p>avec <strong>Benjamin George. <\/strong><br>Mise en sc\u00e8ne : <strong>Mathieu Dubois<\/strong><\/p>\n\n\n\n<figure class=\"wp-block-image size-full\"><img loading=\"lazy\" decoding=\"async\" width=\"906\" height=\"236\" src=\"https:\/\/lejonchet.fr\/wp-content\/uploads\/2023\/03\/Im03-2.jpg\" alt=\"\" class=\"wp-image-3697\" srcset=\"https:\/\/lejonchet.fr\/wp-content\/uploads\/2023\/03\/Im03-2.jpg 906w, https:\/\/lejonchet.fr\/wp-content\/uploads\/2023\/03\/Im03-2-300x78.jpg 300w, https:\/\/lejonchet.fr\/wp-content\/uploads\/2023\/03\/Im03-2-768x200.jpg 768w, https:\/\/lejonchet.fr\/wp-content\/uploads\/2023\/03\/Im03-2-690x180.jpg 690w\" sizes=\"auto, (max-width: 906px) 100vw, 906px\" \/><\/figure>\n\n\n\n<blockquote class=\"wp-block-quote is-layout-flow wp-block-quote-is-layout-flow\">\n<p class=\"has-drop-cap\">Un&nbsp;spectacle&nbsp;fait de r\u00e9p\u00e9titions.<\/p>\n\n\n\n<p>Le tout racont\u00e9 par un acteur-conteur qui joue tout sans d\u00e9cor et se joue du th\u00e9\u00e2tre dans le th\u00e9\u00e2tre&#8230; Cf Shakespeare.<\/p>\n\n\n\n<p>Pr\u00e9texte \u00e0 mettre en ab\u00eeme le processus de cr\u00e9ation d&rsquo;une compagnie, la vie d&rsquo;une troupe, les al\u00e9as des relations humaines, la recherche \u00e9pique des acteurs voulant jouer Shakespeare, leurs enqu\u00eates&#8230;<\/p>\n\n\n\n<p>Le rire est au rendez vous, mais pas seulement. La beaut\u00e9, la trag\u00e9die, la vertu, les vices&#8230; Bref, l&rsquo;humanit\u00e9. Tout ce qui nous fait aimer Shakespeare&#8230; Et surtout le th\u00e9\u00e2tre en g\u00e9n\u00e9ral.<\/p>\n<\/blockquote>\n\n\n\n<figure class=\"wp-block-gallery aligncenter has-nested-images columns-4 is-cropped wp-block-gallery-1 is-layout-flex wp-block-gallery-is-layout-flex\">\n<figure class=\"wp-block-image size-full\"><img loading=\"lazy\" decoding=\"async\" width=\"217\" height=\"220\" data-id=\"3698\" src=\"https:\/\/lejonchet.fr\/wp-content\/uploads\/2023\/03\/Im04-2.jpg\" alt=\"\" class=\"wp-image-3698\"\/><\/figure>\n\n\n\n<figure class=\"wp-block-image size-full\"><img loading=\"lazy\" decoding=\"async\" width=\"291\" height=\"220\" data-id=\"3699\" src=\"https:\/\/lejonchet.fr\/wp-content\/uploads\/2023\/03\/Im05-2.jpg\" alt=\"\" class=\"wp-image-3699\"\/><\/figure>\n\n\n\n<figure class=\"wp-block-image size-full\"><img loading=\"lazy\" decoding=\"async\" width=\"234\" height=\"221\" data-id=\"3700\" src=\"https:\/\/lejonchet.fr\/wp-content\/uploads\/2023\/03\/Im06-2.jpg\" alt=\"\" class=\"wp-image-3700\"\/><\/figure>\n<\/figure>\n\n\n\n<div class=\"wp-block-button alignright\"><a class=\"wp-block-button__link has-luminous-vivid-amber-background-color has-background wp-element-button\" href=\"https:\/\/lejonchet.fr\/index.php\/events\/pretextes\/\" style=\"border-radius:39px\">R\u00e9servation&#8230;<\/a><\/div>\n\n\n\n<div class=\"wp-block-group\"><div class=\"wp-block-group__inner-container is-layout-constrained wp-block-group-is-layout-constrained\">\n<div class=\"wp-block-columns is-layout-flex wp-container-core-columns-is-layout-9d6595d7 wp-block-columns-is-layout-flex\">\n<div class=\"wp-block-column is-layout-flow wp-block-column-is-layout-flow\" style=\"flex-basis:100%\">\n<blockquote class=\"wp-block-quote is-layout-flow wp-block-quote-is-layout-flow\">\n<blockquote class=\"wp-block-quote is-layout-flow wp-block-quote-is-layout-flow\">\n<ul class=\"has-small-font-size wp-block-list\">\n<li>Tout public \u00e0 partir de 13 ans.<\/li>\n\n\n\n<li>Dur\u00e9e&nbsp;\u2013 100 minutes.<\/li>\n\n\n\n<li>Jeu : Benjamin George.<\/li>\n\n\n\n<li>Mise en sc\u00e8ne : Mathieu Dubois.&nbsp;<\/li>\n\n\n\n<li>Co-\u00e9criture : Benjamin George et Mathieu Dubois.<\/li>\n\n\n\n<li>Musique : Ander Fernandez<\/li>\n\n\n\n<li>Extraits du \u00ab\u00a0Songe d&rsquo;une nuit d&rsquo;\u00e9t\u00e9\u00a0\u00bb de William Shakespeare<\/li>\n<\/ul>\n<\/blockquote>\n<\/blockquote>\n<\/div>\n<\/div>\n<\/div><\/div>\n","protected":false},"excerpt":{"rendered":"<p>RESERVATIONS : Vendredi 21 avril \u00e0 20h30 \u00ab\u00a0Pr\u00e9textes\u00a0\u00bb par La Compagnie Ench\u00e2ntier Th\u00e9\u00e2tre avec Benjamin George. Mise en sc\u00e8ne : Mathieu Dubois Un&nbsp;spectacle&nbsp;fait de r\u00e9p\u00e9titions. Le tout racont\u00e9 par un acteur-conteur qui joue tout sans d\u00e9cor et se joue du th\u00e9\u00e2tre dans le th\u00e9\u00e2tre&#8230; Cf Shakespeare. Pr\u00e9texte \u00e0 mettre en ab\u00eeme le processus de cr\u00e9ation [&hellip;]<\/p>\n","protected":false},"author":1,"featured_media":0,"parent":0,"menu_order":0,"comment_status":"closed","ping_status":"closed","template":"","meta":{"footnotes":""},"class_list":["post-3696","page","type-page","status-publish","hentry"],"_links":{"self":[{"href":"https:\/\/lejonchet.fr\/index.php\/wp-json\/wp\/v2\/pages\/3696","targetHints":{"allow":["GET"]}}],"collection":[{"href":"https:\/\/lejonchet.fr\/index.php\/wp-json\/wp\/v2\/pages"}],"about":[{"href":"https:\/\/lejonchet.fr\/index.php\/wp-json\/wp\/v2\/types\/page"}],"author":[{"embeddable":true,"href":"https:\/\/lejonchet.fr\/index.php\/wp-json\/wp\/v2\/users\/1"}],"replies":[{"embeddable":true,"href":"https:\/\/lejonchet.fr\/index.php\/wp-json\/wp\/v2\/comments?post=3696"}],"version-history":[{"count":4,"href":"https:\/\/lejonchet.fr\/index.php\/wp-json\/wp\/v2\/pages\/3696\/revisions"}],"predecessor-version":[{"id":3710,"href":"https:\/\/lejonchet.fr\/index.php\/wp-json\/wp\/v2\/pages\/3696\/revisions\/3710"}],"wp:attachment":[{"href":"https:\/\/lejonchet.fr\/index.php\/wp-json\/wp\/v2\/media?parent=3696"}],"curies":[{"name":"wp","href":"https:\/\/api.w.org\/{rel}","templated":true}]}}