{"id":3659,"date":"2023-03-23T21:52:51","date_gmt":"2023-03-23T20:52:51","guid":{"rendered":"https:\/\/lejonchet.fr\/?page_id=3659"},"modified":"2023-06-12T14:50:12","modified_gmt":"2023-06-12T12:50:12","slug":"chansons","status":"publish","type":"page","link":"https:\/\/lejonchet.fr\/index.php\/chansons\/","title":{"rendered":"Chansons"},"content":{"rendered":"\n<figure class=\"wp-block-table alignright\"><table class=\"has-background\" style=\"background-color:#e7f5fe\"><tbody><tr><td class=\"has-text-align-right\" data-align=\"right\">RESERVATIONS :<br> <strong><mark style=\"background-color:rgba(0, 0, 0, 0)\" class=\"has-inline-color has-vivid-cyan-blue-color\"><a href=\"https:\/\/lejonchet.fr\/index.php\/events\/lueurs-2\/\">Samedi 9 d\u00e9cembre 2023 \u00e0 20h30<\/a><\/mark><\/strong><\/td><\/tr><\/tbody><\/table><\/figure>\n\n\n\n<p class=\"has-vivid-red-color has-text-color\" style=\"font-size:40px\">L\u00dcEURS<\/p>\n\n\n\n<p>avec&nbsp;<strong>Paulyne Andr\u00e9<\/strong> (piano,basse, chant)<strong><br><\/strong>et<strong>&nbsp;Vincent Pessama<\/strong> (guitare, chant)<\/p>\n\n\n\n<figure class=\"wp-block-image size-large\"><img loading=\"lazy\" decoding=\"async\" width=\"1024\" height=\"227\" src=\"https:\/\/lejonchet.fr\/wp-content\/uploads\/2023\/03\/Im02-1-1024x227.jpg\" alt=\"\" class=\"wp-image-3660\" srcset=\"https:\/\/lejonchet.fr\/wp-content\/uploads\/2023\/03\/Im02-1-1024x227.jpg 1024w, https:\/\/lejonchet.fr\/wp-content\/uploads\/2023\/03\/Im02-1-300x66.jpg 300w, https:\/\/lejonchet.fr\/wp-content\/uploads\/2023\/03\/Im02-1-768x170.jpg 768w, https:\/\/lejonchet.fr\/wp-content\/uploads\/2023\/03\/Im02-1-1536x340.jpg 1536w, https:\/\/lejonchet.fr\/wp-content\/uploads\/2023\/03\/Im02-1-690x153.jpg 690w, https:\/\/lejonchet.fr\/wp-content\/uploads\/2023\/03\/Im02-1-980x217.jpg 980w, https:\/\/lejonchet.fr\/wp-content\/uploads\/2023\/03\/Im02-1.jpg 1600w\" sizes=\"auto, (max-width: 1024px) 100vw, 1024px\" \/><\/figure>\n\n\n\n<p class=\"has-small-font-size\"><\/p>\n\n\n\n<blockquote class=\"wp-block-quote is-layout-flow wp-block-quote-is-layout-flow\">\n<p class=\"has-drop-cap\">Les textes doux-amers teint\u00e9s d&rsquo;humour, port\u00e9s par des voix douces et des m\u00e9lodies envo\u00fbtantes, sont tous extraits de deux livres : \u00ab<strong>Le cosmonautre<\/strong>\u00bb et \u00ab<strong>L&rsquo;absent circonflexe<\/strong>\u00bb dont Vincent est l&rsquo;auteur.<\/p>\n\n\n\n<p>On per\u00e7oit leurs influences : Dominique A, Jeanne Cherhal, Vincent Delerm, William Sheller, Albin de la Simone ou encore Yann Tiersen.<\/p>\n\n\n\n<p>Le duo bordelais b\u00e9n\u00e9ficie du soutien de l&rsquo;iddac.<\/p>\n\n\n\n<p>En attendant le concert, vous pouvez \u00e9couter quelques unes de leurs chansons : <a href=\"https:\/\/www.youtube.com\/@lueursmusic?fbclid=IwAR2qpP7WMmo6U5u6MLks2dP961x2k-_5H5xxrGfMkDfGpfqDbDoOqtQuuiU\" target=\"_blank\" rel=\"noreferrer noopener\">https:\/\/www.youtube.com\/@lueursmusic<\/a><\/p>\n<\/blockquote>\n\n\n\n<div class=\"wp-block-button alignright\"><a class=\"wp-block-button__link has-luminous-vivid-amber-background-color has-background wp-element-button\" href=\"https:\/\/lejonchet.fr\/index.php\/events\/lueurs-2\/\" style=\"border-radius:39px\">R\u00e9servation&#8230;<\/a><\/div>\n\n\n\n<p class=\"has-small-font-size\">Photos de <strong>Maurice Lafaye<\/strong>.<\/p>\n\n\n\n<figure class=\"wp-block-gallery aligncenter has-nested-images columns-2 is-cropped wp-block-gallery-1 is-layout-flex wp-block-gallery-is-layout-flex\">\n<figure class=\"wp-block-image size-full\"><img loading=\"lazy\" decoding=\"async\" width=\"600\" height=\"600\" data-id=\"3661\" src=\"https:\/\/lejonchet.fr\/wp-content\/uploads\/2023\/03\/Im04-1.jpg\" alt=\"\" class=\"wp-image-3661\" srcset=\"https:\/\/lejonchet.fr\/wp-content\/uploads\/2023\/03\/Im04-1.jpg 600w, https:\/\/lejonchet.fr\/wp-content\/uploads\/2023\/03\/Im04-1-300x300.jpg 300w, https:\/\/lejonchet.fr\/wp-content\/uploads\/2023\/03\/Im04-1-150x150.jpg 150w\" sizes=\"auto, (max-width: 600px) 100vw, 600px\" \/><\/figure>\n\n\n\n<figure class=\"wp-block-image size-full\"><img loading=\"lazy\" decoding=\"async\" width=\"600\" height=\"600\" data-id=\"3662\" src=\"https:\/\/lejonchet.fr\/wp-content\/uploads\/2023\/03\/Im05-1.jpg\" alt=\"\" class=\"wp-image-3662\" srcset=\"https:\/\/lejonchet.fr\/wp-content\/uploads\/2023\/03\/Im05-1.jpg 600w, https:\/\/lejonchet.fr\/wp-content\/uploads\/2023\/03\/Im05-1-300x300.jpg 300w, https:\/\/lejonchet.fr\/wp-content\/uploads\/2023\/03\/Im05-1-150x150.jpg 150w\" sizes=\"auto, (max-width: 600px) 100vw, 600px\" \/><\/figure>\n\n\n\n<figure class=\"wp-block-image size-full\"><img loading=\"lazy\" decoding=\"async\" width=\"600\" height=\"600\" data-id=\"3663\" src=\"https:\/\/lejonchet.fr\/wp-content\/uploads\/2023\/03\/Im06-1.jpg\" alt=\"\" class=\"wp-image-3663\" srcset=\"https:\/\/lejonchet.fr\/wp-content\/uploads\/2023\/03\/Im06-1.jpg 600w, https:\/\/lejonchet.fr\/wp-content\/uploads\/2023\/03\/Im06-1-300x300.jpg 300w, https:\/\/lejonchet.fr\/wp-content\/uploads\/2023\/03\/Im06-1-150x150.jpg 150w\" sizes=\"auto, (max-width: 600px) 100vw, 600px\" \/><\/figure>\n\n\n\n<figure class=\"wp-block-image size-large\"><img loading=\"lazy\" decoding=\"async\" width=\"600\" height=\"600\" data-id=\"3664\" src=\"https:\/\/lejonchet.fr\/wp-content\/uploads\/2023\/03\/Im07.jpg\" alt=\"\" class=\"wp-image-3664\" srcset=\"https:\/\/lejonchet.fr\/wp-content\/uploads\/2023\/03\/Im07.jpg 600w, https:\/\/lejonchet.fr\/wp-content\/uploads\/2023\/03\/Im07-300x300.jpg 300w, https:\/\/lejonchet.fr\/wp-content\/uploads\/2023\/03\/Im07-150x150.jpg 150w\" sizes=\"auto, (max-width: 600px) 100vw, 600px\" \/><\/figure>\n<\/figure>\n\n\n\n<figure class=\"wp-block-embed is-type-video is-provider-youtube wp-block-embed-youtube wp-embed-aspect-16-9 wp-has-aspect-ratio\"><div class=\"wp-block-embed__wrapper\">\n<iframe loading=\"lazy\" title=\"L\u00dcEURS en concert (Teaser)\" width=\"980\" height=\"551\" src=\"https:\/\/www.youtube.com\/embed\/2WiIKX0ycXM?feature=oembed\" frameborder=\"0\" allow=\"accelerometer; autoplay; clipboard-write; encrypted-media; gyroscope; picture-in-picture; web-share\" allowfullscreen><\/iframe>\n<\/div><\/figure>\n\n\n\n<div class=\"wp-block-buttons is-layout-flex wp-block-buttons-is-layout-flex\"><\/div>\n","protected":false},"excerpt":{"rendered":"<p>RESERVATIONS : Samedi 9 d\u00e9cembre 2023 \u00e0 20h30 L\u00dcEURS avec&nbsp;Paulyne Andr\u00e9 (piano,basse, chant)et&nbsp;Vincent Pessama (guitare, chant) Les textes doux-amers teint\u00e9s d&rsquo;humour, port\u00e9s par des voix douces et des m\u00e9lodies envo\u00fbtantes, sont tous extraits de deux livres : \u00abLe cosmonautre\u00bb et \u00abL&rsquo;absent circonflexe\u00bb dont Vincent est l&rsquo;auteur. On per\u00e7oit leurs influences : Dominique A, Jeanne Cherhal, [&hellip;]<\/p>\n","protected":false},"author":1,"featured_media":0,"parent":0,"menu_order":0,"comment_status":"closed","ping_status":"closed","template":"","meta":{"footnotes":""},"class_list":["post-3659","page","type-page","status-publish","hentry"],"_links":{"self":[{"href":"https:\/\/lejonchet.fr\/index.php\/wp-json\/wp\/v2\/pages\/3659","targetHints":{"allow":["GET"]}}],"collection":[{"href":"https:\/\/lejonchet.fr\/index.php\/wp-json\/wp\/v2\/pages"}],"about":[{"href":"https:\/\/lejonchet.fr\/index.php\/wp-json\/wp\/v2\/types\/page"}],"author":[{"embeddable":true,"href":"https:\/\/lejonchet.fr\/index.php\/wp-json\/wp\/v2\/users\/1"}],"replies":[{"embeddable":true,"href":"https:\/\/lejonchet.fr\/index.php\/wp-json\/wp\/v2\/comments?post=3659"}],"version-history":[{"count":8,"href":"https:\/\/lejonchet.fr\/index.php\/wp-json\/wp\/v2\/pages\/3659\/revisions"}],"predecessor-version":[{"id":4264,"href":"https:\/\/lejonchet.fr\/index.php\/wp-json\/wp\/v2\/pages\/3659\/revisions\/4264"}],"wp:attachment":[{"href":"https:\/\/lejonchet.fr\/index.php\/wp-json\/wp\/v2\/media?parent=3659"}],"curies":[{"name":"wp","href":"https:\/\/api.w.org\/{rel}","templated":true}]}}