{"id":3599,"date":"2023-03-14T21:32:51","date_gmt":"2023-03-14T20:32:51","guid":{"rendered":"https:\/\/lejonchet.fr\/?page_id=3599"},"modified":"2023-05-03T15:25:59","modified_gmt":"2023-05-03T13:25:59","slug":"musique-9","status":"publish","type":"page","link":"https:\/\/lejonchet.fr\/index.php\/musique-9\/","title":{"rendered":"Musique"},"content":{"rendered":"\n<figure class=\"wp-block-table alignright\"><table class=\"has-background\" style=\"background-color:#e7f5fe\"><tbody><tr><td class=\"has-text-align-right\" data-align=\"right\">RESERVATIONS :<br> <strong><mark style=\"background-color:rgba(0, 0, 0, 0)\" class=\"has-inline-color has-vivid-cyan-blue-color\"><a href=\"https:\/\/lejonchet.fr\/index.php\/events\/lyrique\/\">Vendredi 23 juin 2023 \u00e0 20h30<\/a><\/mark><\/strong><\/td><\/tr><\/tbody><\/table><\/figure>\n\n\n\n<p class=\"has-vivid-red-color has-text-color\" style=\"font-size:40px\"><strong>Soir\u00e9e lyrique<\/strong><\/p>\n\n\n\n<p>par <strong>David Grousset<\/strong> (baryton) <br>accompagn\u00e9 au piano par <strong>Francis Font\u00e8s<\/strong>.<\/p>\n\n\n\n<figure class=\"wp-block-image size-full\"><img loading=\"lazy\" decoding=\"async\" width=\"776\" height=\"179\" src=\"https:\/\/lejonchet.fr\/wp-content\/uploads\/2023\/03\/Lyr02.jpg\" alt=\"\" class=\"wp-image-3600\" srcset=\"https:\/\/lejonchet.fr\/wp-content\/uploads\/2023\/03\/Lyr02.jpg 776w, https:\/\/lejonchet.fr\/wp-content\/uploads\/2023\/03\/Lyr02-300x69.jpg 300w, https:\/\/lejonchet.fr\/wp-content\/uploads\/2023\/03\/Lyr02-768x177.jpg 768w, https:\/\/lejonchet.fr\/wp-content\/uploads\/2023\/03\/Lyr02-690x159.jpg 690w\" sizes=\"auto, (max-width: 776px) 100vw, 776px\" \/><\/figure>\n\n\n\n<p class=\"has-small-font-size\"><\/p>\n\n\n\n<p class=\"has-drop-cap\">David Grousset est originaire de Bordeaux o\u00f9 il a d\u00e9but\u00e9 ses \u00e9tudes aupr\u00e8s de M. Georges Liccioni et de Mme Mady Mespl\u00e9, avant de parfaire sa formation au Cnipal de Marseille. Par ailleurs, M. Jean-Louis Soumagnas le guide de fa\u00e7on r\u00e9guli\u00e8re dans l\u2019approfondissement de sa technique vocale.<br>Il se pr\u00e9sente \u00e0 diff\u00e9rents concours nationaux et internationaux, ce qui lui permet notamment de remporter un Premier Prix au Concours Aragall 1996 ou de participer \u00e0 la finale du Belv\u00e9d\u00e8re \u00e0 Vienne (1997). A la suite du Concours Totti Dal Monte de Tr\u00e9vise, il incarne les quatre r\u00f4les diaboliques des Contes d\u2019Hoffmann sous la direction de Peter Maag (1997). Un Deuxi\u00e8me Prix au Concours Montserrat Caball\u00e9 lui offre une invitation au Festival de Castel Perralada en Espagne (1999).<br>Il entame sa carri\u00e8re sur la sc\u00e8ne fran\u00e7aise en 1997 \u00e0 l\u2019Op\u00e9ra-Comique dans le r\u00f4le de Rimbaud du Comte Ory de Rossini, et \u00e0 l\u2019Op\u00e9ra de Tours dans Faust.<\/p>\n\n\n\n<div class=\"wp-block-group is-vertical is-layout-flex wp-container-core-group-is-layout-8cf370e7 wp-block-group-is-layout-flex\">\n<p><strong>PROGRAMME DE LA SOIREE :<\/strong> <br><strong>-Schubert\u00a0:<\/strong> A die musik\u00a0<br><strong>-Mahler\u00a0:<\/strong> Le chant d\u2019un compagnon errant (4 Lieder\u00a0: eines fahrenden gesellen)<br><strong>-Mozart\u00a0:<\/strong> Don Juan (canzonetta)<br><strong>-Verdi\u00a0:<\/strong> Macbeth (pieta, rispetto)\u00a0<br><em>Petite Pause Fraicheur<\/em><strong><br>-Ravel\u00a0:<\/strong> Don quichotte \u00e0 Dulcin\u00e9e (3 m\u00e9lodies)<br><strong>-Brel\u00a0:<\/strong> Don Quichotte (la qu\u00eate)<br><strong>-Verdi:<\/strong> Don Carlos (posa)<br><strong>-Bizet:<\/strong> Carmen (Escamillo)<\/p>\n<\/div>\n\n\n\n<div class=\"wp-block-columns is-layout-flex wp-container-core-columns-is-layout-9d6595d7 wp-block-columns-is-layout-flex\">\n<div class=\"wp-block-column is-layout-flow wp-block-column-is-layout-flow\"><\/div>\n\n\n\n<div class=\"wp-block-column is-vertically-aligned-top is-layout-flow wp-block-column-is-layout-flow\">\n<div class=\"wp-block-buttons is-content-justification-right is-layout-flex wp-container-core-buttons-is-layout-765c4724 wp-block-buttons-is-layout-flex\">\n<div class=\"wp-block-button\"><a class=\"wp-block-button__link has-luminous-vivid-amber-background-color has-background wp-element-button\" href=\"https:\/\/lejonchet.fr\/index.php\/events\/lyrique\/\" style=\"border-radius:38px\">R\u00e9servation&#8230;<\/a><\/div>\n<\/div>\n<\/div>\n<\/div>\n\n\n\n<div class=\"wp-block-columns is-layout-flex wp-container-core-columns-is-layout-9d6595d7 wp-block-columns-is-layout-flex\">\n<div class=\"wp-block-column is-vertically-aligned-top is-layout-flow wp-block-column-is-layout-flow\">\n<figure class=\"wp-block-embed is-type-video is-provider-youtube wp-block-embed-youtube wp-embed-aspect-4-3 wp-has-aspect-ratio\"><div class=\"wp-block-embed__wrapper\">\n<iframe loading=\"lazy\" title=\"Les Noces de Figaro\" width=\"980\" height=\"735\" src=\"https:\/\/www.youtube.com\/embed\/JfujzJZDdW0?feature=oembed\" frameborder=\"0\" allow=\"accelerometer; autoplay; clipboard-write; encrypted-media; gyroscope; picture-in-picture; web-share\" allowfullscreen><\/iframe>\n<\/div><\/figure>\n<\/div>\n\n\n\n<div class=\"wp-block-column is-vertically-aligned-top is-layout-flow wp-block-column-is-layout-flow\">\n<figure class=\"wp-block-embed is-type-video is-provider-youtube wp-block-embed-youtube wp-embed-aspect-4-3 wp-has-aspect-ratio\"><div class=\"wp-block-embed__wrapper\">\n<iframe loading=\"lazy\" title=\"Davis Grousset dans FAUST\" width=\"980\" height=\"735\" src=\"https:\/\/www.youtube.com\/embed\/8xmSNjiHLNQ?feature=oembed\" frameborder=\"0\" allow=\"accelerometer; autoplay; clipboard-write; encrypted-media; gyroscope; picture-in-picture; web-share\" allowfullscreen><\/iframe>\n<\/div><\/figure>\n<\/div>\n<\/div>\n\n\n\n<p><\/p>\n\n\n\n<p>De 1998 \u00e0 2001, l\u2019Op\u00e9ra de Bordeaux l\u2019accueille en tant que pensionnaire de sa troupe dans des ouvrages divers parmi lesquels Le Barbier de S\u00e9ville (Figaro), Apollo et Daphn\u00e9 (Apollo), Rom\u00e9o et Juliette (Mercutio), Carmen (Escamillo), Wozzeck (le soldat), La fille du r\u00e9giment ou Iphig\u00e9nie en Tauride\u2026<br>Par la suite, il est re\u00e7u dans diff\u00e9rents th\u00e9\u00e2tres dont ceux de Saint Etienne (le Barbier de S\u00e9ville), Clermont Ferrand (Floridante d\u2019Haendel), Nancy (La Boh\u00e8me) ou Limoges (La fl\u00fbte enchant\u00e9e), Strasbourg (Le bal masqu\u00e9, Richard 3)&nbsp;; il participe aussi \u00e0 la septi\u00e8me \u00e9dition du Festival de Sanxay dans le r\u00f4le de Marcello de La Boh\u00e8me. Cependant, il revient r\u00e9guli\u00e8rement sur la sc\u00e8ne bordelaise o\u00f9 l\u2019on a d\u00e9j\u00e0 pu le voir dans Madame Butterfly, Lohengrin, La Boh\u00e8me, Turandot, Le Barbier de S\u00e9ville ,L\u2019occasion fait le larron, Il Signor Bruschino, Werther, Le Bal masqu\u00e9 ou Faust.<br>Au-del\u00e0 de l\u2019op\u00e9ra, son r\u00e9pertoire s\u2019\u00e9tend \u00e9galement \u00e0 l\u2019op\u00e9rette&nbsp;: il y d\u00e9bute \u00e0 Avignon dans les Saltimbanques et poursuit dans les r\u00f4les titres de La fille du Tambour Major, des Mousquetaires au couvent, de la Chauve-souris, La Mascotte, La fille de Madame Angot, Les Bavards, Les Noces de Jeannette, Monsieur Beaucaire ou encore si J\u2019\u00e9tais roi (Bordeaux, Marseille, Dijon, etc\u2026).<\/p>\n\n\n\n<p class=\"has-small-font-size\"><\/p>\n\n\n\n<div class=\"wp-block-buttons is-content-justification-right is-layout-flex wp-container-core-buttons-is-layout-765c4724 wp-block-buttons-is-layout-flex\">\n<div class=\"wp-block-button alignright\"><a class=\"wp-block-button__link has-luminous-vivid-amber-background-color has-background wp-element-button\" href=\"https:\/\/lejonchet.fr\/index.php\/events\/lyrique\/\" style=\"border-radius:40px\">R\u00e9servation&#8230;<\/a><\/div>\n<\/div>\n\n\n\n<p><\/p>\n","protected":false},"excerpt":{"rendered":"<p>RESERVATIONS : Vendredi 23 juin 2023 \u00e0 20h30 Soir\u00e9e lyrique par David Grousset (baryton) accompagn\u00e9 au piano par Francis Font\u00e8s. David Grousset est originaire de Bordeaux o\u00f9 il a d\u00e9but\u00e9 ses \u00e9tudes aupr\u00e8s de M. Georges Liccioni et de Mme Mady Mespl\u00e9, avant de parfaire sa formation au Cnipal de Marseille. Par ailleurs, M. Jean-Louis [&hellip;]<\/p>\n","protected":false},"author":1,"featured_media":0,"parent":0,"menu_order":0,"comment_status":"closed","ping_status":"closed","template":"","meta":{"footnotes":""},"class_list":["post-3599","page","type-page","status-publish","hentry"],"_links":{"self":[{"href":"https:\/\/lejonchet.fr\/index.php\/wp-json\/wp\/v2\/pages\/3599","targetHints":{"allow":["GET"]}}],"collection":[{"href":"https:\/\/lejonchet.fr\/index.php\/wp-json\/wp\/v2\/pages"}],"about":[{"href":"https:\/\/lejonchet.fr\/index.php\/wp-json\/wp\/v2\/types\/page"}],"author":[{"embeddable":true,"href":"https:\/\/lejonchet.fr\/index.php\/wp-json\/wp\/v2\/users\/1"}],"replies":[{"embeddable":true,"href":"https:\/\/lejonchet.fr\/index.php\/wp-json\/wp\/v2\/comments?post=3599"}],"version-history":[{"count":13,"href":"https:\/\/lejonchet.fr\/index.php\/wp-json\/wp\/v2\/pages\/3599\/revisions"}],"predecessor-version":[{"id":3832,"href":"https:\/\/lejonchet.fr\/index.php\/wp-json\/wp\/v2\/pages\/3599\/revisions\/3832"}],"wp:attachment":[{"href":"https:\/\/lejonchet.fr\/index.php\/wp-json\/wp\/v2\/media?parent=3599"}],"curies":[{"name":"wp","href":"https:\/\/api.w.org\/{rel}","templated":true}]}}