{"id":3579,"date":"2023-03-08T22:35:44","date_gmt":"2023-03-08T21:35:44","guid":{"rendered":"https:\/\/lejonchet.fr\/?page_id=3579"},"modified":"2023-03-08T22:55:26","modified_gmt":"2023-03-08T21:55:26","slug":"musique-8","status":"publish","type":"page","link":"https:\/\/lejonchet.fr\/index.php\/musique-8\/","title":{"rendered":"Musique"},"content":{"rendered":"\n<figure class=\"wp-block-table alignright\"><table class=\"has-background\" style=\"background-color:#e7f5fe\"><tbody><tr><td class=\"has-text-align-right\" data-align=\"right\">RESERVATIONS :<br> <strong><mark style=\"background-color:rgba(0, 0, 0, 0)\" class=\"has-inline-color has-vivid-cyan-blue-color\"><a href=\"https:\/\/lejonchet.fr\/index.php\/events\/ouest-est\/\">Samedi 08 avril 2023 \u00e0 20h30<\/a><\/mark><\/strong><\/td><\/tr><\/tbody><\/table><\/figure>\n\n\n\n<p class=\"has-vivid-red-color has-text-color\" style=\"font-size:40px\"><strong>A l&rsquo;Ouest de l&rsquo;Est<\/strong><\/p>\n\n\n\n<p>par <strong>J\u00e9hiel Moshet&nbsp;<\/strong><em>(Accord\u00e9oniste, chant)<\/em>, <strong>Sebastien Sandre<\/strong> <em>(Guitariste, chant)<\/em>, <strong>David Werner<\/strong> <em>(Bouzoukiste)<\/em><\/p>\n\n\n\n<figure class=\"wp-block-image size-large\"><img loading=\"lazy\" decoding=\"async\" width=\"1024\" height=\"227\" src=\"https:\/\/lejonchet.fr\/wp-content\/uploads\/2023\/03\/Est02-1024x227.jpg\" alt=\"\" class=\"wp-image-3580\" srcset=\"https:\/\/lejonchet.fr\/wp-content\/uploads\/2023\/03\/Est02-1024x227.jpg 1024w, https:\/\/lejonchet.fr\/wp-content\/uploads\/2023\/03\/Est02-300x67.jpg 300w, https:\/\/lejonchet.fr\/wp-content\/uploads\/2023\/03\/Est02-768x170.jpg 768w, https:\/\/lejonchet.fr\/wp-content\/uploads\/2023\/03\/Est02-690x153.jpg 690w, https:\/\/lejonchet.fr\/wp-content\/uploads\/2023\/03\/Est02-980x217.jpg 980w, https:\/\/lejonchet.fr\/wp-content\/uploads\/2023\/03\/Est02.jpg 1104w\" sizes=\"auto, (max-width: 1024px) 100vw, 1024px\" \/><\/figure>\n\n\n\n<p class=\"has-small-font-size\"><\/p>\n\n\n\n<blockquote class=\"wp-block-quote is-layout-flow wp-block-quote-is-layout-flow\">\n<p class=\"has-drop-cap\"><strong>\u00c0 l&rsquo;ouest de l&rsquo;est<\/strong>, c&rsquo;est 3 musiciens : S\u00e9bastien \u00e0 la guitare manouche, David au bouzouki irlandais et J\u00e9hiel \u00e0 l&rsquo;accord\u00e9on, qui&nbsp;vous proposent une \u00e9vasion musicale \u00e0 travers les pays de l&rsquo;est et d&rsquo;ailleurs en m\u00e9langeant les sons et rythmes de diff\u00e9rentes cultures.<\/p>\n\n\n\n<p>\u00c0 d\u00e9couvrir absolument pour tous les amoureux de musique traditionnelle et les curieux souhaitant d\u00e9couvrir de nouvelles sonorit\u00e9s.<\/p>\n\n\n\n<p>De la Roumanie \u00e0 la Gr\u00e8ce en passant par la Mac\u00e9doine, sans oublier un petit d\u00e9tour par l&rsquo;Irlande, embarquez pour ce joyeux voyage musical !<\/p>\n<\/blockquote>\n\n\n\n<div class=\"wp-block-button alignright\"><a class=\"wp-block-button__link has-luminous-vivid-amber-background-color has-background wp-element-button\" href=\"https:\/\/lejonchet.fr\/index.php\/events\/ouest-est\/\" style=\"border-radius:39px\">R\u00e9servation&#8230;<\/a><\/div>\n\n\n\n<figure class=\"wp-block-gallery aligncenter has-nested-images columns-3 is-cropped wp-block-gallery-1 is-layout-flex wp-block-gallery-is-layout-flex\">\n<figure class=\"wp-block-image size-full\"><img loading=\"lazy\" decoding=\"async\" width=\"784\" height=\"784\" data-id=\"3582\" src=\"https:\/\/lejonchet.fr\/wp-content\/uploads\/2023\/03\/Est04.jpg\" alt=\"\" class=\"wp-image-3582\" srcset=\"https:\/\/lejonchet.fr\/wp-content\/uploads\/2023\/03\/Est04.jpg 784w, https:\/\/lejonchet.fr\/wp-content\/uploads\/2023\/03\/Est04-300x300.jpg 300w, https:\/\/lejonchet.fr\/wp-content\/uploads\/2023\/03\/Est04-150x150.jpg 150w, https:\/\/lejonchet.fr\/wp-content\/uploads\/2023\/03\/Est04-768x768.jpg 768w, https:\/\/lejonchet.fr\/wp-content\/uploads\/2023\/03\/Est04-690x690.jpg 690w\" sizes=\"auto, (max-width: 784px) 100vw, 784px\" \/><\/figure>\n\n\n\n<figure class=\"wp-block-image size-full\"><img loading=\"lazy\" decoding=\"async\" width=\"784\" height=\"784\" data-id=\"3583\" src=\"https:\/\/lejonchet.fr\/wp-content\/uploads\/2023\/03\/Est05.jpg\" alt=\"\" class=\"wp-image-3583\" srcset=\"https:\/\/lejonchet.fr\/wp-content\/uploads\/2023\/03\/Est05.jpg 784w, https:\/\/lejonchet.fr\/wp-content\/uploads\/2023\/03\/Est05-300x300.jpg 300w, https:\/\/lejonchet.fr\/wp-content\/uploads\/2023\/03\/Est05-150x150.jpg 150w, https:\/\/lejonchet.fr\/wp-content\/uploads\/2023\/03\/Est05-768x768.jpg 768w, https:\/\/lejonchet.fr\/wp-content\/uploads\/2023\/03\/Est05-690x690.jpg 690w\" sizes=\"auto, (max-width: 784px) 100vw, 784px\" \/><\/figure>\n\n\n\n<figure class=\"wp-block-image size-large\"><img loading=\"lazy\" decoding=\"async\" width=\"784\" height=\"784\" data-id=\"3584\" src=\"https:\/\/lejonchet.fr\/wp-content\/uploads\/2023\/03\/Est06.jpg\" alt=\"\" class=\"wp-image-3584\" srcset=\"https:\/\/lejonchet.fr\/wp-content\/uploads\/2023\/03\/Est06.jpg 784w, https:\/\/lejonchet.fr\/wp-content\/uploads\/2023\/03\/Est06-300x300.jpg 300w, https:\/\/lejonchet.fr\/wp-content\/uploads\/2023\/03\/Est06-150x150.jpg 150w, https:\/\/lejonchet.fr\/wp-content\/uploads\/2023\/03\/Est06-768x768.jpg 768w, https:\/\/lejonchet.fr\/wp-content\/uploads\/2023\/03\/Est06-690x690.jpg 690w\" sizes=\"auto, (max-width: 784px) 100vw, 784px\" \/><\/figure>\n\n\n\n<figure class=\"wp-block-image size-full\"><img loading=\"lazy\" decoding=\"async\" width=\"800\" height=\"594\" data-id=\"3581\" src=\"https:\/\/lejonchet.fr\/wp-content\/uploads\/2023\/03\/Est03.jpg\" alt=\"\" class=\"wp-image-3581\" srcset=\"https:\/\/lejonchet.fr\/wp-content\/uploads\/2023\/03\/Est03.jpg 800w, https:\/\/lejonchet.fr\/wp-content\/uploads\/2023\/03\/Est03-300x223.jpg 300w, https:\/\/lejonchet.fr\/wp-content\/uploads\/2023\/03\/Est03-768x570.jpg 768w, https:\/\/lejonchet.fr\/wp-content\/uploads\/2023\/03\/Est03-690x512.jpg 690w\" sizes=\"auto, (max-width: 800px) 100vw, 800px\" \/><\/figure>\n<\/figure>\n\n\n\n<figure class=\"wp-block-embed is-type-video is-provider-youtube wp-block-embed-youtube wp-embed-aspect-16-9 wp-has-aspect-ratio\"><div class=\"wp-block-embed__wrapper\">\n<iframe loading=\"lazy\" title=\"A l&#039;ouest de l&#039;est &quot;live en Gironde&quot; 2023\" width=\"980\" height=\"551\" src=\"https:\/\/www.youtube.com\/embed\/QXR3R7pBGkw?feature=oembed\" frameborder=\"0\" allow=\"accelerometer; autoplay; clipboard-write; encrypted-media; gyroscope; picture-in-picture; web-share\" allowfullscreen><\/iframe>\n<\/div><\/figure>\n","protected":false},"excerpt":{"rendered":"<p>RESERVATIONS : Samedi 08 avril 2023 \u00e0 20h30 A l&rsquo;Ouest de l&rsquo;Est par J\u00e9hiel Moshet&nbsp;(Accord\u00e9oniste, chant), Sebastien Sandre (Guitariste, chant), David Werner (Bouzoukiste) \u00c0 l&rsquo;ouest de l&rsquo;est, c&rsquo;est 3 musiciens : S\u00e9bastien \u00e0 la guitare manouche, David au bouzouki irlandais et J\u00e9hiel \u00e0 l&rsquo;accord\u00e9on, qui&nbsp;vous proposent une \u00e9vasion musicale \u00e0 travers les pays de l&rsquo;est [&hellip;]<\/p>\n","protected":false},"author":1,"featured_media":0,"parent":0,"menu_order":0,"comment_status":"closed","ping_status":"closed","template":"","meta":{"footnotes":""},"class_list":["post-3579","page","type-page","status-publish","hentry"],"_links":{"self":[{"href":"https:\/\/lejonchet.fr\/index.php\/wp-json\/wp\/v2\/pages\/3579","targetHints":{"allow":["GET"]}}],"collection":[{"href":"https:\/\/lejonchet.fr\/index.php\/wp-json\/wp\/v2\/pages"}],"about":[{"href":"https:\/\/lejonchet.fr\/index.php\/wp-json\/wp\/v2\/types\/page"}],"author":[{"embeddable":true,"href":"https:\/\/lejonchet.fr\/index.php\/wp-json\/wp\/v2\/users\/1"}],"replies":[{"embeddable":true,"href":"https:\/\/lejonchet.fr\/index.php\/wp-json\/wp\/v2\/comments?post=3579"}],"version-history":[{"count":3,"href":"https:\/\/lejonchet.fr\/index.php\/wp-json\/wp\/v2\/pages\/3579\/revisions"}],"predecessor-version":[{"id":3591,"href":"https:\/\/lejonchet.fr\/index.php\/wp-json\/wp\/v2\/pages\/3579\/revisions\/3591"}],"wp:attachment":[{"href":"https:\/\/lejonchet.fr\/index.php\/wp-json\/wp\/v2\/media?parent=3579"}],"curies":[{"name":"wp","href":"https:\/\/api.w.org\/{rel}","templated":true}]}}