{"id":3514,"date":"2023-02-11T21:42:58","date_gmt":"2023-02-11T20:42:58","guid":{"rendered":"https:\/\/lejonchet.fr\/?page_id=3514"},"modified":"2023-05-05T20:49:39","modified_gmt":"2023-05-05T18:49:39","slug":"musique-7","status":"publish","type":"page","link":"https:\/\/lejonchet.fr\/index.php\/musique-7\/","title":{"rendered":"Musique"},"content":{"rendered":"\n<figure class=\"wp-block-table alignright\"><table class=\"has-background\" style=\"background-color:#e7f5fe\"><tbody><tr><td class=\"has-text-align-right\" data-align=\"right\">RESERVATIONS :<br> <strong><mark style=\"background-color:rgba(0, 0, 0, 0)\" class=\"has-inline-color has-vivid-cyan-blue-color\"><a href=\"https:\/\/lejonchet.fr\/index.php\/events\/tsu\/\">Dimanche 28 mai 2023 \u00e0 15h30<\/a><\/mark><\/strong><\/td><\/tr><\/tbody><\/table><\/figure>\n\n\n\n<p class=\"has-vivid-red-color has-text-color\" style=\"font-size:40px\"><strong>[TSU]<\/strong><\/p>\n\n\n\n<p>par <strong>Erik Baron<\/strong> <\/p>\n\n\n\n<figure class=\"wp-block-image size-large\"><img loading=\"lazy\" decoding=\"async\" width=\"1024\" height=\"274\" src=\"https:\/\/lejonchet.fr\/wp-content\/uploads\/2023\/02\/TSU02-1024x274.jpg\" alt=\"\" class=\"wp-image-3515\" srcset=\"https:\/\/lejonchet.fr\/wp-content\/uploads\/2023\/02\/TSU02-1024x274.jpg 1024w, https:\/\/lejonchet.fr\/wp-content\/uploads\/2023\/02\/TSU02-300x80.jpg 300w, https:\/\/lejonchet.fr\/wp-content\/uploads\/2023\/02\/TSU02-768x206.jpg 768w, https:\/\/lejonchet.fr\/wp-content\/uploads\/2023\/02\/TSU02-690x185.jpg 690w, https:\/\/lejonchet.fr\/wp-content\/uploads\/2023\/02\/TSU02-980x262.jpg 980w, https:\/\/lejonchet.fr\/wp-content\/uploads\/2023\/02\/TSU02.jpg 1300w\" sizes=\"auto, (max-width: 1024px) 100vw, 1024px\" \/><\/figure>\n\n\n\n<p class=\"has-small-font-size\"><\/p>\n\n\n\n<p class=\"has-drop-cap\">Pinc\u00e9es, frott\u00e9es, caress\u00e9es, frapp\u00e9es, excit\u00e9es avec les doigts, les mains, les pieds, l\u2019archet, le ciseau, la ferraille, la pierre\u2026 Baron d\u00e9veloppe un jeu singulier sur ses basses \u00e9lectriques dont il traite les sonorit\u00e9s tant avec des accessoires excitateurs de cordes qu\u2019avec l\u2019ordinateur qu\u2019il utilise \u2018live\u2019 en temps r\u00e9el.<br>S\u2019entrechoquent alors des univers sonores \u00e9voquant tour \u00e0 tour le glissement des nuages au-dessus du mont Fuji, les polyphonies d\u2019un philharmonique, le souffle lointain du Sh\u00f4, le mart\u00e8lement industriel de la Ruhr engloutie dans les fonds abyssaux \u2026<\/p>\n\n\n\n<p>.<\/p>\n\n\n\n<div class=\"wp-block-button alignright\"><a class=\"wp-block-button__link has-luminous-vivid-amber-background-color has-background wp-element-button\" href=\"https:\/\/lejonchet.fr\/index.php\/events\/tsu\/\" style=\"border-radius:39px\">R\u00e9servation&#8230;<\/a><\/div>\n\n\n\n<figure class=\"wp-block-gallery aligncenter has-nested-images columns-3 is-cropped wp-block-gallery-1 is-layout-flex wp-block-gallery-is-layout-flex\">\n<figure class=\"wp-block-image size-full\"><img loading=\"lazy\" decoding=\"async\" width=\"600\" height=\"450\" data-id=\"3516\" src=\"https:\/\/lejonchet.fr\/wp-content\/uploads\/2023\/02\/TSU03.jpg\" alt=\"\" class=\"wp-image-3516\" srcset=\"https:\/\/lejonchet.fr\/wp-content\/uploads\/2023\/02\/TSU03.jpg 600w, https:\/\/lejonchet.fr\/wp-content\/uploads\/2023\/02\/TSU03-300x225.jpg 300w\" sizes=\"auto, (max-width: 600px) 100vw, 600px\" \/><\/figure>\n\n\n\n<figure class=\"wp-block-image size-full\"><img loading=\"lazy\" decoding=\"async\" width=\"516\" height=\"450\" data-id=\"3517\" src=\"https:\/\/lejonchet.fr\/wp-content\/uploads\/2023\/02\/TSU04.jpg\" alt=\"\" class=\"wp-image-3517\" srcset=\"https:\/\/lejonchet.fr\/wp-content\/uploads\/2023\/02\/TSU04.jpg 516w, https:\/\/lejonchet.fr\/wp-content\/uploads\/2023\/02\/TSU04-300x262.jpg 300w\" sizes=\"auto, (max-width: 516px) 100vw, 516px\" \/><\/figure>\n\n\n\n<figure class=\"wp-block-image size-large\"><img loading=\"lazy\" decoding=\"async\" width=\"600\" height=\"450\" data-id=\"3518\" src=\"https:\/\/lejonchet.fr\/wp-content\/uploads\/2023\/02\/TSU06.jpg\" alt=\"\" class=\"wp-image-3518\" srcset=\"https:\/\/lejonchet.fr\/wp-content\/uploads\/2023\/02\/TSU06.jpg 600w, https:\/\/lejonchet.fr\/wp-content\/uploads\/2023\/02\/TSU06-300x225.jpg 300w\" sizes=\"auto, (max-width: 600px) 100vw, 600px\" \/><\/figure>\n<\/figure>\n\n\n\n<figure class=\"wp-block-embed is-type-video is-provider-youtube wp-block-embed-youtube wp-embed-aspect-16-9 wp-has-aspect-ratio\"><div class=\"wp-block-embed__wrapper\">\n<iframe loading=\"lazy\" title=\"Erik Baron - Rock in Opposition 2012\" width=\"980\" height=\"551\" src=\"https:\/\/www.youtube.com\/embed\/6e6002DE7uI?feature=oembed\" frameborder=\"0\" allow=\"accelerometer; autoplay; clipboard-write; encrypted-media; gyroscope; picture-in-picture; web-share\" allowfullscreen><\/iframe>\n<\/div><\/figure>\n","protected":false},"excerpt":{"rendered":"<p>RESERVATIONS : Dimanche 28 mai 2023 \u00e0 15h30 [TSU] par Erik Baron Pinc\u00e9es, frott\u00e9es, caress\u00e9es, frapp\u00e9es, excit\u00e9es avec les doigts, les mains, les pieds, l\u2019archet, le ciseau, la ferraille, la pierre\u2026 Baron d\u00e9veloppe un jeu singulier sur ses basses \u00e9lectriques dont il traite les sonorit\u00e9s tant avec des accessoires excitateurs de cordes qu\u2019avec l\u2019ordinateur qu\u2019il [&hellip;]<\/p>\n","protected":false},"author":1,"featured_media":0,"parent":0,"menu_order":0,"comment_status":"closed","ping_status":"closed","template":"","meta":{"footnotes":""},"class_list":["post-3514","page","type-page","status-publish","hentry"],"_links":{"self":[{"href":"https:\/\/lejonchet.fr\/index.php\/wp-json\/wp\/v2\/pages\/3514","targetHints":{"allow":["GET"]}}],"collection":[{"href":"https:\/\/lejonchet.fr\/index.php\/wp-json\/wp\/v2\/pages"}],"about":[{"href":"https:\/\/lejonchet.fr\/index.php\/wp-json\/wp\/v2\/types\/page"}],"author":[{"embeddable":true,"href":"https:\/\/lejonchet.fr\/index.php\/wp-json\/wp\/v2\/users\/1"}],"replies":[{"embeddable":true,"href":"https:\/\/lejonchet.fr\/index.php\/wp-json\/wp\/v2\/comments?post=3514"}],"version-history":[{"count":4,"href":"https:\/\/lejonchet.fr\/index.php\/wp-json\/wp\/v2\/pages\/3514\/revisions"}],"predecessor-version":[{"id":3855,"href":"https:\/\/lejonchet.fr\/index.php\/wp-json\/wp\/v2\/pages\/3514\/revisions\/3855"}],"wp:attachment":[{"href":"https:\/\/lejonchet.fr\/index.php\/wp-json\/wp\/v2\/media?parent=3514"}],"curies":[{"name":"wp","href":"https:\/\/api.w.org\/{rel}","templated":true}]}}