{"id":3441,"date":"2023-01-23T21:25:31","date_gmt":"2023-01-23T20:25:31","guid":{"rendered":"https:\/\/lejonchet.fr\/?page_id=3441"},"modified":"2023-01-27T15:06:56","modified_gmt":"2023-01-27T14:06:56","slug":"chanson-francaise-2","status":"publish","type":"page","link":"https:\/\/lejonchet.fr\/index.php\/chanson-francaise-2\/","title":{"rendered":"Chanson fran\u00e7aise"},"content":{"rendered":"\n<figure class=\"wp-block-table alignright\"><table class=\"has-background\" style=\"background-color:#e7f5fe\"><tbody><tr><td class=\"has-text-align-right\" data-align=\"right\">RESERVATIONS :<br> <strong><mark style=\"background-color:rgba(0, 0, 0, 0)\" class=\"has-inline-color has-vivid-cyan-blue-color\"><a href=\"https:\/\/lejonchet.fr\/index.php\/events\/brel\/\">Dimanche 12 mars 2023 \u00e0 15h30<\/a><\/mark><\/strong><\/td><\/tr><\/tbody><\/table><\/figure>\n\n\n\n<p class=\"has-vivid-red-color has-text-color\" style=\"font-size:40px\"><strong>Brel<\/strong><\/p>\n\n\n\n<p class=\"has-vivid-red-color has-text-color has-medium-font-size\"><strong><em>par Henri Dominguez <\/em><\/strong><\/p>\n\n\n\n<p><em>accompagn\u00e9 au piano par Francis Font\u00e8s<\/em><\/p>\n\n\n\n<figure class=\"wp-block-image size-large\"><img loading=\"lazy\" decoding=\"async\" width=\"1024\" height=\"394\" src=\"https:\/\/lejonchet.fr\/wp-content\/uploads\/2022\/05\/Im02-1024x394.gif\" alt=\"\" class=\"wp-image-2500\" srcset=\"https:\/\/lejonchet.fr\/wp-content\/uploads\/2022\/05\/Im02-1024x394.gif 1024w, https:\/\/lejonchet.fr\/wp-content\/uploads\/2022\/05\/Im02-300x115.gif 300w, https:\/\/lejonchet.fr\/wp-content\/uploads\/2022\/05\/Im02-768x295.gif 768w, https:\/\/lejonchet.fr\/wp-content\/uploads\/2022\/05\/Im02-1536x590.gif 1536w, https:\/\/lejonchet.fr\/wp-content\/uploads\/2022\/05\/Im02-690x265.gif 690w, https:\/\/lejonchet.fr\/wp-content\/uploads\/2022\/05\/Im02-980x377.gif 980w\" sizes=\"auto, (max-width: 1024px) 100vw, 1024px\" \/><\/figure>\n\n\n\n<p class=\"has-drop-cap\">On est s\u00e9duit par la fid\u00e9lit\u00e9 et la g\u00e9n\u00e9rosit\u00e9 du jeu de H. Dominguez. Il n&rsquo;y a l\u00e0 aucune imitation servile, aucun clonage, mais une impr\u00e9gnation admirative qui transpire par tous les pores du chanteur. <\/p>\n\n\n\n<p>Difficile pari de m\u00ealer chansons et textes po\u00e9tiques seul face au micro avec l&rsquo;immense ombre tut\u00e9laire du grand Jacques pench\u00e9 sur vous. Pari gagn\u00e9 par Henri Dominguez qui interpr\u00e8te l&rsquo;auteur de la \u00ab\u00a0Valse \u00e0 Mille temps\u00a0\u00bb depuis plus de 25 ans. Nous avons eu le plaisir de l&rsquo;accueillir l&rsquo;an dernier pour une soir\u00e9e consacr\u00e9e \u00e0 Nougaro. Il nous avait alors offert un des plus beaux moments de l&rsquo;ann\u00e9e 2022 au Th\u00e9\u00e2tre Le Jonchet. Une salle p\u00e9trit d&rsquo;\u00e9motions et de tendresses debout dans un tonnerre d&rsquo;applaudissements pour ovationner le petit homme interpr\u00e8te du taureau toulousain. <\/p>\n\n\n\n<p>Pas de doute, il va encore nous transporter et nous inviter avec malice \u00e0 venir d\u00e9couvrir son univers, celui de l&rsquo;interpr\u00e8te habitait par les mots du d\u00e9fricheur de futur qu&rsquo;est le po\u00e8te.<\/p>\n\n\n\n<figure class=\"wp-block-gallery aligncenter has-nested-images columns-4 wp-block-gallery-1 is-layout-flex wp-block-gallery-is-layout-flex\">\n<figure class=\"wp-block-image size-full\"><img loading=\"lazy\" decoding=\"async\" width=\"400\" height=\"400\" data-id=\"2512\" src=\"https:\/\/lejonchet.fr\/wp-content\/uploads\/2022\/05\/Im03-1.gif\" alt=\"\" class=\"wp-image-2512\"\/><\/figure>\n\n\n\n<figure class=\"wp-block-image size-full\"><img loading=\"lazy\" decoding=\"async\" width=\"400\" height=\"400\" data-id=\"2503\" src=\"https:\/\/lejonchet.fr\/wp-content\/uploads\/2022\/05\/Im05.gif\" alt=\"\" class=\"wp-image-2503\"\/><\/figure>\n\n\n\n<figure class=\"wp-block-image size-medium\"><img loading=\"lazy\" decoding=\"async\" width=\"300\" height=\"300\" data-id=\"2502\" src=\"https:\/\/lejonchet.fr\/wp-content\/uploads\/2022\/05\/Im04-300x300.gif\" alt=\"\" class=\"wp-image-2502\" srcset=\"https:\/\/lejonchet.fr\/wp-content\/uploads\/2022\/05\/Im04-300x300.gif 300w, https:\/\/lejonchet.fr\/wp-content\/uploads\/2022\/05\/Im04-150x150.gif 150w\" sizes=\"auto, (max-width: 300px) 100vw, 300px\" \/><\/figure>\n\n\n\n<figure class=\"wp-block-image size-large\"><img loading=\"lazy\" decoding=\"async\" width=\"400\" height=\"400\" data-id=\"2513\" src=\"https:\/\/lejonchet.fr\/wp-content\/uploads\/2022\/05\/Im07.gif\" alt=\"\" class=\"wp-image-2513\"\/><\/figure>\n<\/figure>\n\n\n\n<div class=\"wp-block-button alignright\"><a class=\"wp-block-button__link has-luminous-vivid-amber-background-color has-background wp-element-button\" href=\"https:\/\/lejonchet.fr\/index.php\/events\/brel\/\" style=\"border-radius:39px\">R\u00e9servation&#8230;<\/a><\/div>\n\n\n\n<p><\/p>\n","protected":false},"excerpt":{"rendered":"<p>RESERVATIONS : Dimanche 12 mars 2023 \u00e0 15h30 Brel par Henri Dominguez accompagn\u00e9 au piano par Francis Font\u00e8s On est s\u00e9duit par la fid\u00e9lit\u00e9 et la g\u00e9n\u00e9rosit\u00e9 du jeu de H. Dominguez. Il n&rsquo;y a l\u00e0 aucune imitation servile, aucun clonage, mais une impr\u00e9gnation admirative qui transpire par tous les pores du chanteur. Difficile pari [&hellip;]<\/p>\n","protected":false},"author":1,"featured_media":0,"parent":0,"menu_order":0,"comment_status":"closed","ping_status":"closed","template":"","meta":{"footnotes":""},"class_list":["post-3441","page","type-page","status-publish","hentry"],"_links":{"self":[{"href":"https:\/\/lejonchet.fr\/index.php\/wp-json\/wp\/v2\/pages\/3441","targetHints":{"allow":["GET"]}}],"collection":[{"href":"https:\/\/lejonchet.fr\/index.php\/wp-json\/wp\/v2\/pages"}],"about":[{"href":"https:\/\/lejonchet.fr\/index.php\/wp-json\/wp\/v2\/types\/page"}],"author":[{"embeddable":true,"href":"https:\/\/lejonchet.fr\/index.php\/wp-json\/wp\/v2\/users\/1"}],"replies":[{"embeddable":true,"href":"https:\/\/lejonchet.fr\/index.php\/wp-json\/wp\/v2\/comments?post=3441"}],"version-history":[{"count":6,"href":"https:\/\/lejonchet.fr\/index.php\/wp-json\/wp\/v2\/pages\/3441\/revisions"}],"predecessor-version":[{"id":5854,"href":"https:\/\/lejonchet.fr\/index.php\/wp-json\/wp\/v2\/pages\/3441\/revisions\/5854"}],"wp:attachment":[{"href":"https:\/\/lejonchet.fr\/index.php\/wp-json\/wp\/v2\/media?parent=3441"}],"curies":[{"name":"wp","href":"https:\/\/api.w.org\/{rel}","templated":true}]}}